{"id":88827,"date":"2023-07-07T18:12:31","date_gmt":"2023-07-07T16:12:31","guid":{"rendered":"https:\/\/www.pescafish.it\/new\/?post_type=product&#038;p=88827"},"modified":"2023-07-07T18:12:32","modified_gmt":"2023-07-07T16:12:32","slug":"mulinello-power-aero-xtc-shimano","status":"publish","type":"product","link":"https:\/\/www.pescafish.it\/new\/prodotto\/mulinello-power-aero-xtc-shimano\/","title":{"rendered":"Mulinello Power Aero XTC \u2013 Shimano"},"content":{"rendered":"<p>Il Power Aero XTC \u00e8 certamente all\u2019altezza della sua fama. Dotato di tecnologie avanzate e progettato alla perfezione in Giappone, questo mulinello unisce cosmetica accattivante e alte prestazioni. Prestazioni di lancio, tecnologia HAGANE e un\u2019elegante finitura bicolore, il Power Aero \u00e8 visivamente stupefacente e senza pari nelle prestazioni.<br \/>\nIl Power Aero \u00e8 un mulinello per tutti i pescatori che cercano il meglio in tema di affidabilit\u00e0 e fluidit\u00e0. Da quando \u00e8 stato presentato si \u00e8 costruito un enorme seguito ed \u00e8 scelto da molte migliaia di pescatori in tutta Europa. Accattivante in entrambi i colori, \u00e8 dotato delle migliori tecnologie e progettato alla perfezione. In effetti ci sono alcuni pescatori che preferiscono questo modello all\u2019ultra high-end Aero Technium Mgs. Durante l\u2019uso riconoscerete immediatamente la fluidit\u00e0 Shimano e quando sarete sottoposti a pressioni estreme, in una situazione di pesca, rimarrete stupiti da come la pi\u00f9 recente tecnologia Infinity Drive lavori in armonia con gli ingranaggi HAGANE e X-SHIP per produrre una notevole potenza di avvolgimento con una sensazione di leggerezza.<br \/>\nDotato di caratteristiche tecniche come ingranaggio HAGANE, il corpo HAGANE in alluminio, X-SHIP e l\u2019avanzato X-Protect, questo mulinello \u00e8 stato progettato per offrire prestazioni di alto livello. L\u2019aggiunta della tecnologia Parallel Body aumenta la distanza e la precisione del lancio, eliminando lo slap della lenza durante il lancio. Il tutto \u00e8 ulteriormente completato dalla superba posa delle lenze dell\u2019oscillazione Super Slow 5, combinata con il design della bobina AR-C e la tecnologia Rigid Cast. Dotato dell\u2019avanzato sistema frizione Hi-Speed, si pu\u00f2 passare istantaneamente dalla modalit\u00e0 freespool a quella di combattimento con solo un piccolo giro del galletto frizione, o bloccare la bobina quando si \u00e8 in procinto si eseguire lanci molto potenti. Fornito con due bobine e set di riduttori di capienza, il sorprendente Power Aero fa tutto superbamente bene, con il minimo sforzo.<\/p>\n<p><strong>Modello:<\/strong> 14000 XTC<br \/>\n<strong>Rapporto di Recupero:<\/strong> 4.3:1<br \/>\n<strong>Capacit\u00e0 bobina:<\/strong> 0.35mm-550m, 0.40mm-400m, 0.45mm-300m<br \/>\n<strong>Peso:<\/strong> 525g<br \/>\n<strong>Line Retrive<\/strong>: 103g<br \/>\n<strong>Max Drag:<\/strong> 20kg<br \/>\n<strong>Cuscinetti:<\/strong> 8+1<\/p>\n<p><span style=\"background-color: #ffffff; color: #ff0000;\"><strong>DUE ANNI DI GARANZIA<\/strong><\/span><br \/>\n<span style=\"background-color: #ffffff; color: #ff0000;\"><strong>Da oggi per avere il TERZO ANNO DI GARANZIA, collegati al nuovo portale e registra il tuo prodotto su:<\/strong><\/span><br \/>\n<span style=\"color: #000000; background-color: #ffff00;\"><strong><a style=\"color: #000000; background-color: #ffff00;\" href=\"http:\/\/www.shimanofishnetwork.it\/garanzia\/sign_in\">http:\/\/www.shimanofishnetwork.it\/garanzia\/sign_in<\/a><\/strong><\/span><\/p>\n","protected":false},"excerpt":{"rendered":"<p>Il Power Aero XTC \u00e8 certamente all\u2019altezza della sua fama. Dotato di tecnologie avanzate e progettato alla perfezione in Giappone, questo mulinello unisce cosmetica accattivante e alte prestazioni. Prestazioni di lancio, tecnologia HAGANE e un\u2019elegante finitura bicolore, il Power Aero \u00e8 visivamente stupefacente e senza pari nelle prestazioni. Il Power Aero \u00e8 un mulinello per [&hellip;]<\/p>\n","protected":false},"featured_media":88828,"comment_status":"closed","ping_status":"closed","template":"","meta":[],"product_cat":[348],"product_tag":[1023],"yoast_head":"<!-- This site is optimized with the Yoast SEO plugin v15.3 - https:\/\/yoast.com\/wordpress\/plugins\/seo\/ -->\n<title>Mulinello Power Aero XTC \u2013 Shimano - Pesca Fish<\/title>\n<meta name=\"robots\" content=\"index, follow, max-snippet:-1, max-image-preview:large, max-video-preview:-1\" \/>\n<link rel=\"canonical\" href=\"https:\/\/www.pescafish.it\/new\/prodotto\/mulinello-power-aero-xtc-shimano\/\" \/>\n<meta property=\"og:locale\" content=\"it_IT\" \/>\n<meta property=\"og:type\" content=\"article\" \/>\n<meta property=\"og:title\" content=\"Mulinello Power Aero XTC \u2013 Shimano - Pesca Fish\" \/>\n<meta property=\"og:description\" content=\"Il Power Aero XTC \u00e8 certamente all\u2019altezza della sua fama. Dotato di tecnologie avanzate e progettato alla perfezione in Giappone, questo mulinello unisce cosmetica accattivante e alte prestazioni. Prestazioni di lancio, tecnologia HAGANE e un\u2019elegante finitura bicolore, il Power Aero \u00e8 visivamente stupefacente e senza pari nelle prestazioni. Il Power Aero \u00e8 un mulinello per [&hellip;]\" \/>\n<meta property=\"og:url\" content=\"https:\/\/www.pescafish.it\/new\/prodotto\/mulinello-power-aero-xtc-shimano\/\" \/>\n<meta property=\"og:site_name\" content=\"Pesca Fish\" \/>\n<meta property=\"article:publisher\" content=\"https:\/\/www.facebook.com\/pescafishvr\/\" \/>\n<meta property=\"article:modified_time\" content=\"2023-07-07T16:12:32+00:00\" \/>\n<meta property=\"og:image\" content=\"https:\/\/www.pescafish.it\/new\/wp-content\/uploads\/2023\/07\/POWER-AERO-XTC.jpg\" \/>\n\t<meta property=\"og:image:width\" content=\"1000\" \/>\n\t<meta property=\"og:image:height\" content=\"1000\" \/>\n<meta name=\"twitter:card\" content=\"summary_large_image\" \/>\n<meta name=\"twitter:label1\" content=\"Scritto da\">\n\t<meta name=\"twitter:data1\" content=\"francesca\">\n\t<meta name=\"twitter:label2\" content=\"Tempo di lettura stimato\">\n\t<meta name=\"twitter:data2\" content=\"1 minuto\">\n<script type=\"application\/ld+json\" class=\"yoast-schema-graph\">{\"@context\":\"https:\/\/schema.org\",\"@graph\":[{\"@type\":\"WebSite\",\"@id\":\"https:\/\/www.pescafish.it\/new\/#website\",\"url\":\"https:\/\/www.pescafish.it\/new\/\",\"name\":\"Pesca Fish\",\"description\":\"Benvenuti sul nostro sito!\",\"potentialAction\":[{\"@type\":\"SearchAction\",\"target\":\"https:\/\/www.pescafish.it\/new\/?s={search_term_string}\",\"query-input\":\"required name=search_term_string\"}],\"inLanguage\":\"it-IT\"},{\"@type\":\"ImageObject\",\"@id\":\"https:\/\/www.pescafish.it\/new\/prodotto\/mulinello-power-aero-xtc-shimano\/#primaryimage\",\"inLanguage\":\"it-IT\",\"url\":\"https:\/\/www.pescafish.it\/new\/wp-content\/uploads\/2023\/07\/POWER-AERO-XTC.jpg\",\"width\":1000,\"height\":1000,\"caption\":\"POWER AERO XTC SHIMANO\"},{\"@type\":\"WebPage\",\"@id\":\"https:\/\/www.pescafish.it\/new\/prodotto\/mulinello-power-aero-xtc-shimano\/#webpage\",\"url\":\"https:\/\/www.pescafish.it\/new\/prodotto\/mulinello-power-aero-xtc-shimano\/\",\"name\":\"Mulinello Power Aero XTC \\u2013 Shimano - Pesca Fish\",\"isPartOf\":{\"@id\":\"https:\/\/www.pescafish.it\/new\/#website\"},\"primaryImageOfPage\":{\"@id\":\"https:\/\/www.pescafish.it\/new\/prodotto\/mulinello-power-aero-xtc-shimano\/#primaryimage\"},\"datePublished\":\"2023-07-07T16:12:31+00:00\",\"dateModified\":\"2023-07-07T16:12:32+00:00\",\"inLanguage\":\"it-IT\",\"potentialAction\":[{\"@type\":\"ReadAction\",\"target\":[\"https:\/\/www.pescafish.it\/new\/prodotto\/mulinello-power-aero-xtc-shimano\/\"]}]}]}<\/script>\n<!-- \/ Yoast SEO plugin. -->","_links":{"self":[{"href":"https:\/\/www.pescafish.it\/new\/wp-json\/wp\/v2\/product\/88827"}],"collection":[{"href":"https:\/\/www.pescafish.it\/new\/wp-json\/wp\/v2\/product"}],"about":[{"href":"https:\/\/www.pescafish.it\/new\/wp-json\/wp\/v2\/types\/product"}],"replies":[{"embeddable":true,"href":"https:\/\/www.pescafish.it\/new\/wp-json\/wp\/v2\/comments?post=88827"}],"wp:featuredmedia":[{"embeddable":true,"href":"https:\/\/www.pescafish.it\/new\/wp-json\/wp\/v2\/media\/88828"}],"wp:attachment":[{"href":"https:\/\/www.pescafish.it\/new\/wp-json\/wp\/v2\/media?parent=88827"}],"wp:term":[{"taxonomy":"product_cat","embeddable":true,"href":"https:\/\/www.pescafish.it\/new\/wp-json\/wp\/v2\/product_cat?post=88827"},{"taxonomy":"product_tag","embeddable":true,"href":"https:\/\/www.pescafish.it\/new\/wp-json\/wp\/v2\/product_tag?post=88827"}],"curies":[{"name":"wp","href":"https:\/\/api.w.org\/{rel}","templated":true}]}}