{"id":88677,"date":"2023-06-28T18:11:25","date_gmt":"2023-06-28T16:11:25","guid":{"rendered":"https:\/\/www.pescafish.it\/new\/?post_type=product&#038;p=88677"},"modified":"2023-06-28T18:11:27","modified_gmt":"2023-06-28T16:11:27","slug":"compac-cool-bag-small-dark-kamo-korda","status":"publish","type":"product","link":"https:\/\/www.pescafish.it\/new\/prodotto\/compac-cool-bag-small-dark-kamo-korda\/","title":{"rendered":"Compac Cool Bag Small Dark Kamo &#8211; Korda"},"content":{"rendered":"<h2 class=\"title\">Compac Cool Bag Small Dark Kamo<\/h2>\n<p>La gamma di Dark Kamo Compac Cool Bags \u00e8 stata progettata per mantenere le tue esche e il cibo il pi\u00f9 freschi possibile, con un modello adatto a soddisfare tutte le tue esigenze. Che tu stia pescando una sessione di un giorno, una notte veloce o andando a pescare per diversi giorni e portando un carico di esche e cibo, c&#8217;\u00e8 una dimensione di Cool Bag che soddisfer\u00e0 perfettamente le tue esigenze, oltre ad avere un aspetto elegante ed essere specificamente progettata per pesca.<\/p>\n<p>L&#8217;esterno \u00e8 realizzato con lo stesso tessuto Dark Kamo durevole e resistente all&#8217;acqua utilizzato in tutta la gamma Dark Kamo, quindi si abbinano al resto del tuo bagaglio, inoltre hanno una base impermeabile rinforzata. Le pareti interne sono completamente isolate per mantenere il contenuto fresco o congelato il pi\u00f9 a lungo possibile &#8211; la possibilit\u00e0 di scegliere una borsa frigo di dimensioni che lasci il minor spazio vuoto possibile aiuta a mantenere il contenuto pi\u00f9 freddo pi\u00f9 a lungo &#8211; e l&#8217;aggiunta di Compac Cool Pack aiuta in questo (due Cool Pack sono forniti con ogni borsa termica media o grande, con cinghie interne per tenerli saldamente in posizione).<\/p>\n<p>Il modello grande presenta anche tre tasche esterne. I Compac Cool Packs sono progettati per essere congelati per 24 ore prima della sessione e manterranno quindi il contenuto della tua borsa termica, o Compac Cooler, freddo il pi\u00f9 a lungo possibile.<\/p>\n<p><strong>Dimensioni:<\/strong> 27 cm x 25 cm x 12 cm \/ 8 litri<\/p>\n","protected":false},"excerpt":{"rendered":"<p>Compac Cool Bag Small Dark Kamo La gamma di Dark Kamo Compac Cool Bags \u00e8 stata progettata per mantenere le tue esche e il cibo il pi\u00f9 freschi possibile, con un modello adatto a soddisfare tutte le tue esigenze. Che tu stia pescando una sessione di un giorno, una notte veloce o andando a pescare [&hellip;]<\/p>\n","protected":false},"featured_media":88678,"comment_status":"closed","ping_status":"closed","template":"","meta":[],"product_cat":[1145],"product_tag":[1018],"yoast_head":"<!-- This site is optimized with the Yoast SEO plugin v15.3 - https:\/\/yoast.com\/wordpress\/plugins\/seo\/ -->\n<title>Compac Cool Bag Small Dark Kamo - Korda - Pesca Fish<\/title>\n<meta name=\"robots\" content=\"index, follow, max-snippet:-1, max-image-preview:large, max-video-preview:-1\" \/>\n<link rel=\"canonical\" href=\"https:\/\/www.pescafish.it\/new\/prodotto\/compac-cool-bag-small-dark-kamo-korda\/\" \/>\n<meta property=\"og:locale\" content=\"it_IT\" \/>\n<meta property=\"og:type\" content=\"article\" \/>\n<meta property=\"og:title\" content=\"Compac Cool Bag Small Dark Kamo - Korda - Pesca Fish\" \/>\n<meta property=\"og:description\" content=\"Compac Cool Bag Small Dark Kamo La gamma di Dark Kamo Compac Cool Bags \u00e8 stata progettata per mantenere le tue esche e il cibo il pi\u00f9 freschi possibile, con un modello adatto a soddisfare tutte le tue esigenze. Che tu stia pescando una sessione di un giorno, una notte veloce o andando a pescare [&hellip;]\" \/>\n<meta property=\"og:url\" content=\"https:\/\/www.pescafish.it\/new\/prodotto\/compac-cool-bag-small-dark-kamo-korda\/\" \/>\n<meta property=\"og:site_name\" content=\"Pesca Fish\" \/>\n<meta property=\"article:publisher\" content=\"https:\/\/www.facebook.com\/pescafishvr\/\" \/>\n<meta property=\"article:modified_time\" content=\"2023-06-28T16:11:27+00:00\" \/>\n<meta property=\"og:image\" content=\"https:\/\/www.pescafish.it\/new\/wp-content\/uploads\/2023\/06\/frf.jpg\" \/>\n\t<meta property=\"og:image:width\" content=\"789\" \/>\n\t<meta property=\"og:image:height\" content=\"794\" \/>\n<meta name=\"twitter:card\" content=\"summary_large_image\" \/>\n<meta name=\"twitter:label1\" content=\"Scritto da\">\n\t<meta name=\"twitter:data1\" content=\"francesca\">\n\t<meta name=\"twitter:label2\" content=\"Tempo di lettura stimato\">\n\t<meta name=\"twitter:data2\" content=\"1 minuto\">\n<script type=\"application\/ld+json\" class=\"yoast-schema-graph\">{\"@context\":\"https:\/\/schema.org\",\"@graph\":[{\"@type\":\"WebSite\",\"@id\":\"https:\/\/www.pescafish.it\/new\/#website\",\"url\":\"https:\/\/www.pescafish.it\/new\/\",\"name\":\"Pesca Fish\",\"description\":\"Benvenuti sul nostro sito!\",\"potentialAction\":[{\"@type\":\"SearchAction\",\"target\":\"https:\/\/www.pescafish.it\/new\/?s={search_term_string}\",\"query-input\":\"required name=search_term_string\"}],\"inLanguage\":\"it-IT\"},{\"@type\":\"ImageObject\",\"@id\":\"https:\/\/www.pescafish.it\/new\/prodotto\/compac-cool-bag-small-dark-kamo-korda\/#primaryimage\",\"inLanguage\":\"it-IT\",\"url\":\"https:\/\/www.pescafish.it\/new\/wp-content\/uploads\/2023\/06\/frf.jpg\",\"width\":789,\"height\":794,\"caption\":\"Korda\"},{\"@type\":\"WebPage\",\"@id\":\"https:\/\/www.pescafish.it\/new\/prodotto\/compac-cool-bag-small-dark-kamo-korda\/#webpage\",\"url\":\"https:\/\/www.pescafish.it\/new\/prodotto\/compac-cool-bag-small-dark-kamo-korda\/\",\"name\":\"Compac Cool Bag Small Dark Kamo - Korda - Pesca Fish\",\"isPartOf\":{\"@id\":\"https:\/\/www.pescafish.it\/new\/#website\"},\"primaryImageOfPage\":{\"@id\":\"https:\/\/www.pescafish.it\/new\/prodotto\/compac-cool-bag-small-dark-kamo-korda\/#primaryimage\"},\"datePublished\":\"2023-06-28T16:11:25+00:00\",\"dateModified\":\"2023-06-28T16:11:27+00:00\",\"inLanguage\":\"it-IT\",\"potentialAction\":[{\"@type\":\"ReadAction\",\"target\":[\"https:\/\/www.pescafish.it\/new\/prodotto\/compac-cool-bag-small-dark-kamo-korda\/\"]}]}]}<\/script>\n<!-- \/ Yoast SEO plugin. -->","_links":{"self":[{"href":"https:\/\/www.pescafish.it\/new\/wp-json\/wp\/v2\/product\/88677"}],"collection":[{"href":"https:\/\/www.pescafish.it\/new\/wp-json\/wp\/v2\/product"}],"about":[{"href":"https:\/\/www.pescafish.it\/new\/wp-json\/wp\/v2\/types\/product"}],"replies":[{"embeddable":true,"href":"https:\/\/www.pescafish.it\/new\/wp-json\/wp\/v2\/comments?post=88677"}],"wp:featuredmedia":[{"embeddable":true,"href":"https:\/\/www.pescafish.it\/new\/wp-json\/wp\/v2\/media\/88678"}],"wp:attachment":[{"href":"https:\/\/www.pescafish.it\/new\/wp-json\/wp\/v2\/media?parent=88677"}],"wp:term":[{"taxonomy":"product_cat","embeddable":true,"href":"https:\/\/www.pescafish.it\/new\/wp-json\/wp\/v2\/product_cat?post=88677"},{"taxonomy":"product_tag","embeddable":true,"href":"https:\/\/www.pescafish.it\/new\/wp-json\/wp\/v2\/product_tag?post=88677"}],"curies":[{"name":"wp","href":"https:\/\/api.w.org\/{rel}","templated":true}]}}