{"id":88613,"date":"2023-06-27T17:52:54","date_gmt":"2023-06-27T15:52:54","guid":{"rendered":"https:\/\/www.pescafish.it\/new\/?post_type=product&#038;p=88613"},"modified":"2024-05-27T17:08:24","modified_gmt":"2024-05-27T15:08:24","slug":"compac-carryall-dark-kamo-korda","status":"publish","type":"product","link":"https:\/\/www.pescafish.it\/new\/prodotto\/compac-carryall-dark-kamo-korda\/","title":{"rendered":"Compac Carryall Dark Kamo &#8211; Korda"},"content":{"rendered":"<h2>Compac Carryall Dark Kamo<\/h2>\n<p>La gamma di borsoni Dark Kamo Compac \u00e8 stata progettata per coprire ogni situazione, da brevi sessioni e stalking, fino a coloro a cui piace portare tutto, compreso il lavello della cucina, pescando con s\u00e9. I borsoni sono stati progettati per essere perfettamente compatibili con la nostra gamma di borse Compac EVA, con le tasche esterne progettate per contenere modelli specifici di quelli, a seconda della dimensione del borsone scelto.<\/p>\n<p>Le tasche modulari delle versioni Small e Medium possono contenere un Compac 110 o due Compac 100. Sui modelli Large o X-Large, queste tasche si adattano perfettamente a un Compac 140, due Compac 110 o una combinazione di un Compac 110 e un Compac 100.<\/p>\n<p>Indipendentemente dalle dimensioni che scegli, questo \u00e8 pi\u00f9 di un semplice borsone in cui riporre tutta la tua attrezzatura per trasportarla, poich\u00e9 una volta sulla riva il tessuto resistente e resistente all&#8217;acqua, oltre a una base impermeabile rinforzata, assicurer\u00e0 che tutto all&#8217;interno rimanga asciutto.<\/p>\n<p>Ogni borsone ha anche un coperchio rigido che funge anche da tavolo da bivvy e ti evita di doverne prendere uno separato. Ogni taglia \u00e8 dotata di cinque tasche esterne, insieme a una tasca portaoggetti interna con cerniera sul lato inferiore del coperchio per darti un rapido accesso a qualsiasi elemento essenziale, quindi qualunque kit tu stia trasportando, puoi organizzarlo in un modo dove puoi trovare rapidamente quello che ti serve.<\/p>\n<p><strong>Dimensioni:<br \/>\n<\/strong><\/p>\n<p><strong>Small<br \/>\nDimensioni complessive:<\/strong> 48 cm x 33 cm x 27 cm<\/p>\n<p>Dimensioni del compartimento principale: 32 cm x 24 cm x 27 cm \/ 20 litri<\/p>\n<p><strong>Medium<\/strong><\/p>\n<p><strong>Dimensioni complessive:<\/strong> 53 cm x 40 cm x 27 cm<\/p>\n<p>Dimensioni dello scomparto principale: 35 cm x 29 cm x 27 cm \/ 28 litri<\/p>\n<p><strong>Large:<\/strong><\/p>\n<p><strong>Dimensioni complessive:<\/strong> 53 cm x 35 cm x 33 cm<\/p>\n<p>Dimensioni dello scomparto principale: 38 cm x 23 cm x 33 cm \/ 30 litri<\/p>\n<p><strong>X-Large:<\/strong><\/p>\n<p><strong>Dimensioni complessive:<\/strong> 62 cm x 47 cm x 33 cm<\/p>\n<p>Dimensioni dello scomparto principale: 45 cm x 33 cm x 33 cm \/ 50 litri<\/p>\n<p><strong>Disponibile nelle seguenti varianti:<br \/>\nKLUG96<\/strong>\u00a0 Small<br \/>\n<strong>KLUG97<\/strong>\u00a0 Medium<br \/>\n<strong>KLUG98<\/strong>\u00a0 Large<br \/>\n<strong>KLUG99<\/strong>\u00a0 X-Large<\/p>\n","protected":false},"excerpt":{"rendered":"<p>Compac Carryall Dark Kamo La gamma di borsoni Dark Kamo Compac \u00e8 stata progettata per coprire ogni situazione, da brevi sessioni e stalking, fino a coloro a cui piace portare tutto, compreso il lavello della cucina, pescando con s\u00e9. I borsoni sono stati progettati per essere perfettamente compatibili con la nostra gamma di borse Compac [&hellip;]<\/p>\n","protected":false},"featured_media":88614,"comment_status":"closed","ping_status":"closed","template":"","meta":[],"product_cat":[1145],"product_tag":[1018],"yoast_head":"<!-- This site is optimized with the Yoast SEO plugin v15.3 - https:\/\/yoast.com\/wordpress\/plugins\/seo\/ -->\n<title>Compac Carryall Dark Kamo - Korda - Pesca Fish<\/title>\n<meta name=\"robots\" content=\"index, follow, max-snippet:-1, max-image-preview:large, max-video-preview:-1\" \/>\n<link rel=\"canonical\" href=\"https:\/\/www.pescafish.it\/new\/prodotto\/compac-carryall-dark-kamo-korda\/\" \/>\n<meta property=\"og:locale\" content=\"it_IT\" \/>\n<meta property=\"og:type\" content=\"article\" \/>\n<meta property=\"og:title\" content=\"Compac Carryall Dark Kamo - Korda - Pesca Fish\" \/>\n<meta property=\"og:description\" content=\"Compac Carryall Dark Kamo La gamma di borsoni Dark Kamo Compac \u00e8 stata progettata per coprire ogni situazione, da brevi sessioni e stalking, fino a coloro a cui piace portare tutto, compreso il lavello della cucina, pescando con s\u00e9. I borsoni sono stati progettati per essere perfettamente compatibili con la nostra gamma di borse Compac [&hellip;]\" \/>\n<meta property=\"og:url\" content=\"https:\/\/www.pescafish.it\/new\/prodotto\/compac-carryall-dark-kamo-korda\/\" \/>\n<meta property=\"og:site_name\" content=\"Pesca Fish\" \/>\n<meta property=\"article:publisher\" content=\"https:\/\/www.facebook.com\/pescafishvr\/\" \/>\n<meta property=\"article:modified_time\" content=\"2024-05-27T15:08:24+00:00\" \/>\n<meta property=\"og:image\" content=\"https:\/\/www.pescafish.it\/new\/wp-content\/uploads\/2023\/06\/f-1.jpg\" \/>\n\t<meta property=\"og:image:width\" content=\"789\" \/>\n\t<meta property=\"og:image:height\" content=\"794\" \/>\n<meta name=\"twitter:card\" content=\"summary_large_image\" \/>\n<meta name=\"twitter:label1\" content=\"Scritto da\">\n\t<meta name=\"twitter:data1\" content=\"francesca\">\n\t<meta name=\"twitter:label2\" content=\"Tempo di lettura stimato\">\n\t<meta name=\"twitter:data2\" content=\"1 minuto\">\n<script type=\"application\/ld+json\" class=\"yoast-schema-graph\">{\"@context\":\"https:\/\/schema.org\",\"@graph\":[{\"@type\":\"WebSite\",\"@id\":\"https:\/\/www.pescafish.it\/new\/#website\",\"url\":\"https:\/\/www.pescafish.it\/new\/\",\"name\":\"Pesca Fish\",\"description\":\"Benvenuti sul nostro sito!\",\"potentialAction\":[{\"@type\":\"SearchAction\",\"target\":\"https:\/\/www.pescafish.it\/new\/?s={search_term_string}\",\"query-input\":\"required name=search_term_string\"}],\"inLanguage\":\"it-IT\"},{\"@type\":\"ImageObject\",\"@id\":\"https:\/\/www.pescafish.it\/new\/prodotto\/compac-carryall-dark-kamo-korda\/#primaryimage\",\"inLanguage\":\"it-IT\",\"url\":\"https:\/\/www.pescafish.it\/new\/wp-content\/uploads\/2023\/06\/f-1.jpg\",\"width\":789,\"height\":794,\"caption\":\"Korda\"},{\"@type\":\"WebPage\",\"@id\":\"https:\/\/www.pescafish.it\/new\/prodotto\/compac-carryall-dark-kamo-korda\/#webpage\",\"url\":\"https:\/\/www.pescafish.it\/new\/prodotto\/compac-carryall-dark-kamo-korda\/\",\"name\":\"Compac Carryall Dark Kamo - Korda - Pesca Fish\",\"isPartOf\":{\"@id\":\"https:\/\/www.pescafish.it\/new\/#website\"},\"primaryImageOfPage\":{\"@id\":\"https:\/\/www.pescafish.it\/new\/prodotto\/compac-carryall-dark-kamo-korda\/#primaryimage\"},\"datePublished\":\"2023-06-27T15:52:54+00:00\",\"dateModified\":\"2024-05-27T15:08:24+00:00\",\"inLanguage\":\"it-IT\",\"potentialAction\":[{\"@type\":\"ReadAction\",\"target\":[\"https:\/\/www.pescafish.it\/new\/prodotto\/compac-carryall-dark-kamo-korda\/\"]}]}]}<\/script>\n<!-- \/ Yoast SEO plugin. -->","_links":{"self":[{"href":"https:\/\/www.pescafish.it\/new\/wp-json\/wp\/v2\/product\/88613"}],"collection":[{"href":"https:\/\/www.pescafish.it\/new\/wp-json\/wp\/v2\/product"}],"about":[{"href":"https:\/\/www.pescafish.it\/new\/wp-json\/wp\/v2\/types\/product"}],"replies":[{"embeddable":true,"href":"https:\/\/www.pescafish.it\/new\/wp-json\/wp\/v2\/comments?post=88613"}],"wp:featuredmedia":[{"embeddable":true,"href":"https:\/\/www.pescafish.it\/new\/wp-json\/wp\/v2\/media\/88614"}],"wp:attachment":[{"href":"https:\/\/www.pescafish.it\/new\/wp-json\/wp\/v2\/media?parent=88613"}],"wp:term":[{"taxonomy":"product_cat","embeddable":true,"href":"https:\/\/www.pescafish.it\/new\/wp-json\/wp\/v2\/product_cat?post=88613"},{"taxonomy":"product_tag","embeddable":true,"href":"https:\/\/www.pescafish.it\/new\/wp-json\/wp\/v2\/product_tag?post=88613"}],"curies":[{"name":"wp","href":"https:\/\/api.w.org\/{rel}","templated":true}]}}