{"id":88404,"date":"2023-06-15T17:13:54","date_gmt":"2023-06-15T15:13:54","guid":{"rendered":"https:\/\/www.pescafish.it\/new\/?post_type=product&#038;p=88404"},"modified":"2023-06-15T17:13:55","modified_gmt":"2023-06-15T15:13:55","slug":"amo-dj-77-decoy","status":"publish","type":"product","link":"https:\/\/www.pescafish.it\/new\/prodotto\/amo-dj-77-decoy\/","title":{"rendered":"Amo DJ-77 &#8211; Decoy"},"content":{"rendered":"<p>L&#8217;amo DJ-77 Short Pike di Decoy \u00e8 un Assist Hooks che pu\u00f2 essere utilizzato sia per lo spinning sia per il light jigging o lo shore jigging.<br \/>\nLa particolarit\u00e0 di questo Assist Hook \u00e8 avere una sezione quadrata e non tonda come tantissimi assist sul mercato, inoltre un altra caratteristica \u00e8 la sua poca lunghezza per tenere l&#8217;amo vicino all&#8217;artificiale.<\/p>\n<p><strong>Carico di Rottura:<\/strong> 150lb<\/p>\n<p><strong>Disponibile nelle seguenti misure:<\/strong><br \/>\n<strong>018216<\/strong>\u00a0 Size 1\/0<br \/>\n<strong>018215\u00a0<\/strong> Size 1<br \/>\n<strong>023898\u00a0<\/strong> Size 2<\/p>\n<p><strong>Confezione da 5 ami<\/strong><\/p>\n","protected":false},"excerpt":{"rendered":"<p>L&#8217;amo DJ-77 Short Pike di Decoy \u00e8 un Assist Hooks che pu\u00f2 essere utilizzato sia per lo spinning sia per il light jigging o lo shore jigging. La particolarit\u00e0 di questo Assist Hook \u00e8 avere una sezione quadrata e non tonda come tantissimi assist sul mercato, inoltre un altra caratteristica \u00e8 la sua poca lunghezza [&hellip;]<\/p>\n","protected":false},"featured_media":88405,"comment_status":"closed","ping_status":"closed","template":"","meta":[],"product_cat":[691,682],"product_tag":[1364],"yoast_head":"<!-- This site is optimized with the Yoast SEO plugin v15.3 - https:\/\/yoast.com\/wordpress\/plugins\/seo\/ -->\n<title>Amo DJ-77 - Decoy - Pesca Fish<\/title>\n<meta name=\"robots\" content=\"index, follow, max-snippet:-1, max-image-preview:large, max-video-preview:-1\" \/>\n<link rel=\"canonical\" href=\"https:\/\/www.pescafish.it\/new\/prodotto\/amo-dj-77-decoy\/\" \/>\n<meta property=\"og:locale\" content=\"it_IT\" \/>\n<meta property=\"og:type\" content=\"article\" \/>\n<meta property=\"og:title\" content=\"Amo DJ-77 - Decoy - Pesca Fish\" \/>\n<meta property=\"og:description\" content=\"L&#8217;amo DJ-77 Short Pike di Decoy \u00e8 un Assist Hooks che pu\u00f2 essere utilizzato sia per lo spinning sia per il light jigging o lo shore jigging. La particolarit\u00e0 di questo Assist Hook \u00e8 avere una sezione quadrata e non tonda come tantissimi assist sul mercato, inoltre un altra caratteristica \u00e8 la sua poca lunghezza [&hellip;]\" \/>\n<meta property=\"og:url\" content=\"https:\/\/www.pescafish.it\/new\/prodotto\/amo-dj-77-decoy\/\" \/>\n<meta property=\"og:site_name\" content=\"Pesca Fish\" \/>\n<meta property=\"article:publisher\" content=\"https:\/\/www.facebook.com\/pescafishvr\/\" \/>\n<meta property=\"article:modified_time\" content=\"2023-06-15T15:13:55+00:00\" \/>\n<meta property=\"og:image\" content=\"https:\/\/www.pescafish.it\/new\/wp-content\/uploads\/2023\/06\/amo-DJ-77.jpg\" \/>\n\t<meta property=\"og:image:width\" content=\"1000\" \/>\n\t<meta property=\"og:image:height\" content=\"1000\" \/>\n<meta name=\"twitter:card\" content=\"summary_large_image\" \/>\n<meta name=\"twitter:label1\" content=\"Scritto da\">\n\t<meta name=\"twitter:data1\" content=\"francesca\">\n\t<meta name=\"twitter:label2\" content=\"Tempo di lettura stimato\">\n\t<meta name=\"twitter:data2\" content=\"0 minuti\">\n<script type=\"application\/ld+json\" class=\"yoast-schema-graph\">{\"@context\":\"https:\/\/schema.org\",\"@graph\":[{\"@type\":\"WebSite\",\"@id\":\"https:\/\/www.pescafish.it\/new\/#website\",\"url\":\"https:\/\/www.pescafish.it\/new\/\",\"name\":\"Pesca Fish\",\"description\":\"Benvenuti sul nostro sito!\",\"potentialAction\":[{\"@type\":\"SearchAction\",\"target\":\"https:\/\/www.pescafish.it\/new\/?s={search_term_string}\",\"query-input\":\"required name=search_term_string\"}],\"inLanguage\":\"it-IT\"},{\"@type\":\"ImageObject\",\"@id\":\"https:\/\/www.pescafish.it\/new\/prodotto\/amo-dj-77-decoy\/#primaryimage\",\"inLanguage\":\"it-IT\",\"url\":\"https:\/\/www.pescafish.it\/new\/wp-content\/uploads\/2023\/06\/amo-DJ-77.jpg\",\"width\":1000,\"height\":1000,\"caption\":\"OLYMPUS DIGITAL CAMERA\"},{\"@type\":\"WebPage\",\"@id\":\"https:\/\/www.pescafish.it\/new\/prodotto\/amo-dj-77-decoy\/#webpage\",\"url\":\"https:\/\/www.pescafish.it\/new\/prodotto\/amo-dj-77-decoy\/\",\"name\":\"Amo DJ-77 - Decoy - Pesca Fish\",\"isPartOf\":{\"@id\":\"https:\/\/www.pescafish.it\/new\/#website\"},\"primaryImageOfPage\":{\"@id\":\"https:\/\/www.pescafish.it\/new\/prodotto\/amo-dj-77-decoy\/#primaryimage\"},\"datePublished\":\"2023-06-15T15:13:54+00:00\",\"dateModified\":\"2023-06-15T15:13:55+00:00\",\"inLanguage\":\"it-IT\",\"potentialAction\":[{\"@type\":\"ReadAction\",\"target\":[\"https:\/\/www.pescafish.it\/new\/prodotto\/amo-dj-77-decoy\/\"]}]}]}<\/script>\n<!-- \/ Yoast SEO plugin. -->","_links":{"self":[{"href":"https:\/\/www.pescafish.it\/new\/wp-json\/wp\/v2\/product\/88404"}],"collection":[{"href":"https:\/\/www.pescafish.it\/new\/wp-json\/wp\/v2\/product"}],"about":[{"href":"https:\/\/www.pescafish.it\/new\/wp-json\/wp\/v2\/types\/product"}],"replies":[{"embeddable":true,"href":"https:\/\/www.pescafish.it\/new\/wp-json\/wp\/v2\/comments?post=88404"}],"wp:featuredmedia":[{"embeddable":true,"href":"https:\/\/www.pescafish.it\/new\/wp-json\/wp\/v2\/media\/88405"}],"wp:attachment":[{"href":"https:\/\/www.pescafish.it\/new\/wp-json\/wp\/v2\/media?parent=88404"}],"wp:term":[{"taxonomy":"product_cat","embeddable":true,"href":"https:\/\/www.pescafish.it\/new\/wp-json\/wp\/v2\/product_cat?post=88404"},{"taxonomy":"product_tag","embeddable":true,"href":"https:\/\/www.pescafish.it\/new\/wp-json\/wp\/v2\/product_tag?post=88404"}],"curies":[{"name":"wp","href":"https:\/\/api.w.org\/{rel}","templated":true}]}}