{"id":88393,"date":"2023-06-15T09:50:34","date_gmt":"2023-06-15T07:50:34","guid":{"rendered":"https:\/\/www.pescafish.it\/new\/?post_type=product&#038;p=88393"},"modified":"2025-11-06T08:51:22","modified_gmt":"2025-11-06T07:51:22","slug":"shelf-life-boilies-link-mainaline","status":"publish","type":"product","link":"https:\/\/www.pescafish.it\/new\/prodotto\/shelf-life-boilies-link-mainaline\/","title":{"rendered":"Shelf Life Boilies Link &#8211; Mainaline Bait"},"content":{"rendered":"<h2>Shelf Life Boilies Link<\/h2>\n<p>Il LINK\u2122 \u00e8 una complessa miscela a base di farina di pesce completa della miscela di aromi e palatanti di Mainline che si \u00e8 dimostrata straordinariamente efficace nelle acque pi\u00f9 difficili. Il Link\u2122 offre risultati eccellenti sia istantaneamente che a lungo termine.<\/p>\n<p>\u00c8 inoltre disponibile una gamma completa di pop-up, wafter, pastura, additivi, pellet e particelle The Link\u2122 per completare il tuo arsenale.<\/p>\n<p>Tre decenni di esperienza all&#8217;avanguardia e il nostro ampio processo di ricerca e sviluppo ci hanno permesso di formulare questa esca appositamente per il carpista britannico ed europeo; una boilie completa di origine alimentare che puoi usare con totale sicurezza perch\u00e9 \u00e8 un&#8217;esca Mainline&#8230; Migliore esca attraverso la ricerca.<\/p>\n<p><strong>Disponibile nei seguenti diametri:<\/strong><br \/>\n<strong>M41002<\/strong>\u00a0 15mm 1kg<br \/>\n<strong>M41004<\/strong>\u00a0 20mm 1kg<br \/>\n<strong>M41022<\/strong>\u00a0 15mm 5kg<br \/>\n<strong>M41024<\/strong>\u00a0 20mm 5kg<\/p>\n","protected":false},"excerpt":{"rendered":"<p>Shelf Life Boilies Link Il LINK\u2122 \u00e8 una complessa miscela a base di farina di pesce completa della miscela di aromi e palatanti di Mainline che si \u00e8 dimostrata straordinariamente efficace nelle acque pi\u00f9 difficili. Il Link\u2122 offre risultati eccellenti sia istantaneamente che a lungo termine. \u00c8 inoltre disponibile una gamma completa di pop-up, wafter, [&hellip;]<\/p>\n","protected":false},"featured_media":88394,"comment_status":"closed","ping_status":"closed","template":"","meta":[],"product_cat":[553],"product_tag":[1243],"yoast_head":"<!-- This site is optimized with the Yoast SEO plugin v15.3 - https:\/\/yoast.com\/wordpress\/plugins\/seo\/ -->\n<title>Shelf Life Boilies Link - Mainaline Bait - Pesca Fish<\/title>\n<meta name=\"robots\" content=\"index, follow, max-snippet:-1, max-image-preview:large, max-video-preview:-1\" \/>\n<link rel=\"canonical\" href=\"https:\/\/www.pescafish.it\/new\/prodotto\/shelf-life-boilies-link-mainaline\/\" \/>\n<meta property=\"og:locale\" content=\"it_IT\" \/>\n<meta property=\"og:type\" content=\"article\" \/>\n<meta property=\"og:title\" content=\"Shelf Life Boilies Link - Mainaline Bait - Pesca Fish\" \/>\n<meta property=\"og:description\" content=\"Shelf Life Boilies Link Il LINK\u2122 \u00e8 una complessa miscela a base di farina di pesce completa della miscela di aromi e palatanti di Mainline che si \u00e8 dimostrata straordinariamente efficace nelle acque pi\u00f9 difficili. Il Link\u2122 offre risultati eccellenti sia istantaneamente che a lungo termine. \u00c8 inoltre disponibile una gamma completa di pop-up, wafter, [&hellip;]\" \/>\n<meta property=\"og:url\" content=\"https:\/\/www.pescafish.it\/new\/prodotto\/shelf-life-boilies-link-mainaline\/\" \/>\n<meta property=\"og:site_name\" content=\"Pesca Fish\" \/>\n<meta property=\"article:publisher\" content=\"https:\/\/www.facebook.com\/pescafishvr\/\" \/>\n<meta property=\"article:modified_time\" content=\"2025-11-06T07:51:22+00:00\" \/>\n<meta property=\"og:image\" content=\"https:\/\/www.pescafish.it\/new\/wp-content\/uploads\/2023\/06\/18L.jpg\" \/>\n\t<meta property=\"og:image:width\" content=\"789\" \/>\n\t<meta property=\"og:image:height\" content=\"794\" \/>\n<meta name=\"twitter:card\" content=\"summary_large_image\" \/>\n<meta name=\"twitter:label1\" content=\"Scritto da\">\n\t<meta name=\"twitter:data1\" content=\"francesca\">\n\t<meta name=\"twitter:label2\" content=\"Tempo di lettura stimato\">\n\t<meta name=\"twitter:data2\" content=\"1 minuto\">\n<script type=\"application\/ld+json\" class=\"yoast-schema-graph\">{\"@context\":\"https:\/\/schema.org\",\"@graph\":[{\"@type\":\"WebSite\",\"@id\":\"https:\/\/www.pescafish.it\/new\/#website\",\"url\":\"https:\/\/www.pescafish.it\/new\/\",\"name\":\"Pesca Fish\",\"description\":\"Benvenuti sul nostro sito!\",\"potentialAction\":[{\"@type\":\"SearchAction\",\"target\":\"https:\/\/www.pescafish.it\/new\/?s={search_term_string}\",\"query-input\":\"required name=search_term_string\"}],\"inLanguage\":\"it-IT\"},{\"@type\":\"ImageObject\",\"@id\":\"https:\/\/www.pescafish.it\/new\/prodotto\/shelf-life-boilies-link-mainaline\/#primaryimage\",\"inLanguage\":\"it-IT\",\"url\":\"https:\/\/www.pescafish.it\/new\/wp-content\/uploads\/2023\/06\/18L.jpg\",\"width\":789,\"height\":794,\"caption\":\"Mainline\"},{\"@type\":\"WebPage\",\"@id\":\"https:\/\/www.pescafish.it\/new\/prodotto\/shelf-life-boilies-link-mainaline\/#webpage\",\"url\":\"https:\/\/www.pescafish.it\/new\/prodotto\/shelf-life-boilies-link-mainaline\/\",\"name\":\"Shelf Life Boilies Link - Mainaline Bait - Pesca Fish\",\"isPartOf\":{\"@id\":\"https:\/\/www.pescafish.it\/new\/#website\"},\"primaryImageOfPage\":{\"@id\":\"https:\/\/www.pescafish.it\/new\/prodotto\/shelf-life-boilies-link-mainaline\/#primaryimage\"},\"datePublished\":\"2023-06-15T07:50:34+00:00\",\"dateModified\":\"2025-11-06T07:51:22+00:00\",\"inLanguage\":\"it-IT\",\"potentialAction\":[{\"@type\":\"ReadAction\",\"target\":[\"https:\/\/www.pescafish.it\/new\/prodotto\/shelf-life-boilies-link-mainaline\/\"]}]}]}<\/script>\n<!-- \/ Yoast SEO plugin. -->","_links":{"self":[{"href":"https:\/\/www.pescafish.it\/new\/wp-json\/wp\/v2\/product\/88393"}],"collection":[{"href":"https:\/\/www.pescafish.it\/new\/wp-json\/wp\/v2\/product"}],"about":[{"href":"https:\/\/www.pescafish.it\/new\/wp-json\/wp\/v2\/types\/product"}],"replies":[{"embeddable":true,"href":"https:\/\/www.pescafish.it\/new\/wp-json\/wp\/v2\/comments?post=88393"}],"wp:featuredmedia":[{"embeddable":true,"href":"https:\/\/www.pescafish.it\/new\/wp-json\/wp\/v2\/media\/88394"}],"wp:attachment":[{"href":"https:\/\/www.pescafish.it\/new\/wp-json\/wp\/v2\/media?parent=88393"}],"wp:term":[{"taxonomy":"product_cat","embeddable":true,"href":"https:\/\/www.pescafish.it\/new\/wp-json\/wp\/v2\/product_cat?post=88393"},{"taxonomy":"product_tag","embeddable":true,"href":"https:\/\/www.pescafish.it\/new\/wp-json\/wp\/v2\/product_tag?post=88393"}],"curies":[{"name":"wp","href":"https:\/\/api.w.org\/{rel}","templated":true}]}}