{"id":88388,"date":"2023-06-15T09:46:00","date_gmt":"2023-06-15T07:46:00","guid":{"rendered":"https:\/\/www.pescafish.it\/new\/?post_type=product&#038;p=88388"},"modified":"2024-04-10T17:22:24","modified_gmt":"2024-04-10T15:22:24","slug":"shelf-life-boilies-essential-cell-mainline","status":"publish","type":"product","link":"https:\/\/www.pescafish.it\/new\/prodotto\/shelf-life-boilies-essential-cell-mainline\/","title":{"rendered":"Shelf Life Boilies Essential Cell\u00a0&#8211; Mainline Bait"},"content":{"rendered":"<h2>Shelf Life Boilies Essential Cell<\/h2>\n<p>L&#8217;Essential Cell\u2122 si basa sull&#8217;impareggiabile successo che \u00e8 sinonimo dell&#8217;originale Cell\u2122 e del rinomato Essential IB. Il risultato \u00e8 un&#8217;esca che funzioner\u00e0 nel momento in cui entra in acqua, indipendentemente dalla temperatura.<\/p>\n<p>Per completare il tuo arsenale \u00e8 inoltre disponibile una gamma completa di Pop-Up, Wafter, Groundbait, Additivi, Pellet e Particelle Essential Cell\u2122.<\/p>\n<p>Tre decenni di esperienza all&#8217;avanguardia e il nostro ampio processo di ricerca e sviluppo ci hanno permesso di formulare questa esca appositamente per il carpista britannico ed europeo; una boilie completa di origine alimentare che puoi usare con totale sicurezza perch\u00e9 \u00e8 un&#8217;esca Mainline&#8230; Migliore esca attraverso la ricerca.<\/p>\n<p><strong>Disponibile nelle seguenti diametri:<\/strong><br \/>\n<strong>M41005<\/strong>\u00a0 15mm 1kg<br \/>\n<strong>M41006<\/strong>\u00a0 20mm 1kg<br \/>\n<strong>M41018<\/strong>\u00a0 15mm 5kg<br \/>\n<strong>M41020<\/strong>\u00a0 20mm 5kg<\/p>\n","protected":false},"excerpt":{"rendered":"<p>Shelf Life Boilies Essential Cell L&#8217;Essential Cell\u2122 si basa sull&#8217;impareggiabile successo che \u00e8 sinonimo dell&#8217;originale Cell\u2122 e del rinomato Essential IB. Il risultato \u00e8 un&#8217;esca che funzioner\u00e0 nel momento in cui entra in acqua, indipendentemente dalla temperatura. Per completare il tuo arsenale \u00e8 inoltre disponibile una gamma completa di Pop-Up, Wafter, Groundbait, Additivi, Pellet e [&hellip;]<\/p>\n","protected":false},"featured_media":88389,"comment_status":"closed","ping_status":"closed","template":"","meta":[],"product_cat":[1173],"product_tag":[1243],"yoast_head":"<!-- This site is optimized with the Yoast SEO plugin v15.3 - https:\/\/yoast.com\/wordpress\/plugins\/seo\/ -->\n<title>Shelf Life Boilies Essential Cell\u00a0- Mainline Bait - Pesca Fish<\/title>\n<meta name=\"robots\" content=\"index, follow, max-snippet:-1, max-image-preview:large, max-video-preview:-1\" \/>\n<link rel=\"canonical\" href=\"https:\/\/www.pescafish.it\/new\/prodotto\/shelf-life-boilies-essential-cell-mainline\/\" \/>\n<meta property=\"og:locale\" content=\"it_IT\" \/>\n<meta property=\"og:type\" content=\"article\" \/>\n<meta property=\"og:title\" content=\"Shelf Life Boilies Essential Cell\u00a0- Mainline Bait - Pesca Fish\" \/>\n<meta property=\"og:description\" content=\"Shelf Life Boilies Essential Cell L&#8217;Essential Cell\u2122 si basa sull&#8217;impareggiabile successo che \u00e8 sinonimo dell&#8217;originale Cell\u2122 e del rinomato Essential IB. Il risultato \u00e8 un&#8217;esca che funzioner\u00e0 nel momento in cui entra in acqua, indipendentemente dalla temperatura. Per completare il tuo arsenale \u00e8 inoltre disponibile una gamma completa di Pop-Up, Wafter, Groundbait, Additivi, Pellet e [&hellip;]\" \/>\n<meta property=\"og:url\" content=\"https:\/\/www.pescafish.it\/new\/prodotto\/shelf-life-boilies-essential-cell-mainline\/\" \/>\n<meta property=\"og:site_name\" content=\"Pesca Fish\" \/>\n<meta property=\"article:publisher\" content=\"https:\/\/www.facebook.com\/pescafishvr\/\" \/>\n<meta property=\"article:modified_time\" content=\"2024-04-10T15:22:24+00:00\" \/>\n<meta property=\"og:image\" content=\"https:\/\/www.pescafish.it\/new\/wp-content\/uploads\/2023\/06\/20c.jpg\" \/>\n\t<meta property=\"og:image:width\" content=\"789\" \/>\n\t<meta property=\"og:image:height\" content=\"794\" \/>\n<meta name=\"twitter:card\" content=\"summary_large_image\" \/>\n<meta name=\"twitter:label1\" content=\"Scritto da\">\n\t<meta name=\"twitter:data1\" content=\"francesca\">\n\t<meta name=\"twitter:label2\" content=\"Tempo di lettura stimato\">\n\t<meta name=\"twitter:data2\" content=\"0 minuti\">\n<script type=\"application\/ld+json\" class=\"yoast-schema-graph\">{\"@context\":\"https:\/\/schema.org\",\"@graph\":[{\"@type\":\"WebSite\",\"@id\":\"https:\/\/www.pescafish.it\/new\/#website\",\"url\":\"https:\/\/www.pescafish.it\/new\/\",\"name\":\"Pesca Fish\",\"description\":\"Benvenuti sul nostro sito!\",\"potentialAction\":[{\"@type\":\"SearchAction\",\"target\":\"https:\/\/www.pescafish.it\/new\/?s={search_term_string}\",\"query-input\":\"required name=search_term_string\"}],\"inLanguage\":\"it-IT\"},{\"@type\":\"ImageObject\",\"@id\":\"https:\/\/www.pescafish.it\/new\/prodotto\/shelf-life-boilies-essential-cell-mainline\/#primaryimage\",\"inLanguage\":\"it-IT\",\"url\":\"https:\/\/www.pescafish.it\/new\/wp-content\/uploads\/2023\/06\/20c.jpg\",\"width\":789,\"height\":794,\"caption\":\"Mainline\"},{\"@type\":\"WebPage\",\"@id\":\"https:\/\/www.pescafish.it\/new\/prodotto\/shelf-life-boilies-essential-cell-mainline\/#webpage\",\"url\":\"https:\/\/www.pescafish.it\/new\/prodotto\/shelf-life-boilies-essential-cell-mainline\/\",\"name\":\"Shelf Life Boilies Essential Cell\\u00a0- Mainline Bait - Pesca Fish\",\"isPartOf\":{\"@id\":\"https:\/\/www.pescafish.it\/new\/#website\"},\"primaryImageOfPage\":{\"@id\":\"https:\/\/www.pescafish.it\/new\/prodotto\/shelf-life-boilies-essential-cell-mainline\/#primaryimage\"},\"datePublished\":\"2023-06-15T07:46:00+00:00\",\"dateModified\":\"2024-04-10T15:22:24+00:00\",\"inLanguage\":\"it-IT\",\"potentialAction\":[{\"@type\":\"ReadAction\",\"target\":[\"https:\/\/www.pescafish.it\/new\/prodotto\/shelf-life-boilies-essential-cell-mainline\/\"]}]}]}<\/script>\n<!-- \/ Yoast SEO plugin. -->","_links":{"self":[{"href":"https:\/\/www.pescafish.it\/new\/wp-json\/wp\/v2\/product\/88388"}],"collection":[{"href":"https:\/\/www.pescafish.it\/new\/wp-json\/wp\/v2\/product"}],"about":[{"href":"https:\/\/www.pescafish.it\/new\/wp-json\/wp\/v2\/types\/product"}],"replies":[{"embeddable":true,"href":"https:\/\/www.pescafish.it\/new\/wp-json\/wp\/v2\/comments?post=88388"}],"wp:featuredmedia":[{"embeddable":true,"href":"https:\/\/www.pescafish.it\/new\/wp-json\/wp\/v2\/media\/88389"}],"wp:attachment":[{"href":"https:\/\/www.pescafish.it\/new\/wp-json\/wp\/v2\/media?parent=88388"}],"wp:term":[{"taxonomy":"product_cat","embeddable":true,"href":"https:\/\/www.pescafish.it\/new\/wp-json\/wp\/v2\/product_cat?post=88388"},{"taxonomy":"product_tag","embeddable":true,"href":"https:\/\/www.pescafish.it\/new\/wp-json\/wp\/v2\/product_tag?post=88388"}],"curies":[{"name":"wp","href":"https:\/\/api.w.org\/{rel}","templated":true}]}}