{"id":88356,"date":"2023-06-14T17:13:28","date_gmt":"2023-06-14T15:13:28","guid":{"rendered":"https:\/\/www.pescafish.it\/new\/?post_type=product&#038;p=88356"},"modified":"2023-06-14T17:13:29","modified_gmt":"2023-06-14T15:13:29","slug":"birdsnest-tee-navy-korda","status":"publish","type":"product","link":"https:\/\/www.pescafish.it\/new\/prodotto\/birdsnest-tee-navy-korda\/","title":{"rendered":"Birdsnest Tee Navy\u00a0&#8211; Korda"},"content":{"rendered":"<h2>Birdsnest Tee Navy<\/h2>\n<p>La maglietta Birdsnest \u00e8 una delle novit\u00e0 pi\u00f9 recenti nella scuderia di abbigliamento Korda. Realizzata con un&#8217;esclusiva finitura &#8220;pelle di pesca&#8221;, questa t-shirt vanta una texture morbida e vellutata, che la rende incredibilmente comoda da indossare. Che tu stia andando al lago o semplicemente rilassandoti a casa, questa maglietta \u00e8 perfetta per l&#8217;uso nei mesi estivi o come parte di un sistema a strati nei giorni pi\u00f9 freddi.<\/p>\n<p>Caratterizzata da un grande logo Korda &#8220;nido d&#8217;uccello&#8221; sul retro, che d\u00e0 un cenno gentile al riciclaggio di qualsiasi linea scartata, questa maglietta \u00e8 allo stesso tempo elegante e distintiva. La maglietta \u00e8 disponibile in una gamma di colori tra cui nero, blu navy, oliva scuro e bordeaux, quindi puoi scegliere quello che meglio si adatta al tuo stile.<\/p>\n<p>Realizzata con materiali di alta qualit\u00e0, questa t-shirt \u00e8 resistente e duratura. Pu\u00f2 sopportare lavaggi frequenti e mantenere la sua morbida consistenza e forma. A DF piacciono le nostre t-shirt multiuso, quindi sia che tu ti prepari per la tua prossima sessione o che tu le indossi con i jeans quando sei in giro, questa t-shirt \u00e8 fatta per essere versatile e adatta a tutte le occasioni.<\/p>\n<p>Con taglie che vanno dalla piccola alla XXXL, c&#8217;\u00e8 una maglietta Birdsnest per tutti.<\/p>\n<p><strong>Disponibile nelle seguenti taglie:<\/strong><br \/>\n<strong>KCL974<\/strong>\u00a0 M<br \/>\n<strong>KCL975<\/strong>\u00a0 L<br \/>\n<strong>KCL976<\/strong>\u00a0 XL<\/p>\n","protected":false},"excerpt":{"rendered":"<p>Birdsnest Tee Navy La maglietta Birdsnest \u00e8 una delle novit\u00e0 pi\u00f9 recenti nella scuderia di abbigliamento Korda. Realizzata con un&#8217;esclusiva finitura &#8220;pelle di pesca&#8221;, questa t-shirt vanta una texture morbida e vellutata, che la rende incredibilmente comoda da indossare. Che tu stia andando al lago o semplicemente rilassandoti a casa, questa maglietta \u00e8 perfetta per [&hellip;]<\/p>\n","protected":false},"featured_media":88357,"comment_status":"closed","ping_status":"closed","template":"","meta":[],"product_cat":[771],"product_tag":[1018],"yoast_head":"<!-- This site is optimized with the Yoast SEO plugin v15.3 - https:\/\/yoast.com\/wordpress\/plugins\/seo\/ -->\n<title>Birdsnest Tee Navy\u00a0- Korda - Pesca Fish<\/title>\n<meta name=\"robots\" content=\"index, follow, max-snippet:-1, max-image-preview:large, max-video-preview:-1\" \/>\n<link rel=\"canonical\" href=\"https:\/\/www.pescafish.it\/new\/prodotto\/birdsnest-tee-navy-korda\/\" \/>\n<meta property=\"og:locale\" content=\"it_IT\" \/>\n<meta property=\"og:type\" content=\"article\" \/>\n<meta property=\"og:title\" content=\"Birdsnest Tee Navy\u00a0- Korda - Pesca Fish\" \/>\n<meta property=\"og:description\" content=\"Birdsnest Tee Navy La maglietta Birdsnest \u00e8 una delle novit\u00e0 pi\u00f9 recenti nella scuderia di abbigliamento Korda. Realizzata con un&#8217;esclusiva finitura &#8220;pelle di pesca&#8221;, questa t-shirt vanta una texture morbida e vellutata, che la rende incredibilmente comoda da indossare. Che tu stia andando al lago o semplicemente rilassandoti a casa, questa maglietta \u00e8 perfetta per [&hellip;]\" \/>\n<meta property=\"og:url\" content=\"https:\/\/www.pescafish.it\/new\/prodotto\/birdsnest-tee-navy-korda\/\" \/>\n<meta property=\"og:site_name\" content=\"Pesca Fish\" \/>\n<meta property=\"article:publisher\" content=\"https:\/\/www.facebook.com\/pescafishvr\/\" \/>\n<meta property=\"article:modified_time\" content=\"2023-06-14T15:13:29+00:00\" \/>\n<meta property=\"og:image\" content=\"https:\/\/www.pescafish.it\/new\/wp-content\/uploads\/2023\/06\/49261682083665.jpg\" \/>\n\t<meta property=\"og:image:width\" content=\"400\" \/>\n\t<meta property=\"og:image:height\" content=\"400\" \/>\n<meta name=\"twitter:card\" content=\"summary_large_image\" \/>\n<meta name=\"twitter:label1\" content=\"Scritto da\">\n\t<meta name=\"twitter:data1\" content=\"francesca\">\n\t<meta name=\"twitter:label2\" content=\"Tempo di lettura stimato\">\n\t<meta name=\"twitter:data2\" content=\"1 minuto\">\n<script type=\"application\/ld+json\" class=\"yoast-schema-graph\">{\"@context\":\"https:\/\/schema.org\",\"@graph\":[{\"@type\":\"WebSite\",\"@id\":\"https:\/\/www.pescafish.it\/new\/#website\",\"url\":\"https:\/\/www.pescafish.it\/new\/\",\"name\":\"Pesca Fish\",\"description\":\"Benvenuti sul nostro sito!\",\"potentialAction\":[{\"@type\":\"SearchAction\",\"target\":\"https:\/\/www.pescafish.it\/new\/?s={search_term_string}\",\"query-input\":\"required name=search_term_string\"}],\"inLanguage\":\"it-IT\"},{\"@type\":\"ImageObject\",\"@id\":\"https:\/\/www.pescafish.it\/new\/prodotto\/birdsnest-tee-navy-korda\/#primaryimage\",\"inLanguage\":\"it-IT\",\"url\":\"https:\/\/www.pescafish.it\/new\/wp-content\/uploads\/2023\/06\/49261682083665.jpg\",\"width\":400,\"height\":400,\"caption\":\"Korda\"},{\"@type\":\"WebPage\",\"@id\":\"https:\/\/www.pescafish.it\/new\/prodotto\/birdsnest-tee-navy-korda\/#webpage\",\"url\":\"https:\/\/www.pescafish.it\/new\/prodotto\/birdsnest-tee-navy-korda\/\",\"name\":\"Birdsnest Tee Navy\\u00a0- Korda - Pesca Fish\",\"isPartOf\":{\"@id\":\"https:\/\/www.pescafish.it\/new\/#website\"},\"primaryImageOfPage\":{\"@id\":\"https:\/\/www.pescafish.it\/new\/prodotto\/birdsnest-tee-navy-korda\/#primaryimage\"},\"datePublished\":\"2023-06-14T15:13:28+00:00\",\"dateModified\":\"2023-06-14T15:13:29+00:00\",\"inLanguage\":\"it-IT\",\"potentialAction\":[{\"@type\":\"ReadAction\",\"target\":[\"https:\/\/www.pescafish.it\/new\/prodotto\/birdsnest-tee-navy-korda\/\"]}]}]}<\/script>\n<!-- \/ Yoast SEO plugin. -->","_links":{"self":[{"href":"https:\/\/www.pescafish.it\/new\/wp-json\/wp\/v2\/product\/88356"}],"collection":[{"href":"https:\/\/www.pescafish.it\/new\/wp-json\/wp\/v2\/product"}],"about":[{"href":"https:\/\/www.pescafish.it\/new\/wp-json\/wp\/v2\/types\/product"}],"replies":[{"embeddable":true,"href":"https:\/\/www.pescafish.it\/new\/wp-json\/wp\/v2\/comments?post=88356"}],"wp:featuredmedia":[{"embeddable":true,"href":"https:\/\/www.pescafish.it\/new\/wp-json\/wp\/v2\/media\/88357"}],"wp:attachment":[{"href":"https:\/\/www.pescafish.it\/new\/wp-json\/wp\/v2\/media?parent=88356"}],"wp:term":[{"taxonomy":"product_cat","embeddable":true,"href":"https:\/\/www.pescafish.it\/new\/wp-json\/wp\/v2\/product_cat?post=88356"},{"taxonomy":"product_tag","embeddable":true,"href":"https:\/\/www.pescafish.it\/new\/wp-json\/wp\/v2\/product_tag?post=88356"}],"curies":[{"name":"wp","href":"https:\/\/api.w.org\/{rel}","templated":true}]}}