{"id":88313,"date":"2023-06-13T19:16:06","date_gmt":"2023-06-13T17:16:06","guid":{"rendered":"https:\/\/www.pescafish.it\/new\/?post_type=product&#038;p=88313"},"modified":"2023-06-13T19:16:09","modified_gmt":"2023-06-13T17:16:09","slug":"minimal-tee-black-korda","status":"publish","type":"product","link":"https:\/\/www.pescafish.it\/new\/prodotto\/minimal-tee-black-korda\/","title":{"rendered":"Minimal Tee Black\u00a0&#8211; Korda"},"content":{"rendered":"<h2>Minimal Tee Black<\/h2>\n<p>La Minimal Tee \u00e8 un&#8217;aggiunta classica al catalogo estivo di Korda. Realizzata con materiali di prima qualit\u00e0, questa maglietta vanta una texture morbida e vellutata, delicata al tatto e un sogno da indossare.<\/p>\n<p>La Minimal Tee \u00e8 perfetta per l&#8217;estate, progettata per mantenerti fresco e comodo anche nelle giornate pi\u00f9 calde. Il suo classico design a tinta unita \u00e8 semplice ma elegante, il che lo rende estremamente versatile; puoi indossare questa maglietta ovunque!<\/p>\n<p>Con l&#8217;ispirazione presa dai modelli classici della firma, la Minimal Tee non solo ha un bell&#8217;aspetto, ma \u00e8 anche costruita per durare, ma resister\u00e0 a lavaggi frequenti senza perdere forma, colore o consistenza, rendendola un&#8217;aggiunta affidabile ed elegante alla tua collezione di t-shirt .<\/p>\n<p>Caratterizzata da un sottile logo firma Korda sul petto sinistro, questa maglietta aggiunge un tocco di raffinatezza al tuo abbigliamento da riva. Disponibile in quattro colori, tra cui nero, bordeaux, oliva scuro e bianco classico; troverai un colore per tutte le occasioni.<\/p>\n<p>La Minimal Tee \u00e8 disponibile in taglie che vanno dalla piccola alla XXXL, garantendo una vestibilit\u00e0 comoda e lusinghiera per tutti, la perfetta combinazione di comfort, stile e durata.<\/p>\n<p><strong>Disponibile nelle seguenti taglie:<\/strong><br \/>\n<strong>KCL517<\/strong>\u00a0 M<br \/>\n<strong>KCL518<\/strong>\u00a0 L<br \/>\n<strong>KCL519<\/strong>\u00a0 XL<\/p>\n","protected":false},"excerpt":{"rendered":"<p>Minimal Tee Black La Minimal Tee \u00e8 un&#8217;aggiunta classica al catalogo estivo di Korda. Realizzata con materiali di prima qualit\u00e0, questa maglietta vanta una texture morbida e vellutata, delicata al tatto e un sogno da indossare. La Minimal Tee \u00e8 perfetta per l&#8217;estate, progettata per mantenerti fresco e comodo anche nelle giornate pi\u00f9 calde. Il [&hellip;]<\/p>\n","protected":false},"featured_media":88314,"comment_status":"closed","ping_status":"closed","template":"","meta":[],"product_cat":[771],"product_tag":[1018],"yoast_head":"<!-- This site is optimized with the Yoast SEO plugin v15.3 - https:\/\/yoast.com\/wordpress\/plugins\/seo\/ -->\n<title>Minimal Tee Black\u00a0- Korda - Pesca Fish<\/title>\n<meta name=\"robots\" content=\"index, follow, max-snippet:-1, max-image-preview:large, max-video-preview:-1\" \/>\n<link rel=\"canonical\" href=\"https:\/\/www.pescafish.it\/new\/prodotto\/minimal-tee-black-korda\/\" \/>\n<meta property=\"og:locale\" content=\"it_IT\" \/>\n<meta property=\"og:type\" content=\"article\" \/>\n<meta property=\"og:title\" content=\"Minimal Tee Black\u00a0- Korda - Pesca Fish\" \/>\n<meta property=\"og:description\" content=\"Minimal Tee Black La Minimal Tee \u00e8 un&#8217;aggiunta classica al catalogo estivo di Korda. Realizzata con materiali di prima qualit\u00e0, questa maglietta vanta una texture morbida e vellutata, delicata al tatto e un sogno da indossare. La Minimal Tee \u00e8 perfetta per l&#8217;estate, progettata per mantenerti fresco e comodo anche nelle giornate pi\u00f9 calde. Il [&hellip;]\" \/>\n<meta property=\"og:url\" content=\"https:\/\/www.pescafish.it\/new\/prodotto\/minimal-tee-black-korda\/\" \/>\n<meta property=\"og:site_name\" content=\"Pesca Fish\" \/>\n<meta property=\"article:publisher\" content=\"https:\/\/www.facebook.com\/pescafishvr\/\" \/>\n<meta property=\"article:modified_time\" content=\"2023-06-13T17:16:09+00:00\" \/>\n<meta property=\"og:image\" content=\"https:\/\/www.pescafish.it\/new\/wp-content\/uploads\/2023\/06\/ff-2.jpg\" \/>\n\t<meta property=\"og:image:width\" content=\"789\" \/>\n\t<meta property=\"og:image:height\" content=\"794\" \/>\n<meta name=\"twitter:card\" content=\"summary_large_image\" \/>\n<meta name=\"twitter:label1\" content=\"Scritto da\">\n\t<meta name=\"twitter:data1\" content=\"francesca\">\n\t<meta name=\"twitter:label2\" content=\"Tempo di lettura stimato\">\n\t<meta name=\"twitter:data2\" content=\"1 minuto\">\n<script type=\"application\/ld+json\" class=\"yoast-schema-graph\">{\"@context\":\"https:\/\/schema.org\",\"@graph\":[{\"@type\":\"WebSite\",\"@id\":\"https:\/\/www.pescafish.it\/new\/#website\",\"url\":\"https:\/\/www.pescafish.it\/new\/\",\"name\":\"Pesca Fish\",\"description\":\"Benvenuti sul nostro sito!\",\"potentialAction\":[{\"@type\":\"SearchAction\",\"target\":\"https:\/\/www.pescafish.it\/new\/?s={search_term_string}\",\"query-input\":\"required name=search_term_string\"}],\"inLanguage\":\"it-IT\"},{\"@type\":\"ImageObject\",\"@id\":\"https:\/\/www.pescafish.it\/new\/prodotto\/minimal-tee-black-korda\/#primaryimage\",\"inLanguage\":\"it-IT\",\"url\":\"https:\/\/www.pescafish.it\/new\/wp-content\/uploads\/2023\/06\/ff-2.jpg\",\"width\":789,\"height\":794,\"caption\":\"Korda\"},{\"@type\":\"WebPage\",\"@id\":\"https:\/\/www.pescafish.it\/new\/prodotto\/minimal-tee-black-korda\/#webpage\",\"url\":\"https:\/\/www.pescafish.it\/new\/prodotto\/minimal-tee-black-korda\/\",\"name\":\"Minimal Tee Black\\u00a0- Korda - Pesca Fish\",\"isPartOf\":{\"@id\":\"https:\/\/www.pescafish.it\/new\/#website\"},\"primaryImageOfPage\":{\"@id\":\"https:\/\/www.pescafish.it\/new\/prodotto\/minimal-tee-black-korda\/#primaryimage\"},\"datePublished\":\"2023-06-13T17:16:06+00:00\",\"dateModified\":\"2023-06-13T17:16:09+00:00\",\"inLanguage\":\"it-IT\",\"potentialAction\":[{\"@type\":\"ReadAction\",\"target\":[\"https:\/\/www.pescafish.it\/new\/prodotto\/minimal-tee-black-korda\/\"]}]}]}<\/script>\n<!-- \/ Yoast SEO plugin. -->","_links":{"self":[{"href":"https:\/\/www.pescafish.it\/new\/wp-json\/wp\/v2\/product\/88313"}],"collection":[{"href":"https:\/\/www.pescafish.it\/new\/wp-json\/wp\/v2\/product"}],"about":[{"href":"https:\/\/www.pescafish.it\/new\/wp-json\/wp\/v2\/types\/product"}],"replies":[{"embeddable":true,"href":"https:\/\/www.pescafish.it\/new\/wp-json\/wp\/v2\/comments?post=88313"}],"wp:featuredmedia":[{"embeddable":true,"href":"https:\/\/www.pescafish.it\/new\/wp-json\/wp\/v2\/media\/88314"}],"wp:attachment":[{"href":"https:\/\/www.pescafish.it\/new\/wp-json\/wp\/v2\/media?parent=88313"}],"wp:term":[{"taxonomy":"product_cat","embeddable":true,"href":"https:\/\/www.pescafish.it\/new\/wp-json\/wp\/v2\/product_cat?post=88313"},{"taxonomy":"product_tag","embeddable":true,"href":"https:\/\/www.pescafish.it\/new\/wp-json\/wp\/v2\/product_tag?post=88313"}],"curies":[{"name":"wp","href":"https:\/\/api.w.org\/{rel}","templated":true}]}}