{"id":88188,"date":"2023-06-08T17:11:44","date_gmt":"2023-06-08T15:11:44","guid":{"rendered":"https:\/\/www.pescafish.it\/new\/?post_type=product&#038;p=88188"},"modified":"2024-12-30T22:00:55","modified_gmt":"2024-12-30T21:00:55","slug":"bank-life-gazebo-camo-pro-nash","status":"publish","type":"product","link":"https:\/\/www.pescafish.it\/new\/prodotto\/bank-life-gazebo-camo-pro-nash\/","title":{"rendered":"Bank Life Gazebo Camo Pro &#8211; Nash"},"content":{"rendered":"<h2>Bank Life Gazebo Camo Pro<\/h2>\n<p>Il gazebo pi\u00f9 specifico mai prodotto, migliorato in modo da offrire uno spazio impareggiabile per cucinare, socializzare e rimanere protetti dalle intemperie per le sessioni pi\u00f9 lunghe o durante le condizioni pi\u00f9 difficili.<\/p>\n<p>Il gazebo Gazbeo Pro Camo pu\u00f2 essere utilizzato come hub (magazzino) di della sessione o come accampamento principale che pu\u00f2 essere anche modulato con l\u2018aggiunta di tende separate, in modo da estenderlo per includere la zona notte.<\/p>\n<p><strong>Caratteristiche:<\/strong><\/p>\n<p><b>Sistema a pavimento HD chiuso brevettato<\/b><\/p>\n<p>\u2022 Telo in Aquasense con 20000mm di colonna idrostatica<br \/>\n\u2022 Dotato di una connessione interna in Velcro extra larga per sigillare lo spazio centrale e isolarlo da tutti gli animali o gli insetti non desiderati.<\/p>\n<p><b>Design della porta migliorato, versatili con pi\u00f9 opzioni<\/b><\/p>\n<p>\u2022 L\u2019intero pannello frontale pu\u00f2 essere avvolto su se stesso per consentire l\u2019accesso e l\u2019areazione<br \/>\n\u2022 Pannello frontale con zanzariera per tutta la sua altezza e larghezza, dotato di anta centrale indipendente<br \/>\n\u2022 Pannello frontale con nylon anti-pioggia per tutta la sua larghezza e altezza, dotato di anta centrale indipendente.<br \/>\n\u2022 Porta centrale in nylon resistente, con in dotazione un pannello in rete anti-zanzara e pannello impermeabile in PVC trasparente per l\u2019illuminazione diurna.<\/p>\n<p><b>Tendalino anteriore migliorato con funzione indipendente dalla porta<\/b><\/p>\n<p>\u2022 Tendalino per ombra con cupola rinforzata, supportata dai pali del portico e dal tetto rigido in alluminio<br \/>\n\u2022 Ombra permanente e protezione dalla pioggia per sedersi all\u2019esterno e controllare le canne<br \/>\n\u2022 Il tendalino da sole pu\u00f2 essere arrotolato su se stesso e riposto se non necessario.<\/p>\n<p><b>Compatibilit\u00e0 dei Pod<\/b><\/p>\n<p>\u2022 Il Gazebo Camo Pro pu\u00f2 essere utilizzato con massimo tre Sleeping Pod T1322, con la flessibilit\u00e0 di fissarli tramite cerniere complete su uno qualsiasi dei tre lati del Gazebo.<br \/>\n\u2022 La forma del Gazebo Camo Pro e dei Sleeping Pod pu\u00f2 essere variata per adattarsi allo spazio disponibile sulla riva, con le tendine attaccate ad angolo retto sui alti adiacenti o su ciascuna estremit\u00e0.<br \/>\n\u2022 Quando gli Sleeping Pod non sono fissati, i tre lati del Gazebo Camo Pro, sono dotati di pannelli anti-tempesta ed in rete, completamente rimovibili per il flusso di aria o per una protezione impermeabile completa.<\/p>\n<p><b>Specifiche aggiuntive<\/b><\/p>\n<p>\u2022 Tiranti di collegamento migliorati &#8211; ora dotati di moschettone per il collegamento ai blocchi sagomati negli angoli del gazebo<br \/>\n\u2022 Cinghie di tensione regolabili poste tra la copertura e il telaio del gazebo per eliminare eventuali danni del vento o il tiraggio eccessivo<br \/>\n\u2022 Telo interno impermeabile per ridurre la formazione di condensa<br \/>\n\u2022 Gancio interno per sorreggere luci o lampade antizanzara<br \/>\n\u2022 Compatibilit\u00e0 con il Gazebo Organizer T1309<br \/>\n\u2022 Tiranti con fasce riflettenti 3M per la massima visibilit\u00e0 con l\u2019uso della torcia notturna, dotati di custodia in velcro<br \/>\n\u2022 Fornito con 2 barre di supporto in Velcro poste agli angoli del gazebo per le canne<br \/>\n\u2022 Fornito con borsa di trasporto<\/p>\n<p><b>Dimensioni: <\/b>330 cm (lunghezza) x 330 cm (profondit\u00e0) x 220 cm (altezza)<br \/>\n<b>Altezza anta: <\/b>170cm<br \/>\n<b>Dimensioni del portico:<\/b> 210 cm x 180 cm<br \/>\n<b>Peso:<\/b> 28kg<\/p>\n<h3><strong><span style=\"color: #ff0000; background-color: #ffff00;\">NOTA BENE:<\/span> i Gazebo Camo Pro Sleeping Pod T1322 sono venduti separatamente<\/strong><\/h3>\n","protected":false},"excerpt":{"rendered":"<p>Bank Life Gazebo Camo Pro Il gazebo pi\u00f9 specifico mai prodotto, migliorato in modo da offrire uno spazio impareggiabile per cucinare, socializzare e rimanere protetti dalle intemperie per le sessioni pi\u00f9 lunghe o durante le condizioni pi\u00f9 difficili. Il gazebo Gazbeo Pro Camo pu\u00f2 essere utilizzato come hub (magazzino) di della sessione o come accampamento [&hellip;]<\/p>\n","protected":false},"featured_media":88189,"comment_status":"closed","ping_status":"closed","template":"","meta":[],"product_cat":[429],"product_tag":[1024],"yoast_head":"<!-- This site is optimized with the Yoast SEO plugin v15.3 - https:\/\/yoast.com\/wordpress\/plugins\/seo\/ -->\n<title>Bank Life Gazebo Camo Pro - Nash - Pesca Fish<\/title>\n<meta name=\"robots\" content=\"index, follow, max-snippet:-1, max-image-preview:large, max-video-preview:-1\" \/>\n<link rel=\"canonical\" href=\"https:\/\/www.pescafish.it\/new\/prodotto\/bank-life-gazebo-camo-pro-nash\/\" \/>\n<meta property=\"og:locale\" content=\"it_IT\" \/>\n<meta property=\"og:type\" content=\"article\" \/>\n<meta property=\"og:title\" content=\"Bank Life Gazebo Camo Pro - Nash - Pesca Fish\" \/>\n<meta property=\"og:description\" content=\"Bank Life Gazebo Camo Pro Il gazebo pi\u00f9 specifico mai prodotto, migliorato in modo da offrire uno spazio impareggiabile per cucinare, socializzare e rimanere protetti dalle intemperie per le sessioni pi\u00f9 lunghe o durante le condizioni pi\u00f9 difficili. Il gazebo Gazbeo Pro Camo pu\u00f2 essere utilizzato come hub (magazzino) di della sessione o come accampamento [&hellip;]\" \/>\n<meta property=\"og:url\" content=\"https:\/\/www.pescafish.it\/new\/prodotto\/bank-life-gazebo-camo-pro-nash\/\" \/>\n<meta property=\"og:site_name\" content=\"Pesca Fish\" \/>\n<meta property=\"article:publisher\" content=\"https:\/\/www.facebook.com\/pescafishvr\/\" \/>\n<meta property=\"article:modified_time\" content=\"2024-12-30T21:00:55+00:00\" \/>\n<meta property=\"og:image\" content=\"https:\/\/www.pescafish.it\/new\/wp-content\/uploads\/2023\/06\/dddddddddddddddddd.jpg\" \/>\n\t<meta property=\"og:image:width\" content=\"1287\" \/>\n\t<meta property=\"og:image:height\" content=\"1287\" \/>\n<meta name=\"twitter:card\" content=\"summary_large_image\" \/>\n<meta name=\"twitter:label1\" content=\"Scritto da\">\n\t<meta name=\"twitter:data1\" content=\"francesca\">\n\t<meta name=\"twitter:label2\" content=\"Tempo di lettura stimato\">\n\t<meta name=\"twitter:data2\" content=\"2 minuti\">\n<script type=\"application\/ld+json\" class=\"yoast-schema-graph\">{\"@context\":\"https:\/\/schema.org\",\"@graph\":[{\"@type\":\"WebSite\",\"@id\":\"https:\/\/www.pescafish.it\/new\/#website\",\"url\":\"https:\/\/www.pescafish.it\/new\/\",\"name\":\"Pesca Fish\",\"description\":\"Benvenuti sul nostro sito!\",\"potentialAction\":[{\"@type\":\"SearchAction\",\"target\":\"https:\/\/www.pescafish.it\/new\/?s={search_term_string}\",\"query-input\":\"required name=search_term_string\"}],\"inLanguage\":\"it-IT\"},{\"@type\":\"ImageObject\",\"@id\":\"https:\/\/www.pescafish.it\/new\/prodotto\/bank-life-gazebo-camo-pro-nash\/#primaryimage\",\"inLanguage\":\"it-IT\",\"url\":\"https:\/\/www.pescafish.it\/new\/wp-content\/uploads\/2023\/06\/dddddddddddddddddd.jpg\",\"width\":1287,\"height\":1287,\"caption\":\"Nash\"},{\"@type\":\"WebPage\",\"@id\":\"https:\/\/www.pescafish.it\/new\/prodotto\/bank-life-gazebo-camo-pro-nash\/#webpage\",\"url\":\"https:\/\/www.pescafish.it\/new\/prodotto\/bank-life-gazebo-camo-pro-nash\/\",\"name\":\"Bank Life Gazebo Camo Pro - Nash - Pesca Fish\",\"isPartOf\":{\"@id\":\"https:\/\/www.pescafish.it\/new\/#website\"},\"primaryImageOfPage\":{\"@id\":\"https:\/\/www.pescafish.it\/new\/prodotto\/bank-life-gazebo-camo-pro-nash\/#primaryimage\"},\"datePublished\":\"2023-06-08T15:11:44+00:00\",\"dateModified\":\"2024-12-30T21:00:55+00:00\",\"inLanguage\":\"it-IT\",\"potentialAction\":[{\"@type\":\"ReadAction\",\"target\":[\"https:\/\/www.pescafish.it\/new\/prodotto\/bank-life-gazebo-camo-pro-nash\/\"]}]}]}<\/script>\n<!-- \/ Yoast SEO plugin. -->","_links":{"self":[{"href":"https:\/\/www.pescafish.it\/new\/wp-json\/wp\/v2\/product\/88188"}],"collection":[{"href":"https:\/\/www.pescafish.it\/new\/wp-json\/wp\/v2\/product"}],"about":[{"href":"https:\/\/www.pescafish.it\/new\/wp-json\/wp\/v2\/types\/product"}],"replies":[{"embeddable":true,"href":"https:\/\/www.pescafish.it\/new\/wp-json\/wp\/v2\/comments?post=88188"}],"wp:featuredmedia":[{"embeddable":true,"href":"https:\/\/www.pescafish.it\/new\/wp-json\/wp\/v2\/media\/88189"}],"wp:attachment":[{"href":"https:\/\/www.pescafish.it\/new\/wp-json\/wp\/v2\/media?parent=88188"}],"wp:term":[{"taxonomy":"product_cat","embeddable":true,"href":"https:\/\/www.pescafish.it\/new\/wp-json\/wp\/v2\/product_cat?post=88188"},{"taxonomy":"product_tag","embeddable":true,"href":"https:\/\/www.pescafish.it\/new\/wp-json\/wp\/v2\/product_tag?post=88188"}],"curies":[{"name":"wp","href":"https:\/\/api.w.org\/{rel}","templated":true}]}}