{"id":87770,"date":"2023-05-16T17:10:13","date_gmt":"2023-05-16T15:10:13","guid":{"rendered":"https:\/\/www.pescafish.it\/new\/?post_type=product&#038;p=87770"},"modified":"2023-05-16T17:10:14","modified_gmt":"2023-05-16T15:10:14","slug":"duo-maggot-wafters-10mm-traper","status":"publish","type":"product","link":"https:\/\/www.pescafish.it\/new\/prodotto\/duo-maggot-wafters-10mm-traper\/","title":{"rendered":"Duo Maggot Wafters 10mm\u00a0&#8211; Traper"},"content":{"rendered":"<div id=\"product-description-short-7340\" class=\"tvproduct-page-decs\">\n<h2>Duo Maggot Wafters 10mm<\/h2>\n<p>DUO-MAGGOT WAFTER sono inneschi bilanciati molto attrattivi.<\/p>\n<\/div>\n<p>Un&#8217; esca particolare a forma di &#8220;maggot&#8221; che pu\u00f2 regalare enormi soddisfazioni a livello di catture. Il suo aspetto bicolor e la sua doppia aromatizzazione non passer\u00e0 sicuramente inosservato su qualsiasi tipo di fondale.<\/p>\n<p>L&#8217;assetto bilanciato non lascer\u00e0 scampo anche ai pesci pi\u00f9 sospettosi.<\/p>\n<p><strong>Disponibile nelle seguenti aromatizzazioni:<br \/>\nTR4571<\/strong>\u00a0 Tiger\/Sweet Corn<br \/>\n<strong>TR4597<\/strong>\u00a0 Pineapple\/Tutti Frutti\/Strawberry<br \/>\n<strong>TR4601<\/strong>\u00a0 Scopex\/Squid<br \/>\n<strong>TR4573<\/strong>\u00a0 Strawberry\/Halibut<br \/>\n<strong>TR4568<\/strong>\u00a0 Halibut\/Garlic<\/p>\n","protected":false},"excerpt":{"rendered":"<p>Duo Maggot Wafters 10mm DUO-MAGGOT WAFTER sono inneschi bilanciati molto attrattivi. Un&#8217; esca particolare a forma di &#8220;maggot&#8221; che pu\u00f2 regalare enormi soddisfazioni a livello di catture. Il suo aspetto bicolor e la sua doppia aromatizzazione non passer\u00e0 sicuramente inosservato su qualsiasi tipo di fondale. L&#8217;assetto bilanciato non lascer\u00e0 scampo anche ai pesci pi\u00f9 sospettosi. [&hellip;]<\/p>\n","protected":false},"featured_media":87772,"comment_status":"closed","ping_status":"closed","template":"","meta":[],"product_cat":[707],"product_tag":[1282],"yoast_head":"<!-- This site is optimized with the Yoast SEO plugin v15.3 - https:\/\/yoast.com\/wordpress\/plugins\/seo\/ -->\n<title>Duo Maggot Wafters 10mm\u00a0- Traper - Pesca Fish<\/title>\n<meta name=\"robots\" content=\"index, follow, max-snippet:-1, max-image-preview:large, max-video-preview:-1\" \/>\n<link rel=\"canonical\" href=\"https:\/\/www.pescafish.it\/new\/prodotto\/duo-maggot-wafters-10mm-traper\/\" \/>\n<meta property=\"og:locale\" content=\"it_IT\" \/>\n<meta property=\"og:type\" content=\"article\" \/>\n<meta property=\"og:title\" content=\"Duo Maggot Wafters 10mm\u00a0- Traper - Pesca Fish\" \/>\n<meta property=\"og:description\" content=\"Duo Maggot Wafters 10mm DUO-MAGGOT WAFTER sono inneschi bilanciati molto attrattivi. Un&#8217; esca particolare a forma di &#8220;maggot&#8221; che pu\u00f2 regalare enormi soddisfazioni a livello di catture. Il suo aspetto bicolor e la sua doppia aromatizzazione non passer\u00e0 sicuramente inosservato su qualsiasi tipo di fondale. L&#8217;assetto bilanciato non lascer\u00e0 scampo anche ai pesci pi\u00f9 sospettosi. [&hellip;]\" \/>\n<meta property=\"og:url\" content=\"https:\/\/www.pescafish.it\/new\/prodotto\/duo-maggot-wafters-10mm-traper\/\" \/>\n<meta property=\"og:site_name\" content=\"Pesca Fish\" \/>\n<meta property=\"article:publisher\" content=\"https:\/\/www.facebook.com\/pescafishvr\/\" \/>\n<meta property=\"article:modified_time\" content=\"2023-05-16T15:10:14+00:00\" \/>\n<meta property=\"og:image\" content=\"https:\/\/www.pescafish.it\/new\/wp-content\/uploads\/2023\/05\/yy.jpg\" \/>\n\t<meta property=\"og:image:width\" content=\"1140\" \/>\n\t<meta property=\"og:image:height\" content=\"1156\" \/>\n<meta name=\"twitter:card\" content=\"summary_large_image\" \/>\n<meta name=\"twitter:label1\" content=\"Scritto da\">\n\t<meta name=\"twitter:data1\" content=\"francesca\">\n\t<meta name=\"twitter:label2\" content=\"Tempo di lettura stimato\">\n\t<meta name=\"twitter:data2\" content=\"0 minuti\">\n<script type=\"application\/ld+json\" class=\"yoast-schema-graph\">{\"@context\":\"https:\/\/schema.org\",\"@graph\":[{\"@type\":\"WebSite\",\"@id\":\"https:\/\/www.pescafish.it\/new\/#website\",\"url\":\"https:\/\/www.pescafish.it\/new\/\",\"name\":\"Pesca Fish\",\"description\":\"Benvenuti sul nostro sito!\",\"potentialAction\":[{\"@type\":\"SearchAction\",\"target\":\"https:\/\/www.pescafish.it\/new\/?s={search_term_string}\",\"query-input\":\"required name=search_term_string\"}],\"inLanguage\":\"it-IT\"},{\"@type\":\"ImageObject\",\"@id\":\"https:\/\/www.pescafish.it\/new\/prodotto\/duo-maggot-wafters-10mm-traper\/#primaryimage\",\"inLanguage\":\"it-IT\",\"url\":\"https:\/\/www.pescafish.it\/new\/wp-content\/uploads\/2023\/05\/yy.jpg\",\"width\":1140,\"height\":1156,\"caption\":\"Traper\"},{\"@type\":\"WebPage\",\"@id\":\"https:\/\/www.pescafish.it\/new\/prodotto\/duo-maggot-wafters-10mm-traper\/#webpage\",\"url\":\"https:\/\/www.pescafish.it\/new\/prodotto\/duo-maggot-wafters-10mm-traper\/\",\"name\":\"Duo Maggot Wafters 10mm\\u00a0- Traper - Pesca Fish\",\"isPartOf\":{\"@id\":\"https:\/\/www.pescafish.it\/new\/#website\"},\"primaryImageOfPage\":{\"@id\":\"https:\/\/www.pescafish.it\/new\/prodotto\/duo-maggot-wafters-10mm-traper\/#primaryimage\"},\"datePublished\":\"2023-05-16T15:10:13+00:00\",\"dateModified\":\"2023-05-16T15:10:14+00:00\",\"inLanguage\":\"it-IT\",\"potentialAction\":[{\"@type\":\"ReadAction\",\"target\":[\"https:\/\/www.pescafish.it\/new\/prodotto\/duo-maggot-wafters-10mm-traper\/\"]}]}]}<\/script>\n<!-- \/ Yoast SEO plugin. -->","_links":{"self":[{"href":"https:\/\/www.pescafish.it\/new\/wp-json\/wp\/v2\/product\/87770"}],"collection":[{"href":"https:\/\/www.pescafish.it\/new\/wp-json\/wp\/v2\/product"}],"about":[{"href":"https:\/\/www.pescafish.it\/new\/wp-json\/wp\/v2\/types\/product"}],"replies":[{"embeddable":true,"href":"https:\/\/www.pescafish.it\/new\/wp-json\/wp\/v2\/comments?post=87770"}],"wp:featuredmedia":[{"embeddable":true,"href":"https:\/\/www.pescafish.it\/new\/wp-json\/wp\/v2\/media\/87772"}],"wp:attachment":[{"href":"https:\/\/www.pescafish.it\/new\/wp-json\/wp\/v2\/media?parent=87770"}],"wp:term":[{"taxonomy":"product_cat","embeddable":true,"href":"https:\/\/www.pescafish.it\/new\/wp-json\/wp\/v2\/product_cat?post=87770"},{"taxonomy":"product_tag","embeddable":true,"href":"https:\/\/www.pescafish.it\/new\/wp-json\/wp\/v2\/product_tag?post=87770"}],"curies":[{"name":"wp","href":"https:\/\/api.w.org\/{rel}","templated":true}]}}