{"id":87573,"date":"2023-05-05T11:53:05","date_gmt":"2023-05-05T09:53:05","guid":{"rendered":"https:\/\/www.pescafish.it\/new\/?post_type=product&#038;p=87573"},"modified":"2023-05-05T11:53:06","modified_gmt":"2023-05-05T09:53:06","slug":"floating-tigernut-nash","status":"publish","type":"product","link":"https:\/\/www.pescafish.it\/new\/prodotto\/floating-tigernut-nash\/","title":{"rendered":"Floating Tigernut &#8211; Nash"},"content":{"rendered":"<h2>Floating Tigernut<\/h2>\n<p>Tiger Nuts galleggianti che simulano la versione naturale delle vere Tiger. Abbastanza galleggianti per sollevare ami di piccole dimensioni (8-10) e bilanciare lo stile wafter con dimensioni pi\u00f9 grandi. La galleggiabilit\u00e0 pu\u00f2 essere regolata utilizzando anellini, viti bait screw o la pasta in Tungsteno Cling-On per ottenere una presentazione perfetta.<\/p>\n<p>Le Floating Tiger Nuts variano da 12 a 15mm per versatilit\u00e0, presentare esche pi\u00f9 piccole insieme o singole nuts su ami pi\u00f9 grandi. Utilizzatele da sole per garantirvi la presentazione quando gamberi o pesci di disturbo possono causare problemi con esche vere o in combinazione con le Nashbait Sweet Tiger Nuts o Tiger Nut Slush.<\/p>\n<p>Tutte le esche in plastica Nash possono essere imbevute, immerse o spruzzate in liquidi per un&#8217;attrazione aggiuntiva. Quando utilizzate le Sweet Tiger Nuts immergete le esche di plastica nel liquido Talin per avere lo stesso gusto e l&#8217;odore della vostra pastura.<\/p>\n<p><strong>Confezione da 6 pezzi.<\/strong><\/p>\n","protected":false},"excerpt":{"rendered":"<p>Floating Tigernut Tiger Nuts galleggianti che simulano la versione naturale delle vere Tiger. Abbastanza galleggianti per sollevare ami di piccole dimensioni (8-10) e bilanciare lo stile wafter con dimensioni pi\u00f9 grandi. La galleggiabilit\u00e0 pu\u00f2 essere regolata utilizzando anellini, viti bait screw o la pasta in Tungsteno Cling-On per ottenere una presentazione perfetta. Le Floating Tiger [&hellip;]<\/p>\n","protected":false},"featured_media":87575,"comment_status":"closed","ping_status":"closed","template":"","meta":[],"product_cat":[528],"product_tag":[1024],"yoast_head":"<!-- This site is optimized with the Yoast SEO plugin v15.3 - https:\/\/yoast.com\/wordpress\/plugins\/seo\/ -->\n<title>Floating Tigernut - Nash - Pesca Fish<\/title>\n<meta name=\"robots\" content=\"index, follow, max-snippet:-1, max-image-preview:large, max-video-preview:-1\" \/>\n<link rel=\"canonical\" href=\"https:\/\/www.pescafish.it\/new\/prodotto\/floating-tigernut-nash\/\" \/>\n<meta property=\"og:locale\" content=\"it_IT\" \/>\n<meta property=\"og:type\" content=\"article\" \/>\n<meta property=\"og:title\" content=\"Floating Tigernut - Nash - Pesca Fish\" \/>\n<meta property=\"og:description\" content=\"Floating Tigernut Tiger Nuts galleggianti che simulano la versione naturale delle vere Tiger. Abbastanza galleggianti per sollevare ami di piccole dimensioni (8-10) e bilanciare lo stile wafter con dimensioni pi\u00f9 grandi. La galleggiabilit\u00e0 pu\u00f2 essere regolata utilizzando anellini, viti bait screw o la pasta in Tungsteno Cling-On per ottenere una presentazione perfetta. Le Floating Tiger [&hellip;]\" \/>\n<meta property=\"og:url\" content=\"https:\/\/www.pescafish.it\/new\/prodotto\/floating-tigernut-nash\/\" \/>\n<meta property=\"og:site_name\" content=\"Pesca Fish\" \/>\n<meta property=\"article:publisher\" content=\"https:\/\/www.facebook.com\/pescafishvr\/\" \/>\n<meta property=\"article:modified_time\" content=\"2023-05-05T09:53:06+00:00\" \/>\n<meta property=\"og:image\" content=\"https:\/\/www.pescafish.it\/new\/wp-content\/uploads\/2023\/05\/floating-tiger-nut-nash.jpg\" \/>\n\t<meta property=\"og:image:width\" content=\"445\" \/>\n\t<meta property=\"og:image:height\" content=\"445\" \/>\n<meta name=\"twitter:card\" content=\"summary_large_image\" \/>\n<meta name=\"twitter:label1\" content=\"Scritto da\">\n\t<meta name=\"twitter:data1\" content=\"francesca\">\n\t<meta name=\"twitter:label2\" content=\"Tempo di lettura stimato\">\n\t<meta name=\"twitter:data2\" content=\"1 minuto\">\n<script type=\"application\/ld+json\" class=\"yoast-schema-graph\">{\"@context\":\"https:\/\/schema.org\",\"@graph\":[{\"@type\":\"WebSite\",\"@id\":\"https:\/\/www.pescafish.it\/new\/#website\",\"url\":\"https:\/\/www.pescafish.it\/new\/\",\"name\":\"Pesca Fish\",\"description\":\"Benvenuti sul nostro sito!\",\"potentialAction\":[{\"@type\":\"SearchAction\",\"target\":\"https:\/\/www.pescafish.it\/new\/?s={search_term_string}\",\"query-input\":\"required name=search_term_string\"}],\"inLanguage\":\"it-IT\"},{\"@type\":\"ImageObject\",\"@id\":\"https:\/\/www.pescafish.it\/new\/prodotto\/floating-tigernut-nash\/#primaryimage\",\"inLanguage\":\"it-IT\",\"url\":\"https:\/\/www.pescafish.it\/new\/wp-content\/uploads\/2023\/05\/floating-tiger-nut-nash.jpg\",\"width\":445,\"height\":445,\"caption\":\"Nash\"},{\"@type\":\"WebPage\",\"@id\":\"https:\/\/www.pescafish.it\/new\/prodotto\/floating-tigernut-nash\/#webpage\",\"url\":\"https:\/\/www.pescafish.it\/new\/prodotto\/floating-tigernut-nash\/\",\"name\":\"Floating Tigernut - Nash - Pesca Fish\",\"isPartOf\":{\"@id\":\"https:\/\/www.pescafish.it\/new\/#website\"},\"primaryImageOfPage\":{\"@id\":\"https:\/\/www.pescafish.it\/new\/prodotto\/floating-tigernut-nash\/#primaryimage\"},\"datePublished\":\"2023-05-05T09:53:05+00:00\",\"dateModified\":\"2023-05-05T09:53:06+00:00\",\"inLanguage\":\"it-IT\",\"potentialAction\":[{\"@type\":\"ReadAction\",\"target\":[\"https:\/\/www.pescafish.it\/new\/prodotto\/floating-tigernut-nash\/\"]}]}]}<\/script>\n<!-- \/ Yoast SEO plugin. -->","_links":{"self":[{"href":"https:\/\/www.pescafish.it\/new\/wp-json\/wp\/v2\/product\/87573"}],"collection":[{"href":"https:\/\/www.pescafish.it\/new\/wp-json\/wp\/v2\/product"}],"about":[{"href":"https:\/\/www.pescafish.it\/new\/wp-json\/wp\/v2\/types\/product"}],"replies":[{"embeddable":true,"href":"https:\/\/www.pescafish.it\/new\/wp-json\/wp\/v2\/comments?post=87573"}],"wp:featuredmedia":[{"embeddable":true,"href":"https:\/\/www.pescafish.it\/new\/wp-json\/wp\/v2\/media\/87575"}],"wp:attachment":[{"href":"https:\/\/www.pescafish.it\/new\/wp-json\/wp\/v2\/media?parent=87573"}],"wp:term":[{"taxonomy":"product_cat","embeddable":true,"href":"https:\/\/www.pescafish.it\/new\/wp-json\/wp\/v2\/product_cat?post=87573"},{"taxonomy":"product_tag","embeddable":true,"href":"https:\/\/www.pescafish.it\/new\/wp-json\/wp\/v2\/product_tag?post=87573"}],"curies":[{"name":"wp","href":"https:\/\/api.w.org\/{rel}","templated":true}]}}