{"id":87514,"date":"2023-05-05T09:50:54","date_gmt":"2023-05-05T07:50:54","guid":{"rendered":"https:\/\/www.pescafish.it\/new\/?post_type=product&#038;p=87514"},"modified":"2023-05-05T09:50:55","modified_gmt":"2023-05-05T07:50:55","slug":"connect-sandwich-toaster-xl-granite-edition-ridgemonkey","status":"publish","type":"product","link":"https:\/\/www.pescafish.it\/new\/prodotto\/connect-sandwich-toaster-xl-granite-edition-ridgemonkey\/","title":{"rendered":"Connect Sandwich Toaster XL Granite Edition &#8211; RidgeMonkey"},"content":{"rendered":"<h2>Connect Sandwich Toaster XL Granite Edition<\/h2>\n<p>Il RidgeMonkey Connect Sandwich Toaster XL Granite Edition \u00e8 dotato di maniglie rimovibili cool-touch, un sistema di cerniere staccabili che trasforma una padella in due e un set completo di utensili che si inserisce all&#8217;interno del tostapane, insieme alle maniglie, per riporlo facilmente. La forma quadrata significa anche che c&#8217;\u00e8 meno spazio di archiviazione sprecato rispetto alle tradizionali pentole a forma di cerchio.<\/p>\n<p>Nonostante il nome, il Connect Sandwich Toaster XL non \u00e8 solo per toast, torte, fette, naan, piadine, omelette, turbinii alla cannella: le possibilit\u00e0 sono infinite.<\/p>\n<p>Il nostro nuovissimo rivestimento in stile granito rende le nostre padelle pi\u00f9 resistenti, pi\u00f9 durevoli e offre propriet\u00e0 antiaderenti migliorate portando le pentole compatte a un livello completamente nuovo.<\/p>\n","protected":false},"excerpt":{"rendered":"<p>Connect Sandwich Toaster XL Granite Edition Il RidgeMonkey Connect Sandwich Toaster XL Granite Edition \u00e8 dotato di maniglie rimovibili cool-touch, un sistema di cerniere staccabili che trasforma una padella in due e un set completo di utensili che si inserisce all&#8217;interno del tostapane, insieme alle maniglie, per riporlo facilmente. La forma quadrata significa anche che [&hellip;]<\/p>\n","protected":false},"featured_media":87515,"comment_status":"closed","ping_status":"closed","template":"","meta":[],"product_cat":[241],"product_tag":[1101],"yoast_head":"<!-- This site is optimized with the Yoast SEO plugin v15.3 - https:\/\/yoast.com\/wordpress\/plugins\/seo\/ -->\n<title>Connect Sandwich Toaster XL Granite Edition - RidgeMonkey - Pesca Fish<\/title>\n<meta name=\"robots\" content=\"index, follow, max-snippet:-1, max-image-preview:large, max-video-preview:-1\" \/>\n<link rel=\"canonical\" href=\"https:\/\/www.pescafish.it\/new\/prodotto\/connect-sandwich-toaster-xl-granite-edition-ridgemonkey\/\" \/>\n<meta property=\"og:locale\" content=\"it_IT\" \/>\n<meta property=\"og:type\" content=\"article\" \/>\n<meta property=\"og:title\" content=\"Connect Sandwich Toaster XL Granite Edition - RidgeMonkey - Pesca Fish\" \/>\n<meta property=\"og:description\" content=\"Connect Sandwich Toaster XL Granite Edition Il RidgeMonkey Connect Sandwich Toaster XL Granite Edition \u00e8 dotato di maniglie rimovibili cool-touch, un sistema di cerniere staccabili che trasforma una padella in due e un set completo di utensili che si inserisce all&#8217;interno del tostapane, insieme alle maniglie, per riporlo facilmente. La forma quadrata significa anche che [&hellip;]\" \/>\n<meta property=\"og:url\" content=\"https:\/\/www.pescafish.it\/new\/prodotto\/connect-sandwich-toaster-xl-granite-edition-ridgemonkey\/\" \/>\n<meta property=\"og:site_name\" content=\"Pesca Fish\" \/>\n<meta property=\"article:publisher\" content=\"https:\/\/www.facebook.com\/pescafishvr\/\" \/>\n<meta property=\"article:modified_time\" content=\"2023-05-05T07:50:55+00:00\" \/>\n<meta property=\"og:image\" content=\"https:\/\/www.pescafish.it\/new\/wp-content\/uploads\/2023\/05\/r.jpg\" \/>\n\t<meta property=\"og:image:width\" content=\"2362\" \/>\n\t<meta property=\"og:image:height\" content=\"2362\" \/>\n<meta name=\"twitter:card\" content=\"summary_large_image\" \/>\n<meta name=\"twitter:label1\" content=\"Scritto da\">\n\t<meta name=\"twitter:data1\" content=\"francesca\">\n\t<meta name=\"twitter:label2\" content=\"Tempo di lettura stimato\">\n\t<meta name=\"twitter:data2\" content=\"0 minuti\">\n<script type=\"application\/ld+json\" class=\"yoast-schema-graph\">{\"@context\":\"https:\/\/schema.org\",\"@graph\":[{\"@type\":\"WebSite\",\"@id\":\"https:\/\/www.pescafish.it\/new\/#website\",\"url\":\"https:\/\/www.pescafish.it\/new\/\",\"name\":\"Pesca Fish\",\"description\":\"Benvenuti sul nostro sito!\",\"potentialAction\":[{\"@type\":\"SearchAction\",\"target\":\"https:\/\/www.pescafish.it\/new\/?s={search_term_string}\",\"query-input\":\"required name=search_term_string\"}],\"inLanguage\":\"it-IT\"},{\"@type\":\"ImageObject\",\"@id\":\"https:\/\/www.pescafish.it\/new\/prodotto\/connect-sandwich-toaster-xl-granite-edition-ridgemonkey\/#primaryimage\",\"inLanguage\":\"it-IT\",\"url\":\"https:\/\/www.pescafish.it\/new\/wp-content\/uploads\/2023\/05\/r.jpg\",\"width\":2362,\"height\":2362,\"caption\":\"RidgeMonkey\"},{\"@type\":\"WebPage\",\"@id\":\"https:\/\/www.pescafish.it\/new\/prodotto\/connect-sandwich-toaster-xl-granite-edition-ridgemonkey\/#webpage\",\"url\":\"https:\/\/www.pescafish.it\/new\/prodotto\/connect-sandwich-toaster-xl-granite-edition-ridgemonkey\/\",\"name\":\"Connect Sandwich Toaster XL Granite Edition - RidgeMonkey - Pesca Fish\",\"isPartOf\":{\"@id\":\"https:\/\/www.pescafish.it\/new\/#website\"},\"primaryImageOfPage\":{\"@id\":\"https:\/\/www.pescafish.it\/new\/prodotto\/connect-sandwich-toaster-xl-granite-edition-ridgemonkey\/#primaryimage\"},\"datePublished\":\"2023-05-05T07:50:54+00:00\",\"dateModified\":\"2023-05-05T07:50:55+00:00\",\"inLanguage\":\"it-IT\",\"potentialAction\":[{\"@type\":\"ReadAction\",\"target\":[\"https:\/\/www.pescafish.it\/new\/prodotto\/connect-sandwich-toaster-xl-granite-edition-ridgemonkey\/\"]}]}]}<\/script>\n<!-- \/ Yoast SEO plugin. -->","_links":{"self":[{"href":"https:\/\/www.pescafish.it\/new\/wp-json\/wp\/v2\/product\/87514"}],"collection":[{"href":"https:\/\/www.pescafish.it\/new\/wp-json\/wp\/v2\/product"}],"about":[{"href":"https:\/\/www.pescafish.it\/new\/wp-json\/wp\/v2\/types\/product"}],"replies":[{"embeddable":true,"href":"https:\/\/www.pescafish.it\/new\/wp-json\/wp\/v2\/comments?post=87514"}],"wp:featuredmedia":[{"embeddable":true,"href":"https:\/\/www.pescafish.it\/new\/wp-json\/wp\/v2\/media\/87515"}],"wp:attachment":[{"href":"https:\/\/www.pescafish.it\/new\/wp-json\/wp\/v2\/media?parent=87514"}],"wp:term":[{"taxonomy":"product_cat","embeddable":true,"href":"https:\/\/www.pescafish.it\/new\/wp-json\/wp\/v2\/product_cat?post=87514"},{"taxonomy":"product_tag","embeddable":true,"href":"https:\/\/www.pescafish.it\/new\/wp-json\/wp\/v2\/product_tag?post=87514"}],"curies":[{"name":"wp","href":"https:\/\/api.w.org\/{rel}","templated":true}]}}