{"id":87469,"date":"2023-05-02T18:10:08","date_gmt":"2023-05-02T16:10:08","guid":{"rendered":"https:\/\/www.pescafish.it\/new\/?post_type=product&#038;p=87469"},"modified":"2023-05-02T18:10:09","modified_gmt":"2023-05-02T16:10:09","slug":"a-class-300-net-handle-3-mt-guru","status":"publish","type":"product","link":"https:\/\/www.pescafish.it\/new\/prodotto\/a-class-300-net-handle-3-mt-guru\/","title":{"rendered":"A-Class 300 Net Handle 3 mt &#8211; Guru"},"content":{"rendered":"<h2>A-Class 300 Net Handle 3 mt<\/h2>\n<div>E&#8217; un manico per guadino a 2 sezioni super robusto. Questa manico \u00e8 super robusto e rigido e offre la massima sicurezza quando si sollevano i pesci pi\u00f9 grandi fuori dall&#8217;acqua. La prima sezione \u00e8 rinforzata con foam per impieghi gravosi.<\/div>\n","protected":false},"excerpt":{"rendered":"<p>A-Class 300 Net Handle 3 mt E&#8217; un manico per guadino a 2 sezioni super robusto. Questa manico \u00e8 super robusto e rigido e offre la massima sicurezza quando si sollevano i pesci pi\u00f9 grandi fuori dall&#8217;acqua. La prima sezione \u00e8 rinforzata con foam per impieghi gravosi.<\/p>\n","protected":false},"featured_media":87474,"comment_status":"closed","ping_status":"closed","template":"","meta":[],"product_cat":[183],"product_tag":[1026],"yoast_head":"<!-- This site is optimized with the Yoast SEO plugin v15.3 - https:\/\/yoast.com\/wordpress\/plugins\/seo\/ -->\n<title>A-Class 300 Net Handle 3 mt - Guru - Pesca Fish<\/title>\n<meta name=\"robots\" content=\"index, follow, max-snippet:-1, max-image-preview:large, max-video-preview:-1\" \/>\n<link rel=\"canonical\" href=\"https:\/\/www.pescafish.it\/new\/prodotto\/a-class-300-net-handle-3-mt-guru\/\" \/>\n<meta property=\"og:locale\" content=\"it_IT\" \/>\n<meta property=\"og:type\" content=\"article\" \/>\n<meta property=\"og:title\" content=\"A-Class 300 Net Handle 3 mt - Guru - Pesca Fish\" \/>\n<meta property=\"og:description\" content=\"A-Class 300 Net Handle 3 mt E&#8217; un manico per guadino a 2 sezioni super robusto. Questa manico \u00e8 super robusto e rigido e offre la massima sicurezza quando si sollevano i pesci pi\u00f9 grandi fuori dall&#8217;acqua. La prima sezione \u00e8 rinforzata con foam per impieghi gravosi.\" \/>\n<meta property=\"og:url\" content=\"https:\/\/www.pescafish.it\/new\/prodotto\/a-class-300-net-handle-3-mt-guru\/\" \/>\n<meta property=\"og:site_name\" content=\"Pesca Fish\" \/>\n<meta property=\"article:publisher\" content=\"https:\/\/www.facebook.com\/pescafishvr\/\" \/>\n<meta property=\"article:modified_time\" content=\"2023-05-02T16:10:09+00:00\" \/>\n<meta property=\"og:image\" content=\"https:\/\/www.pescafish.it\/new\/wp-content\/uploads\/2023\/05\/fff-1.jpg\" \/>\n\t<meta property=\"og:image:width\" content=\"789\" \/>\n\t<meta property=\"og:image:height\" content=\"794\" \/>\n<meta name=\"twitter:card\" content=\"summary_large_image\" \/>\n<meta name=\"twitter:label1\" content=\"Scritto da\">\n\t<meta name=\"twitter:data1\" content=\"francesca\">\n\t<meta name=\"twitter:label2\" content=\"Tempo di lettura stimato\">\n\t<meta name=\"twitter:data2\" content=\"0 minuti\">\n<script type=\"application\/ld+json\" class=\"yoast-schema-graph\">{\"@context\":\"https:\/\/schema.org\",\"@graph\":[{\"@type\":\"WebSite\",\"@id\":\"https:\/\/www.pescafish.it\/new\/#website\",\"url\":\"https:\/\/www.pescafish.it\/new\/\",\"name\":\"Pesca Fish\",\"description\":\"Benvenuti sul nostro sito!\",\"potentialAction\":[{\"@type\":\"SearchAction\",\"target\":\"https:\/\/www.pescafish.it\/new\/?s={search_term_string}\",\"query-input\":\"required name=search_term_string\"}],\"inLanguage\":\"it-IT\"},{\"@type\":\"ImageObject\",\"@id\":\"https:\/\/www.pescafish.it\/new\/prodotto\/a-class-300-net-handle-3-mt-guru\/#primaryimage\",\"inLanguage\":\"it-IT\",\"url\":\"https:\/\/www.pescafish.it\/new\/wp-content\/uploads\/2023\/05\/fff-1.jpg\",\"width\":789,\"height\":794,\"caption\":\"Guru\"},{\"@type\":\"WebPage\",\"@id\":\"https:\/\/www.pescafish.it\/new\/prodotto\/a-class-300-net-handle-3-mt-guru\/#webpage\",\"url\":\"https:\/\/www.pescafish.it\/new\/prodotto\/a-class-300-net-handle-3-mt-guru\/\",\"name\":\"A-Class 300 Net Handle 3 mt - Guru - Pesca Fish\",\"isPartOf\":{\"@id\":\"https:\/\/www.pescafish.it\/new\/#website\"},\"primaryImageOfPage\":{\"@id\":\"https:\/\/www.pescafish.it\/new\/prodotto\/a-class-300-net-handle-3-mt-guru\/#primaryimage\"},\"datePublished\":\"2023-05-02T16:10:08+00:00\",\"dateModified\":\"2023-05-02T16:10:09+00:00\",\"inLanguage\":\"it-IT\",\"potentialAction\":[{\"@type\":\"ReadAction\",\"target\":[\"https:\/\/www.pescafish.it\/new\/prodotto\/a-class-300-net-handle-3-mt-guru\/\"]}]}]}<\/script>\n<!-- \/ Yoast SEO plugin. -->","_links":{"self":[{"href":"https:\/\/www.pescafish.it\/new\/wp-json\/wp\/v2\/product\/87469"}],"collection":[{"href":"https:\/\/www.pescafish.it\/new\/wp-json\/wp\/v2\/product"}],"about":[{"href":"https:\/\/www.pescafish.it\/new\/wp-json\/wp\/v2\/types\/product"}],"replies":[{"embeddable":true,"href":"https:\/\/www.pescafish.it\/new\/wp-json\/wp\/v2\/comments?post=87469"}],"wp:featuredmedia":[{"embeddable":true,"href":"https:\/\/www.pescafish.it\/new\/wp-json\/wp\/v2\/media\/87474"}],"wp:attachment":[{"href":"https:\/\/www.pescafish.it\/new\/wp-json\/wp\/v2\/media?parent=87469"}],"wp:term":[{"taxonomy":"product_cat","embeddable":true,"href":"https:\/\/www.pescafish.it\/new\/wp-json\/wp\/v2\/product_cat?post=87469"},{"taxonomy":"product_tag","embeddable":true,"href":"https:\/\/www.pescafish.it\/new\/wp-json\/wp\/v2\/product_tag?post=87469"}],"curies":[{"name":"wp","href":"https:\/\/api.w.org\/{rel}","templated":true}]}}