{"id":87238,"date":"2023-04-20T15:18:43","date_gmt":"2023-04-20T13:18:43","guid":{"rendered":"https:\/\/www.pescafish.it\/new\/?post_type=product&#038;p=87238"},"modified":"2024-12-13T22:31:17","modified_gmt":"2024-12-13T21:31:17","slug":"solidz-slow-melt-pva-bags-korda","status":"publish","type":"product","link":"https:\/\/www.pescafish.it\/new\/prodotto\/solidz-slow-melt-pva-bags-korda\/","title":{"rendered":"Solidz Slow Melt PVA Bags\u00a0&#8211; Korda"},"content":{"rendered":"<h2>Solidz Slow Melt PVA Bags<\/h2>\n<p>Sacchetti Korda Solidz SLOW Melt PVA bags\u00a0hanno una\u00a0pellicola pi\u00f9 spessa\u00a0per\u00a0aumentare\u00a0il\u00a0tempo\u00a0di\u00a0scioglimento\u00a0del sacchetto.<\/p>\n<p>Prodotta nel Regno Unito, la pellicola ha uno\u00a0spessore\u00a0pi\u00f9 che\u00a0doppio\u00a0rispetto ai classici sacchetti Solidz originali, ritardando notevolmente il tempo di scioglimento, ideale quando si\u00a0pesca\u00a0a lungo raggio, in\u00a0acque profonde\u00a0o in condizioni di\u00a0pioggia\u00a0e umidit\u00e0.<\/p>\n<p>Prodotto con il materiale pi\u00f9 pregiato disponibile, con un\u00a0pH neutro.<\/p>\n<p>Sacchetti Korda Solidz SLOW Melt PVA bags\u00a0portano il livello di\u00a0robustezza\u00a0ad un gradino\u00a0superiore, con\u00a0zero residui\u00a0e senza alcun aroma.<\/p>\n<p>Il sacchetto pi\u00f9 spesso \u00e8 anche intrinsecamente pi\u00f9\u00a0resistente, il che lo rende la scelta ideale per lanciare a lungo raggio con\u00a0piombi pesanti.<\/p>\n<p><strong>Disponibile nelle seguenti misure:<\/strong><\/p>\n<p><strong>KPVA5<\/strong>\u00a0 XS<br \/>\n<strong>KPVA6<\/strong>\u00a0 S<br \/>\n<strong>KPVA7<\/strong>\u00a0 M<br \/>\n<strong>KPVA8<\/strong>\u00a0 L<\/p>\n","protected":false},"excerpt":{"rendered":"<p>Solidz Slow Melt PVA Bags Sacchetti Korda Solidz SLOW Melt PVA bags\u00a0hanno una\u00a0pellicola pi\u00f9 spessa\u00a0per\u00a0aumentare\u00a0il\u00a0tempo\u00a0di\u00a0scioglimento\u00a0del sacchetto. Prodotta nel Regno Unito, la pellicola ha uno\u00a0spessore\u00a0pi\u00f9 che\u00a0doppio\u00a0rispetto ai classici sacchetti Solidz originali, ritardando notevolmente il tempo di scioglimento, ideale quando si\u00a0pesca\u00a0a lungo raggio, in\u00a0acque profonde\u00a0o in condizioni di\u00a0pioggia\u00a0e umidit\u00e0. Prodotto con il materiale pi\u00f9 pregiato disponibile, con [&hellip;]<\/p>\n","protected":false},"featured_media":87239,"comment_status":"closed","ping_status":"closed","template":"","meta":[],"product_cat":[500],"product_tag":[1018],"yoast_head":"<!-- This site is optimized with the Yoast SEO plugin v15.3 - https:\/\/yoast.com\/wordpress\/plugins\/seo\/ -->\n<title>Solidz Slow Melt PVA Bags\u00a0- Korda - Pesca Fish<\/title>\n<meta name=\"robots\" content=\"index, follow, max-snippet:-1, max-image-preview:large, max-video-preview:-1\" \/>\n<link rel=\"canonical\" href=\"https:\/\/www.pescafish.it\/new\/prodotto\/solidz-slow-melt-pva-bags-korda\/\" \/>\n<meta property=\"og:locale\" content=\"it_IT\" \/>\n<meta property=\"og:type\" content=\"article\" \/>\n<meta property=\"og:title\" content=\"Solidz Slow Melt PVA Bags\u00a0- Korda - Pesca Fish\" \/>\n<meta property=\"og:description\" content=\"Solidz Slow Melt PVA Bags Sacchetti Korda Solidz SLOW Melt PVA bags\u00a0hanno una\u00a0pellicola pi\u00f9 spessa\u00a0per\u00a0aumentare\u00a0il\u00a0tempo\u00a0di\u00a0scioglimento\u00a0del sacchetto. Prodotta nel Regno Unito, la pellicola ha uno\u00a0spessore\u00a0pi\u00f9 che\u00a0doppio\u00a0rispetto ai classici sacchetti Solidz originali, ritardando notevolmente il tempo di scioglimento, ideale quando si\u00a0pesca\u00a0a lungo raggio, in\u00a0acque profonde\u00a0o in condizioni di\u00a0pioggia\u00a0e umidit\u00e0. Prodotto con il materiale pi\u00f9 pregiato disponibile, con [&hellip;]\" \/>\n<meta property=\"og:url\" content=\"https:\/\/www.pescafish.it\/new\/prodotto\/solidz-slow-melt-pva-bags-korda\/\" \/>\n<meta property=\"og:site_name\" content=\"Pesca Fish\" \/>\n<meta property=\"article:publisher\" content=\"https:\/\/www.facebook.com\/pescafishvr\/\" \/>\n<meta property=\"article:modified_time\" content=\"2024-12-13T21:31:17+00:00\" \/>\n<meta property=\"og:image\" content=\"https:\/\/www.pescafish.it\/new\/wp-content\/uploads\/2023\/04\/t.jpg\" \/>\n\t<meta property=\"og:image:width\" content=\"789\" \/>\n\t<meta property=\"og:image:height\" content=\"794\" \/>\n<meta name=\"twitter:card\" content=\"summary_large_image\" \/>\n<meta name=\"twitter:label1\" content=\"Scritto da\">\n\t<meta name=\"twitter:data1\" content=\"francesca\">\n\t<meta name=\"twitter:label2\" content=\"Tempo di lettura stimato\">\n\t<meta name=\"twitter:data2\" content=\"1 minuto\">\n<script type=\"application\/ld+json\" class=\"yoast-schema-graph\">{\"@context\":\"https:\/\/schema.org\",\"@graph\":[{\"@type\":\"WebSite\",\"@id\":\"https:\/\/www.pescafish.it\/new\/#website\",\"url\":\"https:\/\/www.pescafish.it\/new\/\",\"name\":\"Pesca Fish\",\"description\":\"Benvenuti sul nostro sito!\",\"potentialAction\":[{\"@type\":\"SearchAction\",\"target\":\"https:\/\/www.pescafish.it\/new\/?s={search_term_string}\",\"query-input\":\"required name=search_term_string\"}],\"inLanguage\":\"it-IT\"},{\"@type\":\"ImageObject\",\"@id\":\"https:\/\/www.pescafish.it\/new\/prodotto\/solidz-slow-melt-pva-bags-korda\/#primaryimage\",\"inLanguage\":\"it-IT\",\"url\":\"https:\/\/www.pescafish.it\/new\/wp-content\/uploads\/2023\/04\/t.jpg\",\"width\":789,\"height\":794,\"caption\":\"Korda\"},{\"@type\":\"WebPage\",\"@id\":\"https:\/\/www.pescafish.it\/new\/prodotto\/solidz-slow-melt-pva-bags-korda\/#webpage\",\"url\":\"https:\/\/www.pescafish.it\/new\/prodotto\/solidz-slow-melt-pva-bags-korda\/\",\"name\":\"Solidz Slow Melt PVA Bags\\u00a0- Korda - Pesca Fish\",\"isPartOf\":{\"@id\":\"https:\/\/www.pescafish.it\/new\/#website\"},\"primaryImageOfPage\":{\"@id\":\"https:\/\/www.pescafish.it\/new\/prodotto\/solidz-slow-melt-pva-bags-korda\/#primaryimage\"},\"datePublished\":\"2023-04-20T13:18:43+00:00\",\"dateModified\":\"2024-12-13T21:31:17+00:00\",\"inLanguage\":\"it-IT\",\"potentialAction\":[{\"@type\":\"ReadAction\",\"target\":[\"https:\/\/www.pescafish.it\/new\/prodotto\/solidz-slow-melt-pva-bags-korda\/\"]}]}]}<\/script>\n<!-- \/ Yoast SEO plugin. -->","_links":{"self":[{"href":"https:\/\/www.pescafish.it\/new\/wp-json\/wp\/v2\/product\/87238"}],"collection":[{"href":"https:\/\/www.pescafish.it\/new\/wp-json\/wp\/v2\/product"}],"about":[{"href":"https:\/\/www.pescafish.it\/new\/wp-json\/wp\/v2\/types\/product"}],"replies":[{"embeddable":true,"href":"https:\/\/www.pescafish.it\/new\/wp-json\/wp\/v2\/comments?post=87238"}],"wp:featuredmedia":[{"embeddable":true,"href":"https:\/\/www.pescafish.it\/new\/wp-json\/wp\/v2\/media\/87239"}],"wp:attachment":[{"href":"https:\/\/www.pescafish.it\/new\/wp-json\/wp\/v2\/media?parent=87238"}],"wp:term":[{"taxonomy":"product_cat","embeddable":true,"href":"https:\/\/www.pescafish.it\/new\/wp-json\/wp\/v2\/product_cat?post=87238"},{"taxonomy":"product_tag","embeddable":true,"href":"https:\/\/www.pescafish.it\/new\/wp-json\/wp\/v2\/product_tag?post=87238"}],"curies":[{"name":"wp","href":"https:\/\/api.w.org\/{rel}","templated":true}]}}