{"id":87135,"date":"2023-04-15T19:19:44","date_gmt":"2023-04-15T17:19:44","guid":{"rendered":"https:\/\/www.pescafish.it\/new\/?post_type=product&#038;p=87135"},"modified":"2023-04-15T19:19:45","modified_gmt":"2023-04-15T17:19:45","slug":"canna-cardiff-ax-shimano-2","status":"publish","type":"product","link":"https:\/\/www.pescafish.it\/new\/prodotto\/canna-cardiff-ax-shimano-2\/","title":{"rendered":"Canna Cardiff AX &#8211; Shimano"},"content":{"rendered":"<p>La CARDIFF AX \u00e8 la gamma di canne da trout area pi\u00f9 avanzata della linea SHIMANO. Costruite con le migliori e pi\u00f9 avanzate miscele di carbonio, queste canne offrono prestazioni sublimi su tutta la gamma e portano le canne da trout area ad una nuova dimensione di eccellenza. La CARDIFF AX \u00e8 una canna per i pescatori che richiedono il meglio. Se apprezzate le piccole complessit\u00e0 che si combinano per produrre degli attrezzi perfetti, la gamma CARDIFF AX fa per voi. Apprezzerete sicuramente la straordinaria azione parabolica, perfetta per tutte le esche tipiche del trout area. E vi stupirete di come una canna cos\u00ec sensibile e leggera possa lanciare le vostre esche con una precisione impeccabile. Ma \u00e8 la sensazione che si prova quando una trota abbocca alla vostra esca che \u00e8 la pi\u00f9 significativa, in quanto la tecnologia Softube Top vi permette di avvertire anche le tocche pi\u00f9 timide, e assestare ferrate efficaci anche con le trote pi\u00f9 diffidenti.<\/p>\n<p><strong>Disponibile nei seguenti modelli:<\/strong><\/p>\n<table style=\"height: 69px; width: 100%; border-collapse: collapse; border-color: #000000;\" border=\"2\">\n<tbody>\n<tr style=\"height: 23px;\">\n<td style=\"width: 16.6667%; height: 23px; text-align: center;\"><strong>Modello<\/strong><\/td>\n<td style=\"width: 16.6667%; height: 23px; text-align: center;\"><strong>Lunghezza<\/strong><\/td>\n<td style=\"width: 16.6667%; height: 23px; text-align: center;\"><strong>Potenza<\/strong><\/td>\n<td style=\"width: 16.6667%; height: 23px; text-align: center;\"><strong>Ingombro<\/strong><\/td>\n<td style=\"width: 16.6667%; height: 23px; text-align: center;\"><strong>Peso<\/strong><\/td>\n<td style=\"width: 16.6667%; height: 23px; text-align: center;\"><strong>N\u00b0 sezioni<\/strong><\/td>\n<\/tr>\n<tr style=\"height: 23px;\">\n<td style=\"width: 16.6667%; height: 23px; text-align: center;\"><strong>21CDFAXS60SULFF<\/strong><\/td>\n<td style=\"width: 16.6667%; height: 23px; text-align: center;\">6ft -1,83m<\/td>\n<td style=\"width: 16.6667%; height: 23px; text-align: center;\">0,5-4,5g<\/td>\n<td style=\"width: 16.6667%; height: 23px; text-align: center;\">94cm<\/td>\n<td style=\"width: 16.6667%; height: 23px; text-align: center;\">66g<\/td>\n<td style=\"width: 16.6667%; height: 23px; text-align: center;\">2<\/td>\n<\/tr>\n<tr style=\"height: 23px;\">\n<td style=\"width: 16.6667%; height: 23px; text-align: center;\"><strong>21CDFAXS60ULFF<\/strong><\/td>\n<td style=\"width: 16.6667%; height: 23px; text-align: center;\">6ft -1,83m<\/td>\n<td style=\"width: 16.6667%; height: 23px; text-align: center;\">0,7-6g<\/td>\n<td style=\"width: 16.6667%; height: 23px; text-align: center;\">94cm<\/td>\n<td style=\"width: 16.6667%; height: 23px; text-align: center;\">69g<\/td>\n<td style=\"width: 16.6667%; height: 23px; text-align: center;\">2<\/td>\n<\/tr>\n<\/tbody>\n<\/table>\n<p><span style=\"color: #ff0000;\"><strong>DUE ANNI DI GARANZIA<\/strong><\/span><br \/>\n<span style=\"color: #ff0000;\"><strong>Da oggi per avere il TERZO ANNO DI GARANZIA, collegati al nuovo portale e registra il tuo prodotto su:<\/strong><\/span><br \/>\n<span style=\"color: #000000; background-color: #ffff00;\"><strong><a style=\"color: #000000; background-color: #ffff00;\" href=\"http:\/\/www.shimanofishnetwork.it\/garanzia\/sign_in\">http:\/\/www.shimanofishnetwork.it\/garanzia\/sign_in<\/a><\/strong><\/span><\/p>\n","protected":false},"excerpt":{"rendered":"<p>La CARDIFF AX \u00e8 la gamma di canne da trout area pi\u00f9 avanzata della linea SHIMANO. Costruite con le migliori e pi\u00f9 avanzate miscele di carbonio, queste canne offrono prestazioni sublimi su tutta la gamma e portano le canne da trout area ad una nuova dimensione di eccellenza. La CARDIFF AX \u00e8 una canna per [&hellip;]<\/p>\n","protected":false},"featured_media":87137,"comment_status":"closed","ping_status":"closed","template":"","meta":[],"product_cat":[922],"product_tag":[1023],"yoast_head":"<!-- This site is optimized with the Yoast SEO plugin v15.3 - https:\/\/yoast.com\/wordpress\/plugins\/seo\/ -->\n<title>Canna Cardiff AX - Shimano - Pesca Fish<\/title>\n<meta name=\"robots\" content=\"index, follow, max-snippet:-1, max-image-preview:large, max-video-preview:-1\" \/>\n<link rel=\"canonical\" href=\"https:\/\/www.pescafish.it\/new\/prodotto\/canna-cardiff-ax-shimano-2\/\" \/>\n<meta property=\"og:locale\" content=\"it_IT\" \/>\n<meta property=\"og:type\" content=\"article\" \/>\n<meta property=\"og:title\" content=\"Canna Cardiff AX - Shimano - Pesca Fish\" \/>\n<meta property=\"og:description\" content=\"La CARDIFF AX \u00e8 la gamma di canne da trout area pi\u00f9 avanzata della linea SHIMANO. Costruite con le migliori e pi\u00f9 avanzate miscele di carbonio, queste canne offrono prestazioni sublimi su tutta la gamma e portano le canne da trout area ad una nuova dimensione di eccellenza. La CARDIFF AX \u00e8 una canna per [&hellip;]\" \/>\n<meta property=\"og:url\" content=\"https:\/\/www.pescafish.it\/new\/prodotto\/canna-cardiff-ax-shimano-2\/\" \/>\n<meta property=\"og:site_name\" content=\"Pesca Fish\" \/>\n<meta property=\"article:publisher\" content=\"https:\/\/www.facebook.com\/pescafishvr\/\" \/>\n<meta property=\"article:modified_time\" content=\"2023-04-15T17:19:45+00:00\" \/>\n<meta property=\"og:image\" content=\"https:\/\/www.pescafish.it\/new\/wp-content\/uploads\/2023\/04\/cardiff-ax-spinning.jpg\" \/>\n\t<meta property=\"og:image:width\" content=\"900\" \/>\n\t<meta property=\"og:image:height\" content=\"900\" \/>\n<meta name=\"twitter:card\" content=\"summary_large_image\" \/>\n<meta name=\"twitter:label1\" content=\"Scritto da\">\n\t<meta name=\"twitter:data1\" content=\"francesca\">\n\t<meta name=\"twitter:label2\" content=\"Tempo di lettura stimato\">\n\t<meta name=\"twitter:data2\" content=\"1 minuto\">\n<script type=\"application\/ld+json\" class=\"yoast-schema-graph\">{\"@context\":\"https:\/\/schema.org\",\"@graph\":[{\"@type\":\"WebSite\",\"@id\":\"https:\/\/www.pescafish.it\/new\/#website\",\"url\":\"https:\/\/www.pescafish.it\/new\/\",\"name\":\"Pesca Fish\",\"description\":\"Benvenuti sul nostro sito!\",\"potentialAction\":[{\"@type\":\"SearchAction\",\"target\":\"https:\/\/www.pescafish.it\/new\/?s={search_term_string}\",\"query-input\":\"required name=search_term_string\"}],\"inLanguage\":\"it-IT\"},{\"@type\":\"ImageObject\",\"@id\":\"https:\/\/www.pescafish.it\/new\/prodotto\/canna-cardiff-ax-shimano-2\/#primaryimage\",\"inLanguage\":\"it-IT\",\"url\":\"https:\/\/www.pescafish.it\/new\/wp-content\/uploads\/2023\/04\/cardiff-ax-spinning.jpg\",\"width\":900,\"height\":900,\"caption\":\"cardiff ax shimano\"},{\"@type\":\"WebPage\",\"@id\":\"https:\/\/www.pescafish.it\/new\/prodotto\/canna-cardiff-ax-shimano-2\/#webpage\",\"url\":\"https:\/\/www.pescafish.it\/new\/prodotto\/canna-cardiff-ax-shimano-2\/\",\"name\":\"Canna Cardiff AX - Shimano - Pesca Fish\",\"isPartOf\":{\"@id\":\"https:\/\/www.pescafish.it\/new\/#website\"},\"primaryImageOfPage\":{\"@id\":\"https:\/\/www.pescafish.it\/new\/prodotto\/canna-cardiff-ax-shimano-2\/#primaryimage\"},\"datePublished\":\"2023-04-15T17:19:44+00:00\",\"dateModified\":\"2023-04-15T17:19:45+00:00\",\"inLanguage\":\"it-IT\",\"potentialAction\":[{\"@type\":\"ReadAction\",\"target\":[\"https:\/\/www.pescafish.it\/new\/prodotto\/canna-cardiff-ax-shimano-2\/\"]}]}]}<\/script>\n<!-- \/ Yoast SEO plugin. -->","_links":{"self":[{"href":"https:\/\/www.pescafish.it\/new\/wp-json\/wp\/v2\/product\/87135"}],"collection":[{"href":"https:\/\/www.pescafish.it\/new\/wp-json\/wp\/v2\/product"}],"about":[{"href":"https:\/\/www.pescafish.it\/new\/wp-json\/wp\/v2\/types\/product"}],"replies":[{"embeddable":true,"href":"https:\/\/www.pescafish.it\/new\/wp-json\/wp\/v2\/comments?post=87135"}],"wp:featuredmedia":[{"embeddable":true,"href":"https:\/\/www.pescafish.it\/new\/wp-json\/wp\/v2\/media\/87137"}],"wp:attachment":[{"href":"https:\/\/www.pescafish.it\/new\/wp-json\/wp\/v2\/media?parent=87135"}],"wp:term":[{"taxonomy":"product_cat","embeddable":true,"href":"https:\/\/www.pescafish.it\/new\/wp-json\/wp\/v2\/product_cat?post=87135"},{"taxonomy":"product_tag","embeddable":true,"href":"https:\/\/www.pescafish.it\/new\/wp-json\/wp\/v2\/product_tag?post=87135"}],"curies":[{"name":"wp","href":"https:\/\/api.w.org\/{rel}","templated":true}]}}