{"id":87102,"date":"2023-04-13T12:20:30","date_gmt":"2023-04-13T10:20:30","guid":{"rendered":"https:\/\/www.pescafish.it\/new\/?post_type=product&#038;p=87102"},"modified":"2024-05-27T17:02:37","modified_gmt":"2024-05-27T15:02:37","slug":"compac-small-framed-carryall-korda","status":"publish","type":"product","link":"https:\/\/www.pescafish.it\/new\/prodotto\/compac-small-framed-carryall-korda\/","title":{"rendered":"Compac Small Framed Carryall &#8211; Korda"},"content":{"rendered":"<h2>Compac Small Framed Carryall<\/h2>\n<p>Il Korda Compac Small Framed Carryall \u00e8 la pi\u00f9 piccola delle due versioni, con una capacit\u00e0 interna di 25 litri che offre molteplici opzioni di archiviazione interne ed esterne.<\/p>\n<p>Vanta un telaio in alluminio verniciato a polvere per resistenza e rigidit\u00e0.<\/p>\n<p>In realt\u00e0 si basa su un design molto antico e classico, lo zaino Efgeeco originale che aveva un telaio e gambe, che gli assicuravano di tenerlo lontano da fango o acqua quando era appoggiato a terra.<\/p>\n<p>Internamente \u00e8 presente uno scomparto aperto per riporre oggetti pi\u00f9 ingombranti, completato da un vassoio sagomato staccabile progettato per essere utilizzato come tavolino da bivacco.<\/p>\n<p>Se il vassoio sagomato viene rimosso, il coperchio rigido e imbottito pu\u00f2 anche fungere da tavolo.<\/p>\n<p>Esternamente, il borsone \u00e8 dotato di cinque tasche, quattro delle quali sono progettate per completare le buste Compac 100, 110, 125 e 140 EVA.<\/p>\n<p>La tasca frontale \u00e8 abbastanza grande da contenere un Korda Tackle Box, contribuendo a massimizzare lo spazio all&#8217;interno dello scomparto principale.<\/p>\n<p>La tasca frontale \u00e8 dotata di due organizer interni che possono essere configurati per soddisfare le tue esigenze individuali, mentre le tasche terminali sono dotate di porte sagomate per un facile accesso ai cavi di ricarica.<\/p>\n<p>Il borsone poggia su quattro piedini di fango autolivellanti. Questo non solo mantiene la stabilit\u00e0, ma solleva anche la base del borsone dal pavimento, rendendolo ideale per la pesca di quelle nuotate &#8220;non cos\u00ec ideali&#8221;.<\/p>\n<p>I bagagli Compac sono realizzati utilizzando tessuti ad alte prestazioni e componenti di livello militare, creando un sistema di bagagli organizzato, resistente, leggero e durevole.<\/p>\n<p><strong>Dimensioni complessive:<\/strong> 56 cm x 33 cm x 41 cm<\/p>\n<p><strong>Dimensioni dello scomparto principale:<\/strong> 41 cm x 20 cm x 30 cm \/ 25 litri<\/p>\n","protected":false},"excerpt":{"rendered":"<p>Compac Small Framed Carryall Il Korda Compac Small Framed Carryall \u00e8 la pi\u00f9 piccola delle due versioni, con una capacit\u00e0 interna di 25 litri che offre molteplici opzioni di archiviazione interne ed esterne. Vanta un telaio in alluminio verniciato a polvere per resistenza e rigidit\u00e0. In realt\u00e0 si basa su un design molto antico e [&hellip;]<\/p>\n","protected":false},"featured_media":87103,"comment_status":"closed","ping_status":"closed","template":"","meta":[],"product_cat":[1145],"product_tag":[1018],"yoast_head":"<!-- This site is optimized with the Yoast SEO plugin v15.3 - https:\/\/yoast.com\/wordpress\/plugins\/seo\/ -->\n<title>Compac Small Framed Carryall - Korda - Pesca Fish<\/title>\n<meta name=\"robots\" content=\"index, follow, max-snippet:-1, max-image-preview:large, max-video-preview:-1\" \/>\n<link rel=\"canonical\" href=\"https:\/\/www.pescafish.it\/new\/prodotto\/compac-small-framed-carryall-korda\/\" \/>\n<meta property=\"og:locale\" content=\"it_IT\" \/>\n<meta property=\"og:type\" content=\"article\" \/>\n<meta property=\"og:title\" content=\"Compac Small Framed Carryall - Korda - Pesca Fish\" \/>\n<meta property=\"og:description\" content=\"Compac Small Framed Carryall Il Korda Compac Small Framed Carryall \u00e8 la pi\u00f9 piccola delle due versioni, con una capacit\u00e0 interna di 25 litri che offre molteplici opzioni di archiviazione interne ed esterne. Vanta un telaio in alluminio verniciato a polvere per resistenza e rigidit\u00e0. In realt\u00e0 si basa su un design molto antico e [&hellip;]\" \/>\n<meta property=\"og:url\" content=\"https:\/\/www.pescafish.it\/new\/prodotto\/compac-small-framed-carryall-korda\/\" \/>\n<meta property=\"og:site_name\" content=\"Pesca Fish\" \/>\n<meta property=\"article:publisher\" content=\"https:\/\/www.facebook.com\/pescafishvr\/\" \/>\n<meta property=\"article:modified_time\" content=\"2024-05-27T15:02:37+00:00\" \/>\n<meta property=\"og:image\" content=\"https:\/\/www.pescafish.it\/new\/wp-content\/uploads\/2023\/04\/G.jpg\" \/>\n\t<meta property=\"og:image:width\" content=\"789\" \/>\n\t<meta property=\"og:image:height\" content=\"794\" \/>\n<meta name=\"twitter:card\" content=\"summary_large_image\" \/>\n<meta name=\"twitter:label1\" content=\"Scritto da\">\n\t<meta name=\"twitter:data1\" content=\"francesca\">\n\t<meta name=\"twitter:label2\" content=\"Tempo di lettura stimato\">\n\t<meta name=\"twitter:data2\" content=\"1 minuto\">\n<script type=\"application\/ld+json\" class=\"yoast-schema-graph\">{\"@context\":\"https:\/\/schema.org\",\"@graph\":[{\"@type\":\"WebSite\",\"@id\":\"https:\/\/www.pescafish.it\/new\/#website\",\"url\":\"https:\/\/www.pescafish.it\/new\/\",\"name\":\"Pesca Fish\",\"description\":\"Benvenuti sul nostro sito!\",\"potentialAction\":[{\"@type\":\"SearchAction\",\"target\":\"https:\/\/www.pescafish.it\/new\/?s={search_term_string}\",\"query-input\":\"required name=search_term_string\"}],\"inLanguage\":\"it-IT\"},{\"@type\":\"ImageObject\",\"@id\":\"https:\/\/www.pescafish.it\/new\/prodotto\/compac-small-framed-carryall-korda\/#primaryimage\",\"inLanguage\":\"it-IT\",\"url\":\"https:\/\/www.pescafish.it\/new\/wp-content\/uploads\/2023\/04\/G.jpg\",\"width\":789,\"height\":794,\"caption\":\"Korda\"},{\"@type\":\"WebPage\",\"@id\":\"https:\/\/www.pescafish.it\/new\/prodotto\/compac-small-framed-carryall-korda\/#webpage\",\"url\":\"https:\/\/www.pescafish.it\/new\/prodotto\/compac-small-framed-carryall-korda\/\",\"name\":\"Compac Small Framed Carryall - Korda - Pesca Fish\",\"isPartOf\":{\"@id\":\"https:\/\/www.pescafish.it\/new\/#website\"},\"primaryImageOfPage\":{\"@id\":\"https:\/\/www.pescafish.it\/new\/prodotto\/compac-small-framed-carryall-korda\/#primaryimage\"},\"datePublished\":\"2023-04-13T10:20:30+00:00\",\"dateModified\":\"2024-05-27T15:02:37+00:00\",\"inLanguage\":\"it-IT\",\"potentialAction\":[{\"@type\":\"ReadAction\",\"target\":[\"https:\/\/www.pescafish.it\/new\/prodotto\/compac-small-framed-carryall-korda\/\"]}]}]}<\/script>\n<!-- \/ Yoast SEO plugin. -->","_links":{"self":[{"href":"https:\/\/www.pescafish.it\/new\/wp-json\/wp\/v2\/product\/87102"}],"collection":[{"href":"https:\/\/www.pescafish.it\/new\/wp-json\/wp\/v2\/product"}],"about":[{"href":"https:\/\/www.pescafish.it\/new\/wp-json\/wp\/v2\/types\/product"}],"replies":[{"embeddable":true,"href":"https:\/\/www.pescafish.it\/new\/wp-json\/wp\/v2\/comments?post=87102"}],"wp:featuredmedia":[{"embeddable":true,"href":"https:\/\/www.pescafish.it\/new\/wp-json\/wp\/v2\/media\/87103"}],"wp:attachment":[{"href":"https:\/\/www.pescafish.it\/new\/wp-json\/wp\/v2\/media?parent=87102"}],"wp:term":[{"taxonomy":"product_cat","embeddable":true,"href":"https:\/\/www.pescafish.it\/new\/wp-json\/wp\/v2\/product_cat?post=87102"},{"taxonomy":"product_tag","embeddable":true,"href":"https:\/\/www.pescafish.it\/new\/wp-json\/wp\/v2\/product_tag?post=87102"}],"curies":[{"name":"wp","href":"https:\/\/api.w.org\/{rel}","templated":true}]}}