{"id":87081,"date":"2023-04-12T17:08:26","date_gmt":"2023-04-12T15:08:26","guid":{"rendered":"https:\/\/www.pescafish.it\/new\/?post_type=product&#038;p=87081"},"modified":"2024-01-20T12:17:07","modified_gmt":"2024-01-20T11:17:07","slug":"canna-sephia-bb-spinning-shimano","status":"publish","type":"product","link":"https:\/\/www.pescafish.it\/new\/prodotto\/canna-sephia-bb-spinning-shimano\/","title":{"rendered":"Canna Sephia BB Spinning &#8211; Shimano"},"content":{"rendered":"<p>La SEPHIA BB \u00e8 una canna di fascia medio-alta progettata per la pesca ai cefalopodi dagli esperti giapponesi di SHIMANO. Eccezionalmente leggera, con un\u2019azione moderate-fast, il blank \u00e8 realizzato in Hi-Power X Carbon e ha una vetta molto sensibile. Abbinato al mulinello SEPHIA BB per una combinazione straordinaria.<br \/>\nSebbene la pesca con esche artificiali EGI sia una tecnica specialistica, sta aumentando la sua popolarit\u00e0 in tutta Europa. Se siete gi\u00e0 appassionati di questa emozionante tecnica di pesca, vorrete sicuramente una canna e un mulinello ben assemblati, ed \u00e8 qui che entra in gioco la SEPHIA BB. Sviluppata in Giappone dagli esperti SHIMANO, la SEPHIA BB \u00e8 un\u2019ottima canna a tutto tondo. Con una lunghezza di 2,59m e un\u2019azione moderate-fast, \u00e8 lunga e potente per lanciare EGI ad ottime distanze, pur mantenendo una vetta morbida per animare al meglio le esche e avvertire le toccate.<\/p>\n<p><strong>Disponibile nei seguenti modelli:<\/strong><\/p>\n<table style=\"height: 72px; width: 100%; border-collapse: collapse; border-color: #000000;\" border=\"2\">\n<tbody>\n<tr style=\"height: 24px;\">\n<td style=\"width: 16.6667%; height: 24px; text-align: center;\"><strong>Modello<\/strong><\/td>\n<td style=\"width: 16.6667%; height: 24px; text-align: center;\"><strong>Lunghezza<\/strong><\/td>\n<td style=\"width: 16.6667%; height: 24px; text-align: center;\"><strong>EGI<\/strong><\/td>\n<td style=\"width: 16.6667%; height: 24px; text-align: center;\"><strong>Ingombro<\/strong><\/td>\n<td style=\"width: 16.6667%; height: 24px; text-align: center;\"><strong>Peso<\/strong><\/td>\n<td style=\"width: 16.6667%; height: 24px; text-align: center;\"><strong>N\u00b0 sezioni<\/strong><\/td>\n<\/tr>\n<tr style=\"height: 24px;\">\n<td style=\"width: 16.6667%; height: 24px; text-align: center;\"><strong>22SEBBS83ML<\/strong><\/td>\n<td style=\"width: 16.6667%; height: 24px; text-align: center;\">8,3ft &#8211; 2,51m<\/td>\n<td style=\"width: 16.6667%; height: 24px; text-align: center;\">1,8 &#8211; 3,8<\/td>\n<td style=\"width: 16.6667%; height: 24px; text-align: center;\">129cm<\/td>\n<td style=\"width: 16.6667%; height: 24px; text-align: center;\">105g<\/td>\n<td style=\"width: 16.6667%; height: 24px; text-align: center;\">2<\/td>\n<\/tr>\n<tr style=\"height: 24px;\">\n<td style=\"width: 16.6667%; height: 24px; text-align: center;\"><strong>22SEBBS86MH<\/strong><\/td>\n<td style=\"width: 16.6667%; height: 24px; text-align: center;\">8,6ft &#8211; 2,59m<\/td>\n<td style=\"width: 16.6667%; height: 24px; text-align: center;\">2,5 &#8211; 4,5<\/td>\n<td style=\"width: 16.6667%; height: 24px; text-align: center;\">133cm<\/td>\n<td style=\"width: 16.6667%; height: 24px; text-align: center;\">110g<\/td>\n<td style=\"width: 16.6667%; height: 24px; text-align: center;\">2<\/td>\n<\/tr>\n<\/tbody>\n<\/table>\n<p>.<br \/>\n<span style=\"color: #ff0000;\"><strong>DUE ANNI DI GARANZIA<\/strong><\/span><br \/>\n<span style=\"color: #ff0000;\"><strong>Da oggi per avere il TERZO ANNO DI GARANZIA, collegati al nuovo portale e registra il tuo prodotto su:<\/strong><\/span><br \/>\n<span style=\"color: #000000; background-color: #ffff00;\"><strong><a style=\"color: #000000; background-color: #ffff00;\" href=\"http:\/\/www.shimanofishnetwork.it\/garanzia\/sign_in\">http:\/\/www.shimanofishnetwork.it\/garanzia\/sign_in<\/a><\/strong><\/span><\/p>\n","protected":false},"excerpt":{"rendered":"<p>La SEPHIA BB \u00e8 una canna di fascia medio-alta progettata per la pesca ai cefalopodi dagli esperti giapponesi di SHIMANO. Eccezionalmente leggera, con un\u2019azione moderate-fast, il blank \u00e8 realizzato in Hi-Power X Carbon e ha una vetta molto sensibile. Abbinato al mulinello SEPHIA BB per una combinazione straordinaria. Sebbene la pesca con esche artificiali EGI [&hellip;]<\/p>\n","protected":false},"featured_media":93693,"comment_status":"closed","ping_status":"closed","template":"","meta":[],"product_cat":[1263],"product_tag":[1023],"yoast_head":"<!-- This site is optimized with the Yoast SEO plugin v15.3 - https:\/\/yoast.com\/wordpress\/plugins\/seo\/ -->\n<title>Canna Sephia BB Spinning - Shimano - Pesca Fish<\/title>\n<meta name=\"robots\" content=\"index, follow, max-snippet:-1, max-image-preview:large, max-video-preview:-1\" \/>\n<link rel=\"canonical\" href=\"https:\/\/www.pescafish.it\/new\/prodotto\/canna-sephia-bb-spinning-shimano\/\" \/>\n<meta property=\"og:locale\" content=\"it_IT\" \/>\n<meta property=\"og:type\" content=\"article\" \/>\n<meta property=\"og:title\" content=\"Canna Sephia BB Spinning - Shimano - Pesca Fish\" \/>\n<meta property=\"og:description\" content=\"La SEPHIA BB \u00e8 una canna di fascia medio-alta progettata per la pesca ai cefalopodi dagli esperti giapponesi di SHIMANO. Eccezionalmente leggera, con un\u2019azione moderate-fast, il blank \u00e8 realizzato in Hi-Power X Carbon e ha una vetta molto sensibile. Abbinato al mulinello SEPHIA BB per una combinazione straordinaria. Sebbene la pesca con esche artificiali EGI [&hellip;]\" \/>\n<meta property=\"og:url\" content=\"https:\/\/www.pescafish.it\/new\/prodotto\/canna-sephia-bb-spinning-shimano\/\" \/>\n<meta property=\"og:site_name\" content=\"Pesca Fish\" \/>\n<meta property=\"article:publisher\" content=\"https:\/\/www.facebook.com\/pescafishvr\/\" \/>\n<meta property=\"article:modified_time\" content=\"2024-01-20T11:17:07+00:00\" \/>\n<meta property=\"og:image\" content=\"https:\/\/www.pescafish.it\/new\/wp-content\/uploads\/2023\/04\/sephia-bb-spinning-1.jpg\" \/>\n\t<meta property=\"og:image:width\" content=\"708\" \/>\n\t<meta property=\"og:image:height\" content=\"708\" \/>\n<meta name=\"twitter:card\" content=\"summary_large_image\" \/>\n<meta name=\"twitter:label1\" content=\"Scritto da\">\n\t<meta name=\"twitter:data1\" content=\"francesca\">\n\t<meta name=\"twitter:label2\" content=\"Tempo di lettura stimato\">\n\t<meta name=\"twitter:data2\" content=\"1 minuto\">\n<script type=\"application\/ld+json\" class=\"yoast-schema-graph\">{\"@context\":\"https:\/\/schema.org\",\"@graph\":[{\"@type\":\"WebSite\",\"@id\":\"https:\/\/www.pescafish.it\/new\/#website\",\"url\":\"https:\/\/www.pescafish.it\/new\/\",\"name\":\"Pesca Fish\",\"description\":\"Benvenuti sul nostro sito!\",\"potentialAction\":[{\"@type\":\"SearchAction\",\"target\":\"https:\/\/www.pescafish.it\/new\/?s={search_term_string}\",\"query-input\":\"required name=search_term_string\"}],\"inLanguage\":\"it-IT\"},{\"@type\":\"ImageObject\",\"@id\":\"https:\/\/www.pescafish.it\/new\/prodotto\/canna-sephia-bb-spinning-shimano\/#primaryimage\",\"inLanguage\":\"it-IT\",\"url\":\"https:\/\/www.pescafish.it\/new\/wp-content\/uploads\/2023\/04\/sephia-bb-spinning-1.jpg\",\"width\":708,\"height\":708,\"caption\":\"sephia bb spinning shimano\"},{\"@type\":\"WebPage\",\"@id\":\"https:\/\/www.pescafish.it\/new\/prodotto\/canna-sephia-bb-spinning-shimano\/#webpage\",\"url\":\"https:\/\/www.pescafish.it\/new\/prodotto\/canna-sephia-bb-spinning-shimano\/\",\"name\":\"Canna Sephia BB Spinning - Shimano - Pesca Fish\",\"isPartOf\":{\"@id\":\"https:\/\/www.pescafish.it\/new\/#website\"},\"primaryImageOfPage\":{\"@id\":\"https:\/\/www.pescafish.it\/new\/prodotto\/canna-sephia-bb-spinning-shimano\/#primaryimage\"},\"datePublished\":\"2023-04-12T15:08:26+00:00\",\"dateModified\":\"2024-01-20T11:17:07+00:00\",\"inLanguage\":\"it-IT\",\"potentialAction\":[{\"@type\":\"ReadAction\",\"target\":[\"https:\/\/www.pescafish.it\/new\/prodotto\/canna-sephia-bb-spinning-shimano\/\"]}]}]}<\/script>\n<!-- \/ Yoast SEO plugin. -->","_links":{"self":[{"href":"https:\/\/www.pescafish.it\/new\/wp-json\/wp\/v2\/product\/87081"}],"collection":[{"href":"https:\/\/www.pescafish.it\/new\/wp-json\/wp\/v2\/product"}],"about":[{"href":"https:\/\/www.pescafish.it\/new\/wp-json\/wp\/v2\/types\/product"}],"replies":[{"embeddable":true,"href":"https:\/\/www.pescafish.it\/new\/wp-json\/wp\/v2\/comments?post=87081"}],"wp:featuredmedia":[{"embeddable":true,"href":"https:\/\/www.pescafish.it\/new\/wp-json\/wp\/v2\/media\/93693"}],"wp:attachment":[{"href":"https:\/\/www.pescafish.it\/new\/wp-json\/wp\/v2\/media?parent=87081"}],"wp:term":[{"taxonomy":"product_cat","embeddable":true,"href":"https:\/\/www.pescafish.it\/new\/wp-json\/wp\/v2\/product_cat?post=87081"},{"taxonomy":"product_tag","embeddable":true,"href":"https:\/\/www.pescafish.it\/new\/wp-json\/wp\/v2\/product_tag?post=87081"}],"curies":[{"name":"wp","href":"https:\/\/api.w.org\/{rel}","templated":true}]}}