{"id":86776,"date":"2023-03-27T17:17:46","date_gmt":"2023-03-27T15:17:46","guid":{"rendered":"https:\/\/www.pescafish.it\/new\/?post_type=product&#038;p=86776"},"modified":"2023-03-27T17:30:53","modified_gmt":"2023-03-27T15:30:53","slug":"spring-bow-net-6-42in-korda","status":"publish","type":"product","link":"https:\/\/www.pescafish.it\/new\/prodotto\/spring-bow-net-6-42in-korda\/","title":{"rendered":"Spring Bow Net 6&#8242; 42in\u00a0&#8211; Korda"},"content":{"rendered":"<h2>Spring Bow Net 6&#8242; 42in<\/h2>\n<p>Come le canne, i guadini possono essere una scelta molto personale. Estetica, funzione e prezzo influenzano sempre il processo decisionale della maggior parte dei pescatori quando acquistano un nuovo articolo di attrezzatura.<\/p>\n<p>Ci siamo ispirati a un design classico del passato. Disponibile nei primi anni ottanta da un negozio nel nord di Londra, Dons of Edmonton. Il loro Springbow era una rete in fibra di vetro marrone, caratterizzata da un unico e pesante tubo in acciaio inossidabile, ma questo diceva che era la rete dell&#8217;epoca e l&#8217;unica scelta seria per il pescatore di carpe del giorno!<\/p>\n<p>La moda di oggi sembra essere quella di manici molto sottili simili o in tinta con le canne da carpa di un pescatore.<\/p>\n<p>Siamo andati completamente contro questa tendenza. Per le prestazioni era incredibilmente importante che sia le braccia che il palo avessero una rigidit\u00e0 intrinseca. Avendo un palo di diametro molto basso, aumenti il ????peso perch\u00e9 devi aumentare lo spessore della parete, le maniglie sottili semplicemente non sono cos\u00ec buone da tenere in uso. Un&#8217;impugnatura di diametro maggiore aumenta la rigidit\u00e0, \u00e8 pi\u00f9 facile da usare e pi\u00f9 comoda da impugnare. Possiamo utilizzare una sezione di parete pi\u00f9 sottile senza dover scendere a compromessi in termini di resistenza o peso.<\/p>\n<p>Il nostro design ha un manico da 6&#8242; che si assottiglia da 23 a 18 mm. Realizzato in fibra di carbonio ultraleggera e ad alte prestazioni in una splendida finitura nera satinata. Con una punta in acciaio inossidabile 316 splendidamente tornita alla fine. Ci\u00f2 ha contribuito a creare una rete talmente leggera che, una volta montata e in uso, si adagia perfettamente sulla superficie dell&#8217;acqua senza dover utilizzare alcun tipo di rete galleggiante.<br \/>\nUno dei punti chiave della progettazione \u00e8 stato quello di creare un blocco divaricatore &#8220;dichiarato&#8221;. Qualcosa di estremamente leggero, molto forte e unico nell&#8217;aspetto. Dall&#8217;ideazione alla produzione, abbiamo aggiornato il design quattro volte in un periodo di circa due anni e mezzo. La versione finale \u00e8 sbalorditiva da guardare. Progettato dai nostri amici di JAG, \u00e8 incredibilmente leggero, ma soprattutto molto facile da usare e assemblare le braccia. Mentre offri le braccia al blocco, noterai che al suo interno ha una leggera forma ovale, abbiamo lavorato il blocco in modo che abbia quello che chiamiamo un bordo &#8220;principale&#8221;. Ci\u00f2 crea spazio aggiuntivo per il braccio mentre viene flesso e spinto in posizione. I bracci escono dal blocco con un angolo perfetto di 91 gradi, questo insieme all&#8217;utilizzo dei bracci pi\u00f9 rigidi che potremmo realizzare senza compromettere l&#8217;assemblaggio conferisce una forma davvero adorabile a ogni rete assemblata. Ogni braccio ha un&#8217;estremit\u00e0 arrotondata in alluminio anodizzato lavorato di grandi dimensioni, progettata in modo tale da non spingere attraverso la rete e danneggiarla. Questa parte tiene la spessa corda verde tra le braccia, con zero allungamento e una curva perfetta nelle braccia, questo mantiene tutto il pi\u00f9 stretto possibile e aiuta a ridurre la resistenza mentre viene spinta attraverso l&#8217;acqua.<\/p>\n<p>Il blocco di spargimento in alluminio \u00e8 lavorato su entrambe le facce anteriore e posteriore (puoi vedere le braccia sedute all&#8217;interno). Questa caratteristica riduce ulteriormente il peso e conferisce al suo &#8220;stile simile al telaio&#8221;. Abbiamo aggiunto un piccolo slot sulla faccia anteriore che si adatta a un isotopo da 15 mm (NON incluso) e inciso sul retro con il logo Spring Bow. Il tocco finale \u00e8 stato quello di spruzzare il blocco con una finitura in ceramica Gun Smoke resistente all&#8217;usura.<\/p>\n<p>Abbiamo realizzato tre versioni, 42\u201d 46\u201d e 50\u201d ciascuna dotata di una rete di media profondit\u00e0 in full Hexmesh. La parte della rete \u00e8 abbastanza profonda per il pescatore che sceglie di spingere la maniglia nel fondale con le braccia abbastanza in alto sopra l&#8217;acqua per trattenere e fermare qualsiasi carpa che salta libera dopo la cattura!<\/p>\n<p>Tutte le reti sono fornite in una resistente custodia Korda Dark Kamo che ha tasche separate sia per il manico che per le braccia.<\/p>\n<p><strong>Caratteristiche:<\/strong><br \/>\n\u2022 Super leggero<br \/>\n\u2022 Super rigido<br \/>\n\u2022 Manico nero satinato conico inverso da 6 &#8216;<br \/>\n\u2022 Tappo a punta in acciaio inossidabile 316<br \/>\n\u2022 Esclusivo blocco spreader in alluminio JAG<br \/>\n\u2022 Slot per isotopi da 15 mm (isotopi NON inclusi)<br \/>\n\u2022 Alluminio anodizzato lavorato, estremit\u00e0 del braccio arrotondate sovradimensionate<br \/>\n\u2022 Cavo pesante a zero elasticit\u00e0<br \/>\n\u2022 Galleggia senza aggiunta di galleggianti in schiuma<br \/>\n\u2022 Maglia Hexmesh di media profondit\u00e0<br \/>\n\u2022 Ogni guadino \u00e8 dotata di una robusta custodia a due tasche Korda Dark Kamo<\/p>\n","protected":false},"excerpt":{"rendered":"<p>Spring Bow Net 6&#8242; 42in Come le canne, i guadini possono essere una scelta molto personale. Estetica, funzione e prezzo influenzano sempre il processo decisionale della maggior parte dei pescatori quando acquistano un nuovo articolo di attrezzatura. Ci siamo ispirati a un design classico del passato. Disponibile nei primi anni ottanta da un negozio nel [&hellip;]<\/p>\n","protected":false},"featured_media":86777,"comment_status":"closed","ping_status":"closed","template":"","meta":[],"product_cat":[410],"product_tag":[1018],"yoast_head":"<!-- This site is optimized with the Yoast SEO plugin v15.3 - https:\/\/yoast.com\/wordpress\/plugins\/seo\/ -->\n<title>Spring Bow Net 6&#039; 42in\u00a0- Korda - Pesca Fish<\/title>\n<meta name=\"robots\" content=\"index, follow, max-snippet:-1, max-image-preview:large, max-video-preview:-1\" \/>\n<link rel=\"canonical\" href=\"https:\/\/www.pescafish.it\/new\/prodotto\/spring-bow-net-6-42in-korda\/\" \/>\n<meta property=\"og:locale\" content=\"it_IT\" \/>\n<meta property=\"og:type\" content=\"article\" \/>\n<meta property=\"og:title\" content=\"Spring Bow Net 6&#039; 42in\u00a0- Korda - Pesca Fish\" \/>\n<meta property=\"og:description\" content=\"Spring Bow Net 6&#8242; 42in Come le canne, i guadini possono essere una scelta molto personale. Estetica, funzione e prezzo influenzano sempre il processo decisionale della maggior parte dei pescatori quando acquistano un nuovo articolo di attrezzatura. Ci siamo ispirati a un design classico del passato. Disponibile nei primi anni ottanta da un negozio nel [&hellip;]\" \/>\n<meta property=\"og:url\" content=\"https:\/\/www.pescafish.it\/new\/prodotto\/spring-bow-net-6-42in-korda\/\" \/>\n<meta property=\"og:site_name\" content=\"Pesca Fish\" \/>\n<meta property=\"article:publisher\" content=\"https:\/\/www.facebook.com\/pescafishvr\/\" \/>\n<meta property=\"article:modified_time\" content=\"2023-03-27T15:30:53+00:00\" \/>\n<meta property=\"og:image\" content=\"https:\/\/www.pescafish.it\/new\/wp-content\/uploads\/2023\/03\/kor.jpg\" \/>\n\t<meta property=\"og:image:width\" content=\"789\" \/>\n\t<meta property=\"og:image:height\" content=\"794\" \/>\n<meta name=\"twitter:card\" content=\"summary_large_image\" \/>\n<meta name=\"twitter:label1\" content=\"Scritto da\">\n\t<meta name=\"twitter:data1\" content=\"francesca\">\n\t<meta name=\"twitter:label2\" content=\"Tempo di lettura stimato\">\n\t<meta name=\"twitter:data2\" content=\"3 minuti\">\n<script type=\"application\/ld+json\" class=\"yoast-schema-graph\">{\"@context\":\"https:\/\/schema.org\",\"@graph\":[{\"@type\":\"WebSite\",\"@id\":\"https:\/\/www.pescafish.it\/new\/#website\",\"url\":\"https:\/\/www.pescafish.it\/new\/\",\"name\":\"Pesca Fish\",\"description\":\"Benvenuti sul nostro sito!\",\"potentialAction\":[{\"@type\":\"SearchAction\",\"target\":\"https:\/\/www.pescafish.it\/new\/?s={search_term_string}\",\"query-input\":\"required name=search_term_string\"}],\"inLanguage\":\"it-IT\"},{\"@type\":\"ImageObject\",\"@id\":\"https:\/\/www.pescafish.it\/new\/prodotto\/spring-bow-net-6-42in-korda\/#primaryimage\",\"inLanguage\":\"it-IT\",\"url\":\"https:\/\/www.pescafish.it\/new\/wp-content\/uploads\/2023\/03\/kor.jpg\",\"width\":789,\"height\":794,\"caption\":\"Korda\"},{\"@type\":\"WebPage\",\"@id\":\"https:\/\/www.pescafish.it\/new\/prodotto\/spring-bow-net-6-42in-korda\/#webpage\",\"url\":\"https:\/\/www.pescafish.it\/new\/prodotto\/spring-bow-net-6-42in-korda\/\",\"name\":\"Spring Bow Net 6' 42in\\u00a0- Korda - Pesca Fish\",\"isPartOf\":{\"@id\":\"https:\/\/www.pescafish.it\/new\/#website\"},\"primaryImageOfPage\":{\"@id\":\"https:\/\/www.pescafish.it\/new\/prodotto\/spring-bow-net-6-42in-korda\/#primaryimage\"},\"datePublished\":\"2023-03-27T15:17:46+00:00\",\"dateModified\":\"2023-03-27T15:30:53+00:00\",\"inLanguage\":\"it-IT\",\"potentialAction\":[{\"@type\":\"ReadAction\",\"target\":[\"https:\/\/www.pescafish.it\/new\/prodotto\/spring-bow-net-6-42in-korda\/\"]}]}]}<\/script>\n<!-- \/ Yoast SEO plugin. -->","_links":{"self":[{"href":"https:\/\/www.pescafish.it\/new\/wp-json\/wp\/v2\/product\/86776"}],"collection":[{"href":"https:\/\/www.pescafish.it\/new\/wp-json\/wp\/v2\/product"}],"about":[{"href":"https:\/\/www.pescafish.it\/new\/wp-json\/wp\/v2\/types\/product"}],"replies":[{"embeddable":true,"href":"https:\/\/www.pescafish.it\/new\/wp-json\/wp\/v2\/comments?post=86776"}],"wp:featuredmedia":[{"embeddable":true,"href":"https:\/\/www.pescafish.it\/new\/wp-json\/wp\/v2\/media\/86777"}],"wp:attachment":[{"href":"https:\/\/www.pescafish.it\/new\/wp-json\/wp\/v2\/media?parent=86776"}],"wp:term":[{"taxonomy":"product_cat","embeddable":true,"href":"https:\/\/www.pescafish.it\/new\/wp-json\/wp\/v2\/product_cat?post=86776"},{"taxonomy":"product_tag","embeddable":true,"href":"https:\/\/www.pescafish.it\/new\/wp-json\/wp\/v2\/product_tag?post=86776"}],"curies":[{"name":"wp","href":"https:\/\/api.w.org\/{rel}","templated":true}]}}