{"id":86753,"date":"2023-03-25T10:49:18","date_gmt":"2023-03-25T09:49:18","guid":{"rendered":"https:\/\/www.pescafish.it\/new\/?post_type=product&#038;p=86753"},"modified":"2023-03-25T10:49:20","modified_gmt":"2023-03-25T09:49:20","slug":"23-emblem-45-scw-qd-daiwa","status":"publish","type":"product","link":"https:\/\/www.pescafish.it\/new\/prodotto\/23-emblem-45-scw-qd-daiwa\/","title":{"rendered":"23 Emblem 45 SCW QD &#8211; Daiwa"},"content":{"rendered":"<div class=\"flex_column av-9k6n0-7a94405798cf9041e59e558118a64381 av_one_full avia-builder-el-12 el_after_av_hr el_before_av_one_full first flex_column_div av-zero-column-padding \">\n<div class=\"av-special-heading av-23bl38-6b804444250e05a2f1e84fff7245fdd7 av-special-heading-h3 blockquote elegant-quote elegant-centered avia-builder-el-13 avia-builder-el-no-sibling \">\n<h2 class=\"av-special-heading-tag\">23 Emblem 45 SCW QD<\/h2>\n<\/div>\n<\/div>\n<div class=\"flex_column av-9k6n0-27-41661a76bdce3acc50dd1d6011d9bae5 av_one_full avia-builder-el-14 el_after_av_one_full avia-builder-el-last first flex_column_div av-zero-column-padding column-top-margin\">\n<section class=\"av_textblock_section av-kjog7pxe-96311308959451d17423dc3a6fef010f\">\n<div class=\"avia_textblock\">\n<p>La celebre serie Emblem da carpfishing si rinnova nell\u2019estetica e nella sostanza: il nuovo Emblem SCW 45 \u00e8 ora dotato di rotore in ZAION V, per una maggiore rigidit\u00e0 strutturale e reattivit\u00e0 nella rotazione, mentre la frizione \u00e8 la nuova Quick Drag M: rispetto alla QD tradizionale consente una migliore modulabilit\u00e0 e precisione nella regolazione. La bobina da 45 mm di tipo Ultra Long Cast Spool (0,35- 300 m) garantisce performance di lancio superiori ed \u00e8 affiancata da una seconda bobina a capienza maggiore (0,35 \u2013 530 m) fornita in dotazione.<\/p>\n<p><strong>Caratteristiche:<\/strong><\/p>\n<p>\u2022 Corpo in DS4<br \/>\n\u2022 Rotore Air rotor in ZAION-V<br \/>\n\u2022 Digigear II<br \/>\n\u2022 Frizione Quick Drag M<br \/>\n\u2022 Bobina Long Cast in Alluminio da 45 mm<br \/>\n\u2022 Rullino guidafilo Twist Buster II<br \/>\n\u2022 Infinity Anti-Reverse<br \/>\n\u2022 Leva di sblocco dell\u2019anti-ritorno<br \/>\n\u2022 Imbobinamento Slow Cross Wrap<br \/>\n\u2022 1 bobina di ricambio in dotazione<br \/>\n(da 0,35mm-530m)<\/p>\n<table style=\"height: 47px; width: 100%; border-collapse: collapse;\" border=\"1\">\n<tbody>\n<tr style=\"height: 27px;\">\n<td style=\"width: 14.2857%; height: 27px;\"><strong>Codice<\/strong><\/td>\n<td style=\"width: 14.2857%; height: 27px;\"><strong>Capacit\u00e0 Bobina<\/strong><\/td>\n<td style=\"width: 14.2857%; height: 27px;\"><strong>Rapporto di recupero<\/strong><\/td>\n<td style=\"width: 14.2857%; height: 27px;\"><strong>Cuscinetti\u00a0a sfera<\/strong><\/td>\n<td style=\"width: 14.2857%; height: 27px;\"><strong>Bobina Extra<\/strong><\/td>\n<td style=\"width: 14.2857%; height: 27px;\"><strong>Frizione<\/strong> (kg)<\/td>\n<td style=\"width: 14.2857%; height: 27px;\"><strong>Peso<\/strong> (gr)<\/td>\n<\/tr>\n<tr style=\"height: 20px;\">\n<td style=\"width: 14.2857%; height: 20px;\"><strong>23EM45SCWQD<\/strong><\/td>\n<td style=\"width: 14.2857%; height: 20px;\">300 m \u00d8 30<\/td>\n<td style=\"width: 14.2857%; height: 20px;\">4,9:1 (104 cm)<\/td>\n<td style=\"width: 14.2857%; height: 20px;\">6<\/td>\n<td style=\"width: 14.2857%; height: 20px;\">1<\/td>\n<td style=\"width: 14.2857%; height: 20px;\">15<\/td>\n<td style=\"width: 14.2857%; height: 20px;\">620<\/td>\n<\/tr>\n<\/tbody>\n<\/table>\n<\/div>\n<\/section>\n<\/div>\n","protected":false},"excerpt":{"rendered":"<p>23 Emblem 45 SCW QD La celebre serie Emblem da carpfishing si rinnova nell\u2019estetica e nella sostanza: il nuovo Emblem SCW 45 \u00e8 ora dotato di rotore in ZAION V, per una maggiore rigidit\u00e0 strutturale e reattivit\u00e0 nella rotazione, mentre la frizione \u00e8 la nuova Quick Drag M: rispetto alla QD tradizionale consente una migliore [&hellip;]<\/p>\n","protected":false},"featured_media":86763,"comment_status":"closed","ping_status":"closed","template":"","meta":[],"product_cat":[351],"product_tag":[1051],"yoast_head":"<!-- This site is optimized with the Yoast SEO plugin v15.3 - https:\/\/yoast.com\/wordpress\/plugins\/seo\/ -->\n<title>23 Emblem 45 SCW QD - Daiwa - Pesca Fish<\/title>\n<meta name=\"robots\" content=\"index, follow, max-snippet:-1, max-image-preview:large, max-video-preview:-1\" \/>\n<link rel=\"canonical\" href=\"https:\/\/www.pescafish.it\/new\/prodotto\/23-emblem-45-scw-qd-daiwa\/\" \/>\n<meta property=\"og:locale\" content=\"it_IT\" \/>\n<meta property=\"og:type\" content=\"article\" \/>\n<meta property=\"og:title\" content=\"23 Emblem 45 SCW QD - Daiwa - Pesca Fish\" \/>\n<meta property=\"og:description\" content=\"23 Emblem 45 SCW QD La celebre serie Emblem da carpfishing si rinnova nell\u2019estetica e nella sostanza: il nuovo Emblem SCW 45 \u00e8 ora dotato di rotore in ZAION V, per una maggiore rigidit\u00e0 strutturale e reattivit\u00e0 nella rotazione, mentre la frizione \u00e8 la nuova Quick Drag M: rispetto alla QD tradizionale consente una migliore [&hellip;]\" \/>\n<meta property=\"og:url\" content=\"https:\/\/www.pescafish.it\/new\/prodotto\/23-emblem-45-scw-qd-daiwa\/\" \/>\n<meta property=\"og:site_name\" content=\"Pesca Fish\" \/>\n<meta property=\"article:publisher\" content=\"https:\/\/www.facebook.com\/pescafishvr\/\" \/>\n<meta property=\"article:modified_time\" content=\"2023-03-25T09:49:20+00:00\" \/>\n<meta property=\"og:image\" content=\"https:\/\/www.pescafish.it\/new\/wp-content\/uploads\/2023\/03\/daiwa-1.jpg\" \/>\n\t<meta property=\"og:image:width\" content=\"1287\" \/>\n\t<meta property=\"og:image:height\" content=\"1287\" \/>\n<meta name=\"twitter:card\" content=\"summary_large_image\" \/>\n<meta name=\"twitter:label1\" content=\"Scritto da\">\n\t<meta name=\"twitter:data1\" content=\"francesca\">\n\t<meta name=\"twitter:label2\" content=\"Tempo di lettura stimato\">\n\t<meta name=\"twitter:data2\" content=\"1 minuto\">\n<script type=\"application\/ld+json\" class=\"yoast-schema-graph\">{\"@context\":\"https:\/\/schema.org\",\"@graph\":[{\"@type\":\"WebSite\",\"@id\":\"https:\/\/www.pescafish.it\/new\/#website\",\"url\":\"https:\/\/www.pescafish.it\/new\/\",\"name\":\"Pesca Fish\",\"description\":\"Benvenuti sul nostro sito!\",\"potentialAction\":[{\"@type\":\"SearchAction\",\"target\":\"https:\/\/www.pescafish.it\/new\/?s={search_term_string}\",\"query-input\":\"required name=search_term_string\"}],\"inLanguage\":\"it-IT\"},{\"@type\":\"ImageObject\",\"@id\":\"https:\/\/www.pescafish.it\/new\/prodotto\/23-emblem-45-scw-qd-daiwa\/#primaryimage\",\"inLanguage\":\"it-IT\",\"url\":\"https:\/\/www.pescafish.it\/new\/wp-content\/uploads\/2023\/03\/daiwa-1.jpg\",\"width\":1287,\"height\":1287,\"caption\":\"Mulinello SEMINUOVO 23 Emblem 45 SCW QD + bobina di ricambio - Daiwa\"},{\"@type\":\"WebPage\",\"@id\":\"https:\/\/www.pescafish.it\/new\/prodotto\/23-emblem-45-scw-qd-daiwa\/#webpage\",\"url\":\"https:\/\/www.pescafish.it\/new\/prodotto\/23-emblem-45-scw-qd-daiwa\/\",\"name\":\"23 Emblem 45 SCW QD - Daiwa - Pesca Fish\",\"isPartOf\":{\"@id\":\"https:\/\/www.pescafish.it\/new\/#website\"},\"primaryImageOfPage\":{\"@id\":\"https:\/\/www.pescafish.it\/new\/prodotto\/23-emblem-45-scw-qd-daiwa\/#primaryimage\"},\"datePublished\":\"2023-03-25T09:49:18+00:00\",\"dateModified\":\"2023-03-25T09:49:20+00:00\",\"inLanguage\":\"it-IT\",\"potentialAction\":[{\"@type\":\"ReadAction\",\"target\":[\"https:\/\/www.pescafish.it\/new\/prodotto\/23-emblem-45-scw-qd-daiwa\/\"]}]}]}<\/script>\n<!-- \/ Yoast SEO plugin. -->","_links":{"self":[{"href":"https:\/\/www.pescafish.it\/new\/wp-json\/wp\/v2\/product\/86753"}],"collection":[{"href":"https:\/\/www.pescafish.it\/new\/wp-json\/wp\/v2\/product"}],"about":[{"href":"https:\/\/www.pescafish.it\/new\/wp-json\/wp\/v2\/types\/product"}],"replies":[{"embeddable":true,"href":"https:\/\/www.pescafish.it\/new\/wp-json\/wp\/v2\/comments?post=86753"}],"wp:featuredmedia":[{"embeddable":true,"href":"https:\/\/www.pescafish.it\/new\/wp-json\/wp\/v2\/media\/86763"}],"wp:attachment":[{"href":"https:\/\/www.pescafish.it\/new\/wp-json\/wp\/v2\/media?parent=86753"}],"wp:term":[{"taxonomy":"product_cat","embeddable":true,"href":"https:\/\/www.pescafish.it\/new\/wp-json\/wp\/v2\/product_cat?post=86753"},{"taxonomy":"product_tag","embeddable":true,"href":"https:\/\/www.pescafish.it\/new\/wp-json\/wp\/v2\/product_tag?post=86753"}],"curies":[{"name":"wp","href":"https:\/\/api.w.org\/{rel}","templated":true}]}}