{"id":86730,"date":"2023-03-23T15:51:38","date_gmt":"2023-03-23T14:51:38","guid":{"rendered":"https:\/\/www.pescafish.it\/new\/?post_type=product&#038;p=86730"},"modified":"2026-04-04T11:21:44","modified_gmt":"2026-04-04T09:21:44","slug":"salt-surf-70-shakespeare","status":"publish","type":"product","link":"https:\/\/www.pescafish.it\/new\/prodotto\/salt-surf-70-shakespeare\/","title":{"rendered":"Salt Surf 70 &#8211; Shakespeare"},"content":{"rendered":"<h2>Salt Surf 70<\/h2>\n<p>I mulinelli Shakespeare SALT Surf sono disponibili nelle due taglie da surf pi\u00f9 popolari ed entrambi sono stati dotati di una bobina di grande capacit\u00e0 e di una bobina di ricambio. Ci\u00f2 ti consente di lanciare il tipo di distanza necessaria per raggiungere ben oltre la risacca, raggiungendo i pesci che si trovano oltre i frangenti. La leggera bobina in alluminio anodizzato \u00e8 supportata da un sistema di trascinamento fluido che consente di bloccarsi durante il lancio. Inoltre, il sistema di cuscinetti a sfera in acciaio inossidabile 7+1 in combinazione con il robusto ingranaggio garantisce un funzionamento perfettamente fluido. Grazie al rullo di linea anti-torsione, i mulinelli possono gestire tutti i tipi di linea, sia che tu preferisca mono o treccia, questo mulinello pu\u00f2 gestire tutto.<\/p>\n<p><strong>Caratteristiche:<\/strong><br \/>\n\u2022 7+1 cuscinetti a sfera in acciaio inossidabile<br \/>\n\u2022 Bobina in alluminio anodizzato<br \/>\n\u2022 Rullino guidafilo Anti-Twist<br \/>\n\u2022 Sistema di trascinamento fluido e resistente<br \/>\n\u2022 Bobina stile surf di grande capacit\u00e0<br \/>\n\u2022 Resistente al SW<br \/>\n\u2022 Frizione unidirezionale con antiritorno istantaneo<br \/>\n\u2022 Maniglia in alluminio CNC<br \/>\n\u2022 Fornito con bobina di ricambio in grafite<\/p>\n","protected":false},"excerpt":{"rendered":"<p>Salt Surf 70 I mulinelli Shakespeare SALT Surf sono disponibili nelle due taglie da surf pi\u00f9 popolari ed entrambi sono stati dotati di una bobina di grande capacit\u00e0 e di una bobina di ricambio. Ci\u00f2 ti consente di lanciare il tipo di distanza necessaria per raggiungere ben oltre la risacca, raggiungendo i pesci che si [&hellip;]<\/p>\n","protected":false},"featured_media":86731,"comment_status":"closed","ping_status":"closed","template":"","meta":[],"product_cat":[361],"product_tag":[1066],"yoast_head":"<!-- This site is optimized with the Yoast SEO plugin v15.3 - https:\/\/yoast.com\/wordpress\/plugins\/seo\/ -->\n<title>Salt Surf 70 - Shakespeare - Pesca Fish<\/title>\n<meta name=\"robots\" content=\"index, follow, max-snippet:-1, max-image-preview:large, max-video-preview:-1\" \/>\n<link rel=\"canonical\" href=\"https:\/\/www.pescafish.it\/new\/prodotto\/salt-surf-70-shakespeare\/\" \/>\n<meta property=\"og:locale\" content=\"it_IT\" \/>\n<meta property=\"og:type\" content=\"article\" \/>\n<meta property=\"og:title\" content=\"Salt Surf 70 - Shakespeare - Pesca Fish\" \/>\n<meta property=\"og:description\" content=\"Salt Surf 70 I mulinelli Shakespeare SALT Surf sono disponibili nelle due taglie da surf pi\u00f9 popolari ed entrambi sono stati dotati di una bobina di grande capacit\u00e0 e di una bobina di ricambio. Ci\u00f2 ti consente di lanciare il tipo di distanza necessaria per raggiungere ben oltre la risacca, raggiungendo i pesci che si [&hellip;]\" \/>\n<meta property=\"og:url\" content=\"https:\/\/www.pescafish.it\/new\/prodotto\/salt-surf-70-shakespeare\/\" \/>\n<meta property=\"og:site_name\" content=\"Pesca Fish\" \/>\n<meta property=\"article:publisher\" content=\"https:\/\/www.facebook.com\/pescafishvr\/\" \/>\n<meta property=\"article:modified_time\" content=\"2026-04-04T09:21:44+00:00\" \/>\n<meta property=\"og:image\" content=\"https:\/\/www.pescafish.it\/new\/wp-content\/uploads\/2023\/03\/SALT_1544322_alt1.jpg\" \/>\n\t<meta property=\"og:image:width\" content=\"1000\" \/>\n\t<meta property=\"og:image:height\" content=\"1000\" \/>\n<meta name=\"twitter:card\" content=\"summary_large_image\" \/>\n<meta name=\"twitter:label1\" content=\"Scritto da\">\n\t<meta name=\"twitter:data1\" content=\"francesca\">\n\t<meta name=\"twitter:label2\" content=\"Tempo di lettura stimato\">\n\t<meta name=\"twitter:data2\" content=\"1 minuto\">\n<script type=\"application\/ld+json\" class=\"yoast-schema-graph\">{\"@context\":\"https:\/\/schema.org\",\"@graph\":[{\"@type\":\"WebSite\",\"@id\":\"https:\/\/www.pescafish.it\/new\/#website\",\"url\":\"https:\/\/www.pescafish.it\/new\/\",\"name\":\"Pesca Fish\",\"description\":\"Benvenuti sul nostro sito!\",\"potentialAction\":[{\"@type\":\"SearchAction\",\"target\":\"https:\/\/www.pescafish.it\/new\/?s={search_term_string}\",\"query-input\":\"required name=search_term_string\"}],\"inLanguage\":\"it-IT\"},{\"@type\":\"ImageObject\",\"@id\":\"https:\/\/www.pescafish.it\/new\/prodotto\/salt-surf-70-shakespeare\/#primaryimage\",\"inLanguage\":\"it-IT\",\"url\":\"https:\/\/www.pescafish.it\/new\/wp-content\/uploads\/2023\/03\/SALT_1544322_alt1.jpg\",\"width\":1000,\"height\":1000,\"caption\":\"Shakespeare\"},{\"@type\":\"WebPage\",\"@id\":\"https:\/\/www.pescafish.it\/new\/prodotto\/salt-surf-70-shakespeare\/#webpage\",\"url\":\"https:\/\/www.pescafish.it\/new\/prodotto\/salt-surf-70-shakespeare\/\",\"name\":\"Salt Surf 70 - Shakespeare - Pesca Fish\",\"isPartOf\":{\"@id\":\"https:\/\/www.pescafish.it\/new\/#website\"},\"primaryImageOfPage\":{\"@id\":\"https:\/\/www.pescafish.it\/new\/prodotto\/salt-surf-70-shakespeare\/#primaryimage\"},\"datePublished\":\"2023-03-23T14:51:38+00:00\",\"dateModified\":\"2026-04-04T09:21:44+00:00\",\"inLanguage\":\"it-IT\",\"potentialAction\":[{\"@type\":\"ReadAction\",\"target\":[\"https:\/\/www.pescafish.it\/new\/prodotto\/salt-surf-70-shakespeare\/\"]}]}]}<\/script>\n<!-- \/ Yoast SEO plugin. -->","_links":{"self":[{"href":"https:\/\/www.pescafish.it\/new\/wp-json\/wp\/v2\/product\/86730"}],"collection":[{"href":"https:\/\/www.pescafish.it\/new\/wp-json\/wp\/v2\/product"}],"about":[{"href":"https:\/\/www.pescafish.it\/new\/wp-json\/wp\/v2\/types\/product"}],"replies":[{"embeddable":true,"href":"https:\/\/www.pescafish.it\/new\/wp-json\/wp\/v2\/comments?post=86730"}],"wp:featuredmedia":[{"embeddable":true,"href":"https:\/\/www.pescafish.it\/new\/wp-json\/wp\/v2\/media\/86731"}],"wp:attachment":[{"href":"https:\/\/www.pescafish.it\/new\/wp-json\/wp\/v2\/media?parent=86730"}],"wp:term":[{"taxonomy":"product_cat","embeddable":true,"href":"https:\/\/www.pescafish.it\/new\/wp-json\/wp\/v2\/product_cat?post=86730"},{"taxonomy":"product_tag","embeddable":true,"href":"https:\/\/www.pescafish.it\/new\/wp-json\/wp\/v2\/product_tag?post=86730"}],"curies":[{"name":"wp","href":"https:\/\/api.w.org\/{rel}","templated":true}]}}