{"id":86676,"date":"2023-03-22T17:51:39","date_gmt":"2023-03-22T16:51:39","guid":{"rendered":"https:\/\/www.pescafish.it\/new\/?post_type=product&#038;p=86676"},"modified":"2025-11-17T22:53:24","modified_gmt":"2025-11-17T21:53:24","slug":"canna-ignition-pellet-waggler-11ft-preston-innovations","status":"publish","type":"product","link":"https:\/\/www.pescafish.it\/new\/prodotto\/canna-ignition-pellet-waggler-11ft-preston-innovations\/","title":{"rendered":"Canna Ignition Pellet Waggler 11ft &#8211; Preston Innovations"},"content":{"rendered":"<p>Serie di canne ideali per qualsiasi tipo di pesca sia in acque commerciali che naturali. Azione progressiva senza soluzione di continuit\u00e0 e componentistica di alta qualit\u00e0 donano a queste canne un rapporto qualit\u00e0-prezzo imbattibile.<\/p>\n<p>11ft Pellet Waggler<br \/>\nDotata di lunghezza e azione ideale per la pesca all round fino a circa 35-40 m. Grazie all&#8217;azione potente \u00e8 altrettanto adatta alla cattura di grossi esemplari.<\/p>\n","protected":false},"excerpt":{"rendered":"<p>Serie di canne ideali per qualsiasi tipo di pesca sia in acque commerciali che naturali. Azione progressiva senza soluzione di continuit\u00e0 e componentistica di alta qualit\u00e0 donano a queste canne un rapporto qualit\u00e0-prezzo imbattibile. 11ft Pellet Waggler Dotata di lunghezza e azione ideale per la pesca all round fino a circa 35-40 m. Grazie all&#8217;azione [&hellip;]<\/p>\n","protected":false},"featured_media":86677,"comment_status":"closed","ping_status":"closed","template":"","meta":[],"product_cat":[317],"product_tag":[1020],"yoast_head":"<!-- This site is optimized with the Yoast SEO plugin v15.3 - https:\/\/yoast.com\/wordpress\/plugins\/seo\/ -->\n<title>Canna Ignition Pellet Waggler 11ft - Preston Innovations - Pesca Fish<\/title>\n<meta name=\"robots\" content=\"index, follow, max-snippet:-1, max-image-preview:large, max-video-preview:-1\" \/>\n<link rel=\"canonical\" href=\"https:\/\/www.pescafish.it\/new\/prodotto\/canna-ignition-pellet-waggler-11ft-preston-innovations\/\" \/>\n<meta property=\"og:locale\" content=\"it_IT\" \/>\n<meta property=\"og:type\" content=\"article\" \/>\n<meta property=\"og:title\" content=\"Canna Ignition Pellet Waggler 11ft - Preston Innovations - Pesca Fish\" \/>\n<meta property=\"og:description\" content=\"Serie di canne ideali per qualsiasi tipo di pesca sia in acque commerciali che naturali. Azione progressiva senza soluzione di continuit\u00e0 e componentistica di alta qualit\u00e0 donano a queste canne un rapporto qualit\u00e0-prezzo imbattibile. 11ft Pellet Waggler Dotata di lunghezza e azione ideale per la pesca all round fino a circa 35-40 m. Grazie all&#8217;azione [&hellip;]\" \/>\n<meta property=\"og:url\" content=\"https:\/\/www.pescafish.it\/new\/prodotto\/canna-ignition-pellet-waggler-11ft-preston-innovations\/\" \/>\n<meta property=\"og:site_name\" content=\"Pesca Fish\" \/>\n<meta property=\"article:publisher\" content=\"https:\/\/www.facebook.com\/pescafishvr\/\" \/>\n<meta property=\"article:modified_time\" content=\"2025-11-17T21:53:24+00:00\" \/>\n<meta property=\"og:image\" content=\"https:\/\/www.pescafish.it\/new\/wp-content\/uploads\/2023\/03\/ignition-pellet-waggler.jpg\" \/>\n\t<meta property=\"og:image:width\" content=\"1000\" \/>\n\t<meta property=\"og:image:height\" content=\"1000\" \/>\n<meta name=\"twitter:card\" content=\"summary_large_image\" \/>\n<meta name=\"twitter:label1\" content=\"Scritto da\">\n\t<meta name=\"twitter:data1\" content=\"francesca\">\n\t<meta name=\"twitter:label2\" content=\"Tempo di lettura stimato\">\n\t<meta name=\"twitter:data2\" content=\"0 minuti\">\n<script type=\"application\/ld+json\" class=\"yoast-schema-graph\">{\"@context\":\"https:\/\/schema.org\",\"@graph\":[{\"@type\":\"WebSite\",\"@id\":\"https:\/\/www.pescafish.it\/new\/#website\",\"url\":\"https:\/\/www.pescafish.it\/new\/\",\"name\":\"Pesca Fish\",\"description\":\"Benvenuti sul nostro sito!\",\"potentialAction\":[{\"@type\":\"SearchAction\",\"target\":\"https:\/\/www.pescafish.it\/new\/?s={search_term_string}\",\"query-input\":\"required name=search_term_string\"}],\"inLanguage\":\"it-IT\"},{\"@type\":\"ImageObject\",\"@id\":\"https:\/\/www.pescafish.it\/new\/prodotto\/canna-ignition-pellet-waggler-11ft-preston-innovations\/#primaryimage\",\"inLanguage\":\"it-IT\",\"url\":\"https:\/\/www.pescafish.it\/new\/wp-content\/uploads\/2023\/03\/ignition-pellet-waggler.jpg\",\"width\":1000,\"height\":1000,\"caption\":\"ignition pellet waggler preston innovations\"},{\"@type\":\"WebPage\",\"@id\":\"https:\/\/www.pescafish.it\/new\/prodotto\/canna-ignition-pellet-waggler-11ft-preston-innovations\/#webpage\",\"url\":\"https:\/\/www.pescafish.it\/new\/prodotto\/canna-ignition-pellet-waggler-11ft-preston-innovations\/\",\"name\":\"Canna Ignition Pellet Waggler 11ft - Preston Innovations - Pesca Fish\",\"isPartOf\":{\"@id\":\"https:\/\/www.pescafish.it\/new\/#website\"},\"primaryImageOfPage\":{\"@id\":\"https:\/\/www.pescafish.it\/new\/prodotto\/canna-ignition-pellet-waggler-11ft-preston-innovations\/#primaryimage\"},\"datePublished\":\"2023-03-22T16:51:39+00:00\",\"dateModified\":\"2025-11-17T21:53:24+00:00\",\"inLanguage\":\"it-IT\",\"potentialAction\":[{\"@type\":\"ReadAction\",\"target\":[\"https:\/\/www.pescafish.it\/new\/prodotto\/canna-ignition-pellet-waggler-11ft-preston-innovations\/\"]}]}]}<\/script>\n<!-- \/ Yoast SEO plugin. -->","_links":{"self":[{"href":"https:\/\/www.pescafish.it\/new\/wp-json\/wp\/v2\/product\/86676"}],"collection":[{"href":"https:\/\/www.pescafish.it\/new\/wp-json\/wp\/v2\/product"}],"about":[{"href":"https:\/\/www.pescafish.it\/new\/wp-json\/wp\/v2\/types\/product"}],"replies":[{"embeddable":true,"href":"https:\/\/www.pescafish.it\/new\/wp-json\/wp\/v2\/comments?post=86676"}],"wp:featuredmedia":[{"embeddable":true,"href":"https:\/\/www.pescafish.it\/new\/wp-json\/wp\/v2\/media\/86677"}],"wp:attachment":[{"href":"https:\/\/www.pescafish.it\/new\/wp-json\/wp\/v2\/media?parent=86676"}],"wp:term":[{"taxonomy":"product_cat","embeddable":true,"href":"https:\/\/www.pescafish.it\/new\/wp-json\/wp\/v2\/product_cat?post=86676"},{"taxonomy":"product_tag","embeddable":true,"href":"https:\/\/www.pescafish.it\/new\/wp-json\/wp\/v2\/product_tag?post=86676"}],"curies":[{"name":"wp","href":"https:\/\/api.w.org\/{rel}","templated":true}]}}