{"id":86635,"date":"2023-03-21T16:30:48","date_gmt":"2023-03-21T15:30:48","guid":{"rendered":"https:\/\/www.pescafish.it\/new\/?post_type=product&#038;p=86635"},"modified":"2023-03-21T16:30:48","modified_gmt":"2023-03-21T15:30:48","slug":"robin-red-liquid-500ml-dynamite-bait","status":"publish","type":"product","link":"https:\/\/www.pescafish.it\/new\/prodotto\/robin-red-liquid-500ml-dynamite-bait\/","title":{"rendered":"Robin Red Liquid 500ml &#8211; Dynamite Bait"},"content":{"rendered":"<h2>Robin Red Liquid 500ml<\/h2>\n<p>Un flacone da 500 ml di attrattivo liquido progettato per abbinarsi al resto della gamma Robin Red. Come le boilies, i pellet e le pastura, il liquido \u00e8 miscelato con mangimi per uccelli originali Haiths\u00ae e Robin Red\u00ae che gli conferiscono quel colore rosso intenso e ottime qualit\u00e0 di attrazione dei pesci. Il liquido \u00e8 perfetto per potenziare gli inneschi e le miscele di spod, nonch\u00e9 per mescolare le pastura o mettere in sacchetti di PVA.<\/p>\n<p><strong>Barattolo da 500ml<\/strong><\/p>\n","protected":false},"excerpt":{"rendered":"<p>Robin Red Liquid 500ml Un flacone da 500 ml di attrattivo liquido progettato per abbinarsi al resto della gamma Robin Red. Come le boilies, i pellet e le pastura, il liquido \u00e8 miscelato con mangimi per uccelli originali Haiths\u00ae e Robin Red\u00ae che gli conferiscono quel colore rosso intenso e ottime qualit\u00e0 di attrazione dei [&hellip;]<\/p>\n","protected":false},"featured_media":86636,"comment_status":"closed","ping_status":"closed","template":"","meta":[],"product_cat":[868],"product_tag":[1097],"yoast_head":"<!-- This site is optimized with the Yoast SEO plugin v15.3 - https:\/\/yoast.com\/wordpress\/plugins\/seo\/ -->\n<title>Robin Red Liquid 500ml - Dynamite Bait - Pesca Fish<\/title>\n<meta name=\"robots\" content=\"index, follow, max-snippet:-1, max-image-preview:large, max-video-preview:-1\" \/>\n<link rel=\"canonical\" href=\"https:\/\/www.pescafish.it\/new\/prodotto\/robin-red-liquid-500ml-dynamite-bait\/\" \/>\n<meta property=\"og:locale\" content=\"it_IT\" \/>\n<meta property=\"og:type\" content=\"article\" \/>\n<meta property=\"og:title\" content=\"Robin Red Liquid 500ml - Dynamite Bait - Pesca Fish\" \/>\n<meta property=\"og:description\" content=\"Robin Red Liquid 500ml Un flacone da 500 ml di attrattivo liquido progettato per abbinarsi al resto della gamma Robin Red. Come le boilies, i pellet e le pastura, il liquido \u00e8 miscelato con mangimi per uccelli originali Haiths\u00ae e Robin Red\u00ae che gli conferiscono quel colore rosso intenso e ottime qualit\u00e0 di attrazione dei [&hellip;]\" \/>\n<meta property=\"og:url\" content=\"https:\/\/www.pescafish.it\/new\/prodotto\/robin-red-liquid-500ml-dynamite-bait\/\" \/>\n<meta property=\"og:site_name\" content=\"Pesca Fish\" \/>\n<meta property=\"article:publisher\" content=\"https:\/\/www.facebook.com\/pescafishvr\/\" \/>\n<meta property=\"og:image\" content=\"https:\/\/www.pescafish.it\/new\/wp-content\/uploads\/2023\/03\/E.jpg\" \/>\n\t<meta property=\"og:image:width\" content=\"1000\" \/>\n\t<meta property=\"og:image:height\" content=\"1000\" \/>\n<meta name=\"twitter:card\" content=\"summary_large_image\" \/>\n<meta name=\"twitter:label1\" content=\"Scritto da\">\n\t<meta name=\"twitter:data1\" content=\"francesca\">\n\t<meta name=\"twitter:label2\" content=\"Tempo di lettura stimato\">\n\t<meta name=\"twitter:data2\" content=\"0 minuti\">\n<script type=\"application\/ld+json\" class=\"yoast-schema-graph\">{\"@context\":\"https:\/\/schema.org\",\"@graph\":[{\"@type\":\"WebSite\",\"@id\":\"https:\/\/www.pescafish.it\/new\/#website\",\"url\":\"https:\/\/www.pescafish.it\/new\/\",\"name\":\"Pesca Fish\",\"description\":\"Benvenuti sul nostro sito!\",\"potentialAction\":[{\"@type\":\"SearchAction\",\"target\":\"https:\/\/www.pescafish.it\/new\/?s={search_term_string}\",\"query-input\":\"required name=search_term_string\"}],\"inLanguage\":\"it-IT\"},{\"@type\":\"ImageObject\",\"@id\":\"https:\/\/www.pescafish.it\/new\/prodotto\/robin-red-liquid-500ml-dynamite-bait\/#primaryimage\",\"inLanguage\":\"it-IT\",\"url\":\"https:\/\/www.pescafish.it\/new\/wp-content\/uploads\/2023\/03\/E.jpg\",\"width\":1000,\"height\":1000,\"caption\":\"Dynamite Bait\"},{\"@type\":\"WebPage\",\"@id\":\"https:\/\/www.pescafish.it\/new\/prodotto\/robin-red-liquid-500ml-dynamite-bait\/#webpage\",\"url\":\"https:\/\/www.pescafish.it\/new\/prodotto\/robin-red-liquid-500ml-dynamite-bait\/\",\"name\":\"Robin Red Liquid 500ml - Dynamite Bait - Pesca Fish\",\"isPartOf\":{\"@id\":\"https:\/\/www.pescafish.it\/new\/#website\"},\"primaryImageOfPage\":{\"@id\":\"https:\/\/www.pescafish.it\/new\/prodotto\/robin-red-liquid-500ml-dynamite-bait\/#primaryimage\"},\"datePublished\":\"2023-03-21T15:30:48+00:00\",\"dateModified\":\"2023-03-21T15:30:48+00:00\",\"inLanguage\":\"it-IT\",\"potentialAction\":[{\"@type\":\"ReadAction\",\"target\":[\"https:\/\/www.pescafish.it\/new\/prodotto\/robin-red-liquid-500ml-dynamite-bait\/\"]}]}]}<\/script>\n<!-- \/ Yoast SEO plugin. -->","_links":{"self":[{"href":"https:\/\/www.pescafish.it\/new\/wp-json\/wp\/v2\/product\/86635"}],"collection":[{"href":"https:\/\/www.pescafish.it\/new\/wp-json\/wp\/v2\/product"}],"about":[{"href":"https:\/\/www.pescafish.it\/new\/wp-json\/wp\/v2\/types\/product"}],"replies":[{"embeddable":true,"href":"https:\/\/www.pescafish.it\/new\/wp-json\/wp\/v2\/comments?post=86635"}],"wp:featuredmedia":[{"embeddable":true,"href":"https:\/\/www.pescafish.it\/new\/wp-json\/wp\/v2\/media\/86636"}],"wp:attachment":[{"href":"https:\/\/www.pescafish.it\/new\/wp-json\/wp\/v2\/media?parent=86635"}],"wp:term":[{"taxonomy":"product_cat","embeddable":true,"href":"https:\/\/www.pescafish.it\/new\/wp-json\/wp\/v2\/product_cat?post=86635"},{"taxonomy":"product_tag","embeddable":true,"href":"https:\/\/www.pescafish.it\/new\/wp-json\/wp\/v2\/product_tag?post=86635"}],"curies":[{"name":"wp","href":"https:\/\/api.w.org\/{rel}","templated":true}]}}