{"id":86399,"date":"2023-03-08T17:01:18","date_gmt":"2023-03-08T16:01:18","guid":{"rendered":"https:\/\/www.pescafish.it\/new\/?post_type=product&#038;p=86399"},"modified":"2024-12-03T23:23:36","modified_gmt":"2024-12-03T22:23:36","slug":"connect-deep-pan-griddle-xl-granite-edition-ridgemonkey","status":"publish","type":"product","link":"https:\/\/www.pescafish.it\/new\/prodotto\/connect-deep-pan-griddle-xl-granite-edition-ridgemonkey\/","title":{"rendered":"Connect Deep Pan &#038; Griddle XL Granite Edition &#8211; RidgeMonkey"},"content":{"rendered":"<h2>Connect Deep Pan &amp; Griddle XL Granite Edition<\/h2>\n<p>Connect Deep Pan &amp; Griddle XL Granite Edition \u00e8 dotato di manici rimovibili cool-touch e di un sistema di cerniere staccabili che trasforma una padella in due: una casseruola dai lati profondi e una piastra separata.<\/p>\n<p>La bistecchiera funge da coperchio sulla padella pi\u00f9 profonda e pu\u00f2 essere staccata per diventare una padella separata, permettendoti di cucinare due quantit\u00e0 di cibo contemporaneamente. La piastra \u00e8 anche intercambiabile con RidgeMonkey Connect Sandwich Toaster XL Granite Edition.<\/p>\n<p>Il nostro nuovissimo rivestimento in stile granito rende le nostre padelle pi\u00f9 resistenti, pi\u00f9 durevoli e offre propriet\u00e0 antiaderenti migliorate portando le pentole compatte a un livello completamente nuovo.<\/p>\n<p>Rivestimento in stile granito con propriet\u00e0 antiaderenti migliorate<br \/>\n1x bistecchiera<br \/>\n1 casseruola profonda<br \/>\n1x set di manici magnetici rimovibili in plastica termoindurente cool-touch con custodia protettiva<br \/>\nSistema di cerniere staccabili<br \/>\nCostruzione leggera in alluminio<br \/>\nElegante finitura grigio canna di fucile<br \/>\nEsterno increspato per un trasferimento uniforme del calore<br \/>\nCompletamente compatibile con RidgeMonkey Connect Sandwich Toaster XL Granite Edition<br \/>\nDisegno registrato protetto<br \/>\nPu\u00f2 essere utilizzato su tutti i fornelli tradizionali e fonti di calore dirette (non adatto per l&#8217;uso su piani cottura a induzione)<\/p>\n","protected":false},"excerpt":{"rendered":"<p>Connect Deep Pan &amp; Griddle XL Granite Edition Connect Deep Pan &amp; Griddle XL Granite Edition \u00e8 dotato di manici rimovibili cool-touch e di un sistema di cerniere staccabili che trasforma una padella in due: una casseruola dai lati profondi e una piastra separata. La bistecchiera funge da coperchio sulla padella pi\u00f9 profonda e pu\u00f2 [&hellip;]<\/p>\n","protected":false},"featured_media":86400,"comment_status":"closed","ping_status":"closed","template":"","meta":[],"product_cat":[241],"product_tag":[1101],"yoast_head":"<!-- This site is optimized with the Yoast SEO plugin v15.3 - https:\/\/yoast.com\/wordpress\/plugins\/seo\/ -->\n<title>Connect Deep Pan &amp; Griddle XL Granite Edition - RidgeMonkey - Pesca Fish<\/title>\n<meta name=\"robots\" content=\"index, follow, max-snippet:-1, max-image-preview:large, max-video-preview:-1\" \/>\n<link rel=\"canonical\" href=\"https:\/\/www.pescafish.it\/new\/prodotto\/connect-deep-pan-griddle-xl-granite-edition-ridgemonkey\/\" \/>\n<meta property=\"og:locale\" content=\"it_IT\" \/>\n<meta property=\"og:type\" content=\"article\" \/>\n<meta property=\"og:title\" content=\"Connect Deep Pan &amp; Griddle XL Granite Edition - RidgeMonkey - Pesca Fish\" \/>\n<meta property=\"og:description\" content=\"Connect Deep Pan &amp; Griddle XL Granite Edition Connect Deep Pan &amp; Griddle XL Granite Edition \u00e8 dotato di manici rimovibili cool-touch e di un sistema di cerniere staccabili che trasforma una padella in due: una casseruola dai lati profondi e una piastra separata. La bistecchiera funge da coperchio sulla padella pi\u00f9 profonda e pu\u00f2 [&hellip;]\" \/>\n<meta property=\"og:url\" content=\"https:\/\/www.pescafish.it\/new\/prodotto\/connect-deep-pan-griddle-xl-granite-edition-ridgemonkey\/\" \/>\n<meta property=\"og:site_name\" content=\"Pesca Fish\" \/>\n<meta property=\"article:publisher\" content=\"https:\/\/www.facebook.com\/pescafishvr\/\" \/>\n<meta property=\"article:modified_time\" content=\"2024-12-03T22:23:36+00:00\" \/>\n<meta property=\"og:image\" content=\"https:\/\/www.pescafish.it\/new\/wp-content\/uploads\/2023\/03\/ii.jpg\" \/>\n\t<meta property=\"og:image:width\" content=\"2000\" \/>\n\t<meta property=\"og:image:height\" content=\"1985\" \/>\n<meta name=\"twitter:card\" content=\"summary_large_image\" \/>\n<meta name=\"twitter:label1\" content=\"Scritto da\">\n\t<meta name=\"twitter:data1\" content=\"francesca\">\n\t<meta name=\"twitter:label2\" content=\"Tempo di lettura stimato\">\n\t<meta name=\"twitter:data2\" content=\"1 minuto\">\n<script type=\"application\/ld+json\" class=\"yoast-schema-graph\">{\"@context\":\"https:\/\/schema.org\",\"@graph\":[{\"@type\":\"WebSite\",\"@id\":\"https:\/\/www.pescafish.it\/new\/#website\",\"url\":\"https:\/\/www.pescafish.it\/new\/\",\"name\":\"Pesca Fish\",\"description\":\"Benvenuti sul nostro sito!\",\"potentialAction\":[{\"@type\":\"SearchAction\",\"target\":\"https:\/\/www.pescafish.it\/new\/?s={search_term_string}\",\"query-input\":\"required name=search_term_string\"}],\"inLanguage\":\"it-IT\"},{\"@type\":\"ImageObject\",\"@id\":\"https:\/\/www.pescafish.it\/new\/prodotto\/connect-deep-pan-griddle-xl-granite-edition-ridgemonkey\/#primaryimage\",\"inLanguage\":\"it-IT\",\"url\":\"https:\/\/www.pescafish.it\/new\/wp-content\/uploads\/2023\/03\/ii.jpg\",\"width\":2000,\"height\":1985,\"caption\":\"RidgeMonkey\"},{\"@type\":\"WebPage\",\"@id\":\"https:\/\/www.pescafish.it\/new\/prodotto\/connect-deep-pan-griddle-xl-granite-edition-ridgemonkey\/#webpage\",\"url\":\"https:\/\/www.pescafish.it\/new\/prodotto\/connect-deep-pan-griddle-xl-granite-edition-ridgemonkey\/\",\"name\":\"Connect Deep Pan & Griddle XL Granite Edition - RidgeMonkey - Pesca Fish\",\"isPartOf\":{\"@id\":\"https:\/\/www.pescafish.it\/new\/#website\"},\"primaryImageOfPage\":{\"@id\":\"https:\/\/www.pescafish.it\/new\/prodotto\/connect-deep-pan-griddle-xl-granite-edition-ridgemonkey\/#primaryimage\"},\"datePublished\":\"2023-03-08T16:01:18+00:00\",\"dateModified\":\"2024-12-03T22:23:36+00:00\",\"inLanguage\":\"it-IT\",\"potentialAction\":[{\"@type\":\"ReadAction\",\"target\":[\"https:\/\/www.pescafish.it\/new\/prodotto\/connect-deep-pan-griddle-xl-granite-edition-ridgemonkey\/\"]}]}]}<\/script>\n<!-- \/ Yoast SEO plugin. -->","_links":{"self":[{"href":"https:\/\/www.pescafish.it\/new\/wp-json\/wp\/v2\/product\/86399"}],"collection":[{"href":"https:\/\/www.pescafish.it\/new\/wp-json\/wp\/v2\/product"}],"about":[{"href":"https:\/\/www.pescafish.it\/new\/wp-json\/wp\/v2\/types\/product"}],"replies":[{"embeddable":true,"href":"https:\/\/www.pescafish.it\/new\/wp-json\/wp\/v2\/comments?post=86399"}],"wp:featuredmedia":[{"embeddable":true,"href":"https:\/\/www.pescafish.it\/new\/wp-json\/wp\/v2\/media\/86400"}],"wp:attachment":[{"href":"https:\/\/www.pescafish.it\/new\/wp-json\/wp\/v2\/media?parent=86399"}],"wp:term":[{"taxonomy":"product_cat","embeddable":true,"href":"https:\/\/www.pescafish.it\/new\/wp-json\/wp\/v2\/product_cat?post=86399"},{"taxonomy":"product_tag","embeddable":true,"href":"https:\/\/www.pescafish.it\/new\/wp-json\/wp\/v2\/product_tag?post=86399"}],"curies":[{"name":"wp","href":"https:\/\/api.w.org\/{rel}","templated":true}]}}