{"id":86291,"date":"2023-03-02T14:26:29","date_gmt":"2023-03-02T13:26:29","guid":{"rendered":"https:\/\/www.pescafish.it\/new\/?post_type=product&#038;p=86291"},"modified":"2025-09-05T13:54:37","modified_gmt":"2025-09-05T11:54:37","slug":"red-krill-karma-baits","status":"publish","type":"product","link":"https:\/\/www.pescafish.it\/new\/prodotto\/red-krill-karma-baits\/","title":{"rendered":"Red Krill &#8211; Karma Baits"},"content":{"rendered":"<h2>Red Krill<\/h2>\n<p>La boilies \u201cRed Krill\u201d \u00e8 realizzata su un mix con un&#8217; altissima percentuale di polpa di Krill Antartico, farina di pesce predigerita, gusci d&#8217;Ostrica micronizzati, fonte di calcio per le nostre carpe , riunite in una miscela di cereali selezionati e il tutto addizionato al nostro idrolizzato liquido di Krill. Questa boilies, 100% naturale, \u00e8 stata formulata per rispondere alle esigenze dei pescatori che desiderano un notevole vantaggio nelle acque ricche di alimento naturale. Un&#8217; esca molto selettiva, se accompagnata da una pasturazione preventiva non vi deluder\u00e0. Ci\u00f2 \u00e8 principalmente dovuto alla sua composizione, che le fa assimilare come se fossero una fonte di alimento naturale. Il suo profumo e gusto unici e particolari, dovuti solamente dagli estratti naturali, vi stregher\u00e0, cos\u00ec come le nostre amiche carpe.<\/p>\n<p><strong>Disponibile nelle seguenti varianti:<br \/>\nKB000056<\/strong>\u00a0 Top Bait 15mm<br \/>\n<strong>KB000057<\/strong>\u00a0 Top Bait 20mm<br \/>\n<b><\/b><b>KB000007<\/b>\u00a0 All Round 20mm 2.5mm<br \/>\n<strong>KB000126<\/strong>\u00a0 Sky 20mm 100gr<br \/>\n<strong>KB000127<\/strong>\u00a0 Sky 24mm 100gr<br \/>\n<strong>KB000156<\/strong>\u00a0 Durable Hook Baits 24mm<br \/>\n<strong>KB000157<\/strong>\u00a0 Durable Hook Baits 28mm<br \/>\n<b>KB000253<\/b>\u00a0 Dumbell Balanced 10x14mm<br \/>\n<strong>KB000650<\/strong> \u00a0Pellets Hypnotic 2mm<br \/>\n<strong>KB000657<\/strong>\u00a0 Pellets Hypnotic 4mm<br \/>\n<b>KB000583<\/b>\u00a0 Liquid Booster 500ml<br \/>\n<b>KB000503<\/b>\u00a0 Liquid Food 200ml<br \/>\n<strong>KB000230<\/strong>\u00a0 Balanced 12mm<br \/>\n<strong>KB000573<\/strong>\u00a0 Bait Spray 50ml<br \/>\n<strong>KB000603<\/strong>\u00a0 Tiger XXL<\/p>\n","protected":false},"excerpt":{"rendered":"<p>Red Krill La boilies \u201cRed Krill\u201d \u00e8 realizzata su un mix con un&#8217; altissima percentuale di polpa di Krill Antartico, farina di pesce predigerita, gusci d&#8217;Ostrica micronizzati, fonte di calcio per le nostre carpe , riunite in una miscela di cereali selezionati e il tutto addizionato al nostro idrolizzato liquido di Krill. Questa boilies, 100% [&hellip;]<\/p>\n","protected":false},"featured_media":95932,"comment_status":"closed","ping_status":"closed","template":"","meta":[],"product_cat":[1279],"product_tag":[1280],"yoast_head":"<!-- This site is optimized with the Yoast SEO plugin v15.3 - https:\/\/yoast.com\/wordpress\/plugins\/seo\/ -->\n<title>Red Krill - Karma Baits - Pesca Fish<\/title>\n<meta name=\"robots\" content=\"index, follow, max-snippet:-1, max-image-preview:large, max-video-preview:-1\" \/>\n<link rel=\"canonical\" href=\"https:\/\/www.pescafish.it\/new\/prodotto\/red-krill-karma-baits\/\" \/>\n<meta property=\"og:locale\" content=\"it_IT\" \/>\n<meta property=\"og:type\" content=\"article\" \/>\n<meta property=\"og:title\" content=\"Red Krill - Karma Baits - Pesca Fish\" \/>\n<meta property=\"og:description\" content=\"Red Krill La boilies \u201cRed Krill\u201d \u00e8 realizzata su un mix con un&#8217; altissima percentuale di polpa di Krill Antartico, farina di pesce predigerita, gusci d&#8217;Ostrica micronizzati, fonte di calcio per le nostre carpe , riunite in una miscela di cereali selezionati e il tutto addizionato al nostro idrolizzato liquido di Krill. Questa boilies, 100% [&hellip;]\" \/>\n<meta property=\"og:url\" content=\"https:\/\/www.pescafish.it\/new\/prodotto\/red-krill-karma-baits\/\" \/>\n<meta property=\"og:site_name\" content=\"Pesca Fish\" \/>\n<meta property=\"article:publisher\" content=\"https:\/\/www.facebook.com\/pescafishvr\/\" \/>\n<meta property=\"article:modified_time\" content=\"2025-09-05T11:54:37+00:00\" \/>\n<meta property=\"og:image\" content=\"https:\/\/www.pescafish.it\/new\/wp-content\/uploads\/2023\/03\/RED-KRILL.jpg\" \/>\n\t<meta property=\"og:image:width\" content=\"789\" \/>\n\t<meta property=\"og:image:height\" content=\"794\" \/>\n<meta name=\"twitter:card\" content=\"summary_large_image\" \/>\n<meta name=\"twitter:label1\" content=\"Scritto da\">\n\t<meta name=\"twitter:data1\" content=\"francesca\">\n\t<meta name=\"twitter:label2\" content=\"Tempo di lettura stimato\">\n\t<meta name=\"twitter:data2\" content=\"1 minuto\">\n<script type=\"application\/ld+json\" class=\"yoast-schema-graph\">{\"@context\":\"https:\/\/schema.org\",\"@graph\":[{\"@type\":\"WebSite\",\"@id\":\"https:\/\/www.pescafish.it\/new\/#website\",\"url\":\"https:\/\/www.pescafish.it\/new\/\",\"name\":\"Pesca Fish\",\"description\":\"Benvenuti sul nostro sito!\",\"potentialAction\":[{\"@type\":\"SearchAction\",\"target\":\"https:\/\/www.pescafish.it\/new\/?s={search_term_string}\",\"query-input\":\"required name=search_term_string\"}],\"inLanguage\":\"it-IT\"},{\"@type\":\"ImageObject\",\"@id\":\"https:\/\/www.pescafish.it\/new\/prodotto\/red-krill-karma-baits\/#primaryimage\",\"inLanguage\":\"it-IT\",\"url\":\"https:\/\/www.pescafish.it\/new\/wp-content\/uploads\/2023\/03\/RED-KRILL.jpg\",\"width\":789,\"height\":794,\"caption\":\"Karma Bait\"},{\"@type\":\"WebPage\",\"@id\":\"https:\/\/www.pescafish.it\/new\/prodotto\/red-krill-karma-baits\/#webpage\",\"url\":\"https:\/\/www.pescafish.it\/new\/prodotto\/red-krill-karma-baits\/\",\"name\":\"Red Krill - Karma Baits - Pesca Fish\",\"isPartOf\":{\"@id\":\"https:\/\/www.pescafish.it\/new\/#website\"},\"primaryImageOfPage\":{\"@id\":\"https:\/\/www.pescafish.it\/new\/prodotto\/red-krill-karma-baits\/#primaryimage\"},\"datePublished\":\"2023-03-02T13:26:29+00:00\",\"dateModified\":\"2025-09-05T11:54:37+00:00\",\"inLanguage\":\"it-IT\",\"potentialAction\":[{\"@type\":\"ReadAction\",\"target\":[\"https:\/\/www.pescafish.it\/new\/prodotto\/red-krill-karma-baits\/\"]}]}]}<\/script>\n<!-- \/ Yoast SEO plugin. -->","_links":{"self":[{"href":"https:\/\/www.pescafish.it\/new\/wp-json\/wp\/v2\/product\/86291"}],"collection":[{"href":"https:\/\/www.pescafish.it\/new\/wp-json\/wp\/v2\/product"}],"about":[{"href":"https:\/\/www.pescafish.it\/new\/wp-json\/wp\/v2\/types\/product"}],"replies":[{"embeddable":true,"href":"https:\/\/www.pescafish.it\/new\/wp-json\/wp\/v2\/comments?post=86291"}],"wp:featuredmedia":[{"embeddable":true,"href":"https:\/\/www.pescafish.it\/new\/wp-json\/wp\/v2\/media\/95932"}],"wp:attachment":[{"href":"https:\/\/www.pescafish.it\/new\/wp-json\/wp\/v2\/media?parent=86291"}],"wp:term":[{"taxonomy":"product_cat","embeddable":true,"href":"https:\/\/www.pescafish.it\/new\/wp-json\/wp\/v2\/product_cat?post=86291"},{"taxonomy":"product_tag","embeddable":true,"href":"https:\/\/www.pescafish.it\/new\/wp-json\/wp\/v2\/product_tag?post=86291"}],"curies":[{"name":"wp","href":"https:\/\/api.w.org\/{rel}","templated":true}]}}