{"id":86005,"date":"2023-02-17T19:07:22","date_gmt":"2023-02-17T18:07:22","guid":{"rendered":"https:\/\/www.pescafish.it\/new\/?post_type=product&#038;p=86005"},"modified":"2023-02-17T19:07:23","modified_gmt":"2023-02-17T18:07:23","slug":"canna-supera-x-feeder-12ft-preston-innovations","status":"publish","type":"product","link":"https:\/\/www.pescafish.it\/new\/prodotto\/canna-supera-x-feeder-12ft-preston-innovations\/","title":{"rendered":"Canna Supera X Feeder 12ft &#8211; Preston Innovations"},"content":{"rendered":"<p>Progettare per soddisfare le esigenze di alta fascia delle moderne tecniche di pesca con pasturatore. La gamma Supera X ha richiesto oltre due anni di sviluppo, ma il prodotto finito \u00e8 semplicemente eccezionale! Abbiamo perso il conto del numero di prototipi che sono stati testati da Des Shipp &amp; Lee Kerry prima di decidere finalmente il design definitivo. Ora crediamo che questa gamma di canne sia semplicemente la migliore che abbiamo mai prodotto. Una parte fondamentale della gamma Supera X \u00e8 la trama in carbonio a involucro X. Questo rinforzo super affidabile riduce il diametro complessivo del blank fornendo al contempo un\u2019azione epica in pesca, un\u2019impresa semplicemente eccezionale di ingegneria. Dotate di anelli leggeri dalle dimensioni studiate appositamente per ridurre il peso e esaltare le caratteristiche di lancio. Come per tutte le nostre aste premium, le Supera X presentano un manico sagomato in EVA\/sughero e sono rifinite con il logo Supera X in rilievo sul materiale. Un set premium di canne che si affermeranno sul mercato della tecnica feeder come nient\u2019altro finora!<\/p>\n<p><strong>Modello:<\/strong> 12ft Feeder<br \/>\nProgettata per lanciare oltre 60 m, questa canna \u00e8 dotata di una potente azione progressiva, ideale per la spinta dei pasturatori pi\u00f9 grandi. Questo ha dimostrato di essere il modello preferito di Lee Kerry per una variet\u00e0 di stili di pesca e distanze. Il design a tre pezzi consente al grezzo di piegarsi in maniera omogenea, evitando slamature nelle fasi finali.<\/p>\n<p><strong>Fornita con tre vette in carbonio: 1,50 \u2013 2 \u2013 2,50 once<\/strong><\/p>\n","protected":false},"excerpt":{"rendered":"<p>Progettare per soddisfare le esigenze di alta fascia delle moderne tecniche di pesca con pasturatore. La gamma Supera X ha richiesto oltre due anni di sviluppo, ma il prodotto finito \u00e8 semplicemente eccezionale! Abbiamo perso il conto del numero di prototipi che sono stati testati da Des Shipp &amp; Lee Kerry prima di decidere finalmente [&hellip;]<\/p>\n","protected":false},"featured_media":83298,"comment_status":"closed","ping_status":"closed","template":"","meta":[],"product_cat":[317],"product_tag":[1020],"yoast_head":"<!-- This site is optimized with the Yoast SEO plugin v15.3 - https:\/\/yoast.com\/wordpress\/plugins\/seo\/ -->\n<title>Canna Supera X Feeder 12ft - Preston Innovations - Pesca Fish<\/title>\n<meta name=\"robots\" content=\"index, follow, max-snippet:-1, max-image-preview:large, max-video-preview:-1\" \/>\n<link rel=\"canonical\" href=\"https:\/\/www.pescafish.it\/new\/prodotto\/canna-supera-x-feeder-12ft-preston-innovations\/\" \/>\n<meta property=\"og:locale\" content=\"it_IT\" \/>\n<meta property=\"og:type\" content=\"article\" \/>\n<meta property=\"og:title\" content=\"Canna Supera X Feeder 12ft - Preston Innovations - Pesca Fish\" \/>\n<meta property=\"og:description\" content=\"Progettare per soddisfare le esigenze di alta fascia delle moderne tecniche di pesca con pasturatore. La gamma Supera X ha richiesto oltre due anni di sviluppo, ma il prodotto finito \u00e8 semplicemente eccezionale! Abbiamo perso il conto del numero di prototipi che sono stati testati da Des Shipp &amp; Lee Kerry prima di decidere finalmente [&hellip;]\" \/>\n<meta property=\"og:url\" content=\"https:\/\/www.pescafish.it\/new\/prodotto\/canna-supera-x-feeder-12ft-preston-innovations\/\" \/>\n<meta property=\"og:site_name\" content=\"Pesca Fish\" \/>\n<meta property=\"article:publisher\" content=\"https:\/\/www.facebook.com\/pescafishvr\/\" \/>\n<meta property=\"article:modified_time\" content=\"2023-02-17T18:07:23+00:00\" \/>\n<meta property=\"og:image\" content=\"https:\/\/www.pescafish.it\/new\/wp-content\/uploads\/2022\/11\/CANNA-SUPERA-X.jpg\" \/>\n\t<meta property=\"og:image:width\" content=\"1000\" \/>\n\t<meta property=\"og:image:height\" content=\"1000\" \/>\n<meta name=\"twitter:card\" content=\"summary_large_image\" \/>\n<meta name=\"twitter:label1\" content=\"Scritto da\">\n\t<meta name=\"twitter:data1\" content=\"francesca\">\n\t<meta name=\"twitter:label2\" content=\"Tempo di lettura stimato\">\n\t<meta name=\"twitter:data2\" content=\"1 minuto\">\n<script type=\"application\/ld+json\" class=\"yoast-schema-graph\">{\"@context\":\"https:\/\/schema.org\",\"@graph\":[{\"@type\":\"WebSite\",\"@id\":\"https:\/\/www.pescafish.it\/new\/#website\",\"url\":\"https:\/\/www.pescafish.it\/new\/\",\"name\":\"Pesca Fish\",\"description\":\"Benvenuti sul nostro sito!\",\"potentialAction\":[{\"@type\":\"SearchAction\",\"target\":\"https:\/\/www.pescafish.it\/new\/?s={search_term_string}\",\"query-input\":\"required name=search_term_string\"}],\"inLanguage\":\"it-IT\"},{\"@type\":\"ImageObject\",\"@id\":\"https:\/\/www.pescafish.it\/new\/prodotto\/canna-supera-x-feeder-12ft-preston-innovations\/#primaryimage\",\"inLanguage\":\"it-IT\",\"url\":\"https:\/\/www.pescafish.it\/new\/wp-content\/uploads\/2022\/11\/CANNA-SUPERA-X.jpg\",\"width\":1000,\"height\":1000,\"caption\":\"supera x feeder preston innovations\"},{\"@type\":\"WebPage\",\"@id\":\"https:\/\/www.pescafish.it\/new\/prodotto\/canna-supera-x-feeder-12ft-preston-innovations\/#webpage\",\"url\":\"https:\/\/www.pescafish.it\/new\/prodotto\/canna-supera-x-feeder-12ft-preston-innovations\/\",\"name\":\"Canna Supera X Feeder 12ft - Preston Innovations - Pesca Fish\",\"isPartOf\":{\"@id\":\"https:\/\/www.pescafish.it\/new\/#website\"},\"primaryImageOfPage\":{\"@id\":\"https:\/\/www.pescafish.it\/new\/prodotto\/canna-supera-x-feeder-12ft-preston-innovations\/#primaryimage\"},\"datePublished\":\"2023-02-17T18:07:22+00:00\",\"dateModified\":\"2023-02-17T18:07:23+00:00\",\"inLanguage\":\"it-IT\",\"potentialAction\":[{\"@type\":\"ReadAction\",\"target\":[\"https:\/\/www.pescafish.it\/new\/prodotto\/canna-supera-x-feeder-12ft-preston-innovations\/\"]}]}]}<\/script>\n<!-- \/ Yoast SEO plugin. -->","_links":{"self":[{"href":"https:\/\/www.pescafish.it\/new\/wp-json\/wp\/v2\/product\/86005"}],"collection":[{"href":"https:\/\/www.pescafish.it\/new\/wp-json\/wp\/v2\/product"}],"about":[{"href":"https:\/\/www.pescafish.it\/new\/wp-json\/wp\/v2\/types\/product"}],"replies":[{"embeddable":true,"href":"https:\/\/www.pescafish.it\/new\/wp-json\/wp\/v2\/comments?post=86005"}],"wp:featuredmedia":[{"embeddable":true,"href":"https:\/\/www.pescafish.it\/new\/wp-json\/wp\/v2\/media\/83298"}],"wp:attachment":[{"href":"https:\/\/www.pescafish.it\/new\/wp-json\/wp\/v2\/media?parent=86005"}],"wp:term":[{"taxonomy":"product_cat","embeddable":true,"href":"https:\/\/www.pescafish.it\/new\/wp-json\/wp\/v2\/product_cat?post=86005"},{"taxonomy":"product_tag","embeddable":true,"href":"https:\/\/www.pescafish.it\/new\/wp-json\/wp\/v2\/product_tag?post=86005"}],"curies":[{"name":"wp","href":"https:\/\/api.w.org\/{rel}","templated":true}]}}