{"id":85937,"date":"2023-02-08T18:17:04","date_gmt":"2023-02-08T17:17:04","guid":{"rendered":"https:\/\/www.pescafish.it\/new\/?post_type=product&#038;p=85937"},"modified":"2024-06-28T18:40:07","modified_gmt":"2024-06-28T16:40:07","slug":"canna-superior-challenge-tele-colmic","status":"publish","type":"product","link":"https:\/\/www.pescafish.it\/new\/prodotto\/canna-superior-challenge-tele-colmic\/","title":{"rendered":"Canna Superior Challenge Tele &#8211; Colmic"},"content":{"rendered":"<p>Questa nuova serie di canne da barca nasce per l\u2019esigenza di creare dei prodotti che siano da impiegare a livello agonistico, ma che poi si adattano alla perfezione anche alla pesca amatoriale.<br \/>\nCome ben sappiamo le esigenze dei garisti da natante in mare sono molto particolari, e proprio per questo necessitano di attrezzature che devono avere delle doti primarie di leggerezza, bilanciamento e potenza che spesso non hanno eguali.<br \/>\nTutto ci\u00f2 se si parla di attrezzi che raggiungono lunghezze di 5 metri. Tale misura infatti \u00e8 quella che permette al pescatore di utilizzare terminali lunghi (e quindi pi\u00f9 catturanti), ma allo stesso tempo di attrezzi leggeri da tenere in mano per diverse ore.<\/p>\n<p><strong>Disponibile nei seguenti modelli:<\/strong><\/p>\n<table style=\"height: 69px; width: 100%; border-collapse: collapse; border-color: #000000;\" border=\"2\">\n<tbody>\n<tr style=\"height: 23px;\">\n<td style=\"width: 12.5%; height: 23px; text-align: center;\"><strong>Modello<\/strong><\/td>\n<td style=\"width: 12.5%; height: 23px; text-align: center;\"><strong>Lunghezza<\/strong><\/td>\n<td style=\"width: 12.5%; height: 23px; text-align: center;\"><strong>Potenza<\/strong><\/td>\n<td style=\"width: 12.5%; height: 23px; text-align: center;\"><strong>Ingombro<\/strong><\/td>\n<td style=\"width: 12.5%; height: 23px; text-align: center;\"><strong>Peso<\/strong><\/td>\n<td style=\"width: 12.5%; height: 23px; text-align: center;\"><strong>Diametro<\/strong><\/td>\n<td style=\"width: 12.5%; height: 23px; text-align: center;\"><strong>N\u00b0 sezioni<\/strong><\/td>\n<td style=\"width: 12.5%; height: 23px; text-align: center;\"><strong>Cimini<\/strong><\/td>\n<\/tr>\n<tr style=\"height: 23px;\">\n<td style=\"width: 12.5%; height: 23px; text-align: center;\"><strong>CASU93A<\/strong><\/td>\n<td style=\"width: 12.5%; height: 23px; text-align: center;\">4.10-5.00m<\/td>\n<td style=\"width: 12.5%; height: 23px; text-align: center;\">30-100g<\/td>\n<td style=\"width: 12.5%; height: 23px; text-align: center;\">136cm<\/td>\n<td style=\"width: 12.5%; height: 23px; text-align: center;\">264g<\/td>\n<td style=\"width: 12.5%; height: 23px; text-align: center;\">22.40mm<\/td>\n<td style=\"width: 12.5%; height: 23px; text-align: center;\">5+2<\/td>\n<td style=\"width: 12.5%; height: 23px; text-align: center;\">LL &#8211; ML<\/td>\n<\/tr>\n<tr style=\"height: 23px;\">\n<td style=\"width: 12.5%; height: 23px; text-align: center;\"><strong>CASU93B<\/strong><\/td>\n<td style=\"width: 12.5%; height: 23px; text-align: center;\">4.10-5.00m<\/td>\n<td style=\"width: 12.5%; height: 23px; text-align: center;\">30-150g<\/td>\n<td style=\"width: 12.5%; height: 23px; text-align: center;\">136cm<\/td>\n<td style=\"width: 12.5%; height: 23px; text-align: center;\">285g<\/td>\n<td style=\"width: 12.5%; height: 23px; text-align: center;\">22.40mm<\/td>\n<td style=\"width: 12.5%; height: 23px; text-align: center;\">6+2<\/td>\n<td style=\"width: 12.5%; height: 23px; text-align: center;\">LL &#8211; ML<\/td>\n<\/tr>\n<\/tbody>\n<\/table>\n","protected":false},"excerpt":{"rendered":"<p>Questa nuova serie di canne da barca nasce per l\u2019esigenza di creare dei prodotti che siano da impiegare a livello agonistico, ma che poi si adattano alla perfezione anche alla pesca amatoriale. Come ben sappiamo le esigenze dei garisti da natante in mare sono molto particolari, e proprio per questo necessitano di attrezzature che devono [&hellip;]<\/p>\n","protected":false},"featured_media":85938,"comment_status":"closed","ping_status":"closed","template":"","meta":[],"product_cat":[81],"product_tag":[1067],"yoast_head":"<!-- This site is optimized with the Yoast SEO plugin v15.3 - https:\/\/yoast.com\/wordpress\/plugins\/seo\/ -->\n<title>Canna Superior Challenge Tele - Colmic - Pesca Fish<\/title>\n<meta name=\"robots\" content=\"index, follow, max-snippet:-1, max-image-preview:large, max-video-preview:-1\" \/>\n<link rel=\"canonical\" href=\"https:\/\/www.pescafish.it\/new\/prodotto\/canna-superior-challenge-tele-colmic\/\" \/>\n<meta property=\"og:locale\" content=\"it_IT\" \/>\n<meta property=\"og:type\" content=\"article\" \/>\n<meta property=\"og:title\" content=\"Canna Superior Challenge Tele - Colmic - Pesca Fish\" \/>\n<meta property=\"og:description\" content=\"Questa nuova serie di canne da barca nasce per l\u2019esigenza di creare dei prodotti che siano da impiegare a livello agonistico, ma che poi si adattano alla perfezione anche alla pesca amatoriale. Come ben sappiamo le esigenze dei garisti da natante in mare sono molto particolari, e proprio per questo necessitano di attrezzature che devono [&hellip;]\" \/>\n<meta property=\"og:url\" content=\"https:\/\/www.pescafish.it\/new\/prodotto\/canna-superior-challenge-tele-colmic\/\" \/>\n<meta property=\"og:site_name\" content=\"Pesca Fish\" \/>\n<meta property=\"article:publisher\" content=\"https:\/\/www.facebook.com\/pescafishvr\/\" \/>\n<meta property=\"article:modified_time\" content=\"2024-06-28T16:40:07+00:00\" \/>\n<meta property=\"og:image\" content=\"https:\/\/www.pescafish.it\/new\/wp-content\/uploads\/2023\/02\/superior-challenge-tele.jpg\" \/>\n\t<meta property=\"og:image:width\" content=\"1000\" \/>\n\t<meta property=\"og:image:height\" content=\"1000\" \/>\n<meta name=\"twitter:card\" content=\"summary_large_image\" \/>\n<meta name=\"twitter:label1\" content=\"Scritto da\">\n\t<meta name=\"twitter:data1\" content=\"francesca\">\n\t<meta name=\"twitter:label2\" content=\"Tempo di lettura stimato\">\n\t<meta name=\"twitter:data2\" content=\"1 minuto\">\n<script type=\"application\/ld+json\" class=\"yoast-schema-graph\">{\"@context\":\"https:\/\/schema.org\",\"@graph\":[{\"@type\":\"WebSite\",\"@id\":\"https:\/\/www.pescafish.it\/new\/#website\",\"url\":\"https:\/\/www.pescafish.it\/new\/\",\"name\":\"Pesca Fish\",\"description\":\"Benvenuti sul nostro sito!\",\"potentialAction\":[{\"@type\":\"SearchAction\",\"target\":\"https:\/\/www.pescafish.it\/new\/?s={search_term_string}\",\"query-input\":\"required name=search_term_string\"}],\"inLanguage\":\"it-IT\"},{\"@type\":\"ImageObject\",\"@id\":\"https:\/\/www.pescafish.it\/new\/prodotto\/canna-superior-challenge-tele-colmic\/#primaryimage\",\"inLanguage\":\"it-IT\",\"url\":\"https:\/\/www.pescafish.it\/new\/wp-content\/uploads\/2023\/02\/superior-challenge-tele.jpg\",\"width\":1000,\"height\":1000,\"caption\":\"superior challenge tele colmic\"},{\"@type\":\"WebPage\",\"@id\":\"https:\/\/www.pescafish.it\/new\/prodotto\/canna-superior-challenge-tele-colmic\/#webpage\",\"url\":\"https:\/\/www.pescafish.it\/new\/prodotto\/canna-superior-challenge-tele-colmic\/\",\"name\":\"Canna Superior Challenge Tele - Colmic - Pesca Fish\",\"isPartOf\":{\"@id\":\"https:\/\/www.pescafish.it\/new\/#website\"},\"primaryImageOfPage\":{\"@id\":\"https:\/\/www.pescafish.it\/new\/prodotto\/canna-superior-challenge-tele-colmic\/#primaryimage\"},\"datePublished\":\"2023-02-08T17:17:04+00:00\",\"dateModified\":\"2024-06-28T16:40:07+00:00\",\"inLanguage\":\"it-IT\",\"potentialAction\":[{\"@type\":\"ReadAction\",\"target\":[\"https:\/\/www.pescafish.it\/new\/prodotto\/canna-superior-challenge-tele-colmic\/\"]}]}]}<\/script>\n<!-- \/ Yoast SEO plugin. -->","_links":{"self":[{"href":"https:\/\/www.pescafish.it\/new\/wp-json\/wp\/v2\/product\/85937"}],"collection":[{"href":"https:\/\/www.pescafish.it\/new\/wp-json\/wp\/v2\/product"}],"about":[{"href":"https:\/\/www.pescafish.it\/new\/wp-json\/wp\/v2\/types\/product"}],"replies":[{"embeddable":true,"href":"https:\/\/www.pescafish.it\/new\/wp-json\/wp\/v2\/comments?post=85937"}],"wp:featuredmedia":[{"embeddable":true,"href":"https:\/\/www.pescafish.it\/new\/wp-json\/wp\/v2\/media\/85938"}],"wp:attachment":[{"href":"https:\/\/www.pescafish.it\/new\/wp-json\/wp\/v2\/media?parent=85937"}],"wp:term":[{"taxonomy":"product_cat","embeddable":true,"href":"https:\/\/www.pescafish.it\/new\/wp-json\/wp\/v2\/product_cat?post=85937"},{"taxonomy":"product_tag","embeddable":true,"href":"https:\/\/www.pescafish.it\/new\/wp-json\/wp\/v2\/product_tag?post=85937"}],"curies":[{"name":"wp","href":"https:\/\/api.w.org\/{rel}","templated":true}]}}