{"id":85838,"date":"2023-02-03T11:23:30","date_gmt":"2023-02-03T10:23:30","guid":{"rendered":"https:\/\/www.pescafish.it\/new\/?post_type=product&#038;p=85838"},"modified":"2025-01-11T18:13:39","modified_gmt":"2025-01-11T17:13:39","slug":"kuga-f-valkein","status":"publish","type":"product","link":"https:\/\/www.pescafish.it\/new\/prodotto\/kuga-f-valkein\/","title":{"rendered":"Kuga F &#8211; ValkeIN"},"content":{"rendered":"<h2>Kuga F<\/h2>\n<p>ValkeIN Kuga Area\u00a0\u00e8 shallow crank da trout area game, emette una micidiale vibrazione in grado di scatenare l&#8217;aggressivit\u00e0 delle trote pi\u00f9 apatiche.<\/p>\n<p>Tra le principali caratteristiche di ValkeIn Kuga:<\/p>\n<p>\u2022 Wobbling\u00a0molto ampio anche a ridotte velocit\u00e0 di recupero<br \/>\n\u2022 Materiali e finiture costruttive curati in ogni dettaglio e duraturi nel tempo.<\/p>\n<p>Garantisce un\u2019 ottima attrattivita anche in caso di apatia del pesce o quando la ridotta attivit\u00e0, porta la trotta ad attaccare l\u2019 esca quasi ferma o addirittura del tutto immobile.<\/p>\n<p>Montato con\u00a0ami singoli senza ardiglione.<\/p>\n<p>ValkeIN Kuga Limitless Area\u00a0\u00e8 prodotto in\u00a0Giappone\u00a0da\u00a0ValkeIN\u00a0in collaborazione con\u00a0DUO International.<\/p>\n<p><strong>Disponibile nelle seguenti colorazioni:<br \/>\nKUF-M111<\/strong>\u00a0 M111<br \/>\n<strong>KUFR-IT1914<\/strong>\u00a0 IT1914<br \/>\n<strong>KUFR-IT1922<\/strong>\u00a0 IT1922<br \/>\n<strong>KUF-C121<\/strong>\u00a0 C121<\/p>\n","protected":false},"excerpt":{"rendered":"<p>Kuga F ValkeIN Kuga Area\u00a0\u00e8 shallow crank da trout area game, emette una micidiale vibrazione in grado di scatenare l&#8217;aggressivit\u00e0 delle trote pi\u00f9 apatiche. Tra le principali caratteristiche di ValkeIn Kuga: \u2022 Wobbling\u00a0molto ampio anche a ridotte velocit\u00e0 di recupero \u2022 Materiali e finiture costruttive curati in ogni dettaglio e duraturi nel tempo. Garantisce un\u2019 [&hellip;]<\/p>\n","protected":false},"featured_media":85845,"comment_status":"closed","ping_status":"closed","template":"","meta":[],"product_cat":[923],"product_tag":[1174],"yoast_head":"<!-- This site is optimized with the Yoast SEO plugin v15.3 - https:\/\/yoast.com\/wordpress\/plugins\/seo\/ -->\n<title>Kuga F - ValkeIN - Pesca Fish<\/title>\n<meta name=\"robots\" content=\"index, follow, max-snippet:-1, max-image-preview:large, max-video-preview:-1\" \/>\n<link rel=\"canonical\" href=\"https:\/\/www.pescafish.it\/new\/prodotto\/kuga-f-valkein\/\" \/>\n<meta property=\"og:locale\" content=\"it_IT\" \/>\n<meta property=\"og:type\" content=\"article\" \/>\n<meta property=\"og:title\" content=\"Kuga F - ValkeIN - Pesca Fish\" \/>\n<meta property=\"og:description\" content=\"Kuga F ValkeIN Kuga Area\u00a0\u00e8 shallow crank da trout area game, emette una micidiale vibrazione in grado di scatenare l&#8217;aggressivit\u00e0 delle trote pi\u00f9 apatiche. Tra le principali caratteristiche di ValkeIn Kuga: \u2022 Wobbling\u00a0molto ampio anche a ridotte velocit\u00e0 di recupero \u2022 Materiali e finiture costruttive curati in ogni dettaglio e duraturi nel tempo. Garantisce un\u2019 [&hellip;]\" \/>\n<meta property=\"og:url\" content=\"https:\/\/www.pescafish.it\/new\/prodotto\/kuga-f-valkein\/\" \/>\n<meta property=\"og:site_name\" content=\"Pesca Fish\" \/>\n<meta property=\"article:publisher\" content=\"https:\/\/www.facebook.com\/pescafishvr\/\" \/>\n<meta property=\"article:modified_time\" content=\"2025-01-11T17:13:39+00:00\" \/>\n<meta property=\"og:image\" content=\"https:\/\/www.pescafish.it\/new\/wp-content\/uploads\/2023\/02\/M111.jpg\" \/>\n\t<meta property=\"og:image:width\" content=\"789\" \/>\n\t<meta property=\"og:image:height\" content=\"794\" \/>\n<meta name=\"twitter:card\" content=\"summary_large_image\" \/>\n<meta name=\"twitter:label1\" content=\"Scritto da\">\n\t<meta name=\"twitter:data1\" content=\"francesca\">\n\t<meta name=\"twitter:label2\" content=\"Tempo di lettura stimato\">\n\t<meta name=\"twitter:data2\" content=\"0 minuti\">\n<script type=\"application\/ld+json\" class=\"yoast-schema-graph\">{\"@context\":\"https:\/\/schema.org\",\"@graph\":[{\"@type\":\"WebSite\",\"@id\":\"https:\/\/www.pescafish.it\/new\/#website\",\"url\":\"https:\/\/www.pescafish.it\/new\/\",\"name\":\"Pesca Fish\",\"description\":\"Benvenuti sul nostro sito!\",\"potentialAction\":[{\"@type\":\"SearchAction\",\"target\":\"https:\/\/www.pescafish.it\/new\/?s={search_term_string}\",\"query-input\":\"required name=search_term_string\"}],\"inLanguage\":\"it-IT\"},{\"@type\":\"ImageObject\",\"@id\":\"https:\/\/www.pescafish.it\/new\/prodotto\/kuga-f-valkein\/#primaryimage\",\"inLanguage\":\"it-IT\",\"url\":\"https:\/\/www.pescafish.it\/new\/wp-content\/uploads\/2023\/02\/M111.jpg\",\"width\":789,\"height\":794,\"caption\":\"ValkeIN\"},{\"@type\":\"WebPage\",\"@id\":\"https:\/\/www.pescafish.it\/new\/prodotto\/kuga-f-valkein\/#webpage\",\"url\":\"https:\/\/www.pescafish.it\/new\/prodotto\/kuga-f-valkein\/\",\"name\":\"Kuga F - ValkeIN - Pesca Fish\",\"isPartOf\":{\"@id\":\"https:\/\/www.pescafish.it\/new\/#website\"},\"primaryImageOfPage\":{\"@id\":\"https:\/\/www.pescafish.it\/new\/prodotto\/kuga-f-valkein\/#primaryimage\"},\"datePublished\":\"2023-02-03T10:23:30+00:00\",\"dateModified\":\"2025-01-11T17:13:39+00:00\",\"inLanguage\":\"it-IT\",\"potentialAction\":[{\"@type\":\"ReadAction\",\"target\":[\"https:\/\/www.pescafish.it\/new\/prodotto\/kuga-f-valkein\/\"]}]}]}<\/script>\n<!-- \/ Yoast SEO plugin. -->","_links":{"self":[{"href":"https:\/\/www.pescafish.it\/new\/wp-json\/wp\/v2\/product\/85838"}],"collection":[{"href":"https:\/\/www.pescafish.it\/new\/wp-json\/wp\/v2\/product"}],"about":[{"href":"https:\/\/www.pescafish.it\/new\/wp-json\/wp\/v2\/types\/product"}],"replies":[{"embeddable":true,"href":"https:\/\/www.pescafish.it\/new\/wp-json\/wp\/v2\/comments?post=85838"}],"wp:featuredmedia":[{"embeddable":true,"href":"https:\/\/www.pescafish.it\/new\/wp-json\/wp\/v2\/media\/85845"}],"wp:attachment":[{"href":"https:\/\/www.pescafish.it\/new\/wp-json\/wp\/v2\/media?parent=85838"}],"wp:term":[{"taxonomy":"product_cat","embeddable":true,"href":"https:\/\/www.pescafish.it\/new\/wp-json\/wp\/v2\/product_cat?post=85838"},{"taxonomy":"product_tag","embeddable":true,"href":"https:\/\/www.pescafish.it\/new\/wp-json\/wp\/v2\/product_tag?post=85838"}],"curies":[{"name":"wp","href":"https:\/\/api.w.org\/{rel}","templated":true}]}}