{"id":85539,"date":"2023-01-31T08:54:06","date_gmt":"2023-01-31T07:54:06","guid":{"rendered":"https:\/\/www.pescafish.it\/new\/?post_type=product&#038;p=85539"},"modified":"2023-03-29T16:50:50","modified_gmt":"2023-03-29T14:50:50","slug":"horizon-x6-fox","status":"publish","type":"product","link":"https:\/\/www.pescafish.it\/new\/prodotto\/horizon-x6-fox\/","title":{"rendered":"Horizon X6 &#8211; Fox"},"content":{"rendered":"<h2>Horizon X6<\/h2>\n<p>Queste canne utilizzano la tecnologia all\u2019avanguardia Torayca\u00ae Carbon Nanoalloy\u00ae\u00a0\u00a0per ottenere un blank pi\u00f9 robusto, pi\u00f9 leggero e pi\u00f9 sottile, con una capacit\u00e0 in termini di recupero incredibile. Il blank utilizza strati multidirezionali di tessuto di carbonio pi\u00f9 sottile e nanofibra, in abbinamento alla tecnologia Nanoalloy\u00ae per fissare tutti i componenti insieme durante il processo di polimerizzazione. Questo processo di costruzione, conferisce alla canna un&#8217;incredibile potenza di lancio in considerazione del diametro ridotto del blank. Un punto chiave per noi \u00e8 rappresentato dal fatto di essere riusciti a mantenere un\u2019ottima azione di pesca in fase di combattimento, dove queste canne offrono una eccellente ammortizzazione, riducendo il numero di slamature. I nuovi anelli American Tackle Ti-forged Air sono ultra-leggeri e aiutano a lanciare a distanze incredibili.<\/p>\n<p>L&#8217;uso di questi nuovi straordinari anelli, aiuta senza dubbio il lancio a distanza, rendendo meno faticosa la pasturazione con Spomb o Spod.<\/p>\n<p><strong>Caratteristiche:<\/strong><\/p>\n<p>\u2022 Carbonio Torayca\u00ae ultra alto modulo<br \/>\n\u2022 Blank pi\u00f9 robusto, leggero, sottile<br \/>\n\u2022 Nonofibre multidirezionali<br \/>\n\u2022 Incredibile potenza di lancio<br \/>\n\u2022 Resina intralaminare<br \/>\n\u2022 Tecnologia Nanoalloy\u00ae<br \/>\n\u2022 Punti di innesto rinforzati in carbonio<br \/>\n\u2022 Avvolgimento in carbonio 1K<br \/>\n\u2022 Manici rivestiti in guaina termorestringente giapponese<br \/>\n\u2022 Look sobrio<br \/>\n\u2022 Anelli 50mm \u2013 16mm American Tackle Ti-Forged Air<br \/>\n\u2022 Placca per mulinello Fuji 18mm DPS gunsmoke<\/p>\n<p><strong>Disponibili nelle seguenti varianti:<\/strong><br \/>\n<strong>CRD344<\/strong>\u00a0 12ft 3.75lb<br \/>\n<strong>CRD345<\/strong>\u00a0 13ft 3.75lb<br \/>\n<strong>CRD347<\/strong>\u00a0 13ft Spod\/Marker<\/p>\n","protected":false},"excerpt":{"rendered":"<p>Horizon X6 Queste canne utilizzano la tecnologia all\u2019avanguardia Torayca\u00ae Carbon Nanoalloy\u00ae\u00a0\u00a0per ottenere un blank pi\u00f9 robusto, pi\u00f9 leggero e pi\u00f9 sottile, con una capacit\u00e0 in termini di recupero incredibile. Il blank utilizza strati multidirezionali di tessuto di carbonio pi\u00f9 sottile e nanofibra, in abbinamento alla tecnologia Nanoalloy\u00ae per fissare tutti i componenti insieme durante il [&hellip;]<\/p>\n","protected":false},"featured_media":85540,"comment_status":"closed","ping_status":"closed","template":"","meta":[],"product_cat":[252],"product_tag":[1028],"yoast_head":"<!-- This site is optimized with the Yoast SEO plugin v15.3 - https:\/\/yoast.com\/wordpress\/plugins\/seo\/ -->\n<title>Horizon X6 - Fox - Pesca Fish<\/title>\n<meta name=\"robots\" content=\"index, follow, max-snippet:-1, max-image-preview:large, max-video-preview:-1\" \/>\n<link rel=\"canonical\" href=\"https:\/\/www.pescafish.it\/new\/prodotto\/horizon-x6-fox\/\" \/>\n<meta property=\"og:locale\" content=\"it_IT\" \/>\n<meta property=\"og:type\" content=\"article\" \/>\n<meta property=\"og:title\" content=\"Horizon X6 - Fox - Pesca Fish\" \/>\n<meta property=\"og:description\" content=\"Horizon X6 Queste canne utilizzano la tecnologia all\u2019avanguardia Torayca\u00ae Carbon Nanoalloy\u00ae\u00a0\u00a0per ottenere un blank pi\u00f9 robusto, pi\u00f9 leggero e pi\u00f9 sottile, con una capacit\u00e0 in termini di recupero incredibile. Il blank utilizza strati multidirezionali di tessuto di carbonio pi\u00f9 sottile e nanofibra, in abbinamento alla tecnologia Nanoalloy\u00ae per fissare tutti i componenti insieme durante il [&hellip;]\" \/>\n<meta property=\"og:url\" content=\"https:\/\/www.pescafish.it\/new\/prodotto\/horizon-x6-fox\/\" \/>\n<meta property=\"og:site_name\" content=\"Pesca Fish\" \/>\n<meta property=\"article:publisher\" content=\"https:\/\/www.facebook.com\/pescafishvr\/\" \/>\n<meta property=\"article:modified_time\" content=\"2023-03-29T14:50:50+00:00\" \/>\n<meta property=\"og:image\" content=\"https:\/\/www.pescafish.it\/new\/wp-content\/uploads\/2023\/01\/x6.jpg\" \/>\n\t<meta property=\"og:image:width\" content=\"789\" \/>\n\t<meta property=\"og:image:height\" content=\"794\" \/>\n<meta name=\"twitter:card\" content=\"summary_large_image\" \/>\n<meta name=\"twitter:label1\" content=\"Scritto da\">\n\t<meta name=\"twitter:data1\" content=\"francesca\">\n\t<meta name=\"twitter:label2\" content=\"Tempo di lettura stimato\">\n\t<meta name=\"twitter:data2\" content=\"1 minuto\">\n<script type=\"application\/ld+json\" class=\"yoast-schema-graph\">{\"@context\":\"https:\/\/schema.org\",\"@graph\":[{\"@type\":\"WebSite\",\"@id\":\"https:\/\/www.pescafish.it\/new\/#website\",\"url\":\"https:\/\/www.pescafish.it\/new\/\",\"name\":\"Pesca Fish\",\"description\":\"Benvenuti sul nostro sito!\",\"potentialAction\":[{\"@type\":\"SearchAction\",\"target\":\"https:\/\/www.pescafish.it\/new\/?s={search_term_string}\",\"query-input\":\"required name=search_term_string\"}],\"inLanguage\":\"it-IT\"},{\"@type\":\"ImageObject\",\"@id\":\"https:\/\/www.pescafish.it\/new\/prodotto\/horizon-x6-fox\/#primaryimage\",\"inLanguage\":\"it-IT\",\"url\":\"https:\/\/www.pescafish.it\/new\/wp-content\/uploads\/2023\/01\/x6.jpg\",\"width\":789,\"height\":794,\"caption\":\"Set 2 canne SEMINUOVO Horizon X6 13ft-3,75lb - Fox\"},{\"@type\":\"WebPage\",\"@id\":\"https:\/\/www.pescafish.it\/new\/prodotto\/horizon-x6-fox\/#webpage\",\"url\":\"https:\/\/www.pescafish.it\/new\/prodotto\/horizon-x6-fox\/\",\"name\":\"Horizon X6 - Fox - Pesca Fish\",\"isPartOf\":{\"@id\":\"https:\/\/www.pescafish.it\/new\/#website\"},\"primaryImageOfPage\":{\"@id\":\"https:\/\/www.pescafish.it\/new\/prodotto\/horizon-x6-fox\/#primaryimage\"},\"datePublished\":\"2023-01-31T07:54:06+00:00\",\"dateModified\":\"2023-03-29T14:50:50+00:00\",\"inLanguage\":\"it-IT\",\"potentialAction\":[{\"@type\":\"ReadAction\",\"target\":[\"https:\/\/www.pescafish.it\/new\/prodotto\/horizon-x6-fox\/\"]}]}]}<\/script>\n<!-- \/ Yoast SEO plugin. -->","_links":{"self":[{"href":"https:\/\/www.pescafish.it\/new\/wp-json\/wp\/v2\/product\/85539"}],"collection":[{"href":"https:\/\/www.pescafish.it\/new\/wp-json\/wp\/v2\/product"}],"about":[{"href":"https:\/\/www.pescafish.it\/new\/wp-json\/wp\/v2\/types\/product"}],"replies":[{"embeddable":true,"href":"https:\/\/www.pescafish.it\/new\/wp-json\/wp\/v2\/comments?post=85539"}],"wp:featuredmedia":[{"embeddable":true,"href":"https:\/\/www.pescafish.it\/new\/wp-json\/wp\/v2\/media\/85540"}],"wp:attachment":[{"href":"https:\/\/www.pescafish.it\/new\/wp-json\/wp\/v2\/media?parent=85539"}],"wp:term":[{"taxonomy":"product_cat","embeddable":true,"href":"https:\/\/www.pescafish.it\/new\/wp-json\/wp\/v2\/product_cat?post=85539"},{"taxonomy":"product_tag","embeddable":true,"href":"https:\/\/www.pescafish.it\/new\/wp-json\/wp\/v2\/product_tag?post=85539"}],"curies":[{"name":"wp","href":"https:\/\/api.w.org\/{rel}","templated":true}]}}