{"id":85514,"date":"2023-01-28T15:51:50","date_gmt":"2023-01-28T14:51:50","guid":{"rendered":"https:\/\/www.pescafish.it\/new\/?post_type=product&#038;p=85514"},"modified":"2023-01-28T15:52:07","modified_gmt":"2023-01-28T14:52:07","slug":"edges-armapoint-super-wide-gape-outturned-eye-fox","status":"publish","type":"product","link":"https:\/\/www.pescafish.it\/new\/prodotto\/edges-armapoint-super-wide-gape-outturned-eye-fox\/","title":{"rendered":"Edges Armapoint Super Wide Gape (Outturned eye) &#8211; Fox"},"content":{"rendered":"<h2>Edges Armapoint Super Wide Gape (Outturned eye)<\/h2>\n<p>Questa \u00e8 la versione con occhiello rivolto verso l\u2019esterno dell\u2019amo Super Wide Gape, che lo rende perfetto per Chod, Hinged e Fluorocarbon D-rigs.<\/p>\n<p>Questo amo \u00e8 nato da molte lunghe discussioni con i nostri consulenti e altri pescatori di grande esperienza. L&#8217;idea che mantenere il profilo il pi\u00f9 ampio possibile durante la costruzione di un rig si possa tradurre in maggiori probabilit\u00e0 di allamare una carpa, \u00e8 un\u2019idea perseguita da molti pescatori, e proprio per questo motivo abbiamo deciso di progettare un amo con un&#8217;apertura ancora pi\u00f9 ampia rispetto ai nostri popolarissimi modelli Wide Gape e Stiff Rig. Introduciamo il &#8220;Super Wide Gape&#8221;, un amo con una curvatura ampia e lunga, una punta a becco super affilata e un&#8217;apertura pi\u00f9 ampia rispetto a qualsiasi altro amo che abbiamo prodotto in precedenza. Nei test \u00e8 stato dimostrato che, anche sul pi\u00f9 semplice dei terminali, questo amo \u00e8 una incredibile arma letale cattura-pesci, ed \u00e8 stato messo alla prova in circostanze difficili con alcuni pesci molto grossi!<\/p>\n<p>Con un profilo cos\u00ec largo, una volta che il pesce ha risucchiato il rig, al momento dell&#8217;espulsione, la punta dell\u2019amo \u00e8 cos\u00ec esposta\u00a0\u00a0che le possibilit\u00e0 che faccia presa nella bocca del pesce sono notevolmente aumentate, permettendovi di preoccuparvi meno della meccanica del rig e di concentrarvi di pi\u00f9 nella scelta dello spot giusto.<\/p>\n<p><strong>Caratteristiche:<\/strong><\/p>\n<p>\u2022 Versione \u201cSuper wide gape\u201d degli ami Edges Wide Gape con punta a becco e occhiello rivolto verso l\u2019esterno<br \/>\n\u2022 Il profilo pi\u00f9 largo lascia la punta pi\u00f9 esposta per penetrare meglio nella bocca del pesce<br \/>\n\u2022 Perfetto per presentazioni Chod, Hinge stiff e fluorocarbon D-Rigs.<br \/>\n\u2022 La punta a becco aiuta a prevenire le slamature e consente di pescare con inneschi affondanti su fondali duri in ghiaia.<br \/>\n\u2022 Super affilato<br \/>\n\u2022 Tecnologia Arma Point<br \/>\n\u2022 Occhiello rivolto verso l\u2019esterno di 20 gradi<br \/>\n\u2022 Rivestimento esterno scuro, anti-riflesso<br \/>\n\u2022 Ultra robusto ma al tempo stesso leggero grazie alla costruzione in acciaio al Vanadio XC81 forgiato<\/p>\n<p><strong>Disponibile nelle seguenti misure:\u00a0<\/strong><br \/>\n<strong>CHK245<\/strong>\u00a0 Size 2<br \/>\n<strong>CHK246<\/strong>\u00a0 Size 4<br \/>\n<strong>CHK247<\/strong>\u00a0 Size 5<br \/>\n<strong>CHK248<\/strong>\u00a0 Size 6<\/p>\n","protected":false},"excerpt":{"rendered":"<p>Edges Armapoint Super Wide Gape (Outturned eye) Questa \u00e8 la versione con occhiello rivolto verso l\u2019esterno dell\u2019amo Super Wide Gape, che lo rende perfetto per Chod, Hinged e Fluorocarbon D-rigs. Questo amo \u00e8 nato da molte lunghe discussioni con i nostri consulenti e altri pescatori di grande esperienza. L&#8217;idea che mantenere il profilo il pi\u00f9 [&hellip;]<\/p>\n","protected":false},"featured_media":85515,"comment_status":"closed","ping_status":"closed","template":"","meta":[],"product_cat":[387],"product_tag":[1028],"yoast_head":"<!-- This site is optimized with the Yoast SEO plugin v15.3 - https:\/\/yoast.com\/wordpress\/plugins\/seo\/ -->\n<title>Edges Armapoint Super Wide Gape (Outturned eye) - Fox - Pesca Fish<\/title>\n<meta name=\"robots\" content=\"index, follow, max-snippet:-1, max-image-preview:large, max-video-preview:-1\" \/>\n<link rel=\"canonical\" href=\"https:\/\/www.pescafish.it\/new\/prodotto\/edges-armapoint-super-wide-gape-outturned-eye-fox\/\" \/>\n<meta property=\"og:locale\" content=\"it_IT\" \/>\n<meta property=\"og:type\" content=\"article\" \/>\n<meta property=\"og:title\" content=\"Edges Armapoint Super Wide Gape (Outturned eye) - Fox - Pesca Fish\" \/>\n<meta property=\"og:description\" content=\"Edges Armapoint Super Wide Gape (Outturned eye) Questa \u00e8 la versione con occhiello rivolto verso l\u2019esterno dell\u2019amo Super Wide Gape, che lo rende perfetto per Chod, Hinged e Fluorocarbon D-rigs. Questo amo \u00e8 nato da molte lunghe discussioni con i nostri consulenti e altri pescatori di grande esperienza. L&#8217;idea che mantenere il profilo il pi\u00f9 [&hellip;]\" \/>\n<meta property=\"og:url\" content=\"https:\/\/www.pescafish.it\/new\/prodotto\/edges-armapoint-super-wide-gape-outturned-eye-fox\/\" \/>\n<meta property=\"og:site_name\" content=\"Pesca Fish\" \/>\n<meta property=\"article:publisher\" content=\"https:\/\/www.facebook.com\/pescafishvr\/\" \/>\n<meta property=\"article:modified_time\" content=\"2023-01-28T14:52:07+00:00\" \/>\n<meta property=\"og:image\" content=\"https:\/\/www.pescafish.it\/new\/wp-content\/uploads\/2023\/01\/k-1.jpg\" \/>\n\t<meta property=\"og:image:width\" content=\"789\" \/>\n\t<meta property=\"og:image:height\" content=\"794\" \/>\n<meta name=\"twitter:card\" content=\"summary_large_image\" \/>\n<meta name=\"twitter:label1\" content=\"Scritto da\">\n\t<meta name=\"twitter:data1\" content=\"francesca\">\n\t<meta name=\"twitter:label2\" content=\"Tempo di lettura stimato\">\n\t<meta name=\"twitter:data2\" content=\"1 minuto\">\n<script type=\"application\/ld+json\" class=\"yoast-schema-graph\">{\"@context\":\"https:\/\/schema.org\",\"@graph\":[{\"@type\":\"WebSite\",\"@id\":\"https:\/\/www.pescafish.it\/new\/#website\",\"url\":\"https:\/\/www.pescafish.it\/new\/\",\"name\":\"Pesca Fish\",\"description\":\"Benvenuti sul nostro sito!\",\"potentialAction\":[{\"@type\":\"SearchAction\",\"target\":\"https:\/\/www.pescafish.it\/new\/?s={search_term_string}\",\"query-input\":\"required name=search_term_string\"}],\"inLanguage\":\"it-IT\"},{\"@type\":\"ImageObject\",\"@id\":\"https:\/\/www.pescafish.it\/new\/prodotto\/edges-armapoint-super-wide-gape-outturned-eye-fox\/#primaryimage\",\"inLanguage\":\"it-IT\",\"url\":\"https:\/\/www.pescafish.it\/new\/wp-content\/uploads\/2023\/01\/k-1.jpg\",\"width\":789,\"height\":794,\"caption\":\"Fox\"},{\"@type\":\"WebPage\",\"@id\":\"https:\/\/www.pescafish.it\/new\/prodotto\/edges-armapoint-super-wide-gape-outturned-eye-fox\/#webpage\",\"url\":\"https:\/\/www.pescafish.it\/new\/prodotto\/edges-armapoint-super-wide-gape-outturned-eye-fox\/\",\"name\":\"Edges Armapoint Super Wide Gape (Outturned eye) - Fox - Pesca Fish\",\"isPartOf\":{\"@id\":\"https:\/\/www.pescafish.it\/new\/#website\"},\"primaryImageOfPage\":{\"@id\":\"https:\/\/www.pescafish.it\/new\/prodotto\/edges-armapoint-super-wide-gape-outturned-eye-fox\/#primaryimage\"},\"datePublished\":\"2023-01-28T14:51:50+00:00\",\"dateModified\":\"2023-01-28T14:52:07+00:00\",\"inLanguage\":\"it-IT\",\"potentialAction\":[{\"@type\":\"ReadAction\",\"target\":[\"https:\/\/www.pescafish.it\/new\/prodotto\/edges-armapoint-super-wide-gape-outturned-eye-fox\/\"]}]}]}<\/script>\n<!-- \/ Yoast SEO plugin. -->","_links":{"self":[{"href":"https:\/\/www.pescafish.it\/new\/wp-json\/wp\/v2\/product\/85514"}],"collection":[{"href":"https:\/\/www.pescafish.it\/new\/wp-json\/wp\/v2\/product"}],"about":[{"href":"https:\/\/www.pescafish.it\/new\/wp-json\/wp\/v2\/types\/product"}],"replies":[{"embeddable":true,"href":"https:\/\/www.pescafish.it\/new\/wp-json\/wp\/v2\/comments?post=85514"}],"wp:featuredmedia":[{"embeddable":true,"href":"https:\/\/www.pescafish.it\/new\/wp-json\/wp\/v2\/media\/85515"}],"wp:attachment":[{"href":"https:\/\/www.pescafish.it\/new\/wp-json\/wp\/v2\/media?parent=85514"}],"wp:term":[{"taxonomy":"product_cat","embeddable":true,"href":"https:\/\/www.pescafish.it\/new\/wp-json\/wp\/v2\/product_cat?post=85514"},{"taxonomy":"product_tag","embeddable":true,"href":"https:\/\/www.pescafish.it\/new\/wp-json\/wp\/v2\/product_tag?post=85514"}],"curies":[{"name":"wp","href":"https:\/\/api.w.org\/{rel}","templated":true}]}}