{"id":85300,"date":"2023-01-21T09:58:17","date_gmt":"2023-01-21T08:58:17","guid":{"rendered":"https:\/\/www.pescafish.it\/new\/?post_type=product&#038;p=85300"},"modified":"2024-05-30T12:44:08","modified_gmt":"2024-05-30T10:44:08","slug":"marker-lead-korda","status":"publish","type":"product","link":"https:\/\/www.pescafish.it\/new\/prodotto\/marker-lead-korda\/","title":{"rendered":"Marker Lead\u00a0&#8211; Korda"},"content":{"rendered":"<h2>Marker Lead<\/h2>\n<p>Il cavo della sonda originale rimane parte integrante della nostra gamma in quanto \u00e8 l&#8217;ideale per saltare il piombo del pennarello attraverso l&#8217;erba.<\/p>\n<p>I pesi disponibili sono 2,3 e 4 once. Il pi\u00f9 leggero combinato con un galleggiante pi\u00f9 piccolo \u00e8 perfetto per la pesca ravvicinata, ad esempio, in una piccola baia per non disturbare troppo il nuoto. Il piombo da 4 once \u00e8 ottimo per la pesca in grandi acque, specialmente se si pesca controvento o si combattono i venti trasversali, mentre il piombo da 3 once \u00e8 un ottimo tuttofare per le &#8220;normali&#8221; condizioni di pesca che un pescatore deve affrontare.<\/p>\n<p>Confezione mista da 2 once e 3 once o 3 once e 4 once<br \/>\nNon rivestito per aumentare la sensibilit\u00e0<br \/>\nGrandi qualit\u00e0 di lancio<\/p>\n<p><strong>Disponibile nelle seguenti varianti:<\/strong><br \/>\n<strong>ML1<\/strong>\u00a0 2 &#8211; 3 oz<br \/>\n<strong>ML2<\/strong>\u00a0 3 &#8211; 4 oz<\/p>\n","protected":false},"excerpt":{"rendered":"<p>Marker Lead Il cavo della sonda originale rimane parte integrante della nostra gamma in quanto \u00e8 l&#8217;ideale per saltare il piombo del pennarello attraverso l&#8217;erba. I pesi disponibili sono 2,3 e 4 once. Il pi\u00f9 leggero combinato con un galleggiante pi\u00f9 piccolo \u00e8 perfetto per la pesca ravvicinata, ad esempio, in una piccola baia per [&hellip;]<\/p>\n","protected":false},"featured_media":85301,"comment_status":"closed","ping_status":"closed","template":"","meta":[],"product_cat":[408],"product_tag":[1018],"yoast_head":"<!-- This site is optimized with the Yoast SEO plugin v15.3 - https:\/\/yoast.com\/wordpress\/plugins\/seo\/ -->\n<title>Marker Lead\u00a0- Korda - Pesca Fish<\/title>\n<meta name=\"robots\" content=\"index, follow, max-snippet:-1, max-image-preview:large, max-video-preview:-1\" \/>\n<link rel=\"canonical\" href=\"https:\/\/www.pescafish.it\/new\/prodotto\/marker-lead-korda\/\" \/>\n<meta property=\"og:locale\" content=\"it_IT\" \/>\n<meta property=\"og:type\" content=\"article\" \/>\n<meta property=\"og:title\" content=\"Marker Lead\u00a0- Korda - Pesca Fish\" \/>\n<meta property=\"og:description\" content=\"Marker Lead Il cavo della sonda originale rimane parte integrante della nostra gamma in quanto \u00e8 l&#8217;ideale per saltare il piombo del pennarello attraverso l&#8217;erba. I pesi disponibili sono 2,3 e 4 once. Il pi\u00f9 leggero combinato con un galleggiante pi\u00f9 piccolo \u00e8 perfetto per la pesca ravvicinata, ad esempio, in una piccola baia per [&hellip;]\" \/>\n<meta property=\"og:url\" content=\"https:\/\/www.pescafish.it\/new\/prodotto\/marker-lead-korda\/\" \/>\n<meta property=\"og:site_name\" content=\"Pesca Fish\" \/>\n<meta property=\"article:publisher\" content=\"https:\/\/www.facebook.com\/pescafishvr\/\" \/>\n<meta property=\"article:modified_time\" content=\"2024-05-30T10:44:08+00:00\" \/>\n<meta property=\"og:image\" content=\"https:\/\/www.pescafish.it\/new\/wp-content\/uploads\/2023\/01\/g-1.jpg\" \/>\n\t<meta property=\"og:image:width\" content=\"789\" \/>\n\t<meta property=\"og:image:height\" content=\"794\" \/>\n<meta name=\"twitter:card\" content=\"summary_large_image\" \/>\n<meta name=\"twitter:label1\" content=\"Scritto da\">\n\t<meta name=\"twitter:data1\" content=\"francesca\">\n\t<meta name=\"twitter:label2\" content=\"Tempo di lettura stimato\">\n\t<meta name=\"twitter:data2\" content=\"1 minuto\">\n<script type=\"application\/ld+json\" class=\"yoast-schema-graph\">{\"@context\":\"https:\/\/schema.org\",\"@graph\":[{\"@type\":\"WebSite\",\"@id\":\"https:\/\/www.pescafish.it\/new\/#website\",\"url\":\"https:\/\/www.pescafish.it\/new\/\",\"name\":\"Pesca Fish\",\"description\":\"Benvenuti sul nostro sito!\",\"potentialAction\":[{\"@type\":\"SearchAction\",\"target\":\"https:\/\/www.pescafish.it\/new\/?s={search_term_string}\",\"query-input\":\"required name=search_term_string\"}],\"inLanguage\":\"it-IT\"},{\"@type\":\"ImageObject\",\"@id\":\"https:\/\/www.pescafish.it\/new\/prodotto\/marker-lead-korda\/#primaryimage\",\"inLanguage\":\"it-IT\",\"url\":\"https:\/\/www.pescafish.it\/new\/wp-content\/uploads\/2023\/01\/g-1.jpg\",\"width\":789,\"height\":794,\"caption\":\"Korda\"},{\"@type\":\"WebPage\",\"@id\":\"https:\/\/www.pescafish.it\/new\/prodotto\/marker-lead-korda\/#webpage\",\"url\":\"https:\/\/www.pescafish.it\/new\/prodotto\/marker-lead-korda\/\",\"name\":\"Marker Lead\\u00a0- Korda - Pesca Fish\",\"isPartOf\":{\"@id\":\"https:\/\/www.pescafish.it\/new\/#website\"},\"primaryImageOfPage\":{\"@id\":\"https:\/\/www.pescafish.it\/new\/prodotto\/marker-lead-korda\/#primaryimage\"},\"datePublished\":\"2023-01-21T08:58:17+00:00\",\"dateModified\":\"2024-05-30T10:44:08+00:00\",\"inLanguage\":\"it-IT\",\"potentialAction\":[{\"@type\":\"ReadAction\",\"target\":[\"https:\/\/www.pescafish.it\/new\/prodotto\/marker-lead-korda\/\"]}]}]}<\/script>\n<!-- \/ Yoast SEO plugin. -->","_links":{"self":[{"href":"https:\/\/www.pescafish.it\/new\/wp-json\/wp\/v2\/product\/85300"}],"collection":[{"href":"https:\/\/www.pescafish.it\/new\/wp-json\/wp\/v2\/product"}],"about":[{"href":"https:\/\/www.pescafish.it\/new\/wp-json\/wp\/v2\/types\/product"}],"replies":[{"embeddable":true,"href":"https:\/\/www.pescafish.it\/new\/wp-json\/wp\/v2\/comments?post=85300"}],"wp:featuredmedia":[{"embeddable":true,"href":"https:\/\/www.pescafish.it\/new\/wp-json\/wp\/v2\/media\/85301"}],"wp:attachment":[{"href":"https:\/\/www.pescafish.it\/new\/wp-json\/wp\/v2\/media?parent=85300"}],"wp:term":[{"taxonomy":"product_cat","embeddable":true,"href":"https:\/\/www.pescafish.it\/new\/wp-json\/wp\/v2\/product_cat?post=85300"},{"taxonomy":"product_tag","embeddable":true,"href":"https:\/\/www.pescafish.it\/new\/wp-json\/wp\/v2\/product_tag?post=85300"}],"curies":[{"name":"wp","href":"https:\/\/api.w.org\/{rel}","templated":true}]}}