{"id":85173,"date":"2023-01-19T13:34:40","date_gmt":"2023-01-19T12:34:40","guid":{"rendered":"https:\/\/www.pescafish.it\/new\/?post_type=product&#038;p=85173"},"modified":"2023-01-19T13:34:41","modified_gmt":"2023-01-19T12:34:41","slug":"heli-safe-tubing-kit-korda","status":"publish","type":"product","link":"https:\/\/www.pescafish.it\/new\/prodotto\/heli-safe-tubing-kit-korda\/","title":{"rendered":"Heli Safe Tubing Kit\u00a0&#8211; Korda"},"content":{"rendered":"<h2>Heli Safe Tubing Kit<\/h2>\n<p>Il sistema Heli-Safe \u00e8 un prodotto straordinario ed \u00e8 gi\u00e0 ampiamente utilizzato dai pescatori di tutto il mondo, ma ora, grazie ad un intelligente miglioramento, molte pi\u00f9 persone potranno trarne vantaggio.<\/p>\n<p>In precedenza il suo uso in alcune acque era stato limitato in gran parte da divieti sull&#8217;uso del leadcore, e leader in generale, e con qualsiasi assetto che non si prestava ad essere pescato &#8216;nudo&#8217; sulla linea principale, significava che le persone dovevano cercare un&#8217;opzione alternativa.<\/p>\n<p>\u00c8 stato un vero peccato, perch\u00e9 per chiunque voglia pescare un elicottero in stile rig, l&#8217;Heli-Safe \u00e8 davvero il sistema definitivo.<\/p>\n<p>Ha tutte le caratteristiche di un tradizionale sistema di elicotteri &#8211; come le sue propriet\u00e0 anti-groviglio; essere in grado di fare un lungo cammino; e permettendo che il tallone superiore sia impostato per determinare come il collegamento del gancio si deposita sul fondo &#8211; ma l&#8217;enorme vantaggio che ha sugli altri \u00e8 che quando un pesce viene agganciato, consente di far cadere il piombo, il che significa che non c&#8217;\u00e8 pericolo di essersi impigliato o bloccato nell&#8217;erbaccia, che era sempre uno dei grandi svantaggi e fattori limitanti delle piattaforme di elicotteri in passato.<\/p>\n<p>Ovviamente ci sono anche molte situazioni in cui perdere il vantaggio non \u00e8 essenziale per allamare il pesce, e in questi casi il &#8216;collare&#8217; Heli-Safe pu\u00f2 essere inserito per evitare che ci\u00f2 accada.<\/p>\n<p>Quindi, sarai felice di sapere che Korda ha trovato una soluzione che significa che l&#8217;Heli-Safe pu\u00f2 ora essere usato con tubi rig e, a meno che le piattaforme di elicotteri non siano specificamente proibite dalle regole, dovrebbe significare che questo set-up ora pu\u00f2 essere utilizzato praticamente su qualsiasi acqua del paese.<\/p>\n<p>In precedenza non era possibile utilizzare l&#8217;Heli-Safe in combinazione con il tubo e, sebbene fosse possibile pescare una versione &#8216;nuda&#8217;, non tutti sono contenti di avere il collegamento del gancio girevole direttamente sulla loro linea principale senza alcun tipo di leader, oltre ovviamente non ha le stesse qualit\u00e0 anti-groviglio quando pescato in questo modo.<\/p>\n<p>La soluzione al problema pu\u00f2 sembrare molto semplice, ma un sacco di pensieri e test sono stati fatti per ottenere il kit Heli-Safe Tubing giusto, in modo che funzioni nel modo previsto in termini di caduta del cavo.<\/p>\n<p>Il team di sviluppo prodotto di Korda ha risolto il problema presentando un piccolo plug &#8211; chiamato &#8216;cappello da strega&#8217; &#8211; che si trova all&#8217;interno dell&#8217;Heli-Safe e tiene in posizione il tubo. Se utilizzato in combinazione con un &#8216;cappuccio&#8217; Heli-Safe adattato, dotato di una &#8216;coda&#8217; di plastica dura, questo garantisce che il tubo non possa staccarsi e che il sistema funzioni come originariamente previsto.<\/p>\n<p>Damian Clarke, che ha avuto l&#8217;idea, ha spiegato: &#8216;C&#8217;\u00e8 un divieto ai leader di leadcore e di zona sicura dove prendo il pesce su Savay Lake, e come molte persone avevo provato vari modi di usare tubi con la Heli-Safe, ma nessuno di loro ha funzionato correttamente.<\/p>\n<p>&#8216;Il&#8217; cappello della strega &#8216;\u00e8 la parte pi\u00f9 intelligente di questo prodotto, poich\u00e9 tiene saldamente in posizione il tubo e pu\u00f2 essere utilizzato con il nostro tungsteno Dark Matter o con il tubo di plastica Kamo rig.<\/p>\n<p>Lo sto usando da pi\u00f9 di due anni, ed \u00e8 un brillante set-up.<\/p>\n<p>Risolve tutti i problemi che si possono ottenere con l&#8217;installazione di un elicottero nudo, dove si possono ancora avere grovigli a meno che non si stia utilizzando un gancio rigido, inoltre alcuni pescatori non sono contenti di avere la girella che corre direttamente sulla linea.<\/p>\n<p>&#8216;Il tallone di tungsteno si muove molto facilmente sul tubo, quindi \u00e8 un set-up sicuro, ma \u00e8 necessario fermare il piombo mentre colpisce l&#8217;acqua, altrimenti il tallone pu\u00f2 muoversi quando non lo si desidera. Ci sono situazioni in cui non hai bisogno di lasciare il lead e puoi impostare Heli-Safe per quello, come faresti normalmente in quella situazione.<\/p>\n<p><strong>Disponibile nelle seguenti colorazioni:<\/strong><br \/>\n<strong>KHDTB<\/strong>\u00a0 Gravel<br \/>\n<strong>KHDTG<\/strong>\u00a0 Weed<\/p>\n","protected":false},"excerpt":{"rendered":"<p>Heli Safe Tubing Kit Il sistema Heli-Safe \u00e8 un prodotto straordinario ed \u00e8 gi\u00e0 ampiamente utilizzato dai pescatori di tutto il mondo, ma ora, grazie ad un intelligente miglioramento, molte pi\u00f9 persone potranno trarne vantaggio. In precedenza il suo uso in alcune acque era stato limitato in gran parte da divieti sull&#8217;uso del leadcore, e [&hellip;]<\/p>\n","protected":false},"featured_media":85174,"comment_status":"closed","ping_status":"closed","template":"","meta":[],"product_cat":[587],"product_tag":[1018],"yoast_head":"<!-- This site is optimized with the Yoast SEO plugin v15.3 - https:\/\/yoast.com\/wordpress\/plugins\/seo\/ -->\n<title>Heli Safe Tubing Kit\u00a0- Korda - Pesca Fish<\/title>\n<meta name=\"robots\" content=\"index, follow, max-snippet:-1, max-image-preview:large, max-video-preview:-1\" \/>\n<link rel=\"canonical\" href=\"https:\/\/www.pescafish.it\/new\/prodotto\/heli-safe-tubing-kit-korda\/\" \/>\n<meta property=\"og:locale\" content=\"it_IT\" \/>\n<meta property=\"og:type\" content=\"article\" \/>\n<meta property=\"og:title\" content=\"Heli Safe Tubing Kit\u00a0- Korda - Pesca Fish\" \/>\n<meta property=\"og:description\" content=\"Heli Safe Tubing Kit Il sistema Heli-Safe \u00e8 un prodotto straordinario ed \u00e8 gi\u00e0 ampiamente utilizzato dai pescatori di tutto il mondo, ma ora, grazie ad un intelligente miglioramento, molte pi\u00f9 persone potranno trarne vantaggio. In precedenza il suo uso in alcune acque era stato limitato in gran parte da divieti sull&#8217;uso del leadcore, e [&hellip;]\" \/>\n<meta property=\"og:url\" content=\"https:\/\/www.pescafish.it\/new\/prodotto\/heli-safe-tubing-kit-korda\/\" \/>\n<meta property=\"og:site_name\" content=\"Pesca Fish\" \/>\n<meta property=\"article:publisher\" content=\"https:\/\/www.facebook.com\/pescafishvr\/\" \/>\n<meta property=\"article:modified_time\" content=\"2023-01-19T12:34:41+00:00\" \/>\n<meta property=\"og:image\" content=\"https:\/\/www.pescafish.it\/new\/wp-content\/uploads\/2023\/01\/weed-2.jpg\" \/>\n\t<meta property=\"og:image:width\" content=\"789\" \/>\n\t<meta property=\"og:image:height\" content=\"794\" \/>\n<meta name=\"twitter:card\" content=\"summary_large_image\" \/>\n<meta name=\"twitter:label1\" content=\"Scritto da\">\n\t<meta name=\"twitter:data1\" content=\"francesca\">\n\t<meta name=\"twitter:label2\" content=\"Tempo di lettura stimato\">\n\t<meta name=\"twitter:data2\" content=\"3 minuti\">\n<script type=\"application\/ld+json\" class=\"yoast-schema-graph\">{\"@context\":\"https:\/\/schema.org\",\"@graph\":[{\"@type\":\"WebSite\",\"@id\":\"https:\/\/www.pescafish.it\/new\/#website\",\"url\":\"https:\/\/www.pescafish.it\/new\/\",\"name\":\"Pesca Fish\",\"description\":\"Benvenuti sul nostro sito!\",\"potentialAction\":[{\"@type\":\"SearchAction\",\"target\":\"https:\/\/www.pescafish.it\/new\/?s={search_term_string}\",\"query-input\":\"required name=search_term_string\"}],\"inLanguage\":\"it-IT\"},{\"@type\":\"ImageObject\",\"@id\":\"https:\/\/www.pescafish.it\/new\/prodotto\/heli-safe-tubing-kit-korda\/#primaryimage\",\"inLanguage\":\"it-IT\",\"url\":\"https:\/\/www.pescafish.it\/new\/wp-content\/uploads\/2023\/01\/weed-2.jpg\",\"width\":789,\"height\":794,\"caption\":\"Korda\"},{\"@type\":\"WebPage\",\"@id\":\"https:\/\/www.pescafish.it\/new\/prodotto\/heli-safe-tubing-kit-korda\/#webpage\",\"url\":\"https:\/\/www.pescafish.it\/new\/prodotto\/heli-safe-tubing-kit-korda\/\",\"name\":\"Heli Safe Tubing Kit\\u00a0- Korda - Pesca Fish\",\"isPartOf\":{\"@id\":\"https:\/\/www.pescafish.it\/new\/#website\"},\"primaryImageOfPage\":{\"@id\":\"https:\/\/www.pescafish.it\/new\/prodotto\/heli-safe-tubing-kit-korda\/#primaryimage\"},\"datePublished\":\"2023-01-19T12:34:40+00:00\",\"dateModified\":\"2023-01-19T12:34:41+00:00\",\"inLanguage\":\"it-IT\",\"potentialAction\":[{\"@type\":\"ReadAction\",\"target\":[\"https:\/\/www.pescafish.it\/new\/prodotto\/heli-safe-tubing-kit-korda\/\"]}]}]}<\/script>\n<!-- \/ Yoast SEO plugin. -->","_links":{"self":[{"href":"https:\/\/www.pescafish.it\/new\/wp-json\/wp\/v2\/product\/85173"}],"collection":[{"href":"https:\/\/www.pescafish.it\/new\/wp-json\/wp\/v2\/product"}],"about":[{"href":"https:\/\/www.pescafish.it\/new\/wp-json\/wp\/v2\/types\/product"}],"replies":[{"embeddable":true,"href":"https:\/\/www.pescafish.it\/new\/wp-json\/wp\/v2\/comments?post=85173"}],"wp:featuredmedia":[{"embeddable":true,"href":"https:\/\/www.pescafish.it\/new\/wp-json\/wp\/v2\/media\/85174"}],"wp:attachment":[{"href":"https:\/\/www.pescafish.it\/new\/wp-json\/wp\/v2\/media?parent=85173"}],"wp:term":[{"taxonomy":"product_cat","embeddable":true,"href":"https:\/\/www.pescafish.it\/new\/wp-json\/wp\/v2\/product_cat?post=85173"},{"taxonomy":"product_tag","embeddable":true,"href":"https:\/\/www.pescafish.it\/new\/wp-json\/wp\/v2\/product_tag?post=85173"}],"curies":[{"name":"wp","href":"https:\/\/api.w.org\/{rel}","templated":true}]}}