{"id":85152,"date":"2023-01-19T09:53:40","date_gmt":"2023-01-19T08:53:40","guid":{"rendered":"https:\/\/www.pescafish.it\/new\/?post_type=product&#038;p=85152"},"modified":"2023-01-19T09:53:41","modified_gmt":"2023-01-19T08:53:41","slug":"flying-backlead-korda","status":"publish","type":"product","link":"https:\/\/www.pescafish.it\/new\/prodotto\/flying-backlead-korda\/","title":{"rendered":"Flying Backlead &#8211; Korda"},"content":{"rendered":"<h2>Flying Backlead<\/h2>\n<p>Questo piombo volante di Korda ha la particolarit\u00e0 di essere rimovibile. Un tubo di plastica \u00e8 infatti inserito all&#8217;interno del corpo del piombo e garantisce una buona scorrevolezza di tutti sulla linea del corpo. Basta staccare il cavo dall&#8217;inserto di plastica per staccare questi 2 elementi dalla linea. La forma del tipo &#8220;palla&#8221; \u00e8 aerodinamica e non interferisce con il passo.Questo accessorio \u00e8 un vantaggio importante per appiattire la linea sul fondo, per una maggiore discrezione in prossimit\u00e0 della modifica. Il suo colore garantir\u00e0 una perfetta discrezione e si adatter\u00e0 alla maggior parte dei substrati.<\/p>\n<p><strong>Disponibile nelle seguenti varianti:<\/strong><br \/>\n<strong>KFB1<\/strong>\u00a0 Small (3gr)<br \/>\n<strong>KFB2\u00a0<\/strong> Medium (5gr)<\/p>\n","protected":false},"excerpt":{"rendered":"<p>Flying Backlead Questo piombo volante di Korda ha la particolarit\u00e0 di essere rimovibile. Un tubo di plastica \u00e8 infatti inserito all&#8217;interno del corpo del piombo e garantisce una buona scorrevolezza di tutti sulla linea del corpo. Basta staccare il cavo dall&#8217;inserto di plastica per staccare questi 2 elementi dalla linea. La forma del tipo &#8220;palla&#8221; [&hellip;]<\/p>\n","protected":false},"featured_media":85153,"comment_status":"closed","ping_status":"closed","template":"","meta":[],"product_cat":[408],"product_tag":[1018],"yoast_head":"<!-- This site is optimized with the Yoast SEO plugin v15.3 - https:\/\/yoast.com\/wordpress\/plugins\/seo\/ -->\n<title>Flying Backlead - Korda - Pesca Fish<\/title>\n<meta name=\"robots\" content=\"index, follow, max-snippet:-1, max-image-preview:large, max-video-preview:-1\" \/>\n<link rel=\"canonical\" href=\"https:\/\/www.pescafish.it\/new\/prodotto\/flying-backlead-korda\/\" \/>\n<meta property=\"og:locale\" content=\"it_IT\" \/>\n<meta property=\"og:type\" content=\"article\" \/>\n<meta property=\"og:title\" content=\"Flying Backlead - Korda - Pesca Fish\" \/>\n<meta property=\"og:description\" content=\"Flying Backlead Questo piombo volante di Korda ha la particolarit\u00e0 di essere rimovibile. Un tubo di plastica \u00e8 infatti inserito all&#8217;interno del corpo del piombo e garantisce una buona scorrevolezza di tutti sulla linea del corpo. Basta staccare il cavo dall&#8217;inserto di plastica per staccare questi 2 elementi dalla linea. La forma del tipo &#8220;palla&#8221; [&hellip;]\" \/>\n<meta property=\"og:url\" content=\"https:\/\/www.pescafish.it\/new\/prodotto\/flying-backlead-korda\/\" \/>\n<meta property=\"og:site_name\" content=\"Pesca Fish\" \/>\n<meta property=\"article:publisher\" content=\"https:\/\/www.facebook.com\/pescafishvr\/\" \/>\n<meta property=\"article:modified_time\" content=\"2023-01-19T08:53:41+00:00\" \/>\n<meta property=\"og:image\" content=\"https:\/\/www.pescafish.it\/new\/wp-content\/uploads\/2023\/01\/F-1.jpg\" \/>\n\t<meta property=\"og:image:width\" content=\"789\" \/>\n\t<meta property=\"og:image:height\" content=\"794\" \/>\n<meta name=\"twitter:card\" content=\"summary_large_image\" \/>\n<meta name=\"twitter:label1\" content=\"Scritto da\">\n\t<meta name=\"twitter:data1\" content=\"francesca\">\n\t<meta name=\"twitter:label2\" content=\"Tempo di lettura stimato\">\n\t<meta name=\"twitter:data2\" content=\"0 minuti\">\n<script type=\"application\/ld+json\" class=\"yoast-schema-graph\">{\"@context\":\"https:\/\/schema.org\",\"@graph\":[{\"@type\":\"WebSite\",\"@id\":\"https:\/\/www.pescafish.it\/new\/#website\",\"url\":\"https:\/\/www.pescafish.it\/new\/\",\"name\":\"Pesca Fish\",\"description\":\"Benvenuti sul nostro sito!\",\"potentialAction\":[{\"@type\":\"SearchAction\",\"target\":\"https:\/\/www.pescafish.it\/new\/?s={search_term_string}\",\"query-input\":\"required name=search_term_string\"}],\"inLanguage\":\"it-IT\"},{\"@type\":\"ImageObject\",\"@id\":\"https:\/\/www.pescafish.it\/new\/prodotto\/flying-backlead-korda\/#primaryimage\",\"inLanguage\":\"it-IT\",\"url\":\"https:\/\/www.pescafish.it\/new\/wp-content\/uploads\/2023\/01\/F-1.jpg\",\"width\":789,\"height\":794,\"caption\":\"Korda\"},{\"@type\":\"WebPage\",\"@id\":\"https:\/\/www.pescafish.it\/new\/prodotto\/flying-backlead-korda\/#webpage\",\"url\":\"https:\/\/www.pescafish.it\/new\/prodotto\/flying-backlead-korda\/\",\"name\":\"Flying Backlead - Korda - Pesca Fish\",\"isPartOf\":{\"@id\":\"https:\/\/www.pescafish.it\/new\/#website\"},\"primaryImageOfPage\":{\"@id\":\"https:\/\/www.pescafish.it\/new\/prodotto\/flying-backlead-korda\/#primaryimage\"},\"datePublished\":\"2023-01-19T08:53:40+00:00\",\"dateModified\":\"2023-01-19T08:53:41+00:00\",\"inLanguage\":\"it-IT\",\"potentialAction\":[{\"@type\":\"ReadAction\",\"target\":[\"https:\/\/www.pescafish.it\/new\/prodotto\/flying-backlead-korda\/\"]}]}]}<\/script>\n<!-- \/ Yoast SEO plugin. -->","_links":{"self":[{"href":"https:\/\/www.pescafish.it\/new\/wp-json\/wp\/v2\/product\/85152"}],"collection":[{"href":"https:\/\/www.pescafish.it\/new\/wp-json\/wp\/v2\/product"}],"about":[{"href":"https:\/\/www.pescafish.it\/new\/wp-json\/wp\/v2\/types\/product"}],"replies":[{"embeddable":true,"href":"https:\/\/www.pescafish.it\/new\/wp-json\/wp\/v2\/comments?post=85152"}],"wp:featuredmedia":[{"embeddable":true,"href":"https:\/\/www.pescafish.it\/new\/wp-json\/wp\/v2\/media\/85153"}],"wp:attachment":[{"href":"https:\/\/www.pescafish.it\/new\/wp-json\/wp\/v2\/media?parent=85152"}],"wp:term":[{"taxonomy":"product_cat","embeddable":true,"href":"https:\/\/www.pescafish.it\/new\/wp-json\/wp\/v2\/product_cat?post=85152"},{"taxonomy":"product_tag","embeddable":true,"href":"https:\/\/www.pescafish.it\/new\/wp-json\/wp\/v2\/product_tag?post=85152"}],"curies":[{"name":"wp","href":"https:\/\/api.w.org\/{rel}","templated":true}]}}