{"id":85077,"date":"2023-01-17T11:12:29","date_gmt":"2023-01-17T10:12:29","guid":{"rendered":"https:\/\/www.pescafish.it\/new\/?post_type=product&#038;p=85077"},"modified":"2024-11-25T16:30:51","modified_gmt":"2024-11-25T15:30:51","slug":"choddy-b-korda","status":"publish","type":"product","link":"https:\/\/www.pescafish.it\/new\/prodotto\/choddy-b-korda\/","title":{"rendered":"Choddy B &#8211; Korda"},"content":{"rendered":"<h2>Choddy B<\/h2>\n<p>Il Choddy B \u00e8 una versione senza ardiglione del nostro amo Choddy, che \u00e8 stato progettato per l&#8217;uso con i popolari chod e rig rigidi. Pu\u00f2 essere utilizzato anche su terminali con esche di fondo, in particolare con treccia rivestita o fluorocarbon.<\/p>\n<p><strong>Disponibile nelle seguenti misure:<\/strong><br \/>\n<strong>KCHB4<\/strong>\u00a0 Size 4<br \/>\n<strong>KCHB6<\/strong>\u00a0 Size 6<br \/>\n<strong>KCHB8<\/strong>\u00a0 Size 8<\/p>\n","protected":false},"excerpt":{"rendered":"<p>Choddy B Il Choddy B \u00e8 una versione senza ardiglione del nostro amo Choddy, che \u00e8 stato progettato per l&#8217;uso con i popolari chod e rig rigidi. Pu\u00f2 essere utilizzato anche su terminali con esche di fondo, in particolare con treccia rivestita o fluorocarbon. Disponibile nelle seguenti misure: KCHB4\u00a0 Size 4 KCHB6\u00a0 Size 6 KCHB8\u00a0 [&hellip;]<\/p>\n","protected":false},"featured_media":85078,"comment_status":"closed","ping_status":"closed","template":"","meta":[],"product_cat":[396],"product_tag":[1018],"yoast_head":"<!-- This site is optimized with the Yoast SEO plugin v15.3 - https:\/\/yoast.com\/wordpress\/plugins\/seo\/ -->\n<title>Choddy B - Korda - Pesca Fish<\/title>\n<meta name=\"robots\" content=\"index, follow, max-snippet:-1, max-image-preview:large, max-video-preview:-1\" \/>\n<link rel=\"canonical\" href=\"https:\/\/www.pescafish.it\/new\/prodotto\/choddy-b-korda\/\" \/>\n<meta property=\"og:locale\" content=\"it_IT\" \/>\n<meta property=\"og:type\" content=\"article\" \/>\n<meta property=\"og:title\" content=\"Choddy B - Korda - Pesca Fish\" \/>\n<meta property=\"og:description\" content=\"Choddy B Il Choddy B \u00e8 una versione senza ardiglione del nostro amo Choddy, che \u00e8 stato progettato per l&#8217;uso con i popolari chod e rig rigidi. Pu\u00f2 essere utilizzato anche su terminali con esche di fondo, in particolare con treccia rivestita o fluorocarbon. Disponibile nelle seguenti misure: KCHB4\u00a0 Size 4 KCHB6\u00a0 Size 6 KCHB8\u00a0 [&hellip;]\" \/>\n<meta property=\"og:url\" content=\"https:\/\/www.pescafish.it\/new\/prodotto\/choddy-b-korda\/\" \/>\n<meta property=\"og:site_name\" content=\"Pesca Fish\" \/>\n<meta property=\"article:publisher\" content=\"https:\/\/www.facebook.com\/pescafishvr\/\" \/>\n<meta property=\"article:modified_time\" content=\"2024-11-25T15:30:51+00:00\" \/>\n<meta property=\"og:image\" content=\"https:\/\/www.pescafish.it\/new\/wp-content\/uploads\/2023\/01\/rrr3.jpg\" \/>\n\t<meta property=\"og:image:width\" content=\"789\" \/>\n\t<meta property=\"og:image:height\" content=\"794\" \/>\n<meta name=\"twitter:card\" content=\"summary_large_image\" \/>\n<meta name=\"twitter:label1\" content=\"Scritto da\">\n\t<meta name=\"twitter:data1\" content=\"francesca\">\n\t<meta name=\"twitter:label2\" content=\"Tempo di lettura stimato\">\n\t<meta name=\"twitter:data2\" content=\"0 minuti\">\n<script type=\"application\/ld+json\" class=\"yoast-schema-graph\">{\"@context\":\"https:\/\/schema.org\",\"@graph\":[{\"@type\":\"WebSite\",\"@id\":\"https:\/\/www.pescafish.it\/new\/#website\",\"url\":\"https:\/\/www.pescafish.it\/new\/\",\"name\":\"Pesca Fish\",\"description\":\"Benvenuti sul nostro sito!\",\"potentialAction\":[{\"@type\":\"SearchAction\",\"target\":\"https:\/\/www.pescafish.it\/new\/?s={search_term_string}\",\"query-input\":\"required name=search_term_string\"}],\"inLanguage\":\"it-IT\"},{\"@type\":\"ImageObject\",\"@id\":\"https:\/\/www.pescafish.it\/new\/prodotto\/choddy-b-korda\/#primaryimage\",\"inLanguage\":\"it-IT\",\"url\":\"https:\/\/www.pescafish.it\/new\/wp-content\/uploads\/2023\/01\/rrr3.jpg\",\"width\":789,\"height\":794,\"caption\":\"Korda\"},{\"@type\":\"WebPage\",\"@id\":\"https:\/\/www.pescafish.it\/new\/prodotto\/choddy-b-korda\/#webpage\",\"url\":\"https:\/\/www.pescafish.it\/new\/prodotto\/choddy-b-korda\/\",\"name\":\"Choddy B - Korda - Pesca Fish\",\"isPartOf\":{\"@id\":\"https:\/\/www.pescafish.it\/new\/#website\"},\"primaryImageOfPage\":{\"@id\":\"https:\/\/www.pescafish.it\/new\/prodotto\/choddy-b-korda\/#primaryimage\"},\"datePublished\":\"2023-01-17T10:12:29+00:00\",\"dateModified\":\"2024-11-25T15:30:51+00:00\",\"inLanguage\":\"it-IT\",\"potentialAction\":[{\"@type\":\"ReadAction\",\"target\":[\"https:\/\/www.pescafish.it\/new\/prodotto\/choddy-b-korda\/\"]}]}]}<\/script>\n<!-- \/ Yoast SEO plugin. -->","_links":{"self":[{"href":"https:\/\/www.pescafish.it\/new\/wp-json\/wp\/v2\/product\/85077"}],"collection":[{"href":"https:\/\/www.pescafish.it\/new\/wp-json\/wp\/v2\/product"}],"about":[{"href":"https:\/\/www.pescafish.it\/new\/wp-json\/wp\/v2\/types\/product"}],"replies":[{"embeddable":true,"href":"https:\/\/www.pescafish.it\/new\/wp-json\/wp\/v2\/comments?post=85077"}],"wp:featuredmedia":[{"embeddable":true,"href":"https:\/\/www.pescafish.it\/new\/wp-json\/wp\/v2\/media\/85078"}],"wp:attachment":[{"href":"https:\/\/www.pescafish.it\/new\/wp-json\/wp\/v2\/media?parent=85077"}],"wp:term":[{"taxonomy":"product_cat","embeddable":true,"href":"https:\/\/www.pescafish.it\/new\/wp-json\/wp\/v2\/product_cat?post=85077"},{"taxonomy":"product_tag","embeddable":true,"href":"https:\/\/www.pescafish.it\/new\/wp-json\/wp\/v2\/product_tag?post=85077"}],"curies":[{"name":"wp","href":"https:\/\/api.w.org\/{rel}","templated":true}]}}