{"id":84916,"date":"2023-01-10T11:19:52","date_gmt":"2023-01-10T10:19:52","guid":{"rendered":"https:\/\/www.pescafish.it\/new\/?post_type=product&#038;p=84916"},"modified":"2025-06-23T23:44:02","modified_gmt":"2025-06-23T21:44:02","slug":"box-logic-tt-rig-station-testing-tank-nash","status":"publish","type":"product","link":"https:\/\/www.pescafish.it\/new\/prodotto\/box-logic-tt-rig-station-testing-tank-nash\/","title":{"rendered":"Box Logic TT Rig Station &#038; Testing Tank &#8211; Nash"},"content":{"rendered":"<h2>Box Logic TT Rig Station &amp; Testing Tank<\/h2>\n<p>Con la Box Logic TT Rig Station hai tutto ci\u00f2 di cui hai bisogno in uno spazio di lavoro pratico ed organizzato.<\/p>\n<p>In grado di contenere sia gli strumenti pi\u00f9 piccoli, fino alle minuterie pi\u00f9 lunghe, tutte insieme, trasformandola in una scatola porta minuterie tradizionale, ma con spazio sufficiente per spod, marker e perfino i tubi di PVA, \u00e8 il miglior metodo per pescare nel modo pi\u00f9 efficace possibile.<\/p>\n<p><strong>Caratteristiche:<\/strong><\/p>\n<p>\u2022 Scatola di grande capacit\u00e0 con doppia profondit\u00e0 di 10cm per accogliere gli oggetti pi\u00f9 grandi.<br \/>\n\u2022 Partizionamento variabile per personalizzare lo spazio in base alle proprie esigenze.<br \/>\n\u2022 Include un vassoio trasparente Rig Testing Tank per la regolazione di rig bilanciati o per contenere tanti altri accessori come PVA o rig gi\u00e0 pronti.<br \/>\n\u2022 Fornito con quattro divisori grandi ed otto divisori piccoli.<br \/>\n\u2022 Gambe pieghevoli, regolabili con molla e piedi anti-fango.<br \/>\n\u2022 Pratico vassoio porta oggetti in rete sotto la scatola per rig, centralina ed altri accessori \u2013 rimane in posizione quando le gambe sono piegate.<br \/>\n\u2022 Piano di lavoro con bordo profondo per evitare fuoriuscite.<br \/>\n\u2022 Metro per un\u2019accurata costruzione dei rig.<br \/>\n\u2022 Cassetto per contenere rig montati.<br \/>\n\u2022 Anelli di bloccaggio per rig.<\/p>\n","protected":false},"excerpt":{"rendered":"<p>Box Logic TT Rig Station &amp; Testing Tank Con la Box Logic TT Rig Station hai tutto ci\u00f2 di cui hai bisogno in uno spazio di lavoro pratico ed organizzato. In grado di contenere sia gli strumenti pi\u00f9 piccoli, fino alle minuterie pi\u00f9 lunghe, tutte insieme, trasformandola in una scatola porta minuterie tradizionale, ma con [&hellip;]<\/p>\n","protected":false},"featured_media":84919,"comment_status":"closed","ping_status":"closed","template":"","meta":[],"product_cat":[879],"product_tag":[1024],"yoast_head":"<!-- This site is optimized with the Yoast SEO plugin v15.3 - https:\/\/yoast.com\/wordpress\/plugins\/seo\/ -->\n<title>Box Logic TT Rig Station &amp; Testing Tank - Nash - Pesca Fish<\/title>\n<meta name=\"robots\" content=\"index, follow, max-snippet:-1, max-image-preview:large, max-video-preview:-1\" \/>\n<link rel=\"canonical\" href=\"https:\/\/www.pescafish.it\/new\/prodotto\/box-logic-tt-rig-station-testing-tank-nash\/\" \/>\n<meta property=\"og:locale\" content=\"it_IT\" \/>\n<meta property=\"og:type\" content=\"article\" \/>\n<meta property=\"og:title\" content=\"Box Logic TT Rig Station &amp; Testing Tank - Nash - Pesca Fish\" \/>\n<meta property=\"og:description\" content=\"Box Logic TT Rig Station &amp; Testing Tank Con la Box Logic TT Rig Station hai tutto ci\u00f2 di cui hai bisogno in uno spazio di lavoro pratico ed organizzato. In grado di contenere sia gli strumenti pi\u00f9 piccoli, fino alle minuterie pi\u00f9 lunghe, tutte insieme, trasformandola in una scatola porta minuterie tradizionale, ma con [&hellip;]\" \/>\n<meta property=\"og:url\" content=\"https:\/\/www.pescafish.it\/new\/prodotto\/box-logic-tt-rig-station-testing-tank-nash\/\" \/>\n<meta property=\"og:site_name\" content=\"Pesca Fish\" \/>\n<meta property=\"article:publisher\" content=\"https:\/\/www.facebook.com\/pescafishvr\/\" \/>\n<meta property=\"article:modified_time\" content=\"2025-06-23T21:44:02+00:00\" \/>\n<meta property=\"og:image\" content=\"https:\/\/www.pescafish.it\/new\/wp-content\/uploads\/2023\/01\/ccww.jpg\" \/>\n\t<meta property=\"og:image:width\" content=\"789\" \/>\n\t<meta property=\"og:image:height\" content=\"794\" \/>\n<meta name=\"twitter:card\" content=\"summary_large_image\" \/>\n<meta name=\"twitter:label1\" content=\"Scritto da\">\n\t<meta name=\"twitter:data1\" content=\"francesca\">\n\t<meta name=\"twitter:label2\" content=\"Tempo di lettura stimato\">\n\t<meta name=\"twitter:data2\" content=\"1 minuto\">\n<script type=\"application\/ld+json\" class=\"yoast-schema-graph\">{\"@context\":\"https:\/\/schema.org\",\"@graph\":[{\"@type\":\"WebSite\",\"@id\":\"https:\/\/www.pescafish.it\/new\/#website\",\"url\":\"https:\/\/www.pescafish.it\/new\/\",\"name\":\"Pesca Fish\",\"description\":\"Benvenuti sul nostro sito!\",\"potentialAction\":[{\"@type\":\"SearchAction\",\"target\":\"https:\/\/www.pescafish.it\/new\/?s={search_term_string}\",\"query-input\":\"required name=search_term_string\"}],\"inLanguage\":\"it-IT\"},{\"@type\":\"ImageObject\",\"@id\":\"https:\/\/www.pescafish.it\/new\/prodotto\/box-logic-tt-rig-station-testing-tank-nash\/#primaryimage\",\"inLanguage\":\"it-IT\",\"url\":\"https:\/\/www.pescafish.it\/new\/wp-content\/uploads\/2023\/01\/ccww.jpg\",\"width\":789,\"height\":794,\"caption\":\"Nash\"},{\"@type\":\"WebPage\",\"@id\":\"https:\/\/www.pescafish.it\/new\/prodotto\/box-logic-tt-rig-station-testing-tank-nash\/#webpage\",\"url\":\"https:\/\/www.pescafish.it\/new\/prodotto\/box-logic-tt-rig-station-testing-tank-nash\/\",\"name\":\"Box Logic TT Rig Station & Testing Tank - Nash - Pesca Fish\",\"isPartOf\":{\"@id\":\"https:\/\/www.pescafish.it\/new\/#website\"},\"primaryImageOfPage\":{\"@id\":\"https:\/\/www.pescafish.it\/new\/prodotto\/box-logic-tt-rig-station-testing-tank-nash\/#primaryimage\"},\"datePublished\":\"2023-01-10T10:19:52+00:00\",\"dateModified\":\"2025-06-23T21:44:02+00:00\",\"inLanguage\":\"it-IT\",\"potentialAction\":[{\"@type\":\"ReadAction\",\"target\":[\"https:\/\/www.pescafish.it\/new\/prodotto\/box-logic-tt-rig-station-testing-tank-nash\/\"]}]}]}<\/script>\n<!-- \/ Yoast SEO plugin. -->","_links":{"self":[{"href":"https:\/\/www.pescafish.it\/new\/wp-json\/wp\/v2\/product\/84916"}],"collection":[{"href":"https:\/\/www.pescafish.it\/new\/wp-json\/wp\/v2\/product"}],"about":[{"href":"https:\/\/www.pescafish.it\/new\/wp-json\/wp\/v2\/types\/product"}],"replies":[{"embeddable":true,"href":"https:\/\/www.pescafish.it\/new\/wp-json\/wp\/v2\/comments?post=84916"}],"wp:featuredmedia":[{"embeddable":true,"href":"https:\/\/www.pescafish.it\/new\/wp-json\/wp\/v2\/media\/84919"}],"wp:attachment":[{"href":"https:\/\/www.pescafish.it\/new\/wp-json\/wp\/v2\/media?parent=84916"}],"wp:term":[{"taxonomy":"product_cat","embeddable":true,"href":"https:\/\/www.pescafish.it\/new\/wp-json\/wp\/v2\/product_cat?post=84916"},{"taxonomy":"product_tag","embeddable":true,"href":"https:\/\/www.pescafish.it\/new\/wp-json\/wp\/v2\/product_tag?post=84916"}],"curies":[{"name":"wp","href":"https:\/\/api.w.org\/{rel}","templated":true}]}}