{"id":84855,"date":"2023-01-05T12:11:18","date_gmt":"2023-01-05T11:11:18","guid":{"rendered":"https:\/\/www.pescafish.it\/new\/?post_type=product&#038;p=84855"},"modified":"2023-02-18T16:04:18","modified_gmt":"2023-02-18T15:04:18","slug":"cr-3-price-winter-suit-trakker","status":"publish","type":"product","link":"https:\/\/www.pescafish.it\/new\/prodotto\/cr-3-price-winter-suit-trakker\/","title":{"rendered":"CR 3 Price Winter Suit\u00a0&#8211; Trakker"},"content":{"rendered":"<h2>CR 3 Price Winter Suit<\/h2>\n<p>Una muta da pesca alla carpa invernale in 3 pezzi robusta e pratica, progettata per tenere a bada le condizioni pi\u00f9 difficili.<\/p>\n<p>Composto da una giacca pesante con interno in pile con zip e salopette, questa tuta invernale stabilisce il punto di riferimento quando si tratta di abbigliamento invernale per la pesca alla carpa.<\/p>\n<p>Vantando caratteristiche come cuciture nastrate, rivestimento in teflon per respingere la pioggia (valutazione della testa idrostatica di 5.000 mm) e pannelli rinforzati sulle ginocchia: questa tuta offre davvero tutto!<\/p>\n<p>La tuta ora tutta color cachi offre ancora il suo esclusivo sistema di stratificazione in 3 pezzi con giacca isolante, fodera interattiva in pile con zip e fondo completo di pettorina e tutore.<\/p>\n<p>Questa tuta versatile e pesante pu\u00f2 essere utilizzata per intero nei mesi pi\u00f9 freddi e lo strato di pile pu\u00f2 essere rimosso per i giorni pi\u00f9 caldi, favorendo un migliore comfort in riva al mare.<\/p>\n<p>Lo stile e la vestibilit\u00e0 dei capi offrono un movimento ottimale quando si \u00e8 in banca. Tutte le tasche sono foderate in pile per un maggiore calore, con zip.<\/p>\n<p>Una tuta in 3 pezzi per le massime prestazioni e versatilit\u00e0!<\/p>\n<p><strong>Disponibile nelle seguenti taglie:<br \/>\n20790<\/strong>\u00a0 Medium<br \/>\n<strong>20791<\/strong>\u00a0 Large<br \/>\n<strong>20792<\/strong>\u00a0 X Large<\/p>\n","protected":false},"excerpt":{"rendered":"<p>CR 3 Price Winter Suit Una muta da pesca alla carpa invernale in 3 pezzi robusta e pratica, progettata per tenere a bada le condizioni pi\u00f9 difficili. Composto da una giacca pesante con interno in pile con zip e salopette, questa tuta invernale stabilisce il punto di riferimento quando si tratta di abbigliamento invernale per [&hellip;]<\/p>\n","protected":false},"featured_media":84856,"comment_status":"closed","ping_status":"closed","template":"","meta":[],"product_cat":[919],"product_tag":[1073],"yoast_head":"<!-- This site is optimized with the Yoast SEO plugin v15.3 - https:\/\/yoast.com\/wordpress\/plugins\/seo\/ -->\n<title>CR 3 Price Winter Suit\u00a0- Trakker - Pesca Fish<\/title>\n<meta name=\"robots\" content=\"index, follow, max-snippet:-1, max-image-preview:large, max-video-preview:-1\" \/>\n<link rel=\"canonical\" href=\"https:\/\/www.pescafish.it\/new\/prodotto\/cr-3-price-winter-suit-trakker\/\" \/>\n<meta property=\"og:locale\" content=\"it_IT\" \/>\n<meta property=\"og:type\" content=\"article\" \/>\n<meta property=\"og:title\" content=\"CR 3 Price Winter Suit\u00a0- Trakker - Pesca Fish\" \/>\n<meta property=\"og:description\" content=\"CR 3 Price Winter Suit Una muta da pesca alla carpa invernale in 3 pezzi robusta e pratica, progettata per tenere a bada le condizioni pi\u00f9 difficili. Composto da una giacca pesante con interno in pile con zip e salopette, questa tuta invernale stabilisce il punto di riferimento quando si tratta di abbigliamento invernale per [&hellip;]\" \/>\n<meta property=\"og:url\" content=\"https:\/\/www.pescafish.it\/new\/prodotto\/cr-3-price-winter-suit-trakker\/\" \/>\n<meta property=\"og:site_name\" content=\"Pesca Fish\" \/>\n<meta property=\"article:publisher\" content=\"https:\/\/www.facebook.com\/pescafishvr\/\" \/>\n<meta property=\"article:modified_time\" content=\"2023-02-18T15:04:18+00:00\" \/>\n<meta property=\"og:image\" content=\"https:\/\/www.pescafish.it\/new\/wp-content\/uploads\/2023\/01\/tetw-scaled.jpg\" \/>\n\t<meta property=\"og:image:width\" content=\"2544\" \/>\n\t<meta property=\"og:image:height\" content=\"2560\" \/>\n<meta name=\"twitter:card\" content=\"summary_large_image\" \/>\n<meta name=\"twitter:label1\" content=\"Scritto da\">\n\t<meta name=\"twitter:data1\" content=\"francesca\">\n\t<meta name=\"twitter:label2\" content=\"Tempo di lettura stimato\">\n\t<meta name=\"twitter:data2\" content=\"1 minuto\">\n<script type=\"application\/ld+json\" class=\"yoast-schema-graph\">{\"@context\":\"https:\/\/schema.org\",\"@graph\":[{\"@type\":\"WebSite\",\"@id\":\"https:\/\/www.pescafish.it\/new\/#website\",\"url\":\"https:\/\/www.pescafish.it\/new\/\",\"name\":\"Pesca Fish\",\"description\":\"Benvenuti sul nostro sito!\",\"potentialAction\":[{\"@type\":\"SearchAction\",\"target\":\"https:\/\/www.pescafish.it\/new\/?s={search_term_string}\",\"query-input\":\"required name=search_term_string\"}],\"inLanguage\":\"it-IT\"},{\"@type\":\"ImageObject\",\"@id\":\"https:\/\/www.pescafish.it\/new\/prodotto\/cr-3-price-winter-suit-trakker\/#primaryimage\",\"inLanguage\":\"it-IT\",\"url\":\"https:\/\/www.pescafish.it\/new\/wp-content\/uploads\/2023\/01\/tetw-scaled.jpg\",\"width\":2544,\"height\":2560,\"caption\":\"Trakker\"},{\"@type\":\"WebPage\",\"@id\":\"https:\/\/www.pescafish.it\/new\/prodotto\/cr-3-price-winter-suit-trakker\/#webpage\",\"url\":\"https:\/\/www.pescafish.it\/new\/prodotto\/cr-3-price-winter-suit-trakker\/\",\"name\":\"CR 3 Price Winter Suit\\u00a0- Trakker - Pesca Fish\",\"isPartOf\":{\"@id\":\"https:\/\/www.pescafish.it\/new\/#website\"},\"primaryImageOfPage\":{\"@id\":\"https:\/\/www.pescafish.it\/new\/prodotto\/cr-3-price-winter-suit-trakker\/#primaryimage\"},\"datePublished\":\"2023-01-05T11:11:18+00:00\",\"dateModified\":\"2023-02-18T15:04:18+00:00\",\"inLanguage\":\"it-IT\",\"potentialAction\":[{\"@type\":\"ReadAction\",\"target\":[\"https:\/\/www.pescafish.it\/new\/prodotto\/cr-3-price-winter-suit-trakker\/\"]}]}]}<\/script>\n<!-- \/ Yoast SEO plugin. -->","_links":{"self":[{"href":"https:\/\/www.pescafish.it\/new\/wp-json\/wp\/v2\/product\/84855"}],"collection":[{"href":"https:\/\/www.pescafish.it\/new\/wp-json\/wp\/v2\/product"}],"about":[{"href":"https:\/\/www.pescafish.it\/new\/wp-json\/wp\/v2\/types\/product"}],"replies":[{"embeddable":true,"href":"https:\/\/www.pescafish.it\/new\/wp-json\/wp\/v2\/comments?post=84855"}],"wp:featuredmedia":[{"embeddable":true,"href":"https:\/\/www.pescafish.it\/new\/wp-json\/wp\/v2\/media\/84856"}],"wp:attachment":[{"href":"https:\/\/www.pescafish.it\/new\/wp-json\/wp\/v2\/media?parent=84855"}],"wp:term":[{"taxonomy":"product_cat","embeddable":true,"href":"https:\/\/www.pescafish.it\/new\/wp-json\/wp\/v2\/product_cat?post=84855"},{"taxonomy":"product_tag","embeddable":true,"href":"https:\/\/www.pescafish.it\/new\/wp-json\/wp\/v2\/product_tag?post=84855"}],"curies":[{"name":"wp","href":"https:\/\/api.w.org\/{rel}","templated":true}]}}