{"id":84545,"date":"2022-12-16T17:22:42","date_gmt":"2022-12-16T16:22:42","guid":{"rendered":"https:\/\/www.pescafish.it\/new\/?post_type=product&#038;p=84545"},"modified":"2026-02-03T16:46:37","modified_gmt":"2026-02-03T15:46:37","slug":"liquid-sweet-fruit-amino-compound-1lt-feedstimulants","status":"publish","type":"product","link":"https:\/\/www.pescafish.it\/new\/prodotto\/liquid-sweet-fruit-amino-compound-1lt-feedstimulants\/","title":{"rendered":"Liquid Sweet Fruit Amino Compound 1lt &#8211; FeedStimulants"},"content":{"rendered":"<h2>Liquid Sweet Fruit Amino Compound 1lt<\/h2>\n<p>LIQUID SWEET FRUIT AMINO COMPOUND \u00e8 un additivo liquido per la produzione di boilies.<\/p>\n<p>Un dolce liquido alla frutta ricco di L-amminoacidi. Ottimo da usare con qualsiasi tipo di esca; boilies, particelle, pellet, spod, stickmix e pastura. Poich\u00e9 questo ingrediente \u00e8 completamente solubile in acqua, creer\u00e0 una nuvola idrosolubile sulla tua esca e in questo modo rilascer\u00e0 tutti gli amminoacidi che si disperderanno liberamente e invieranno segnali di cibo ai pesci. Molto utile anche puro come ammollo\/dip, o come ingrediente per rendere il tuo dip unico in combinazione con altri liquidi come betaina liquida, lievito liquido trattato con enzimi, glicerina, idro plancton, CSL, idro di frumento, idro di calamari, ecc.<br \/>\nCaratteristiche del prodotto: liquido rosso sottile che si disperde facilmente in acqua, forte sapore e sapore di frutta rossa dolce, 100% solubile in acqua, pva friendly<\/p>\n<p><strong>Dosaggio consigliato:<\/strong> utilizzare a circa 15-25 ml\/kg. Dosaggi pi\u00f9 alti sono estremamente efficaci in acqua fredda sotto i 13\u00b0C durante il periodo invernale.<\/p>\n","protected":false},"excerpt":{"rendered":"<p>Liquid Sweet Fruit Amino Compound 1lt LIQUID SWEET FRUIT AMINO COMPOUND \u00e8 un additivo liquido per la produzione di boilies. Un dolce liquido alla frutta ricco di L-amminoacidi. Ottimo da usare con qualsiasi tipo di esca; boilies, particelle, pellet, spod, stickmix e pastura. Poich\u00e9 questo ingrediente \u00e8 completamente solubile in acqua, creer\u00e0 una nuvola idrosolubile [&hellip;]<\/p>\n","protected":false},"featured_media":84546,"comment_status":"closed","ping_status":"closed","template":"","meta":[],"product_cat":[1359],"product_tag":[1360],"yoast_head":"<!-- This site is optimized with the Yoast SEO plugin v15.3 - https:\/\/yoast.com\/wordpress\/plugins\/seo\/ -->\n<title>Liquid Sweet Fruit Amino Compound 1lt - FeedStimulants - Pesca Fish<\/title>\n<meta name=\"robots\" content=\"index, follow, max-snippet:-1, max-image-preview:large, max-video-preview:-1\" \/>\n<link rel=\"canonical\" href=\"https:\/\/www.pescafish.it\/new\/prodotto\/liquid-sweet-fruit-amino-compound-1lt-feedstimulants\/\" \/>\n<meta property=\"og:locale\" content=\"it_IT\" \/>\n<meta property=\"og:type\" content=\"article\" \/>\n<meta property=\"og:title\" content=\"Liquid Sweet Fruit Amino Compound 1lt - FeedStimulants - Pesca Fish\" \/>\n<meta property=\"og:description\" content=\"Liquid Sweet Fruit Amino Compound 1lt LIQUID SWEET FRUIT AMINO COMPOUND \u00e8 un additivo liquido per la produzione di boilies. Un dolce liquido alla frutta ricco di L-amminoacidi. Ottimo da usare con qualsiasi tipo di esca; boilies, particelle, pellet, spod, stickmix e pastura. Poich\u00e9 questo ingrediente \u00e8 completamente solubile in acqua, creer\u00e0 una nuvola idrosolubile [&hellip;]\" \/>\n<meta property=\"og:url\" content=\"https:\/\/www.pescafish.it\/new\/prodotto\/liquid-sweet-fruit-amino-compound-1lt-feedstimulants\/\" \/>\n<meta property=\"og:site_name\" content=\"Pesca Fish\" \/>\n<meta property=\"article:publisher\" content=\"https:\/\/www.facebook.com\/pescafishvr\/\" \/>\n<meta property=\"article:modified_time\" content=\"2026-02-03T15:46:37+00:00\" \/>\n<meta property=\"og:image\" content=\"https:\/\/www.pescafish.it\/new\/wp-content\/uploads\/2022\/12\/LIQUID-SWEET-FRUIT-AMINO-COMPOUND.jpg\" \/>\n\t<meta property=\"og:image:width\" content=\"800\" \/>\n\t<meta property=\"og:image:height\" content=\"800\" \/>\n<meta name=\"twitter:card\" content=\"summary_large_image\" \/>\n<meta name=\"twitter:label1\" content=\"Scritto da\">\n\t<meta name=\"twitter:data1\" content=\"francesca\">\n\t<meta name=\"twitter:label2\" content=\"Tempo di lettura stimato\">\n\t<meta name=\"twitter:data2\" content=\"1 minuto\">\n<script type=\"application\/ld+json\" class=\"yoast-schema-graph\">{\"@context\":\"https:\/\/schema.org\",\"@graph\":[{\"@type\":\"WebSite\",\"@id\":\"https:\/\/www.pescafish.it\/new\/#website\",\"url\":\"https:\/\/www.pescafish.it\/new\/\",\"name\":\"Pesca Fish\",\"description\":\"Benvenuti sul nostro sito!\",\"potentialAction\":[{\"@type\":\"SearchAction\",\"target\":\"https:\/\/www.pescafish.it\/new\/?s={search_term_string}\",\"query-input\":\"required name=search_term_string\"}],\"inLanguage\":\"it-IT\"},{\"@type\":\"ImageObject\",\"@id\":\"https:\/\/www.pescafish.it\/new\/prodotto\/liquid-sweet-fruit-amino-compound-1lt-feedstimulants\/#primaryimage\",\"inLanguage\":\"it-IT\",\"url\":\"https:\/\/www.pescafish.it\/new\/wp-content\/uploads\/2022\/12\/LIQUID-SWEET-FRUIT-AMINO-COMPOUND.jpg\",\"width\":800,\"height\":800,\"caption\":\"FeedStimulants\"},{\"@type\":\"WebPage\",\"@id\":\"https:\/\/www.pescafish.it\/new\/prodotto\/liquid-sweet-fruit-amino-compound-1lt-feedstimulants\/#webpage\",\"url\":\"https:\/\/www.pescafish.it\/new\/prodotto\/liquid-sweet-fruit-amino-compound-1lt-feedstimulants\/\",\"name\":\"Liquid Sweet Fruit Amino Compound 1lt - FeedStimulants - Pesca Fish\",\"isPartOf\":{\"@id\":\"https:\/\/www.pescafish.it\/new\/#website\"},\"primaryImageOfPage\":{\"@id\":\"https:\/\/www.pescafish.it\/new\/prodotto\/liquid-sweet-fruit-amino-compound-1lt-feedstimulants\/#primaryimage\"},\"datePublished\":\"2022-12-16T16:22:42+00:00\",\"dateModified\":\"2026-02-03T15:46:37+00:00\",\"inLanguage\":\"it-IT\",\"potentialAction\":[{\"@type\":\"ReadAction\",\"target\":[\"https:\/\/www.pescafish.it\/new\/prodotto\/liquid-sweet-fruit-amino-compound-1lt-feedstimulants\/\"]}]}]}<\/script>\n<!-- \/ Yoast SEO plugin. -->","_links":{"self":[{"href":"https:\/\/www.pescafish.it\/new\/wp-json\/wp\/v2\/product\/84545"}],"collection":[{"href":"https:\/\/www.pescafish.it\/new\/wp-json\/wp\/v2\/product"}],"about":[{"href":"https:\/\/www.pescafish.it\/new\/wp-json\/wp\/v2\/types\/product"}],"replies":[{"embeddable":true,"href":"https:\/\/www.pescafish.it\/new\/wp-json\/wp\/v2\/comments?post=84545"}],"wp:featuredmedia":[{"embeddable":true,"href":"https:\/\/www.pescafish.it\/new\/wp-json\/wp\/v2\/media\/84546"}],"wp:attachment":[{"href":"https:\/\/www.pescafish.it\/new\/wp-json\/wp\/v2\/media?parent=84545"}],"wp:term":[{"taxonomy":"product_cat","embeddable":true,"href":"https:\/\/www.pescafish.it\/new\/wp-json\/wp\/v2\/product_cat?post=84545"},{"taxonomy":"product_tag","embeddable":true,"href":"https:\/\/www.pescafish.it\/new\/wp-json\/wp\/v2\/product_tag?post=84545"}],"curies":[{"name":"wp","href":"https:\/\/api.w.org\/{rel}","templated":true}]}}