{"id":84521,"date":"2022-12-16T16:43:03","date_gmt":"2022-12-16T15:43:03","guid":{"rendered":"https:\/\/www.pescafish.it\/new\/?post_type=product&#038;p=84521"},"modified":"2026-02-03T21:50:46","modified_gmt":"2026-02-03T20:50:46","slug":"winter-amino-compound-50gr-feedstimulants","status":"publish","type":"product","link":"https:\/\/www.pescafish.it\/new\/prodotto\/winter-amino-compound-50gr-feedstimulants\/","title":{"rendered":"Winter Amino Compound 50gr &#8211; FeedStimulants"},"content":{"rendered":"<div id=\"product-description-short-6000\" class=\"tvproduct-page-decs\">\n<h2>Winter Amino Compound 50gr<\/h2>\n<p>WINTER AMINO COMPOUND \u00e8 un additivo in polvere per la produzione delle boilies.<\/p>\n<\/div>\n<p>Un mix di stimolanti aminoacidi provati per le carpe in acqua fredda: &lt;14\u00b0C.<\/p>\n<p>La carpa mostra preferenza per diversi amminoacidi a diverse temperature dell&#8217;acqua. Usare la giusta miscela di amminoacidi aumenter\u00e0 considerevolmente le possibilit\u00e0 che la tua esca venga effettivamente mangiata. Questa miscela \u00e8 pi\u00f9 stimolante del gusto per l&#8217;alimentazione della carpa rispetto ad altri amminoacidi (individuali).Questo composto \u00e8 costituito da una gamma di polveri L-amminiche pure di provenienza speciale, specifiche per l&#8217;uso in acqua fredda. La piperina pura \u00e8 stata aggiunta per aumentare la digeribilit\u00e0 dell&#8217;esca.<\/p>\n<p><strong>Dosaggio consigliato:<\/strong> 5 &#8211; 20gr\/kg.<\/p>\n","protected":false},"excerpt":{"rendered":"<p>Winter Amino Compound 50gr WINTER AMINO COMPOUND \u00e8 un additivo in polvere per la produzione delle boilies. Un mix di stimolanti aminoacidi provati per le carpe in acqua fredda: &lt;14\u00b0C. La carpa mostra preferenza per diversi amminoacidi a diverse temperature dell&#8217;acqua. Usare la giusta miscela di amminoacidi aumenter\u00e0 considerevolmente le possibilit\u00e0 che la tua esca [&hellip;]<\/p>\n","protected":false},"featured_media":84523,"comment_status":"closed","ping_status":"closed","template":"","meta":[],"product_cat":[1359],"product_tag":[1360],"yoast_head":"<!-- This site is optimized with the Yoast SEO plugin v15.3 - https:\/\/yoast.com\/wordpress\/plugins\/seo\/ -->\n<title>Winter Amino Compound 50gr - FeedStimulants - Pesca Fish<\/title>\n<meta name=\"robots\" content=\"index, follow, max-snippet:-1, max-image-preview:large, max-video-preview:-1\" \/>\n<link rel=\"canonical\" href=\"https:\/\/www.pescafish.it\/new\/prodotto\/winter-amino-compound-50gr-feedstimulants\/\" \/>\n<meta property=\"og:locale\" content=\"it_IT\" \/>\n<meta property=\"og:type\" content=\"article\" \/>\n<meta property=\"og:title\" content=\"Winter Amino Compound 50gr - FeedStimulants - Pesca Fish\" \/>\n<meta property=\"og:description\" content=\"Winter Amino Compound 50gr WINTER AMINO COMPOUND \u00e8 un additivo in polvere per la produzione delle boilies. Un mix di stimolanti aminoacidi provati per le carpe in acqua fredda: &lt;14\u00b0C. La carpa mostra preferenza per diversi amminoacidi a diverse temperature dell&#8217;acqua. Usare la giusta miscela di amminoacidi aumenter\u00e0 considerevolmente le possibilit\u00e0 che la tua esca [&hellip;]\" \/>\n<meta property=\"og:url\" content=\"https:\/\/www.pescafish.it\/new\/prodotto\/winter-amino-compound-50gr-feedstimulants\/\" \/>\n<meta property=\"og:site_name\" content=\"Pesca Fish\" \/>\n<meta property=\"article:publisher\" content=\"https:\/\/www.facebook.com\/pescafishvr\/\" \/>\n<meta property=\"article:modified_time\" content=\"2026-02-03T20:50:46+00:00\" \/>\n<meta property=\"og:image\" content=\"https:\/\/www.pescafish.it\/new\/wp-content\/uploads\/2022\/12\/fd.jpg\" \/>\n\t<meta property=\"og:image:width\" content=\"789\" \/>\n\t<meta property=\"og:image:height\" content=\"794\" \/>\n<meta name=\"twitter:card\" content=\"summary_large_image\" \/>\n<meta name=\"twitter:label1\" content=\"Scritto da\">\n\t<meta name=\"twitter:data1\" content=\"francesca\">\n\t<meta name=\"twitter:label2\" content=\"Tempo di lettura stimato\">\n\t<meta name=\"twitter:data2\" content=\"0 minuti\">\n<script type=\"application\/ld+json\" class=\"yoast-schema-graph\">{\"@context\":\"https:\/\/schema.org\",\"@graph\":[{\"@type\":\"WebSite\",\"@id\":\"https:\/\/www.pescafish.it\/new\/#website\",\"url\":\"https:\/\/www.pescafish.it\/new\/\",\"name\":\"Pesca Fish\",\"description\":\"Benvenuti sul nostro sito!\",\"potentialAction\":[{\"@type\":\"SearchAction\",\"target\":\"https:\/\/www.pescafish.it\/new\/?s={search_term_string}\",\"query-input\":\"required name=search_term_string\"}],\"inLanguage\":\"it-IT\"},{\"@type\":\"ImageObject\",\"@id\":\"https:\/\/www.pescafish.it\/new\/prodotto\/winter-amino-compound-50gr-feedstimulants\/#primaryimage\",\"inLanguage\":\"it-IT\",\"url\":\"https:\/\/www.pescafish.it\/new\/wp-content\/uploads\/2022\/12\/fd.jpg\",\"width\":789,\"height\":794,\"caption\":\"FeedStimulants\"},{\"@type\":\"WebPage\",\"@id\":\"https:\/\/www.pescafish.it\/new\/prodotto\/winter-amino-compound-50gr-feedstimulants\/#webpage\",\"url\":\"https:\/\/www.pescafish.it\/new\/prodotto\/winter-amino-compound-50gr-feedstimulants\/\",\"name\":\"Winter Amino Compound 50gr - FeedStimulants - Pesca Fish\",\"isPartOf\":{\"@id\":\"https:\/\/www.pescafish.it\/new\/#website\"},\"primaryImageOfPage\":{\"@id\":\"https:\/\/www.pescafish.it\/new\/prodotto\/winter-amino-compound-50gr-feedstimulants\/#primaryimage\"},\"datePublished\":\"2022-12-16T15:43:03+00:00\",\"dateModified\":\"2026-02-03T20:50:46+00:00\",\"inLanguage\":\"it-IT\",\"potentialAction\":[{\"@type\":\"ReadAction\",\"target\":[\"https:\/\/www.pescafish.it\/new\/prodotto\/winter-amino-compound-50gr-feedstimulants\/\"]}]}]}<\/script>\n<!-- \/ Yoast SEO plugin. -->","_links":{"self":[{"href":"https:\/\/www.pescafish.it\/new\/wp-json\/wp\/v2\/product\/84521"}],"collection":[{"href":"https:\/\/www.pescafish.it\/new\/wp-json\/wp\/v2\/product"}],"about":[{"href":"https:\/\/www.pescafish.it\/new\/wp-json\/wp\/v2\/types\/product"}],"replies":[{"embeddable":true,"href":"https:\/\/www.pescafish.it\/new\/wp-json\/wp\/v2\/comments?post=84521"}],"wp:featuredmedia":[{"embeddable":true,"href":"https:\/\/www.pescafish.it\/new\/wp-json\/wp\/v2\/media\/84523"}],"wp:attachment":[{"href":"https:\/\/www.pescafish.it\/new\/wp-json\/wp\/v2\/media?parent=84521"}],"wp:term":[{"taxonomy":"product_cat","embeddable":true,"href":"https:\/\/www.pescafish.it\/new\/wp-json\/wp\/v2\/product_cat?post=84521"},{"taxonomy":"product_tag","embeddable":true,"href":"https:\/\/www.pescafish.it\/new\/wp-json\/wp\/v2\/product_tag?post=84521"}],"curies":[{"name":"wp","href":"https:\/\/api.w.org\/{rel}","templated":true}]}}