{"id":84514,"date":"2022-12-16T16:31:27","date_gmt":"2022-12-16T15:31:27","guid":{"rendered":"https:\/\/www.pescafish.it\/new\/?post_type=product&#038;p=84514"},"modified":"2025-04-17T18:40:14","modified_gmt":"2025-04-17T16:40:14","slug":"super-garlic-concentrate-250gr-feedstimulants","status":"publish","type":"product","link":"https:\/\/www.pescafish.it\/new\/prodotto\/super-garlic-concentrate-250gr-feedstimulants\/","title":{"rendered":"Super Garlic Concentrate &#8211; FeedStimulants"},"content":{"rendered":"<h2><strong>Super Garlic Concentrate<\/strong><\/h2>\n<p>Aroma in polvere puro molto forte, persistente estratto di aglio naturale. L&#8217;aggiunta di questo concentrato di aglio stimola il pesce e produce un forte effetto di richiamo per le carpe. A differenza degli aromi liquidi, l&#8217;odore degli aromi in polvere rimane molto pi\u00f9 a lungo perch\u00e9 si diluisce pi\u00f9 lentamente in acqua.<\/p>\n<p><strong>Disponibile nelle seguenti varianti:<br \/>\n<\/strong><strong>FS32<\/strong>\u00a0 50gr<br \/>\n<strong>FS5<\/strong>\u00a0 250gr<\/p>\n<p><strong>Dosaggio:<\/strong> 1 &#8211; 5 gr\/kg.<\/p>\n","protected":false},"excerpt":{"rendered":"<p>Super Garlic Concentrate Aroma in polvere puro molto forte, persistente estratto di aglio naturale. L&#8217;aggiunta di questo concentrato di aglio stimola il pesce e produce un forte effetto di richiamo per le carpe. A differenza degli aromi liquidi, l&#8217;odore degli aromi in polvere rimane molto pi\u00f9 a lungo perch\u00e9 si diluisce pi\u00f9 lentamente in acqua. [&hellip;]<\/p>\n","protected":false},"featured_media":84517,"comment_status":"closed","ping_status":"closed","template":"","meta":[],"product_cat":[1359],"product_tag":[1360],"yoast_head":"<!-- This site is optimized with the Yoast SEO plugin v15.3 - https:\/\/yoast.com\/wordpress\/plugins\/seo\/ -->\n<title>Super Garlic Concentrate - FeedStimulants - Pesca Fish<\/title>\n<meta name=\"robots\" content=\"index, follow, max-snippet:-1, max-image-preview:large, max-video-preview:-1\" \/>\n<link rel=\"canonical\" href=\"https:\/\/www.pescafish.it\/new\/prodotto\/super-garlic-concentrate-250gr-feedstimulants\/\" \/>\n<meta property=\"og:locale\" content=\"it_IT\" \/>\n<meta property=\"og:type\" content=\"article\" \/>\n<meta property=\"og:title\" content=\"Super Garlic Concentrate - FeedStimulants - Pesca Fish\" \/>\n<meta property=\"og:description\" content=\"Super Garlic Concentrate Aroma in polvere puro molto forte, persistente estratto di aglio naturale. L&#8217;aggiunta di questo concentrato di aglio stimola il pesce e produce un forte effetto di richiamo per le carpe. A differenza degli aromi liquidi, l&#8217;odore degli aromi in polvere rimane molto pi\u00f9 a lungo perch\u00e9 si diluisce pi\u00f9 lentamente in acqua. [&hellip;]\" \/>\n<meta property=\"og:url\" content=\"https:\/\/www.pescafish.it\/new\/prodotto\/super-garlic-concentrate-250gr-feedstimulants\/\" \/>\n<meta property=\"og:site_name\" content=\"Pesca Fish\" \/>\n<meta property=\"article:publisher\" content=\"https:\/\/www.facebook.com\/pescafishvr\/\" \/>\n<meta property=\"article:modified_time\" content=\"2025-04-17T16:40:14+00:00\" \/>\n<meta property=\"og:image\" content=\"https:\/\/www.pescafish.it\/new\/wp-content\/uploads\/2022\/12\/f-1.jpg\" \/>\n\t<meta property=\"og:image:width\" content=\"789\" \/>\n\t<meta property=\"og:image:height\" content=\"794\" \/>\n<meta name=\"twitter:card\" content=\"summary_large_image\" \/>\n<meta name=\"twitter:label1\" content=\"Scritto da\">\n\t<meta name=\"twitter:data1\" content=\"francesca\">\n\t<meta name=\"twitter:label2\" content=\"Tempo di lettura stimato\">\n\t<meta name=\"twitter:data2\" content=\"0 minuti\">\n<script type=\"application\/ld+json\" class=\"yoast-schema-graph\">{\"@context\":\"https:\/\/schema.org\",\"@graph\":[{\"@type\":\"WebSite\",\"@id\":\"https:\/\/www.pescafish.it\/new\/#website\",\"url\":\"https:\/\/www.pescafish.it\/new\/\",\"name\":\"Pesca Fish\",\"description\":\"Benvenuti sul nostro sito!\",\"potentialAction\":[{\"@type\":\"SearchAction\",\"target\":\"https:\/\/www.pescafish.it\/new\/?s={search_term_string}\",\"query-input\":\"required name=search_term_string\"}],\"inLanguage\":\"it-IT\"},{\"@type\":\"ImageObject\",\"@id\":\"https:\/\/www.pescafish.it\/new\/prodotto\/super-garlic-concentrate-250gr-feedstimulants\/#primaryimage\",\"inLanguage\":\"it-IT\",\"url\":\"https:\/\/www.pescafish.it\/new\/wp-content\/uploads\/2022\/12\/f-1.jpg\",\"width\":789,\"height\":794,\"caption\":\"FeedStimulants\"},{\"@type\":\"WebPage\",\"@id\":\"https:\/\/www.pescafish.it\/new\/prodotto\/super-garlic-concentrate-250gr-feedstimulants\/#webpage\",\"url\":\"https:\/\/www.pescafish.it\/new\/prodotto\/super-garlic-concentrate-250gr-feedstimulants\/\",\"name\":\"Super Garlic Concentrate - FeedStimulants - Pesca Fish\",\"isPartOf\":{\"@id\":\"https:\/\/www.pescafish.it\/new\/#website\"},\"primaryImageOfPage\":{\"@id\":\"https:\/\/www.pescafish.it\/new\/prodotto\/super-garlic-concentrate-250gr-feedstimulants\/#primaryimage\"},\"datePublished\":\"2022-12-16T15:31:27+00:00\",\"dateModified\":\"2025-04-17T16:40:14+00:00\",\"inLanguage\":\"it-IT\",\"potentialAction\":[{\"@type\":\"ReadAction\",\"target\":[\"https:\/\/www.pescafish.it\/new\/prodotto\/super-garlic-concentrate-250gr-feedstimulants\/\"]}]}]}<\/script>\n<!-- \/ Yoast SEO plugin. -->","_links":{"self":[{"href":"https:\/\/www.pescafish.it\/new\/wp-json\/wp\/v2\/product\/84514"}],"collection":[{"href":"https:\/\/www.pescafish.it\/new\/wp-json\/wp\/v2\/product"}],"about":[{"href":"https:\/\/www.pescafish.it\/new\/wp-json\/wp\/v2\/types\/product"}],"replies":[{"embeddable":true,"href":"https:\/\/www.pescafish.it\/new\/wp-json\/wp\/v2\/comments?post=84514"}],"wp:featuredmedia":[{"embeddable":true,"href":"https:\/\/www.pescafish.it\/new\/wp-json\/wp\/v2\/media\/84517"}],"wp:attachment":[{"href":"https:\/\/www.pescafish.it\/new\/wp-json\/wp\/v2\/media?parent=84514"}],"wp:term":[{"taxonomy":"product_cat","embeddable":true,"href":"https:\/\/www.pescafish.it\/new\/wp-json\/wp\/v2\/product_cat?post=84514"},{"taxonomy":"product_tag","embeddable":true,"href":"https:\/\/www.pescafish.it\/new\/wp-json\/wp\/v2\/product_tag?post=84514"}],"curies":[{"name":"wp","href":"https:\/\/api.w.org\/{rel}","templated":true}]}}