{"id":84511,"date":"2022-12-16T16:24:12","date_gmt":"2022-12-16T15:24:12","guid":{"rendered":"https:\/\/www.pescafish.it\/new\/?post_type=product&#038;p=84511"},"modified":"2023-11-02T07:47:55","modified_gmt":"2023-11-02T06:47:55","slug":"spirulina-60-feedstimulants","status":"publish","type":"product","link":"https:\/\/www.pescafish.it\/new\/prodotto\/spirulina-60-feedstimulants\/","title":{"rendered":"Spirulina 60% &#8211; FeedStimulants"},"content":{"rendered":"<h2>Spirulina 60%<\/h2>\n<p>SPIRULINA 60% \u00e8 un estratto in polvere per la produzione delle boilies.<br \/>\nUna micro alga blu-verde comunemente chiamata Spirulina che cresce spontaneamente nei laghi e nei corsi d&#8217;acqua. Supporta e nutre molti organismi naturali nelle acque interne migliorando cos\u00ec la popolazione alimentare di qualsiasi acqua dove \u00e8 presente. La Spirulina \u00e8 estremamente ricca dell&#8217;antiossidante Beta Carotene che consente alle carpe e ai pesci in generale di combattere efficacemente malattie e sfide biologiche, consentendo di massimizzare l&#8217;aumento di peso. \u00c8 l&#8217;alimento pi\u00f9 proteico naturale che contiene tutti gli amminoacidi essenziali e la maggior parte di quelli non essenziali. Molto ricco anche di minerali (Ferro), Vitamine (B12), GLA e oligoelementi. Questo \u00e8 il motivo per cui le carpe\/pesci vedono le piante acquatiche come una delle principali fonti di cibo, interessante da utilizzare anche in inverno. Ha un contenuto proteico minimo del 60% che \u00e8 molto facilmente digeribile, di cui circa il 90% \u00e8 totalmente digeribile dalle carpe.<br \/>\nCaratteristiche del prodotto: polvere blu-verde scuro, caratteristico aroma di alghe.<\/p>\n<p><strong>Dosaggio consigliato:<\/strong> circa 3% per kg di mix.<\/p>\n<p><strong> Non ci sono dosi massime.<\/strong><\/p>\n","protected":false},"excerpt":{"rendered":"<p>Spirulina 60% SPIRULINA 60% \u00e8 un estratto in polvere per la produzione delle boilies. Una micro alga blu-verde comunemente chiamata Spirulina che cresce spontaneamente nei laghi e nei corsi d&#8217;acqua. Supporta e nutre molti organismi naturali nelle acque interne migliorando cos\u00ec la popolazione alimentare di qualsiasi acqua dove \u00e8 presente. La Spirulina \u00e8 estremamente ricca [&hellip;]<\/p>\n","protected":false},"featured_media":84512,"comment_status":"closed","ping_status":"closed","template":"","meta":[],"product_cat":[1359],"product_tag":[1360],"yoast_head":"<!-- This site is optimized with the Yoast SEO plugin v15.3 - https:\/\/yoast.com\/wordpress\/plugins\/seo\/ -->\n<title>Spirulina 60% - FeedStimulants - Pesca Fish<\/title>\n<meta name=\"robots\" content=\"index, follow, max-snippet:-1, max-image-preview:large, max-video-preview:-1\" \/>\n<link rel=\"canonical\" href=\"https:\/\/www.pescafish.it\/new\/prodotto\/spirulina-60-feedstimulants\/\" \/>\n<meta property=\"og:locale\" content=\"it_IT\" \/>\n<meta property=\"og:type\" content=\"article\" \/>\n<meta property=\"og:title\" content=\"Spirulina 60% - FeedStimulants - Pesca Fish\" \/>\n<meta property=\"og:description\" content=\"Spirulina 60% SPIRULINA 60% \u00e8 un estratto in polvere per la produzione delle boilies. Una micro alga blu-verde comunemente chiamata Spirulina che cresce spontaneamente nei laghi e nei corsi d&#8217;acqua. Supporta e nutre molti organismi naturali nelle acque interne migliorando cos\u00ec la popolazione alimentare di qualsiasi acqua dove \u00e8 presente. La Spirulina \u00e8 estremamente ricca [&hellip;]\" \/>\n<meta property=\"og:url\" content=\"https:\/\/www.pescafish.it\/new\/prodotto\/spirulina-60-feedstimulants\/\" \/>\n<meta property=\"og:site_name\" content=\"Pesca Fish\" \/>\n<meta property=\"article:publisher\" content=\"https:\/\/www.facebook.com\/pescafishvr\/\" \/>\n<meta property=\"article:modified_time\" content=\"2023-11-02T06:47:55+00:00\" \/>\n<meta property=\"og:image\" content=\"https:\/\/www.pescafish.it\/new\/wp-content\/uploads\/2022\/12\/q-2.jpg\" \/>\n\t<meta property=\"og:image:width\" content=\"789\" \/>\n\t<meta property=\"og:image:height\" content=\"794\" \/>\n<meta name=\"twitter:card\" content=\"summary_large_image\" \/>\n<meta name=\"twitter:label1\" content=\"Scritto da\">\n\t<meta name=\"twitter:data1\" content=\"francesca\">\n\t<meta name=\"twitter:label2\" content=\"Tempo di lettura stimato\">\n\t<meta name=\"twitter:data2\" content=\"1 minuto\">\n<script type=\"application\/ld+json\" class=\"yoast-schema-graph\">{\"@context\":\"https:\/\/schema.org\",\"@graph\":[{\"@type\":\"WebSite\",\"@id\":\"https:\/\/www.pescafish.it\/new\/#website\",\"url\":\"https:\/\/www.pescafish.it\/new\/\",\"name\":\"Pesca Fish\",\"description\":\"Benvenuti sul nostro sito!\",\"potentialAction\":[{\"@type\":\"SearchAction\",\"target\":\"https:\/\/www.pescafish.it\/new\/?s={search_term_string}\",\"query-input\":\"required name=search_term_string\"}],\"inLanguage\":\"it-IT\"},{\"@type\":\"ImageObject\",\"@id\":\"https:\/\/www.pescafish.it\/new\/prodotto\/spirulina-60-feedstimulants\/#primaryimage\",\"inLanguage\":\"it-IT\",\"url\":\"https:\/\/www.pescafish.it\/new\/wp-content\/uploads\/2022\/12\/q-2.jpg\",\"width\":789,\"height\":794,\"caption\":\"FeedStimulants\"},{\"@type\":\"WebPage\",\"@id\":\"https:\/\/www.pescafish.it\/new\/prodotto\/spirulina-60-feedstimulants\/#webpage\",\"url\":\"https:\/\/www.pescafish.it\/new\/prodotto\/spirulina-60-feedstimulants\/\",\"name\":\"Spirulina 60% - FeedStimulants - Pesca Fish\",\"isPartOf\":{\"@id\":\"https:\/\/www.pescafish.it\/new\/#website\"},\"primaryImageOfPage\":{\"@id\":\"https:\/\/www.pescafish.it\/new\/prodotto\/spirulina-60-feedstimulants\/#primaryimage\"},\"datePublished\":\"2022-12-16T15:24:12+00:00\",\"dateModified\":\"2023-11-02T06:47:55+00:00\",\"inLanguage\":\"it-IT\",\"potentialAction\":[{\"@type\":\"ReadAction\",\"target\":[\"https:\/\/www.pescafish.it\/new\/prodotto\/spirulina-60-feedstimulants\/\"]}]}]}<\/script>\n<!-- \/ Yoast SEO plugin. -->","_links":{"self":[{"href":"https:\/\/www.pescafish.it\/new\/wp-json\/wp\/v2\/product\/84511"}],"collection":[{"href":"https:\/\/www.pescafish.it\/new\/wp-json\/wp\/v2\/product"}],"about":[{"href":"https:\/\/www.pescafish.it\/new\/wp-json\/wp\/v2\/types\/product"}],"replies":[{"embeddable":true,"href":"https:\/\/www.pescafish.it\/new\/wp-json\/wp\/v2\/comments?post=84511"}],"wp:featuredmedia":[{"embeddable":true,"href":"https:\/\/www.pescafish.it\/new\/wp-json\/wp\/v2\/media\/84512"}],"wp:attachment":[{"href":"https:\/\/www.pescafish.it\/new\/wp-json\/wp\/v2\/media?parent=84511"}],"wp:term":[{"taxonomy":"product_cat","embeddable":true,"href":"https:\/\/www.pescafish.it\/new\/wp-json\/wp\/v2\/product_cat?post=84511"},{"taxonomy":"product_tag","embeddable":true,"href":"https:\/\/www.pescafish.it\/new\/wp-json\/wp\/v2\/product_tag?post=84511"}],"curies":[{"name":"wp","href":"https:\/\/api.w.org\/{rel}","templated":true}]}}