{"id":84453,"date":"2022-12-16T10:46:28","date_gmt":"2022-12-16T09:46:28","guid":{"rendered":"https:\/\/www.pescafish.it\/new\/?post_type=product&#038;p=84453"},"modified":"2025-10-01T10:02:07","modified_gmt":"2025-10-01T08:02:07","slug":"meet-33-mr-f-nories","status":"publish","type":"product","link":"https:\/\/www.pescafish.it\/new\/prodotto\/meet-33-mr-f-nories\/","title":{"rendered":"Meet 33 MR-F &#8211; Nories"},"content":{"rendered":"<h2>Meet 33 MR-F<\/h2>\n<p>Nories Meet 33 MR-F \u00e8 un deep range wide crankbait per il trout area game che il produttore di esche Nories ha introdotto recentemente per la pesca su profondit\u00e0 intermedie: questo crank Nories da trout area \u00e8 in grado infatti di scendere rapidamente fino a 1,5m. Il Nories Meet 33 MR-F \u00e8 dotato di ami singoli senza ardiglione Vanfook misura 8 ed ha un rattle a bass frequenza poco invasivo. Made in Japan.<\/p>\n<p><strong>Disponibile nelle seguenti colorazioni:<\/strong><br \/>\n<strong>19095<\/strong>\u00a0 321<br \/>\n<strong>19096<\/strong>\u00a0 343M<br \/>\n<strong>19097<\/strong>\u00a0 359M<br \/>\n<strong>19099<\/strong>\u00a0 379M<br \/>\n<strong>19100<\/strong>\u00a0 380M<br \/>\n<strong>19101<\/strong>\u00a0 386M<br \/>\n<strong>19102<\/strong>\u00a0 401M<br \/>\n<strong>19103<\/strong>\u00a0 402<br \/>\n<strong>19105<\/strong>\u00a0 406M<br \/>\n<strong>19106<\/strong>\u00a0 407M<br \/>\n<strong>19107<\/strong>\u00a0 408M<br \/>\n<strong>19108<\/strong>\u00a0 409M<\/p>\n","protected":false},"excerpt":{"rendered":"<p>Meet 33 MR-F Nories Meet 33 MR-F \u00e8 un deep range wide crankbait per il trout area game che il produttore di esche Nories ha introdotto recentemente per la pesca su profondit\u00e0 intermedie: questo crank Nories da trout area \u00e8 in grado infatti di scendere rapidamente fino a 1,5m. Il Nories Meet 33 MR-F \u00e8 [&hellip;]<\/p>\n","protected":false},"featured_media":84469,"comment_status":"closed","ping_status":"closed","template":"","meta":[],"product_cat":[923],"product_tag":[1071],"yoast_head":"<!-- This site is optimized with the Yoast SEO plugin v15.3 - https:\/\/yoast.com\/wordpress\/plugins\/seo\/ -->\n<title>Meet 33 MR-F - Nories - Pesca Fish<\/title>\n<meta name=\"robots\" content=\"index, follow, max-snippet:-1, max-image-preview:large, max-video-preview:-1\" \/>\n<link rel=\"canonical\" href=\"https:\/\/www.pescafish.it\/new\/prodotto\/meet-33-mr-f-nories\/\" \/>\n<meta property=\"og:locale\" content=\"it_IT\" \/>\n<meta property=\"og:type\" content=\"article\" \/>\n<meta property=\"og:title\" content=\"Meet 33 MR-F - Nories - Pesca Fish\" \/>\n<meta property=\"og:description\" content=\"Meet 33 MR-F Nories Meet 33 MR-F \u00e8 un deep range wide crankbait per il trout area game che il produttore di esche Nories ha introdotto recentemente per la pesca su profondit\u00e0 intermedie: questo crank Nories da trout area \u00e8 in grado infatti di scendere rapidamente fino a 1,5m. Il Nories Meet 33 MR-F \u00e8 [&hellip;]\" \/>\n<meta property=\"og:url\" content=\"https:\/\/www.pescafish.it\/new\/prodotto\/meet-33-mr-f-nories\/\" \/>\n<meta property=\"og:site_name\" content=\"Pesca Fish\" \/>\n<meta property=\"article:publisher\" content=\"https:\/\/www.facebook.com\/pescafishvr\/\" \/>\n<meta property=\"article:modified_time\" content=\"2025-10-01T08:02:07+00:00\" \/>\n<meta property=\"og:image\" content=\"https:\/\/www.pescafish.it\/new\/wp-content\/uploads\/2022\/12\/409M.jpg\" \/>\n\t<meta property=\"og:image:width\" content=\"789\" \/>\n\t<meta property=\"og:image:height\" content=\"794\" \/>\n<meta name=\"twitter:card\" content=\"summary_large_image\" \/>\n<meta name=\"twitter:label1\" content=\"Scritto da\">\n\t<meta name=\"twitter:data1\" content=\"francesca\">\n\t<meta name=\"twitter:label2\" content=\"Tempo di lettura stimato\">\n\t<meta name=\"twitter:data2\" content=\"0 minuti\">\n<script type=\"application\/ld+json\" class=\"yoast-schema-graph\">{\"@context\":\"https:\/\/schema.org\",\"@graph\":[{\"@type\":\"WebSite\",\"@id\":\"https:\/\/www.pescafish.it\/new\/#website\",\"url\":\"https:\/\/www.pescafish.it\/new\/\",\"name\":\"Pesca Fish\",\"description\":\"Benvenuti sul nostro sito!\",\"potentialAction\":[{\"@type\":\"SearchAction\",\"target\":\"https:\/\/www.pescafish.it\/new\/?s={search_term_string}\",\"query-input\":\"required name=search_term_string\"}],\"inLanguage\":\"it-IT\"},{\"@type\":\"ImageObject\",\"@id\":\"https:\/\/www.pescafish.it\/new\/prodotto\/meet-33-mr-f-nories\/#primaryimage\",\"inLanguage\":\"it-IT\",\"url\":\"https:\/\/www.pescafish.it\/new\/wp-content\/uploads\/2022\/12\/409M.jpg\",\"width\":789,\"height\":794,\"caption\":\"Nories\"},{\"@type\":\"WebPage\",\"@id\":\"https:\/\/www.pescafish.it\/new\/prodotto\/meet-33-mr-f-nories\/#webpage\",\"url\":\"https:\/\/www.pescafish.it\/new\/prodotto\/meet-33-mr-f-nories\/\",\"name\":\"Meet 33 MR-F - Nories - Pesca Fish\",\"isPartOf\":{\"@id\":\"https:\/\/www.pescafish.it\/new\/#website\"},\"primaryImageOfPage\":{\"@id\":\"https:\/\/www.pescafish.it\/new\/prodotto\/meet-33-mr-f-nories\/#primaryimage\"},\"datePublished\":\"2022-12-16T09:46:28+00:00\",\"dateModified\":\"2025-10-01T08:02:07+00:00\",\"inLanguage\":\"it-IT\",\"potentialAction\":[{\"@type\":\"ReadAction\",\"target\":[\"https:\/\/www.pescafish.it\/new\/prodotto\/meet-33-mr-f-nories\/\"]}]}]}<\/script>\n<!-- \/ Yoast SEO plugin. -->","_links":{"self":[{"href":"https:\/\/www.pescafish.it\/new\/wp-json\/wp\/v2\/product\/84453"}],"collection":[{"href":"https:\/\/www.pescafish.it\/new\/wp-json\/wp\/v2\/product"}],"about":[{"href":"https:\/\/www.pescafish.it\/new\/wp-json\/wp\/v2\/types\/product"}],"replies":[{"embeddable":true,"href":"https:\/\/www.pescafish.it\/new\/wp-json\/wp\/v2\/comments?post=84453"}],"wp:featuredmedia":[{"embeddable":true,"href":"https:\/\/www.pescafish.it\/new\/wp-json\/wp\/v2\/media\/84469"}],"wp:attachment":[{"href":"https:\/\/www.pescafish.it\/new\/wp-json\/wp\/v2\/media?parent=84453"}],"wp:term":[{"taxonomy":"product_cat","embeddable":true,"href":"https:\/\/www.pescafish.it\/new\/wp-json\/wp\/v2\/product_cat?post=84453"},{"taxonomy":"product_tag","embeddable":true,"href":"https:\/\/www.pescafish.it\/new\/wp-json\/wp\/v2\/product_tag?post=84453"}],"curies":[{"name":"wp","href":"https:\/\/api.w.org\/{rel}","templated":true}]}}