{"id":84321,"date":"2022-12-14T17:18:00","date_gmt":"2022-12-14T16:18:00","guid":{"rendered":"https:\/\/www.pescafish.it\/new\/?post_type=product&#038;p=84321"},"modified":"2026-04-06T22:12:50","modified_gmt":"2026-04-06T20:12:50","slug":"citruz-boilies-yellow-nash","status":"publish","type":"product","link":"https:\/\/www.pescafish.it\/new\/prodotto\/citruz-boilies-yellow-nash\/","title":{"rendered":"Citruz Boilies Yellow\u00a0&#8211; Nash"},"content":{"rendered":"<h2>Citruz Boilies Yellow<\/h2>\n<h4>L\u2019inarrestabile mix alla frutta della Nashbait, ora disponibile in giallo ad alta visibilit\u00e0<\/h4>\n<p>Gli stessi additivi, ingredienti e formulazione che rendono la Citruz l\u2019esca preferita dai carpisti che pescano con acqua fredda o in ambienti ostili in qualsiasi stagione; ora disponibile senza il colorante bianco E171 per garantirne la conformit\u00e0 al 100% alle linee guida UE per i rivenditori, i pescatori e l\u2019ambiente.<\/p>\n<p>Ora prodotta nel colore ad alta visibilit\u00e0 pi\u00f9 utilizzato, il giallo Citruz mantiene la massima visibilit\u00e0 sia per pasturazione che per inneschi e, combinando la micidiale essenza agli agrumi, il Talin ed il mix di oli essenziali, la Citruz Yellow \u00e8 l\u2019esca che cattura quando tutte le altre esche stanno fallendo.<\/p>\n<p><strong>Disponibile nelle seguenti varianti:<\/strong><br \/>\n<strong>KNB6100<\/strong>\u00a0 12mm 1kg<br \/>\n<strong>KNB6101<\/strong>\u00a0 15mm 1kg<br \/>\n<strong>KNB6102<\/strong>\u00a0 20mm 1kg<br \/>\n<strong>KNB6103<\/strong>\u00a0 Flake 1kg<br \/>\n<strong>KNB6109<\/strong>\u00a0 Wafter Yellow 20mm<br \/>\n<strong>KNB2190<\/strong>\u00a0 Infused Pellet 2mm 900gr<br \/>\n<strong>KNB6111<\/strong>\u00a0 Plume Juice 100ml<br \/>\n<strong>KNB6110<\/strong>\u00a0 Syrup 1lt<br \/>\n<strong>KNB6104<\/strong>\u00a0 Pop Up 12mm<br \/>\n<strong>KNB6105 <\/strong>\u00a0Pop Up 15mm<br \/>\n<strong>KNB6106<\/strong>\u00a0 Pop Up 20mm<\/p>\n","protected":false},"excerpt":{"rendered":"<p>Citruz Boilies Yellow L\u2019inarrestabile mix alla frutta della Nashbait, ora disponibile in giallo ad alta visibilit\u00e0 Gli stessi additivi, ingredienti e formulazione che rendono la Citruz l\u2019esca preferita dai carpisti che pescano con acqua fredda o in ambienti ostili in qualsiasi stagione; ora disponibile senza il colorante bianco E171 per garantirne la conformit\u00e0 al 100% [&hellip;]<\/p>\n","protected":false},"featured_media":84322,"comment_status":"closed","ping_status":"closed","template":"","meta":[],"product_cat":[815],"product_tag":[1024],"yoast_head":"<!-- This site is optimized with the Yoast SEO plugin v15.3 - https:\/\/yoast.com\/wordpress\/plugins\/seo\/ -->\n<title>Citruz Boilies Yellow\u00a0- Nash - Pesca Fish<\/title>\n<meta name=\"robots\" content=\"index, follow, max-snippet:-1, max-image-preview:large, max-video-preview:-1\" \/>\n<link rel=\"canonical\" href=\"https:\/\/www.pescafish.it\/new\/prodotto\/citruz-boilies-yellow-nash\/\" \/>\n<meta property=\"og:locale\" content=\"it_IT\" \/>\n<meta property=\"og:type\" content=\"article\" \/>\n<meta property=\"og:title\" content=\"Citruz Boilies Yellow\u00a0- Nash - Pesca Fish\" \/>\n<meta property=\"og:description\" content=\"Citruz Boilies Yellow L\u2019inarrestabile mix alla frutta della Nashbait, ora disponibile in giallo ad alta visibilit\u00e0 Gli stessi additivi, ingredienti e formulazione che rendono la Citruz l\u2019esca preferita dai carpisti che pescano con acqua fredda o in ambienti ostili in qualsiasi stagione; ora disponibile senza il colorante bianco E171 per garantirne la conformit\u00e0 al 100% [&hellip;]\" \/>\n<meta property=\"og:url\" content=\"https:\/\/www.pescafish.it\/new\/prodotto\/citruz-boilies-yellow-nash\/\" \/>\n<meta property=\"og:site_name\" content=\"Pesca Fish\" \/>\n<meta property=\"article:publisher\" content=\"https:\/\/www.facebook.com\/pescafishvr\/\" \/>\n<meta property=\"article:modified_time\" content=\"2026-04-06T20:12:50+00:00\" \/>\n<meta property=\"og:image\" content=\"https:\/\/www.pescafish.it\/new\/wp-content\/uploads\/2022\/12\/nash-yellow.jpg\" \/>\n\t<meta property=\"og:image:width\" content=\"713\" \/>\n\t<meta property=\"og:image:height\" content=\"713\" \/>\n<meta name=\"twitter:card\" content=\"summary_large_image\" \/>\n<meta name=\"twitter:label1\" content=\"Scritto da\">\n\t<meta name=\"twitter:data1\" content=\"francesca\">\n\t<meta name=\"twitter:label2\" content=\"Tempo di lettura stimato\">\n\t<meta name=\"twitter:data2\" content=\"1 minuto\">\n<script type=\"application\/ld+json\" class=\"yoast-schema-graph\">{\"@context\":\"https:\/\/schema.org\",\"@graph\":[{\"@type\":\"WebSite\",\"@id\":\"https:\/\/www.pescafish.it\/new\/#website\",\"url\":\"https:\/\/www.pescafish.it\/new\/\",\"name\":\"Pesca Fish\",\"description\":\"Benvenuti sul nostro sito!\",\"potentialAction\":[{\"@type\":\"SearchAction\",\"target\":\"https:\/\/www.pescafish.it\/new\/?s={search_term_string}\",\"query-input\":\"required name=search_term_string\"}],\"inLanguage\":\"it-IT\"},{\"@type\":\"ImageObject\",\"@id\":\"https:\/\/www.pescafish.it\/new\/prodotto\/citruz-boilies-yellow-nash\/#primaryimage\",\"inLanguage\":\"it-IT\",\"url\":\"https:\/\/www.pescafish.it\/new\/wp-content\/uploads\/2022\/12\/nash-yellow.jpg\",\"width\":713,\"height\":713,\"caption\":\"Nash\"},{\"@type\":\"WebPage\",\"@id\":\"https:\/\/www.pescafish.it\/new\/prodotto\/citruz-boilies-yellow-nash\/#webpage\",\"url\":\"https:\/\/www.pescafish.it\/new\/prodotto\/citruz-boilies-yellow-nash\/\",\"name\":\"Citruz Boilies Yellow\\u00a0- Nash - Pesca Fish\",\"isPartOf\":{\"@id\":\"https:\/\/www.pescafish.it\/new\/#website\"},\"primaryImageOfPage\":{\"@id\":\"https:\/\/www.pescafish.it\/new\/prodotto\/citruz-boilies-yellow-nash\/#primaryimage\"},\"datePublished\":\"2022-12-14T16:18:00+00:00\",\"dateModified\":\"2026-04-06T20:12:50+00:00\",\"inLanguage\":\"it-IT\",\"potentialAction\":[{\"@type\":\"ReadAction\",\"target\":[\"https:\/\/www.pescafish.it\/new\/prodotto\/citruz-boilies-yellow-nash\/\"]}]}]}<\/script>\n<!-- \/ Yoast SEO plugin. -->","_links":{"self":[{"href":"https:\/\/www.pescafish.it\/new\/wp-json\/wp\/v2\/product\/84321"}],"collection":[{"href":"https:\/\/www.pescafish.it\/new\/wp-json\/wp\/v2\/product"}],"about":[{"href":"https:\/\/www.pescafish.it\/new\/wp-json\/wp\/v2\/types\/product"}],"replies":[{"embeddable":true,"href":"https:\/\/www.pescafish.it\/new\/wp-json\/wp\/v2\/comments?post=84321"}],"wp:featuredmedia":[{"embeddable":true,"href":"https:\/\/www.pescafish.it\/new\/wp-json\/wp\/v2\/media\/84322"}],"wp:attachment":[{"href":"https:\/\/www.pescafish.it\/new\/wp-json\/wp\/v2\/media?parent=84321"}],"wp:term":[{"taxonomy":"product_cat","embeddable":true,"href":"https:\/\/www.pescafish.it\/new\/wp-json\/wp\/v2\/product_cat?post=84321"},{"taxonomy":"product_tag","embeddable":true,"href":"https:\/\/www.pescafish.it\/new\/wp-json\/wp\/v2\/product_tag?post=84321"}],"curies":[{"name":"wp","href":"https:\/\/api.w.org\/{rel}","templated":true}]}}