{"id":84306,"date":"2022-12-14T10:46:33","date_gmt":"2022-12-14T09:46:33","guid":{"rendered":"https:\/\/www.pescafish.it\/new\/?post_type=product&#038;p=84306"},"modified":"2023-06-17T15:32:45","modified_gmt":"2023-06-17T13:32:45","slug":"mulinello-miravel-shimano","status":"publish","type":"product","link":"https:\/\/www.pescafish.it\/new\/prodotto\/mulinello-miravel-shimano\/","title":{"rendered":"Mulinello Miravel &#8211; Shimano"},"content":{"rendered":"<p>Il Miravel \u00e8 il modello pi\u00f9 economico della popolare serie Magnumlite. Il peso complessivo ridotto, combinato con una sensazione di rotazione leggera, \u00e8 perfetto per i pescatori che desiderano prestazioni avanzate combinate con un&#8217;eccellente convenienza. L&#8217;aspetto sobrio del Miravel ti riempir\u00e0 di fiducia. Il design elegante smentisce la sua convenienza e si combina perfettamente con qualsiasi canna Shimano, creando la perfetta armonia di leggerezza ed equilibrio. Le prestazioni sofisticate ti attireranno davvero se sei un pescatore tecnico che apprezza la leggerezza della rotazione e del peso. Come parte della serie Magnumlite, puoi essere certo che il Miravel \u00e8 dotato di tecnologia avanzata per rendere la tua pesca pi\u00f9 efficiente e divertente. Dotato di composito CI4+ in tutta la sua costruzione, il Miravel ha un corpo G-FREE che \u00e8 straordinariamente leggero e ben bilanciato, anche nelle taglie pi\u00f9 grandi. E come tutti i mulinelli Magnumlite, la leggerezza della rotazione sfida quasi la logica, con solo una pressione minima richiesta per far muovere il rotore. Questo lo rende il mulinello perfetto per la pesca avanzata con esche artificiali, soprattutto se combinato con le ultime canne leggere. Internamente, la tecnologia Provengear di Shimano funziona perfettamente per fornire potenza e fluidit\u00e0 in egual misura. La famosa combinazione HAGANE GEAR, X-SHIP \u00e8 migliorata con Silent Drive e la maniglia avvitata conferisce un&#8217;immediatezza quasi innaturale. In uso, il mulinello lancia come un sogno grazie alla superba linea di posa e alla bobina AR-C, e la frizione anteriore resistente all&#8217;acqua pu\u00f2 essere totalmente affidabile nelle situazioni pi\u00f9 impegnative. \u00c8 disponibile un&#8217;ampia gamma di modelli, assicurando che ci sia una scelta per soddisfare le tue preferenze. E mentre il Miravel ha un pedigree indubbio, la caratteristica pi\u00f9 notevole \u00e8 la sua convenienza, che apre le prestazioni leggere a un pubblico completamente nuovo.<\/p>\n<p><strong>Disponibile nei seguenti modelli:<\/strong><\/p>\n<table style=\"width: 100%; border-collapse: collapse; border-color: #000000; height: 373px;\" border=\"2\">\n<tbody>\n<tr style=\"height: 23px;\">\n<td style=\"width: 16.6667%; text-align: center; height: 23px;\"><strong>Modello<\/strong><\/td>\n<td style=\"width: 16.6667%; text-align: center; height: 23px;\"><strong>Rapporto di Recupero<\/strong><\/td>\n<td style=\"width: 16.6667%; text-align: center; height: 23px;\"><strong>Peso<\/strong><\/td>\n<td style=\"width: 16.6667%; text-align: center; height: 23px;\"><strong>Capacit\u00e0 Bobina<\/strong><\/td>\n<td style=\"width: 16.6667%; text-align: center; height: 23px;\"><strong>Max Drag<\/strong><\/td>\n<td style=\"width: 16.6667%; text-align: center; height: 23px;\"><strong>Line Retrive<\/strong><\/td>\n<\/tr>\n<tr style=\"height: 47px;\">\n<td style=\"width: 16.6667%; text-align: center; height: 47px;\"><strong>MIR1000<\/strong><\/td>\n<td style=\"width: 16.6667%; text-align: center; height: 47px;\">5.0:1<\/td>\n<td style=\"width: 16.6667%; text-align: center; height: 47px;\">175gr<\/td>\n<td style=\"width: 16.6667%; text-align: center; height: 47px;\">0.18mm-170m \/ 0.20mm-140m \/ 0.25mm-90m<\/td>\n<td style=\"width: 16.6667%; text-align: center; height: 47px;\">3kg<\/td>\n<td style=\"width: 16.6667%; text-align: center; height: 47px;\">66cm<\/td>\n<\/tr>\n<tr style=\"height: 23px;\">\n<td style=\"width: 16.6667%; text-align: center; height: 23px;\"><strong>MIRC2000S<\/strong><\/td>\n<td style=\"width: 16.6667%; text-align: center; height: 23px;\">5.0:1<\/td>\n<td style=\"width: 16.6667%; text-align: center; height: 23px;\">180gr<\/td>\n<td style=\"width: 16.6667%; text-align: center; height: 23px;\">0.14mm-145m \/ 0.16mm-105m \/ 0.18mm-80m<\/td>\n<td style=\"width: 16.6667%; text-align: center; height: 23px;\">3kg<\/td>\n<td style=\"width: 16.6667%; text-align: center; height: 23px;\">66cm<\/td>\n<\/tr>\n<tr style=\"height: 47px;\">\n<td style=\"width: 16.6667%; text-align: center; height: 47px;\"><strong>MIRC2000SHG<\/strong><\/td>\n<td style=\"width: 16.6667%; text-align: center; height: 47px;\">6.0:1<\/td>\n<td style=\"width: 16.6667%; text-align: center; height: 47px;\">180gr<\/td>\n<td style=\"width: 16.6667%; text-align: center; height: 47px;\">0.14mm-145m \/ 0.16mm-105m \/ 0.18mm-80m<\/td>\n<td style=\"width: 16.6667%; text-align: center; height: 47px;\">3kg<\/td>\n<td style=\"width: 16.6667%; text-align: center; height: 47px;\">79cm<\/td>\n<\/tr>\n<tr style=\"height: 23px;\">\n<td style=\"width: 16.6667%; text-align: center; height: 23px;\"><strong>MIR2500<\/strong><\/td>\n<td style=\"width: 16.6667%; text-align: center; height: 23px;\">5.0:1<\/td>\n<td style=\"width: 16.6667%; text-align: center; height: 23px;\">205gr<\/td>\n<td style=\"width: 16.6667%; text-align: center; height: 23px;\">0.25mm-160m<\/td>\n<td style=\"width: 16.6667%; text-align: center; height: 23px;\">9kg<\/td>\n<td style=\"width: 16.6667%; text-align: center; height: 23px;\">73cm<\/td>\n<\/tr>\n<tr>\n<td style=\"width: 16.6667%; text-align: center;\"><strong>MIR2500S<\/strong><\/td>\n<td style=\"width: 16.6667%; text-align: center;\">5.0:1<\/td>\n<td style=\"width: 16.6667%; text-align: center;\">205gr<\/td>\n<td style=\"width: 16.6667%; text-align: center;\">0.16mm-150m \/ 0.18mm-120m \/ 0.20mm-95m<\/td>\n<td style=\"width: 16.6667%; text-align: center;\">4kg<\/td>\n<td style=\"width: 16.6667%; text-align: center;\">73cm<\/td>\n<\/tr>\n<tr style=\"height: 23px;\">\n<td style=\"width: 16.6667%; text-align: center; height: 23px;\"><strong>MIR2500SHG<\/strong><\/td>\n<td style=\"width: 16.6667%; text-align: center; height: 23px;\">6.2:1<\/td>\n<td style=\"width: 16.6667%; text-align: center; height: 23px;\">205gr<\/td>\n<td style=\"width: 16.6667%; text-align: center; height: 23px;\">0.16mm-150m \/ 0.18mm-120m \/ 0.20mm-95m<\/td>\n<td style=\"width: 16.6667%; text-align: center; height: 23px;\">4kg<\/td>\n<td style=\"width: 16.6667%; text-align: center; height: 23px;\">91cm<\/td>\n<\/tr>\n<tr style=\"height: 23px;\">\n<td style=\"width: 16.6667%; text-align: center; height: 23px;\"><strong>MIR2500HG<\/strong><\/td>\n<td style=\"width: 16.6667%; text-align: center; height: 23px;\">6.2:1<\/td>\n<td style=\"width: 16.6667%; text-align: center; height: 23px;\">205gr<\/td>\n<td style=\"width: 16.6667%; text-align: center; height: 23px;\">0.25mm-160m<\/td>\n<td style=\"width: 16.6667%; text-align: center; height: 23px;\">4kg<\/td>\n<td style=\"width: 16.6667%; text-align: center; height: 23px;\">91cm<\/td>\n<\/tr>\n<tr style=\"height: 47px;\">\n<td style=\"width: 16.6667%; text-align: center; height: 47px;\"><strong>MIRC3000<\/strong><\/td>\n<td style=\"width: 16.6667%; text-align: center; height: 47px;\">5.0:1<\/td>\n<td style=\"width: 16.6667%; text-align: center; height: 47px;\">205gr<\/td>\n<td style=\"width: 16.6667%; text-align: center; height: 47px;\">0.25mm-210m \/ 0.30mm-130m \/ 0.35mm-100m<\/td>\n<td style=\"width: 16.6667%; text-align: center; height: 47px;\">9kg<\/td>\n<td style=\"width: 16.6667%; text-align: center; height: 47px;\">73cm<\/td>\n<\/tr>\n<tr style=\"height: 47px;\">\n<td style=\"width: 16.6667%; text-align: center; height: 47px;\"><strong>MIRC3000HG<\/strong><\/td>\n<td style=\"width: 16.6667%; text-align: center; height: 47px;\">6.2:1<\/td>\n<td style=\"width: 16.6667%; text-align: center; height: 47px;\">205gr<\/td>\n<td style=\"width: 16.6667%; text-align: center; height: 47px;\">0.25mm-210m \/ 0.30mm-130m \/ 0.35mm-100m<\/td>\n<td style=\"width: 16.6667%; text-align: center; height: 47px;\">9kg<\/td>\n<td style=\"width: 16.6667%; text-align: center; height: 47px;\">91cm<\/td>\n<\/tr>\n<tr style=\"height: 47px;\">\n<td style=\"width: 16.6667%; text-align: center; height: 47px;\"><strong>MIR4000<\/strong><\/td>\n<td style=\"width: 16.6667%; text-align: center; height: 47px;\">4.7:1<\/td>\n<td style=\"width: 16.6667%; text-align: center; height: 47px;\">245gr<\/td>\n<td style=\"width: 16.6667%; text-align: center; height: 47px;\">0.30mm-180m \/ 0.35mm-130m<\/td>\n<td style=\"width: 16.6667%; text-align: center; height: 47px;\">11kg<\/td>\n<td style=\"width: 16.6667%; text-align: center; height: 47px;\">75cm<\/td>\n<\/tr>\n<tr style=\"height: 23px;\">\n<td style=\"width: 16.6667%; text-align: center; height: 23px;\"><strong>MIR4000XG<\/strong><\/td>\n<td style=\"width: 16.6667%; text-align: center; height: 23px;\">6.2:1<\/td>\n<td style=\"width: 16.6667%; text-align: center; height: 23px;\">245gr<\/td>\n<td style=\"width: 16.6667%; text-align: center; height: 23px;\">0.30mm-180m \/ 0.35mm-130m<\/td>\n<td style=\"width: 16.6667%; text-align: center; height: 23px;\">11kg<\/td>\n<td style=\"width: 16.6667%; text-align: center; height: 23px;\">99cm<\/td>\n<\/tr>\n<tr>\n<td style=\"width: 16.6667%; text-align: center;\"><strong>MIRC5000XG<\/strong><\/td>\n<td style=\"width: 16.6667%; text-align: center;\">6.2:1<\/td>\n<td style=\"width: 16.6667%; text-align: center;\">270g<\/td>\n<td style=\"width: 16.6667%; text-align: center;\">0.35mm-175m \/ 0.40mm-120m<\/td>\n<td style=\"width: 16.6667%; text-align: center;\">11kg<\/td>\n<td style=\"width: 16.6667%; text-align: center;\">105cm<\/td>\n<\/tr>\n<\/tbody>\n<\/table>\n<p><span style=\"color: #ff0000;\"><strong>DUE ANNI DI GARANZIA<\/strong><\/span><br \/>\n<span style=\"color: #ff0000;\"><strong>Da oggi per avere il TERZO ANNO DI GARANZIA, collegati al nuovo portale e registra il tuo prodotto su:<\/strong><\/span><br \/>\n<span style=\"color: #000000; background-color: #ffff00;\"><strong><a style=\"color: #000000; background-color: #ffff00;\" href=\"http:\/\/www.shimanofishnetwork.it\/garanzia\/sign_in\">http:\/\/www.shimanofishnetwork.it\/garanzia\/sign_in<\/a><\/strong><\/span><\/p>\n","protected":false},"excerpt":{"rendered":"<p>Il Miravel \u00e8 il modello pi\u00f9 economico della popolare serie Magnumlite. Il peso complessivo ridotto, combinato con una sensazione di rotazione leggera, \u00e8 perfetto per i pescatori che desiderano prestazioni avanzate combinate con un&#8217;eccellente convenienza. L&#8217;aspetto sobrio del Miravel ti riempir\u00e0 di fiducia. Il design elegante smentisce la sua convenienza e si combina perfettamente con [&hellip;]<\/p>\n","protected":false},"featured_media":84307,"comment_status":"closed","ping_status":"closed","template":"","meta":[],"product_cat":[348],"product_tag":[1023],"yoast_head":"<!-- This site is optimized with the Yoast SEO plugin v15.3 - https:\/\/yoast.com\/wordpress\/plugins\/seo\/ -->\n<title>Mulinello Miravel - Shimano - Pesca Fish<\/title>\n<meta name=\"robots\" content=\"index, follow, max-snippet:-1, max-image-preview:large, max-video-preview:-1\" \/>\n<link rel=\"canonical\" href=\"https:\/\/www.pescafish.it\/new\/prodotto\/mulinello-miravel-shimano\/\" \/>\n<meta property=\"og:locale\" content=\"it_IT\" \/>\n<meta property=\"og:type\" content=\"article\" \/>\n<meta property=\"og:title\" content=\"Mulinello Miravel - Shimano - Pesca Fish\" \/>\n<meta property=\"og:description\" content=\"Il Miravel \u00e8 il modello pi\u00f9 economico della popolare serie Magnumlite. Il peso complessivo ridotto, combinato con una sensazione di rotazione leggera, \u00e8 perfetto per i pescatori che desiderano prestazioni avanzate combinate con un&#8217;eccellente convenienza. L&#8217;aspetto sobrio del Miravel ti riempir\u00e0 di fiducia. Il design elegante smentisce la sua convenienza e si combina perfettamente con [&hellip;]\" \/>\n<meta property=\"og:url\" content=\"https:\/\/www.pescafish.it\/new\/prodotto\/mulinello-miravel-shimano\/\" \/>\n<meta property=\"og:site_name\" content=\"Pesca Fish\" \/>\n<meta property=\"article:publisher\" content=\"https:\/\/www.facebook.com\/pescafishvr\/\" \/>\n<meta property=\"article:modified_time\" content=\"2023-06-17T13:32:45+00:00\" \/>\n<meta property=\"og:image\" content=\"https:\/\/www.pescafish.it\/new\/wp-content\/uploads\/2022\/12\/miravel.jpg\" \/>\n\t<meta property=\"og:image:width\" content=\"1000\" \/>\n\t<meta property=\"og:image:height\" content=\"1000\" \/>\n<meta name=\"twitter:card\" content=\"summary_large_image\" \/>\n<meta name=\"twitter:label1\" content=\"Scritto da\">\n\t<meta name=\"twitter:data1\" content=\"francesca\">\n\t<meta name=\"twitter:label2\" content=\"Tempo di lettura stimato\">\n\t<meta name=\"twitter:data2\" content=\"2 minuti\">\n<script type=\"application\/ld+json\" class=\"yoast-schema-graph\">{\"@context\":\"https:\/\/schema.org\",\"@graph\":[{\"@type\":\"WebSite\",\"@id\":\"https:\/\/www.pescafish.it\/new\/#website\",\"url\":\"https:\/\/www.pescafish.it\/new\/\",\"name\":\"Pesca Fish\",\"description\":\"Benvenuti sul nostro sito!\",\"potentialAction\":[{\"@type\":\"SearchAction\",\"target\":\"https:\/\/www.pescafish.it\/new\/?s={search_term_string}\",\"query-input\":\"required name=search_term_string\"}],\"inLanguage\":\"it-IT\"},{\"@type\":\"ImageObject\",\"@id\":\"https:\/\/www.pescafish.it\/new\/prodotto\/mulinello-miravel-shimano\/#primaryimage\",\"inLanguage\":\"it-IT\",\"url\":\"https:\/\/www.pescafish.it\/new\/wp-content\/uploads\/2022\/12\/miravel.jpg\",\"width\":1000,\"height\":1000,\"caption\":\"mulinello miravel shimano\"},{\"@type\":\"WebPage\",\"@id\":\"https:\/\/www.pescafish.it\/new\/prodotto\/mulinello-miravel-shimano\/#webpage\",\"url\":\"https:\/\/www.pescafish.it\/new\/prodotto\/mulinello-miravel-shimano\/\",\"name\":\"Mulinello Miravel - Shimano - Pesca Fish\",\"isPartOf\":{\"@id\":\"https:\/\/www.pescafish.it\/new\/#website\"},\"primaryImageOfPage\":{\"@id\":\"https:\/\/www.pescafish.it\/new\/prodotto\/mulinello-miravel-shimano\/#primaryimage\"},\"datePublished\":\"2022-12-14T09:46:33+00:00\",\"dateModified\":\"2023-06-17T13:32:45+00:00\",\"inLanguage\":\"it-IT\",\"potentialAction\":[{\"@type\":\"ReadAction\",\"target\":[\"https:\/\/www.pescafish.it\/new\/prodotto\/mulinello-miravel-shimano\/\"]}]}]}<\/script>\n<!-- \/ Yoast SEO plugin. -->","_links":{"self":[{"href":"https:\/\/www.pescafish.it\/new\/wp-json\/wp\/v2\/product\/84306"}],"collection":[{"href":"https:\/\/www.pescafish.it\/new\/wp-json\/wp\/v2\/product"}],"about":[{"href":"https:\/\/www.pescafish.it\/new\/wp-json\/wp\/v2\/types\/product"}],"replies":[{"embeddable":true,"href":"https:\/\/www.pescafish.it\/new\/wp-json\/wp\/v2\/comments?post=84306"}],"wp:featuredmedia":[{"embeddable":true,"href":"https:\/\/www.pescafish.it\/new\/wp-json\/wp\/v2\/media\/84307"}],"wp:attachment":[{"href":"https:\/\/www.pescafish.it\/new\/wp-json\/wp\/v2\/media?parent=84306"}],"wp:term":[{"taxonomy":"product_cat","embeddable":true,"href":"https:\/\/www.pescafish.it\/new\/wp-json\/wp\/v2\/product_cat?post=84306"},{"taxonomy":"product_tag","embeddable":true,"href":"https:\/\/www.pescafish.it\/new\/wp-json\/wp\/v2\/product_tag?post=84306"}],"curies":[{"name":"wp","href":"https:\/\/api.w.org\/{rel}","templated":true}]}}