{"id":84205,"date":"2022-12-10T12:31:36","date_gmt":"2022-12-10T11:31:36","guid":{"rendered":"https:\/\/www.pescafish.it\/new\/?post_type=product&#038;p=84205"},"modified":"2024-09-10T13:24:27","modified_gmt":"2024-09-10T11:24:27","slug":"mini-gummy-slow-sinking-coconut-35mm","status":"publish","type":"product","link":"https:\/\/www.pescafish.it\/new\/prodotto\/mini-gummy-slow-sinking-coconut-35mm\/","title":{"rendered":"MINI Gummy Slow Sinking 3,5mm\u00a0&#8211; Feenyx Bait"},"content":{"rendered":"<h2>MINI Gummy Slow Sinking 3,5mm<\/h2>\n<p>Nuova generazione di dumbell. Questa esca \u00e8 molto morbida e questa particolarit\u00e0 la rende irresistibile per i pesci pi\u00f9 sospettosi. Pu\u00f2 essere innescata con tutti i tipi di Hair rig ma la sua consistenza permette un innesco diretto all\u2019amo.\u00a0Versione slow sinking ultra visibili. La versione MINI GUMMY misura 3.5 mm ed \u00e8 stata ideata appositamente per la stagione invernale dove bisogna ingannare pesci estremamente difficili e svogliati. MINI GUMMY pu\u00f2 essere innescato e presentato con ami molto piccoli e leggeri. L\u2019innesco, come nelle altre misure, rimane morbido al tatto ma comunque estremamente durevole sulla Bait Band o in una baionetta.<\/p>\n<p><strong>Disponibile nelle seguenti aromatizzazioni:<\/strong><br \/>\n<strong>B0700050<\/strong>\u00a0 Corn &amp; Nuts<br \/>\n<strong>B0700051<\/strong> Krill &amp; Crab<br \/>\n<strong>B0700052<\/strong>\u00a0 Mulberry &amp; Scopex<br \/>\n<strong>B0700053<\/strong>\u00a0 Tonic &amp; Pine<br \/>\n<strong>B0700054<\/strong>\u00a0 Coconut<br \/>\n<strong>B0700055<\/strong>\u00a0 Pacific Fishmeal<br \/>\n<strong>B0700056<\/strong>\u00a0 Garlic &amp; Spices<\/p>\n","protected":false},"excerpt":{"rendered":"<p>MINI Gummy Slow Sinking 3,5mm Nuova generazione di dumbell. Questa esca \u00e8 molto morbida e questa particolarit\u00e0 la rende irresistibile per i pesci pi\u00f9 sospettosi. Pu\u00f2 essere innescata con tutti i tipi di Hair rig ma la sua consistenza permette un innesco diretto all\u2019amo.\u00a0Versione slow sinking ultra visibili. La versione MINI GUMMY misura 3.5 mm [&hellip;]<\/p>\n","protected":false},"featured_media":84206,"comment_status":"closed","ping_status":"closed","template":"","meta":[],"product_cat":[707],"product_tag":[1252],"yoast_head":"<!-- This site is optimized with the Yoast SEO plugin v15.3 - https:\/\/yoast.com\/wordpress\/plugins\/seo\/ -->\n<title>MINI Gummy Slow Sinking 3,5mm\u00a0- Feenyx Bait - Pesca Fish<\/title>\n<meta name=\"robots\" content=\"index, follow, max-snippet:-1, max-image-preview:large, max-video-preview:-1\" \/>\n<link rel=\"canonical\" href=\"https:\/\/www.pescafish.it\/new\/prodotto\/mini-gummy-slow-sinking-coconut-35mm\/\" \/>\n<meta property=\"og:locale\" content=\"it_IT\" \/>\n<meta property=\"og:type\" content=\"article\" \/>\n<meta property=\"og:title\" content=\"MINI Gummy Slow Sinking 3,5mm\u00a0- Feenyx Bait - Pesca Fish\" \/>\n<meta property=\"og:description\" content=\"MINI Gummy Slow Sinking 3,5mm Nuova generazione di dumbell. Questa esca \u00e8 molto morbida e questa particolarit\u00e0 la rende irresistibile per i pesci pi\u00f9 sospettosi. Pu\u00f2 essere innescata con tutti i tipi di Hair rig ma la sua consistenza permette un innesco diretto all\u2019amo.\u00a0Versione slow sinking ultra visibili. La versione MINI GUMMY misura 3.5 mm [&hellip;]\" \/>\n<meta property=\"og:url\" content=\"https:\/\/www.pescafish.it\/new\/prodotto\/mini-gummy-slow-sinking-coconut-35mm\/\" \/>\n<meta property=\"og:site_name\" content=\"Pesca Fish\" \/>\n<meta property=\"article:publisher\" content=\"https:\/\/www.facebook.com\/pescafishvr\/\" \/>\n<meta property=\"article:modified_time\" content=\"2024-09-10T11:24:27+00:00\" \/>\n<meta property=\"og:image\" content=\"https:\/\/www.pescafish.it\/new\/wp-content\/uploads\/2022\/12\/1.jpg\" \/>\n\t<meta property=\"og:image:width\" content=\"800\" \/>\n\t<meta property=\"og:image:height\" content=\"800\" \/>\n<meta name=\"twitter:card\" content=\"summary_large_image\" \/>\n<meta name=\"twitter:label1\" content=\"Scritto da\">\n\t<meta name=\"twitter:data1\" content=\"francesca\">\n\t<meta name=\"twitter:label2\" content=\"Tempo di lettura stimato\">\n\t<meta name=\"twitter:data2\" content=\"1 minuto\">\n<script type=\"application\/ld+json\" class=\"yoast-schema-graph\">{\"@context\":\"https:\/\/schema.org\",\"@graph\":[{\"@type\":\"WebSite\",\"@id\":\"https:\/\/www.pescafish.it\/new\/#website\",\"url\":\"https:\/\/www.pescafish.it\/new\/\",\"name\":\"Pesca Fish\",\"description\":\"Benvenuti sul nostro sito!\",\"potentialAction\":[{\"@type\":\"SearchAction\",\"target\":\"https:\/\/www.pescafish.it\/new\/?s={search_term_string}\",\"query-input\":\"required name=search_term_string\"}],\"inLanguage\":\"it-IT\"},{\"@type\":\"ImageObject\",\"@id\":\"https:\/\/www.pescafish.it\/new\/prodotto\/mini-gummy-slow-sinking-coconut-35mm\/#primaryimage\",\"inLanguage\":\"it-IT\",\"url\":\"https:\/\/www.pescafish.it\/new\/wp-content\/uploads\/2022\/12\/1.jpg\",\"width\":800,\"height\":800,\"caption\":\"Feenyx Baits\"},{\"@type\":\"WebPage\",\"@id\":\"https:\/\/www.pescafish.it\/new\/prodotto\/mini-gummy-slow-sinking-coconut-35mm\/#webpage\",\"url\":\"https:\/\/www.pescafish.it\/new\/prodotto\/mini-gummy-slow-sinking-coconut-35mm\/\",\"name\":\"MINI Gummy Slow Sinking 3,5mm\\u00a0- Feenyx Bait - Pesca Fish\",\"isPartOf\":{\"@id\":\"https:\/\/www.pescafish.it\/new\/#website\"},\"primaryImageOfPage\":{\"@id\":\"https:\/\/www.pescafish.it\/new\/prodotto\/mini-gummy-slow-sinking-coconut-35mm\/#primaryimage\"},\"datePublished\":\"2022-12-10T11:31:36+00:00\",\"dateModified\":\"2024-09-10T11:24:27+00:00\",\"inLanguage\":\"it-IT\",\"potentialAction\":[{\"@type\":\"ReadAction\",\"target\":[\"https:\/\/www.pescafish.it\/new\/prodotto\/mini-gummy-slow-sinking-coconut-35mm\/\"]}]}]}<\/script>\n<!-- \/ Yoast SEO plugin. -->","_links":{"self":[{"href":"https:\/\/www.pescafish.it\/new\/wp-json\/wp\/v2\/product\/84205"}],"collection":[{"href":"https:\/\/www.pescafish.it\/new\/wp-json\/wp\/v2\/product"}],"about":[{"href":"https:\/\/www.pescafish.it\/new\/wp-json\/wp\/v2\/types\/product"}],"replies":[{"embeddable":true,"href":"https:\/\/www.pescafish.it\/new\/wp-json\/wp\/v2\/comments?post=84205"}],"wp:featuredmedia":[{"embeddable":true,"href":"https:\/\/www.pescafish.it\/new\/wp-json\/wp\/v2\/media\/84206"}],"wp:attachment":[{"href":"https:\/\/www.pescafish.it\/new\/wp-json\/wp\/v2\/media?parent=84205"}],"wp:term":[{"taxonomy":"product_cat","embeddable":true,"href":"https:\/\/www.pescafish.it\/new\/wp-json\/wp\/v2\/product_cat?post=84205"},{"taxonomy":"product_tag","embeddable":true,"href":"https:\/\/www.pescafish.it\/new\/wp-json\/wp\/v2\/product_tag?post=84205"}],"curies":[{"name":"wp","href":"https:\/\/api.w.org\/{rel}","templated":true}]}}