{"id":83939,"date":"2022-12-07T17:55:44","date_gmt":"2022-12-07T16:55:44","guid":{"rendered":"https:\/\/www.pescafish.it\/new\/?post_type=product&#038;p=83939"},"modified":"2025-10-29T08:48:31","modified_gmt":"2025-10-29T07:48:31","slug":"astrar-3-2-gr-valkein","status":"publish","type":"product","link":"https:\/\/www.pescafish.it\/new\/prodotto\/astrar-3-2-gr-valkein\/","title":{"rendered":"Astrar 3.2 gr &#8211; ValkeIN"},"content":{"rendered":"<h2>Astrar 3.2 gr<\/h2>\n<p>Valkein Astrar 3.2 gr \u00e8 un ondulante concepito per la pesca alla trota, costruito in Giappone con materiali di altissimo livello e creato dal pro Staff Toru Arakawa.<br \/>\nE&#8217; uno spoon tra i pi\u00f9 apprezzati tra i pescatori di questa tecnica.<br \/>\nGli Ondulanti Valkein Astrar 3.2 gr da trout area game hanno la peculiarit\u00e0 di cambiare il proprio nuoto in base alla velocit\u00e0 di recupero e ha un&#8217;azione di wobbling particolare data dalla sua forma.<br \/>\nQuesto spoon unisce i punti di forza degli ondulanti ValkeIN pi\u00f9 pesanti alla capacit\u00e0 di adattarsi a recuperi pi\u00f9 superficiali.<\/p>\n<p><strong>Disponibile nelle seguenti colorazioni:<\/strong><br \/>\n<strong>4570027036031\u00a0<\/strong> 15<br \/>\n<strong>4570027036055<\/strong>\u00a0 20<br \/>\n<strong>4570027036079\u00a0 <\/strong>27<strong><br \/>\n4570027036086\u00a0 <\/strong>28<strong><br \/>\nAST3.2-29\u00a0<\/strong> 29<strong><br \/>\n<\/strong><\/p>\n","protected":false},"excerpt":{"rendered":"<p>Astrar 3.2 gr Valkein Astrar 3.2 gr \u00e8 un ondulante concepito per la pesca alla trota, costruito in Giappone con materiali di altissimo livello e creato dal pro Staff Toru Arakawa. E&#8217; uno spoon tra i pi\u00f9 apprezzati tra i pescatori di questa tecnica. Gli Ondulanti Valkein Astrar 3.2 gr da trout area game hanno [&hellip;]<\/p>\n","protected":false},"featured_media":83945,"comment_status":"closed","ping_status":"closed","template":"","meta":[],"product_cat":[923],"product_tag":[1174],"yoast_head":"<!-- This site is optimized with the Yoast SEO plugin v15.3 - https:\/\/yoast.com\/wordpress\/plugins\/seo\/ -->\n<title>Astrar 3.2 gr - ValkeIN - Pesca Fish<\/title>\n<meta name=\"robots\" content=\"index, follow, max-snippet:-1, max-image-preview:large, max-video-preview:-1\" \/>\n<link rel=\"canonical\" href=\"https:\/\/www.pescafish.it\/new\/prodotto\/astrar-3-2-gr-valkein\/\" \/>\n<meta property=\"og:locale\" content=\"it_IT\" \/>\n<meta property=\"og:type\" content=\"article\" \/>\n<meta property=\"og:title\" content=\"Astrar 3.2 gr - ValkeIN - Pesca Fish\" \/>\n<meta property=\"og:description\" content=\"Astrar 3.2 gr Valkein Astrar 3.2 gr \u00e8 un ondulante concepito per la pesca alla trota, costruito in Giappone con materiali di altissimo livello e creato dal pro Staff Toru Arakawa. E&#8217; uno spoon tra i pi\u00f9 apprezzati tra i pescatori di questa tecnica. Gli Ondulanti Valkein Astrar 3.2 gr da trout area game hanno [&hellip;]\" \/>\n<meta property=\"og:url\" content=\"https:\/\/www.pescafish.it\/new\/prodotto\/astrar-3-2-gr-valkein\/\" \/>\n<meta property=\"og:site_name\" content=\"Pesca Fish\" \/>\n<meta property=\"article:publisher\" content=\"https:\/\/www.facebook.com\/pescafishvr\/\" \/>\n<meta property=\"article:modified_time\" content=\"2025-10-29T07:48:31+00:00\" \/>\n<meta property=\"og:image\" content=\"https:\/\/www.pescafish.it\/new\/wp-content\/uploads\/2022\/12\/15.jpg\" \/>\n\t<meta property=\"og:image:width\" content=\"789\" \/>\n\t<meta property=\"og:image:height\" content=\"794\" \/>\n<meta name=\"twitter:card\" content=\"summary_large_image\" \/>\n<meta name=\"twitter:label1\" content=\"Scritto da\">\n\t<meta name=\"twitter:data1\" content=\"francesca\">\n\t<meta name=\"twitter:label2\" content=\"Tempo di lettura stimato\">\n\t<meta name=\"twitter:data2\" content=\"0 minuti\">\n<script type=\"application\/ld+json\" class=\"yoast-schema-graph\">{\"@context\":\"https:\/\/schema.org\",\"@graph\":[{\"@type\":\"WebSite\",\"@id\":\"https:\/\/www.pescafish.it\/new\/#website\",\"url\":\"https:\/\/www.pescafish.it\/new\/\",\"name\":\"Pesca Fish\",\"description\":\"Benvenuti sul nostro sito!\",\"potentialAction\":[{\"@type\":\"SearchAction\",\"target\":\"https:\/\/www.pescafish.it\/new\/?s={search_term_string}\",\"query-input\":\"required name=search_term_string\"}],\"inLanguage\":\"it-IT\"},{\"@type\":\"ImageObject\",\"@id\":\"https:\/\/www.pescafish.it\/new\/prodotto\/astrar-3-2-gr-valkein\/#primaryimage\",\"inLanguage\":\"it-IT\",\"url\":\"https:\/\/www.pescafish.it\/new\/wp-content\/uploads\/2022\/12\/15.jpg\",\"width\":789,\"height\":794,\"caption\":\"ValkeIN\"},{\"@type\":\"WebPage\",\"@id\":\"https:\/\/www.pescafish.it\/new\/prodotto\/astrar-3-2-gr-valkein\/#webpage\",\"url\":\"https:\/\/www.pescafish.it\/new\/prodotto\/astrar-3-2-gr-valkein\/\",\"name\":\"Astrar 3.2 gr - ValkeIN - Pesca Fish\",\"isPartOf\":{\"@id\":\"https:\/\/www.pescafish.it\/new\/#website\"},\"primaryImageOfPage\":{\"@id\":\"https:\/\/www.pescafish.it\/new\/prodotto\/astrar-3-2-gr-valkein\/#primaryimage\"},\"datePublished\":\"2022-12-07T16:55:44+00:00\",\"dateModified\":\"2025-10-29T07:48:31+00:00\",\"inLanguage\":\"it-IT\",\"potentialAction\":[{\"@type\":\"ReadAction\",\"target\":[\"https:\/\/www.pescafish.it\/new\/prodotto\/astrar-3-2-gr-valkein\/\"]}]}]}<\/script>\n<!-- \/ Yoast SEO plugin. -->","_links":{"self":[{"href":"https:\/\/www.pescafish.it\/new\/wp-json\/wp\/v2\/product\/83939"}],"collection":[{"href":"https:\/\/www.pescafish.it\/new\/wp-json\/wp\/v2\/product"}],"about":[{"href":"https:\/\/www.pescafish.it\/new\/wp-json\/wp\/v2\/types\/product"}],"replies":[{"embeddable":true,"href":"https:\/\/www.pescafish.it\/new\/wp-json\/wp\/v2\/comments?post=83939"}],"wp:featuredmedia":[{"embeddable":true,"href":"https:\/\/www.pescafish.it\/new\/wp-json\/wp\/v2\/media\/83945"}],"wp:attachment":[{"href":"https:\/\/www.pescafish.it\/new\/wp-json\/wp\/v2\/media?parent=83939"}],"wp:term":[{"taxonomy":"product_cat","embeddable":true,"href":"https:\/\/www.pescafish.it\/new\/wp-json\/wp\/v2\/product_cat?post=83939"},{"taxonomy":"product_tag","embeddable":true,"href":"https:\/\/www.pescafish.it\/new\/wp-json\/wp\/v2\/product_tag?post=83939"}],"curies":[{"name":"wp","href":"https:\/\/api.w.org\/{rel}","templated":true}]}}