{"id":83932,"date":"2022-12-07T17:38:21","date_gmt":"2022-12-07T16:38:21","guid":{"rendered":"https:\/\/www.pescafish.it\/new\/?post_type=product&#038;p=83932"},"modified":"2025-10-31T18:19:30","modified_gmt":"2025-10-31T17:19:30","slug":"astrar-2-4-gr-valkein","status":"publish","type":"product","link":"https:\/\/www.pescafish.it\/new\/prodotto\/astrar-2-4-gr-valkein\/","title":{"rendered":"Astrar 2.4 gr &#8211; ValkeIN"},"content":{"rendered":"<h2>Astrar 2.4 gr<\/h2>\n<p>Valkein Astrar 2.4 gr \u00e8 un ondulante concepito per la pesca alla trota, costruito in Giappone con materiali di altissimo livello e creato dal pro Staff Toru Arakawa.<br \/>\nE&#8217; uno spoon tra i pi\u00f9 apprezzati tra i pescatori di questa tecnica.<br \/>\nGli\u00a0Ondulanti Valkein Astrar 2.4 gr\u00a0da trout area game hanno\u00a0la peculiarit\u00e0 di cambiare il proprio nuoto in base alla velocit\u00e0 di recupero e ha un&#8217;azione di wobbling particolare data dalla sua forma.<br \/>\nQuesto spoon unisce i punti di forza degli ondulanti ValkeIN pi\u00f9 pesanti alla capacit\u00e0 di adattarsi a recuperi pi\u00f9 superficiali.<\/p>\n<p><strong>Disponibile nelle seguenti colorazioni:<\/strong><br \/>\n<strong>AST2.4S-IT19GC<\/strong>\u00a0 IT19-GC<br \/>\n<strong>AST2.4S-IT20GC<\/strong>\u00a0 IT20-GC<br \/>\n<strong>AST2.4G-IT22FF<\/strong>\u00a0 IT22-FF<br \/>\n<strong>AST2.4G-IT22GC<\/strong>\u00a0 IT22GC<br \/>\n<strong>AST2.4G-IT22PI<\/strong>\u00a0 IT22-PI<br \/>\n<strong>4582671290912<\/strong>\u00a0 IT22PM<br \/>\n<strong>AST2.4S-ITA3<\/strong>\u00a0 ITA3<br \/>\n<strong>4570027021877<\/strong>\u00a0 ITLR<br \/>\n<strong>4582671317336<\/strong>\u00a0 IT23-DD<br \/>\n<strong>4582671317534<\/strong>\u00a0 IT23-GC<br \/>\n<strong>4582671317633<\/strong>\u00a0 IT23-PI<\/p>\n","protected":false},"excerpt":{"rendered":"<p>Astrar 2.4 gr Valkein Astrar 2.4 gr \u00e8 un ondulante concepito per la pesca alla trota, costruito in Giappone con materiali di altissimo livello e creato dal pro Staff Toru Arakawa. E&#8217; uno spoon tra i pi\u00f9 apprezzati tra i pescatori di questa tecnica. Gli\u00a0Ondulanti Valkein Astrar 2.4 gr\u00a0da trout area game hanno\u00a0la peculiarit\u00e0 di [&hellip;]<\/p>\n","protected":false},"featured_media":91730,"comment_status":"closed","ping_status":"closed","template":"","meta":[],"product_cat":[923],"product_tag":[1174],"yoast_head":"<!-- This site is optimized with the Yoast SEO plugin v15.3 - https:\/\/yoast.com\/wordpress\/plugins\/seo\/ -->\n<title>Astrar 2.4 gr - ValkeIN - Pesca Fish<\/title>\n<meta name=\"robots\" content=\"index, follow, max-snippet:-1, max-image-preview:large, max-video-preview:-1\" \/>\n<link rel=\"canonical\" href=\"https:\/\/www.pescafish.it\/new\/prodotto\/astrar-2-4-gr-valkein\/\" \/>\n<meta property=\"og:locale\" content=\"it_IT\" \/>\n<meta property=\"og:type\" content=\"article\" \/>\n<meta property=\"og:title\" content=\"Astrar 2.4 gr - ValkeIN - Pesca Fish\" \/>\n<meta property=\"og:description\" content=\"Astrar 2.4 gr Valkein Astrar 2.4 gr \u00e8 un ondulante concepito per la pesca alla trota, costruito in Giappone con materiali di altissimo livello e creato dal pro Staff Toru Arakawa. E&#8217; uno spoon tra i pi\u00f9 apprezzati tra i pescatori di questa tecnica. Gli\u00a0Ondulanti Valkein Astrar 2.4 gr\u00a0da trout area game hanno\u00a0la peculiarit\u00e0 di [&hellip;]\" \/>\n<meta property=\"og:url\" content=\"https:\/\/www.pescafish.it\/new\/prodotto\/astrar-2-4-gr-valkein\/\" \/>\n<meta property=\"og:site_name\" content=\"Pesca Fish\" \/>\n<meta property=\"article:publisher\" content=\"https:\/\/www.facebook.com\/pescafishvr\/\" \/>\n<meta property=\"article:modified_time\" content=\"2025-10-31T17:19:30+00:00\" \/>\n<meta property=\"og:image\" content=\"https:\/\/www.pescafish.it\/new\/wp-content\/uploads\/2022\/12\/COL-IT19-GC.jpg\" \/>\n\t<meta property=\"og:image:width\" content=\"789\" \/>\n\t<meta property=\"og:image:height\" content=\"794\" \/>\n<meta name=\"twitter:card\" content=\"summary_large_image\" \/>\n<meta name=\"twitter:label1\" content=\"Scritto da\">\n\t<meta name=\"twitter:data1\" content=\"francesca\">\n\t<meta name=\"twitter:label2\" content=\"Tempo di lettura stimato\">\n\t<meta name=\"twitter:data2\" content=\"1 minuto\">\n<script type=\"application\/ld+json\" class=\"yoast-schema-graph\">{\"@context\":\"https:\/\/schema.org\",\"@graph\":[{\"@type\":\"WebSite\",\"@id\":\"https:\/\/www.pescafish.it\/new\/#website\",\"url\":\"https:\/\/www.pescafish.it\/new\/\",\"name\":\"Pesca Fish\",\"description\":\"Benvenuti sul nostro sito!\",\"potentialAction\":[{\"@type\":\"SearchAction\",\"target\":\"https:\/\/www.pescafish.it\/new\/?s={search_term_string}\",\"query-input\":\"required name=search_term_string\"}],\"inLanguage\":\"it-IT\"},{\"@type\":\"ImageObject\",\"@id\":\"https:\/\/www.pescafish.it\/new\/prodotto\/astrar-2-4-gr-valkein\/#primaryimage\",\"inLanguage\":\"it-IT\",\"url\":\"https:\/\/www.pescafish.it\/new\/wp-content\/uploads\/2022\/12\/COL-IT19-GC.jpg\",\"width\":789,\"height\":794},{\"@type\":\"WebPage\",\"@id\":\"https:\/\/www.pescafish.it\/new\/prodotto\/astrar-2-4-gr-valkein\/#webpage\",\"url\":\"https:\/\/www.pescafish.it\/new\/prodotto\/astrar-2-4-gr-valkein\/\",\"name\":\"Astrar 2.4 gr - ValkeIN - Pesca Fish\",\"isPartOf\":{\"@id\":\"https:\/\/www.pescafish.it\/new\/#website\"},\"primaryImageOfPage\":{\"@id\":\"https:\/\/www.pescafish.it\/new\/prodotto\/astrar-2-4-gr-valkein\/#primaryimage\"},\"datePublished\":\"2022-12-07T16:38:21+00:00\",\"dateModified\":\"2025-10-31T17:19:30+00:00\",\"inLanguage\":\"it-IT\",\"potentialAction\":[{\"@type\":\"ReadAction\",\"target\":[\"https:\/\/www.pescafish.it\/new\/prodotto\/astrar-2-4-gr-valkein\/\"]}]}]}<\/script>\n<!-- \/ Yoast SEO plugin. -->","_links":{"self":[{"href":"https:\/\/www.pescafish.it\/new\/wp-json\/wp\/v2\/product\/83932"}],"collection":[{"href":"https:\/\/www.pescafish.it\/new\/wp-json\/wp\/v2\/product"}],"about":[{"href":"https:\/\/www.pescafish.it\/new\/wp-json\/wp\/v2\/types\/product"}],"replies":[{"embeddable":true,"href":"https:\/\/www.pescafish.it\/new\/wp-json\/wp\/v2\/comments?post=83932"}],"wp:featuredmedia":[{"embeddable":true,"href":"https:\/\/www.pescafish.it\/new\/wp-json\/wp\/v2\/media\/91730"}],"wp:attachment":[{"href":"https:\/\/www.pescafish.it\/new\/wp-json\/wp\/v2\/media?parent=83932"}],"wp:term":[{"taxonomy":"product_cat","embeddable":true,"href":"https:\/\/www.pescafish.it\/new\/wp-json\/wp\/v2\/product_cat?post=83932"},{"taxonomy":"product_tag","embeddable":true,"href":"https:\/\/www.pescafish.it\/new\/wp-json\/wp\/v2\/product_tag?post=83932"}],"curies":[{"name":"wp","href":"https:\/\/api.w.org\/{rel}","templated":true}]}}