{"id":83916,"date":"2022-12-07T16:55:56","date_gmt":"2022-12-07T15:55:56","guid":{"rendered":"https:\/\/www.pescafish.it\/new\/?post_type=product&#038;p=83916"},"modified":"2024-11-08T09:33:57","modified_gmt":"2024-11-08T08:33:57","slug":"kuga-nano-f-valkein","status":"publish","type":"product","link":"https:\/\/www.pescafish.it\/new\/prodotto\/kuga-nano-f-valkein\/","title":{"rendered":"Kuga Nano F &#8211; ValkeIN"},"content":{"rendered":"<h2>Kuga Nano F<\/h2>\n<p>Valkein Kuga Nano F\u00a0wobbler. Il Valkein Kuga Nano \u00e8 un crank da trout area galleggiante ideale per la pesca di ricerca anche a velocit\u00e0 molto basse (si tratta della versione pi\u00f9 piccola\u00a0del Valkein Kuga). Un crank per area trout dalle dimensioni molto ridotte, caratterizzato da una paletta molto pronunciata che garantisce una azione molto vivace abbinata alle dimensioni del tutto ridotte.<\/p>\n<p><strong>Caratteristiche:<\/strong><br \/>\n<strong>Lunghezza:<\/strong> 26mm<br \/>\n<strong>Peso:<\/strong> 1.9gr<\/p>\n<p><strong>Disponibile nelle seguenti colorazioni:<\/strong><br \/>\n<strong>KUN-M093<\/strong>\u00a0 M093<br \/>\n<strong>KUN-M109<\/strong>\u00a0 M109<br \/>\n<strong>KUN-M110<\/strong>\u00a0 M110<br \/>\n<strong>KUN-M171\u00a0<\/strong> M171<br \/>\n<strong>4589873950217<\/strong>\u00a0 C064<br \/>\n<strong>4570027031876<\/strong>\u00a0 M172<\/p>\n","protected":false},"excerpt":{"rendered":"<p>Kuga Nano F Valkein Kuga Nano F\u00a0wobbler. Il Valkein Kuga Nano \u00e8 un crank da trout area galleggiante ideale per la pesca di ricerca anche a velocit\u00e0 molto basse (si tratta della versione pi\u00f9 piccola\u00a0del Valkein Kuga). Un crank per area trout dalle dimensioni molto ridotte, caratterizzato da una paletta molto pronunciata che garantisce una [&hellip;]<\/p>\n","protected":false},"featured_media":83917,"comment_status":"closed","ping_status":"closed","template":"","meta":[],"product_cat":[923],"product_tag":[1174],"yoast_head":"<!-- This site is optimized with the Yoast SEO plugin v15.3 - https:\/\/yoast.com\/wordpress\/plugins\/seo\/ -->\n<title>Kuga Nano F - ValkeIN - Pesca Fish<\/title>\n<meta name=\"robots\" content=\"index, follow, max-snippet:-1, max-image-preview:large, max-video-preview:-1\" \/>\n<link rel=\"canonical\" href=\"https:\/\/www.pescafish.it\/new\/prodotto\/kuga-nano-f-valkein\/\" \/>\n<meta property=\"og:locale\" content=\"it_IT\" \/>\n<meta property=\"og:type\" content=\"article\" \/>\n<meta property=\"og:title\" content=\"Kuga Nano F - ValkeIN - Pesca Fish\" \/>\n<meta property=\"og:description\" content=\"Kuga Nano F Valkein Kuga Nano F\u00a0wobbler. Il Valkein Kuga Nano \u00e8 un crank da trout area galleggiante ideale per la pesca di ricerca anche a velocit\u00e0 molto basse (si tratta della versione pi\u00f9 piccola\u00a0del Valkein Kuga). Un crank per area trout dalle dimensioni molto ridotte, caratterizzato da una paletta molto pronunciata che garantisce una [&hellip;]\" \/>\n<meta property=\"og:url\" content=\"https:\/\/www.pescafish.it\/new\/prodotto\/kuga-nano-f-valkein\/\" \/>\n<meta property=\"og:site_name\" content=\"Pesca Fish\" \/>\n<meta property=\"article:publisher\" content=\"https:\/\/www.facebook.com\/pescafishvr\/\" \/>\n<meta property=\"article:modified_time\" content=\"2024-11-08T08:33:57+00:00\" \/>\n<meta property=\"og:image\" content=\"https:\/\/www.pescafish.it\/new\/wp-content\/uploads\/2022\/12\/M109.jpg\" \/>\n\t<meta property=\"og:image:width\" content=\"789\" \/>\n\t<meta property=\"og:image:height\" content=\"794\" \/>\n<meta name=\"twitter:card\" content=\"summary_large_image\" \/>\n<meta name=\"twitter:label1\" content=\"Scritto da\">\n\t<meta name=\"twitter:data1\" content=\"francesca\">\n\t<meta name=\"twitter:label2\" content=\"Tempo di lettura stimato\">\n\t<meta name=\"twitter:data2\" content=\"0 minuti\">\n<script type=\"application\/ld+json\" class=\"yoast-schema-graph\">{\"@context\":\"https:\/\/schema.org\",\"@graph\":[{\"@type\":\"WebSite\",\"@id\":\"https:\/\/www.pescafish.it\/new\/#website\",\"url\":\"https:\/\/www.pescafish.it\/new\/\",\"name\":\"Pesca Fish\",\"description\":\"Benvenuti sul nostro sito!\",\"potentialAction\":[{\"@type\":\"SearchAction\",\"target\":\"https:\/\/www.pescafish.it\/new\/?s={search_term_string}\",\"query-input\":\"required name=search_term_string\"}],\"inLanguage\":\"it-IT\"},{\"@type\":\"ImageObject\",\"@id\":\"https:\/\/www.pescafish.it\/new\/prodotto\/kuga-nano-f-valkein\/#primaryimage\",\"inLanguage\":\"it-IT\",\"url\":\"https:\/\/www.pescafish.it\/new\/wp-content\/uploads\/2022\/12\/M109.jpg\",\"width\":789,\"height\":794,\"caption\":\"ValkeIN\"},{\"@type\":\"WebPage\",\"@id\":\"https:\/\/www.pescafish.it\/new\/prodotto\/kuga-nano-f-valkein\/#webpage\",\"url\":\"https:\/\/www.pescafish.it\/new\/prodotto\/kuga-nano-f-valkein\/\",\"name\":\"Kuga Nano F - ValkeIN - Pesca Fish\",\"isPartOf\":{\"@id\":\"https:\/\/www.pescafish.it\/new\/#website\"},\"primaryImageOfPage\":{\"@id\":\"https:\/\/www.pescafish.it\/new\/prodotto\/kuga-nano-f-valkein\/#primaryimage\"},\"datePublished\":\"2022-12-07T15:55:56+00:00\",\"dateModified\":\"2024-11-08T08:33:57+00:00\",\"inLanguage\":\"it-IT\",\"potentialAction\":[{\"@type\":\"ReadAction\",\"target\":[\"https:\/\/www.pescafish.it\/new\/prodotto\/kuga-nano-f-valkein\/\"]}]}]}<\/script>\n<!-- \/ Yoast SEO plugin. -->","_links":{"self":[{"href":"https:\/\/www.pescafish.it\/new\/wp-json\/wp\/v2\/product\/83916"}],"collection":[{"href":"https:\/\/www.pescafish.it\/new\/wp-json\/wp\/v2\/product"}],"about":[{"href":"https:\/\/www.pescafish.it\/new\/wp-json\/wp\/v2\/types\/product"}],"replies":[{"embeddable":true,"href":"https:\/\/www.pescafish.it\/new\/wp-json\/wp\/v2\/comments?post=83916"}],"wp:featuredmedia":[{"embeddable":true,"href":"https:\/\/www.pescafish.it\/new\/wp-json\/wp\/v2\/media\/83917"}],"wp:attachment":[{"href":"https:\/\/www.pescafish.it\/new\/wp-json\/wp\/v2\/media?parent=83916"}],"wp:term":[{"taxonomy":"product_cat","embeddable":true,"href":"https:\/\/www.pescafish.it\/new\/wp-json\/wp\/v2\/product_cat?post=83916"},{"taxonomy":"product_tag","embeddable":true,"href":"https:\/\/www.pescafish.it\/new\/wp-json\/wp\/v2\/product_tag?post=83916"}],"curies":[{"name":"wp","href":"https:\/\/api.w.org\/{rel}","templated":true}]}}