{"id":83686,"date":"2022-11-25T09:38:55","date_gmt":"2022-11-25T08:38:55","guid":{"rendered":"https:\/\/www.pescafish.it\/new\/?post_type=product&#038;p=83686"},"modified":"2024-05-29T17:41:08","modified_gmt":"2024-05-29T15:41:08","slug":"mulinello-bulls-eye-9120-shimano","status":"publish","type":"product","link":"https:\/\/www.pescafish.it\/new\/prodotto\/mulinello-bulls-eye-9120-shimano\/","title":{"rendered":"Mulinello Bull&#8217;s Eye &#8211; Shimano"},"content":{"rendered":"<p>Il Bull&#8217;s Eye \u00e8 un mulinello ultra resistente progettato per la pesca a lungo distanza in mare e dalle rocce, specialmente con piombi pesanti o su terreni accidentati. L&#8217;ingranaggio immensamente potente, il recupero simile a un argano e il corpo in metallo HAGANE si combinano perfettamente per offrire il mulinello Big Pit pi\u00f9 resistente di Shimano.<br \/>\nSe la tua pesca ruota intorno a terreni accidentati, piombi pesanti o pesca a lunga distanza, dove hai bisogno di una massiccia quantit\u00e0 di potenza e forza per fronteggiare condizioni estreme, il Bull&#8217;s Eye \u00e8 la soluzione perfetta. Raggiungendo uno status quasi di culto in tutto il mondo, il Bull&#8217;s Eye \u00e8 un mulinello da surf che ha subito un cambiamento di potenza, senza un aumento di peso. Con 540 g \u00e8 incredibilmente leggero per un mulinello cos\u00ec resistente, il che lo rende un piacere da usare, anche quando ci si trova di fronte alle situazioni pi\u00f9 dure e impegnative.<br \/>\nProgettato per la forza e la potenza, il Bull&#8217;s Eye ha ingranaggi HAGANE super resistenti e X-SHIP. Queste due tecnologie forniscono la forza necessaria per affrontare le situazioni difficili, e il rapporto di recupero 3,5:1 permette di continuare ad avvolgere quando la pressione \u00e8 alta, senza un eccessivo pompaggio della canna. Ma su un terreno pi\u00f9 leggero, o sulla sabbia, il Bull&#8217;s Eye recupera ancora 84 cm di lenza per ogni giro di manovella, quindi non solo potenza, ma anche fluidit\u00e0. La notevole leggerezza \u00e8 creata dall&#8217;uso di un robusto e rigido corpo HAGANE in alluminio. Questo non solo protegge gli ingranaggi interni, ma crea un telaio super rigido per assicurare che tutto sia tenuto in perfetto allineamento. Per massimizzare le prestazioni di lancio troverete la combinazione di Slow Oscillation, Aero Wrap II, Parallel Body e AR-C spool difficile da battere e l&#8217;Hi-Speed Drag pu\u00f2 essere regolata da tutta chiusa (20kg) a fish-playing.<\/p>\n<p><strong>Disponibile nei seguenti modelli:<\/strong><\/p>\n<table style=\"height: 94px; width: 100%; border-collapse: collapse; border-color: #000000;\" border=\"2\">\n<tbody>\n<tr style=\"height: 23px;\">\n<td style=\"width: 14.2857%; height: 23px; text-align: center;\"><strong>Modello<\/strong><\/td>\n<td style=\"width: 14.2857%; height: 23px; text-align: center;\"><strong>N\u00b0 Cuscinetti<\/strong><\/td>\n<td style=\"width: 14.2857%; height: 23px; text-align: center;\"><strong>Capacit\u00e0 Bobina<\/strong><\/td>\n<td style=\"width: 14.2857%; height: 23px; text-align: center;\"><strong>Rapporto di Recupero<\/strong><\/td>\n<td style=\"width: 14.2857%; height: 23px; text-align: center;\"><strong>Peso<\/strong><\/td>\n<td style=\"width: 14.2857%; height: 23px; text-align: center;\"><strong>Max Drag<\/strong><\/td>\n<\/tr>\n<tr style=\"height: 24px;\">\n<td style=\"width: 14.2857%; height: 24px; text-align: center;\"><strong>5SE44A910<\/strong><\/td>\n<td style=\"width: 14.2857%; height: 24px; text-align: center;\">5+1<\/td>\n<td style=\"width: 14.2857%; height: 24px; text-align: center;\">0.50mm &#8211; 215m<\/td>\n<td style=\"width: 14.2857%; height: 24px; text-align: center;\">3,5:1 (84cm)<\/td>\n<td style=\"width: 14.2857%; height: 24px; text-align: center;\">540g<\/td>\n<td style=\"width: 14.2857%; height: 24px; text-align: center;\">20kg<\/td>\n<\/tr>\n<tr style=\"height: 23px;\">\n<td style=\"width: 14.2857%; height: 23px; text-align: center;\"><strong>5SE44A912<\/strong><\/td>\n<td style=\"width: 14.2857%; height: 23px; text-align: center;\">5+1<\/td>\n<td style=\"width: 14.2857%; height: 23px; text-align: center;\">0.35mm &#8211; 180m<\/td>\n<td style=\"width: 14.2857%; height: 23px; text-align: center;\">3,5:1 (84cm)<\/td>\n<td style=\"width: 14.2857%; height: 23px; text-align: center;\">540g<\/td>\n<td style=\"width: 14.2857%; height: 23px; text-align: center;\">20kg<\/td>\n<\/tr>\n<\/tbody>\n<\/table>\n<p>.<br \/>\n<span style=\"color: #ff0000;\"><strong>DUE ANNI DI GARANZIA<\/strong><\/span><br \/>\n<span style=\"color: #ff0000;\"><strong>Da oggi per avere il TERZO ANNO DI GARANZIA, collegati al nuovo portale e registra il tuo prodotto su:<\/strong><\/span><br \/>\n<span style=\"color: #000000; background-color: #ffff00;\"><a style=\"color: #000000; background-color: #ffff00;\" href=\"http:\/\/www.shimanofishnetwork.it\/garanzia\/sign_in\"><strong>http:\/\/www.shimanofishnetwork.it\/garanzia\/sign_in<\/strong><\/a><\/span><\/p>\n","protected":false},"excerpt":{"rendered":"<p>Il Bull&#8217;s Eye \u00e8 un mulinello ultra resistente progettato per la pesca a lungo distanza in mare e dalle rocce, specialmente con piombi pesanti o su terreni accidentati. L&#8217;ingranaggio immensamente potente, il recupero simile a un argano e il corpo in metallo HAGANE si combinano perfettamente per offrire il mulinello Big Pit pi\u00f9 resistente di [&hellip;]<\/p>\n","protected":false},"featured_media":96425,"comment_status":"closed","ping_status":"closed","template":"","meta":[],"product_cat":[348],"product_tag":[1023],"yoast_head":"<!-- This site is optimized with the Yoast SEO plugin v15.3 - https:\/\/yoast.com\/wordpress\/plugins\/seo\/ -->\n<title>Mulinello Bull&#039;s Eye - Shimano - Pesca Fish<\/title>\n<meta name=\"robots\" content=\"index, follow, max-snippet:-1, max-image-preview:large, max-video-preview:-1\" \/>\n<link rel=\"canonical\" href=\"https:\/\/www.pescafish.it\/new\/prodotto\/mulinello-bulls-eye-9120-shimano\/\" \/>\n<meta property=\"og:locale\" content=\"it_IT\" \/>\n<meta property=\"og:type\" content=\"article\" \/>\n<meta property=\"og:title\" content=\"Mulinello Bull&#039;s Eye - Shimano - Pesca Fish\" \/>\n<meta property=\"og:description\" content=\"Il Bull&#8217;s Eye \u00e8 un mulinello ultra resistente progettato per la pesca a lungo distanza in mare e dalle rocce, specialmente con piombi pesanti o su terreni accidentati. L&#8217;ingranaggio immensamente potente, il recupero simile a un argano e il corpo in metallo HAGANE si combinano perfettamente per offrire il mulinello Big Pit pi\u00f9 resistente di [&hellip;]\" \/>\n<meta property=\"og:url\" content=\"https:\/\/www.pescafish.it\/new\/prodotto\/mulinello-bulls-eye-9120-shimano\/\" \/>\n<meta property=\"og:site_name\" content=\"Pesca Fish\" \/>\n<meta property=\"article:publisher\" content=\"https:\/\/www.facebook.com\/pescafishvr\/\" \/>\n<meta property=\"article:modified_time\" content=\"2024-05-29T15:41:08+00:00\" \/>\n<meta property=\"og:image\" content=\"https:\/\/www.pescafish.it\/new\/wp-content\/uploads\/2022\/11\/bull-s-eye.jpg\" \/>\n\t<meta property=\"og:image:width\" content=\"962\" \/>\n\t<meta property=\"og:image:height\" content=\"962\" \/>\n<meta name=\"twitter:card\" content=\"summary_large_image\" \/>\n<meta name=\"twitter:label1\" content=\"Scritto da\">\n\t<meta name=\"twitter:data1\" content=\"francesca\">\n\t<meta name=\"twitter:label2\" content=\"Tempo di lettura stimato\">\n\t<meta name=\"twitter:data2\" content=\"1 minuto\">\n<script type=\"application\/ld+json\" class=\"yoast-schema-graph\">{\"@context\":\"https:\/\/schema.org\",\"@graph\":[{\"@type\":\"WebSite\",\"@id\":\"https:\/\/www.pescafish.it\/new\/#website\",\"url\":\"https:\/\/www.pescafish.it\/new\/\",\"name\":\"Pesca Fish\",\"description\":\"Benvenuti sul nostro sito!\",\"potentialAction\":[{\"@type\":\"SearchAction\",\"target\":\"https:\/\/www.pescafish.it\/new\/?s={search_term_string}\",\"query-input\":\"required name=search_term_string\"}],\"inLanguage\":\"it-IT\"},{\"@type\":\"ImageObject\",\"@id\":\"https:\/\/www.pescafish.it\/new\/prodotto\/mulinello-bulls-eye-9120-shimano\/#primaryimage\",\"inLanguage\":\"it-IT\",\"url\":\"https:\/\/www.pescafish.it\/new\/wp-content\/uploads\/2022\/11\/bull-s-eye.jpg\",\"width\":962,\"height\":962,\"caption\":\"bull's eye shimano\"},{\"@type\":\"WebPage\",\"@id\":\"https:\/\/www.pescafish.it\/new\/prodotto\/mulinello-bulls-eye-9120-shimano\/#webpage\",\"url\":\"https:\/\/www.pescafish.it\/new\/prodotto\/mulinello-bulls-eye-9120-shimano\/\",\"name\":\"Mulinello Bull's Eye - Shimano - Pesca Fish\",\"isPartOf\":{\"@id\":\"https:\/\/www.pescafish.it\/new\/#website\"},\"primaryImageOfPage\":{\"@id\":\"https:\/\/www.pescafish.it\/new\/prodotto\/mulinello-bulls-eye-9120-shimano\/#primaryimage\"},\"datePublished\":\"2022-11-25T08:38:55+00:00\",\"dateModified\":\"2024-05-29T15:41:08+00:00\",\"inLanguage\":\"it-IT\",\"potentialAction\":[{\"@type\":\"ReadAction\",\"target\":[\"https:\/\/www.pescafish.it\/new\/prodotto\/mulinello-bulls-eye-9120-shimano\/\"]}]}]}<\/script>\n<!-- \/ Yoast SEO plugin. -->","_links":{"self":[{"href":"https:\/\/www.pescafish.it\/new\/wp-json\/wp\/v2\/product\/83686"}],"collection":[{"href":"https:\/\/www.pescafish.it\/new\/wp-json\/wp\/v2\/product"}],"about":[{"href":"https:\/\/www.pescafish.it\/new\/wp-json\/wp\/v2\/types\/product"}],"replies":[{"embeddable":true,"href":"https:\/\/www.pescafish.it\/new\/wp-json\/wp\/v2\/comments?post=83686"}],"wp:featuredmedia":[{"embeddable":true,"href":"https:\/\/www.pescafish.it\/new\/wp-json\/wp\/v2\/media\/96425"}],"wp:attachment":[{"href":"https:\/\/www.pescafish.it\/new\/wp-json\/wp\/v2\/media?parent=83686"}],"wp:term":[{"taxonomy":"product_cat","embeddable":true,"href":"https:\/\/www.pescafish.it\/new\/wp-json\/wp\/v2\/product_cat?post=83686"},{"taxonomy":"product_tag","embeddable":true,"href":"https:\/\/www.pescafish.it\/new\/wp-json\/wp\/v2\/product_tag?post=83686"}],"curies":[{"name":"wp","href":"https:\/\/api.w.org\/{rel}","templated":true}]}}