{"id":83538,"date":"2022-11-18T17:17:01","date_gmt":"2022-11-18T16:17:01","guid":{"rendered":"https:\/\/www.pescafish.it\/new\/?post_type=product&#038;p=83538"},"modified":"2022-11-18T17:17:02","modified_gmt":"2022-11-18T16:17:02","slug":"p1-euro-univerlas-pod-solar","status":"publish","type":"product","link":"https:\/\/www.pescafish.it\/new\/prodotto\/p1-euro-univerlas-pod-solar\/","title":{"rendered":"P1 Euro Univerlas Pod &#8211; Solar"},"content":{"rendered":"<h2>P1 Euro Univerlas Pod<\/h2>\n<p>Universal POD \u00e8 l&#8217;ultima frontiera del POD in casa SOLAR TACKLE<\/p>\n<p>Un vero e proprio concentrato di tecnologia e perfetta lavorazione dell&#8217;acciaio Made in England che trae spunti realizzativi sia dal Worldwide POD che dal GT<\/p>\n<p><strong>Versione EURO<\/strong><\/p>\n<p>Realizzato con una barra centrale doppia che aumenta la stabilit\u00e0 e azzera totalmente le torsioni<\/p>\n<p>Progettato e realizzato in Inghilterra come nostra consuetudine<\/p>\n<p><strong>Caratteristiche:<\/strong><\/p>\n<p>&#8211; Barra centrale doppia per aumentare la stabilit\u00e0<br \/>\n&#8211; Estensione barra centrale da 95 cm a 160 cm<br \/>\n&#8211; Esclusivo sistema di regolazione micrometrica delle gambe gi\u00e0 utilizzato nel nostro WWP<br \/>\n&#8211; Il blocco di regolazione delle gambe \u00e8 mobile e pu\u00f2 essere fissato in qualsiasi punto lungo le barre principali (in maniera similare al GT)<br \/>\n&#8211; Upright richiudibili su se stessi come nel nostro GT<br \/>\n&#8211; Punti di ancoraggio frontali e posteriori per aumentare ulteriormente la stabilit\u00e0<br \/>\n&#8211; Gambe regolabili da 40 cm a 61 cm<br \/>\n&#8211; Viti a testa zigrinata per un comodo serraggio<br \/>\n&#8211; Le gambe della versione Euro sono realizzate in acciaio inossidabile di diametro pi\u00f9 spesso per una maggiore resistenza e stabilit\u00e0 rapportata al telaio pi\u00f9 grande, rispetto all&#8217;Universal Pod<br \/>\n&#8211; Peso: 6.3kg<\/p>\n<p><strong>Attenzione:<\/strong> come per tutti i pod della linea P1 non \u00e8 fornito di buzz bar che sono acquistabili separatamente o per chi ne fosse gi\u00e0 in possesso utilizzabili anche su questo nuovo pod.<\/p>\n","protected":false},"excerpt":{"rendered":"<p>P1 Euro Univerlas Pod Universal POD \u00e8 l&#8217;ultima frontiera del POD in casa SOLAR TACKLE Un vero e proprio concentrato di tecnologia e perfetta lavorazione dell&#8217;acciaio Made in England che trae spunti realizzativi sia dal Worldwide POD che dal GT Versione EURO Realizzato con una barra centrale doppia che aumenta la stabilit\u00e0 e azzera totalmente [&hellip;]<\/p>\n","protected":false},"featured_media":83539,"comment_status":"closed","ping_status":"closed","template":"","meta":[],"product_cat":[464],"product_tag":[1078],"yoast_head":"<!-- This site is optimized with the Yoast SEO plugin v15.3 - https:\/\/yoast.com\/wordpress\/plugins\/seo\/ -->\n<title>P1 Euro Univerlas Pod - Solar - Pesca Fish<\/title>\n<meta name=\"robots\" content=\"index, follow, max-snippet:-1, max-image-preview:large, max-video-preview:-1\" \/>\n<link rel=\"canonical\" href=\"https:\/\/www.pescafish.it\/new\/prodotto\/p1-euro-univerlas-pod-solar\/\" \/>\n<meta property=\"og:locale\" content=\"it_IT\" \/>\n<meta property=\"og:type\" content=\"article\" \/>\n<meta property=\"og:title\" content=\"P1 Euro Univerlas Pod - Solar - Pesca Fish\" \/>\n<meta property=\"og:description\" content=\"P1 Euro Univerlas Pod Universal POD \u00e8 l&#8217;ultima frontiera del POD in casa SOLAR TACKLE Un vero e proprio concentrato di tecnologia e perfetta lavorazione dell&#8217;acciaio Made in England che trae spunti realizzativi sia dal Worldwide POD che dal GT Versione EURO Realizzato con una barra centrale doppia che aumenta la stabilit\u00e0 e azzera totalmente [&hellip;]\" \/>\n<meta property=\"og:url\" content=\"https:\/\/www.pescafish.it\/new\/prodotto\/p1-euro-univerlas-pod-solar\/\" \/>\n<meta property=\"og:site_name\" content=\"Pesca Fish\" \/>\n<meta property=\"article:publisher\" content=\"https:\/\/www.facebook.com\/pescafishvr\/\" \/>\n<meta property=\"article:modified_time\" content=\"2022-11-18T16:17:02+00:00\" \/>\n<meta property=\"og:image\" content=\"https:\/\/www.pescafish.it\/new\/wp-content\/uploads\/2022\/11\/solp1uni2_main_or_1.jpg.jpg\" \/>\n\t<meta property=\"og:image:width\" content=\"800\" \/>\n\t<meta property=\"og:image:height\" content=\"800\" \/>\n<meta name=\"twitter:card\" content=\"summary_large_image\" \/>\n<meta name=\"twitter:label1\" content=\"Scritto da\">\n\t<meta name=\"twitter:data1\" content=\"francesca\">\n\t<meta name=\"twitter:label2\" content=\"Tempo di lettura stimato\">\n\t<meta name=\"twitter:data2\" content=\"1 minuto\">\n<script type=\"application\/ld+json\" class=\"yoast-schema-graph\">{\"@context\":\"https:\/\/schema.org\",\"@graph\":[{\"@type\":\"WebSite\",\"@id\":\"https:\/\/www.pescafish.it\/new\/#website\",\"url\":\"https:\/\/www.pescafish.it\/new\/\",\"name\":\"Pesca Fish\",\"description\":\"Benvenuti sul nostro sito!\",\"potentialAction\":[{\"@type\":\"SearchAction\",\"target\":\"https:\/\/www.pescafish.it\/new\/?s={search_term_string}\",\"query-input\":\"required name=search_term_string\"}],\"inLanguage\":\"it-IT\"},{\"@type\":\"ImageObject\",\"@id\":\"https:\/\/www.pescafish.it\/new\/prodotto\/p1-euro-univerlas-pod-solar\/#primaryimage\",\"inLanguage\":\"it-IT\",\"url\":\"https:\/\/www.pescafish.it\/new\/wp-content\/uploads\/2022\/11\/solp1uni2_main_or_1.jpg.jpg\",\"width\":800,\"height\":800,\"caption\":\"Solar\"},{\"@type\":\"WebPage\",\"@id\":\"https:\/\/www.pescafish.it\/new\/prodotto\/p1-euro-univerlas-pod-solar\/#webpage\",\"url\":\"https:\/\/www.pescafish.it\/new\/prodotto\/p1-euro-univerlas-pod-solar\/\",\"name\":\"P1 Euro Univerlas Pod - Solar - Pesca Fish\",\"isPartOf\":{\"@id\":\"https:\/\/www.pescafish.it\/new\/#website\"},\"primaryImageOfPage\":{\"@id\":\"https:\/\/www.pescafish.it\/new\/prodotto\/p1-euro-univerlas-pod-solar\/#primaryimage\"},\"datePublished\":\"2022-11-18T16:17:01+00:00\",\"dateModified\":\"2022-11-18T16:17:02+00:00\",\"inLanguage\":\"it-IT\",\"potentialAction\":[{\"@type\":\"ReadAction\",\"target\":[\"https:\/\/www.pescafish.it\/new\/prodotto\/p1-euro-univerlas-pod-solar\/\"]}]}]}<\/script>\n<!-- \/ Yoast SEO plugin. -->","_links":{"self":[{"href":"https:\/\/www.pescafish.it\/new\/wp-json\/wp\/v2\/product\/83538"}],"collection":[{"href":"https:\/\/www.pescafish.it\/new\/wp-json\/wp\/v2\/product"}],"about":[{"href":"https:\/\/www.pescafish.it\/new\/wp-json\/wp\/v2\/types\/product"}],"replies":[{"embeddable":true,"href":"https:\/\/www.pescafish.it\/new\/wp-json\/wp\/v2\/comments?post=83538"}],"wp:featuredmedia":[{"embeddable":true,"href":"https:\/\/www.pescafish.it\/new\/wp-json\/wp\/v2\/media\/83539"}],"wp:attachment":[{"href":"https:\/\/www.pescafish.it\/new\/wp-json\/wp\/v2\/media?parent=83538"}],"wp:term":[{"taxonomy":"product_cat","embeddable":true,"href":"https:\/\/www.pescafish.it\/new\/wp-json\/wp\/v2\/product_cat?post=83538"},{"taxonomy":"product_tag","embeddable":true,"href":"https:\/\/www.pescafish.it\/new\/wp-json\/wp\/v2\/product_tag?post=83538"}],"curies":[{"name":"wp","href":"https:\/\/api.w.org\/{rel}","templated":true}]}}