{"id":83004,"date":"2022-10-25T09:45:05","date_gmt":"2022-10-25T07:45:05","guid":{"rendered":"https:\/\/www.pescafish.it\/new\/?post_type=product&#038;p=83004"},"modified":"2025-09-03T17:02:06","modified_gmt":"2025-09-03T15:02:06","slug":"jubar-smart-70-fast-sinking-molix","status":"publish","type":"product","link":"https:\/\/www.pescafish.it\/new\/prodotto\/jubar-smart-70-fast-sinking-molix\/","title":{"rendered":"Jubar Smart 70 Fast Sinking\u00a0&#8211; Molix"},"content":{"rendered":"<h2>Jubar Smart 70 Fast Sinking<\/h2>\n<p>\u00c8 un artificiale compatto, realizzato in ABS. Il peso elevato in relazione al proprio volume ne migliora le performance nella fase di lancio.<br \/>\nL\u2019azione super sinking velocizza le fasi di affondamento e permette di sondare anche le buche pi\u00f9 profonde dove stazionano i predatori pi\u00f9 grandi. Il Jubar 70 Super Sinking \u00e8 caratterizzato da un nuoto vivace e adescante con ogni tipologia di recupero; lineare e lentamente o pi\u00f9 frenetico e jerkato. Contrasta senza problemi le forti correnti e per questa sua caratteristica, si pu\u00f2 utilizzare sia in mare che acque interne, in queste ultime risulta eccellente nella pesca delle trote in fiume.<\/p>\n<p><strong>Caratteristiche:<\/strong><\/p>\n<p><strong>Azione: <\/strong>Fast Sinking<br \/>\n<strong>Peso: <\/strong>10 g (3\/8 oz)<br \/>\n<strong>Lunghezza: <\/strong>7 cm (2.3\/4 in)<br \/>\n<strong>Profondit\u00e0 di lavoro: <\/strong>da 130 a 180 cm (4 to 5.9 feet)<\/p>\n<p><strong>Disponibile nelle seguenti colorazioni:<\/strong><br \/>\n<strong>JUS70FS-175<\/strong>\u00a0 Silver Melon<br \/>\n<strong>JUS70FS-229<\/strong>\u00a0 MX Trout<\/p>\n","protected":false},"excerpt":{"rendered":"<p>Jubar Smart 70 Fast Sinking \u00c8 un artificiale compatto, realizzato in ABS. Il peso elevato in relazione al proprio volume ne migliora le performance nella fase di lancio. L\u2019azione super sinking velocizza le fasi di affondamento e permette di sondare anche le buche pi\u00f9 profonde dove stazionano i predatori pi\u00f9 grandi. Il Jubar 70 Super [&hellip;]<\/p>\n","protected":false},"featured_media":83007,"comment_status":"closed","ping_status":"closed","template":"","meta":[],"product_cat":[620],"product_tag":[1025],"yoast_head":"<!-- This site is optimized with the Yoast SEO plugin v15.3 - https:\/\/yoast.com\/wordpress\/plugins\/seo\/ -->\n<title>Jubar Smart 70 Fast Sinking\u00a0- Molix - Pesca Fish<\/title>\n<meta name=\"robots\" content=\"index, follow, max-snippet:-1, max-image-preview:large, max-video-preview:-1\" \/>\n<link rel=\"canonical\" href=\"https:\/\/www.pescafish.it\/new\/prodotto\/jubar-smart-70-fast-sinking-molix\/\" \/>\n<meta property=\"og:locale\" content=\"it_IT\" \/>\n<meta property=\"og:type\" content=\"article\" \/>\n<meta property=\"og:title\" content=\"Jubar Smart 70 Fast Sinking\u00a0- Molix - Pesca Fish\" \/>\n<meta property=\"og:description\" content=\"Jubar Smart 70 Fast Sinking \u00c8 un artificiale compatto, realizzato in ABS. Il peso elevato in relazione al proprio volume ne migliora le performance nella fase di lancio. L\u2019azione super sinking velocizza le fasi di affondamento e permette di sondare anche le buche pi\u00f9 profonde dove stazionano i predatori pi\u00f9 grandi. Il Jubar 70 Super [&hellip;]\" \/>\n<meta property=\"og:url\" content=\"https:\/\/www.pescafish.it\/new\/prodotto\/jubar-smart-70-fast-sinking-molix\/\" \/>\n<meta property=\"og:site_name\" content=\"Pesca Fish\" \/>\n<meta property=\"article:publisher\" content=\"https:\/\/www.facebook.com\/pescafishvr\/\" \/>\n<meta property=\"article:modified_time\" content=\"2025-09-03T15:02:06+00:00\" \/>\n<meta property=\"og:image\" content=\"https:\/\/www.pescafish.it\/new\/wp-content\/uploads\/2022\/10\/MX-Trut.jpg\" \/>\n\t<meta property=\"og:image:width\" content=\"789\" \/>\n\t<meta property=\"og:image:height\" content=\"794\" \/>\n<meta name=\"twitter:card\" content=\"summary_large_image\" \/>\n<meta name=\"twitter:label1\" content=\"Scritto da\">\n\t<meta name=\"twitter:data1\" content=\"francesca\">\n\t<meta name=\"twitter:label2\" content=\"Tempo di lettura stimato\">\n\t<meta name=\"twitter:data2\" content=\"1 minuto\">\n<script type=\"application\/ld+json\" class=\"yoast-schema-graph\">{\"@context\":\"https:\/\/schema.org\",\"@graph\":[{\"@type\":\"WebSite\",\"@id\":\"https:\/\/www.pescafish.it\/new\/#website\",\"url\":\"https:\/\/www.pescafish.it\/new\/\",\"name\":\"Pesca Fish\",\"description\":\"Benvenuti sul nostro sito!\",\"potentialAction\":[{\"@type\":\"SearchAction\",\"target\":\"https:\/\/www.pescafish.it\/new\/?s={search_term_string}\",\"query-input\":\"required name=search_term_string\"}],\"inLanguage\":\"it-IT\"},{\"@type\":\"ImageObject\",\"@id\":\"https:\/\/www.pescafish.it\/new\/prodotto\/jubar-smart-70-fast-sinking-molix\/#primaryimage\",\"inLanguage\":\"it-IT\",\"url\":\"https:\/\/www.pescafish.it\/new\/wp-content\/uploads\/2022\/10\/MX-Trut.jpg\",\"width\":789,\"height\":794},{\"@type\":\"WebPage\",\"@id\":\"https:\/\/www.pescafish.it\/new\/prodotto\/jubar-smart-70-fast-sinking-molix\/#webpage\",\"url\":\"https:\/\/www.pescafish.it\/new\/prodotto\/jubar-smart-70-fast-sinking-molix\/\",\"name\":\"Jubar Smart 70 Fast Sinking\\u00a0- Molix - Pesca Fish\",\"isPartOf\":{\"@id\":\"https:\/\/www.pescafish.it\/new\/#website\"},\"primaryImageOfPage\":{\"@id\":\"https:\/\/www.pescafish.it\/new\/prodotto\/jubar-smart-70-fast-sinking-molix\/#primaryimage\"},\"datePublished\":\"2022-10-25T07:45:05+00:00\",\"dateModified\":\"2025-09-03T15:02:06+00:00\",\"inLanguage\":\"it-IT\",\"potentialAction\":[{\"@type\":\"ReadAction\",\"target\":[\"https:\/\/www.pescafish.it\/new\/prodotto\/jubar-smart-70-fast-sinking-molix\/\"]}]}]}<\/script>\n<!-- \/ Yoast SEO plugin. -->","_links":{"self":[{"href":"https:\/\/www.pescafish.it\/new\/wp-json\/wp\/v2\/product\/83004"}],"collection":[{"href":"https:\/\/www.pescafish.it\/new\/wp-json\/wp\/v2\/product"}],"about":[{"href":"https:\/\/www.pescafish.it\/new\/wp-json\/wp\/v2\/types\/product"}],"replies":[{"embeddable":true,"href":"https:\/\/www.pescafish.it\/new\/wp-json\/wp\/v2\/comments?post=83004"}],"wp:featuredmedia":[{"embeddable":true,"href":"https:\/\/www.pescafish.it\/new\/wp-json\/wp\/v2\/media\/83007"}],"wp:attachment":[{"href":"https:\/\/www.pescafish.it\/new\/wp-json\/wp\/v2\/media?parent=83004"}],"wp:term":[{"taxonomy":"product_cat","embeddable":true,"href":"https:\/\/www.pescafish.it\/new\/wp-json\/wp\/v2\/product_cat?post=83004"},{"taxonomy":"product_tag","embeddable":true,"href":"https:\/\/www.pescafish.it\/new\/wp-json\/wp\/v2\/product_tag?post=83004"}],"curies":[{"name":"wp","href":"https:\/\/api.w.org\/{rel}","templated":true}]}}