{"id":82912,"date":"2022-10-21T16:08:28","date_gmt":"2022-10-21T14:08:28","guid":{"rendered":"https:\/\/www.pescafish.it\/new\/?post_type=product&#038;p=82912"},"modified":"2024-02-15T21:22:37","modified_gmt":"2024-02-15T20:22:37","slug":"kut-tail-worm-5-3-4%e2%80%b3-gary-yamamoto","status":"publish","type":"product","link":"https:\/\/www.pescafish.it\/new\/prodotto\/kut-tail-worm-5-3-4%e2%80%b3-gary-yamamoto\/","title":{"rendered":"Kut Tail Worm 5-3\/4\u2033 &#8211; Gary Yamamoto"},"content":{"rendered":"<h2>Kut Tail Worm 5-3\/4\u2033<\/h2>\n<p>Il Kut Tail Worm della Gary Yamamoto \u00e8 una delle esche finesse pi\u00f9 conosciute ed utilizzate in tutto il mondo. Realizzato con una mescola ricca di sale, il Kut Tail Worm pu\u00f2 essere utilizzato con diverse tecniche tra cui il texas rig, drop shot, split shot e anche come trailer per i jig. Il Kut Tail Worm \u00e8 un\u2019esca che non pu\u00f2 mancare tra l\u2019attrezzatura di un pescatore di spinning e casting. E\u2019 disponibile in vari colori e dimensioni, tutte studiate per la pesca al Black Bass, al Luccio, al Siluro, al Lucioperca e di altri predatori d\u2019acqua dolce e di mare.<\/p>\n<p><strong>Disponibile nelle seguenti colorazioni:<br \/>\n7C-10-042J\u00a0 <\/strong>Watermelon ( No Flake)<strong><br \/>\n7C-10-232\u00a0 <\/strong>Plum<strong><br \/>\n7C-10-305\u00a0 <\/strong>Baby Bass<strong><br \/>\n7C-10-969\u00a0 <\/strong>Special Color<\/p>\n","protected":false},"excerpt":{"rendered":"<p>Kut Tail Worm 5-3\/4\u2033 Il Kut Tail Worm della Gary Yamamoto \u00e8 una delle esche finesse pi\u00f9 conosciute ed utilizzate in tutto il mondo. Realizzato con una mescola ricca di sale, il Kut Tail Worm pu\u00f2 essere utilizzato con diverse tecniche tra cui il texas rig, drop shot, split shot e anche come trailer per [&hellip;]<\/p>\n","protected":false},"featured_media":82918,"comment_status":"closed","ping_status":"closed","template":"","meta":[],"product_cat":[668],"product_tag":[1104],"yoast_head":"<!-- This site is optimized with the Yoast SEO plugin v15.3 - https:\/\/yoast.com\/wordpress\/plugins\/seo\/ -->\n<title>Kut Tail Worm 5-3\/4\u2033 - Gary Yamamoto - Pesca Fish<\/title>\n<meta name=\"robots\" content=\"index, follow, max-snippet:-1, max-image-preview:large, max-video-preview:-1\" \/>\n<link rel=\"canonical\" href=\"https:\/\/www.pescafish.it\/new\/prodotto\/kut-tail-worm-5-3-4\u2033-gary-yamamoto\/\" \/>\n<meta property=\"og:locale\" content=\"it_IT\" \/>\n<meta property=\"og:type\" content=\"article\" \/>\n<meta property=\"og:title\" content=\"Kut Tail Worm 5-3\/4\u2033 - Gary Yamamoto - Pesca Fish\" \/>\n<meta property=\"og:description\" content=\"Kut Tail Worm 5-3\/4\u2033 Il Kut Tail Worm della Gary Yamamoto \u00e8 una delle esche finesse pi\u00f9 conosciute ed utilizzate in tutto il mondo. Realizzato con una mescola ricca di sale, il Kut Tail Worm pu\u00f2 essere utilizzato con diverse tecniche tra cui il texas rig, drop shot, split shot e anche come trailer per [&hellip;]\" \/>\n<meta property=\"og:url\" content=\"https:\/\/www.pescafish.it\/new\/prodotto\/kut-tail-worm-5-3-4\u2033-gary-yamamoto\/\" \/>\n<meta property=\"og:site_name\" content=\"Pesca Fish\" \/>\n<meta property=\"article:publisher\" content=\"https:\/\/www.facebook.com\/pescafishvr\/\" \/>\n<meta property=\"article:modified_time\" content=\"2024-02-15T20:22:37+00:00\" \/>\n<meta property=\"og:image\" content=\"https:\/\/www.pescafish.it\/new\/wp-content\/uploads\/2022\/10\/Baby-Bass.jpg\" \/>\n\t<meta property=\"og:image:width\" content=\"789\" \/>\n\t<meta property=\"og:image:height\" content=\"794\" \/>\n<meta name=\"twitter:card\" content=\"summary_large_image\" \/>\n<meta name=\"twitter:label1\" content=\"Scritto da\">\n\t<meta name=\"twitter:data1\" content=\"francesca\">\n\t<meta name=\"twitter:label2\" content=\"Tempo di lettura stimato\">\n\t<meta name=\"twitter:data2\" content=\"1 minuto\">\n<script type=\"application\/ld+json\" class=\"yoast-schema-graph\">{\"@context\":\"https:\/\/schema.org\",\"@graph\":[{\"@type\":\"WebSite\",\"@id\":\"https:\/\/www.pescafish.it\/new\/#website\",\"url\":\"https:\/\/www.pescafish.it\/new\/\",\"name\":\"Pesca Fish\",\"description\":\"Benvenuti sul nostro sito!\",\"potentialAction\":[{\"@type\":\"SearchAction\",\"target\":\"https:\/\/www.pescafish.it\/new\/?s={search_term_string}\",\"query-input\":\"required name=search_term_string\"}],\"inLanguage\":\"it-IT\"},{\"@type\":\"ImageObject\",\"@id\":\"https:\/\/www.pescafish.it\/new\/prodotto\/kut-tail-worm-5-3-4%e2%80%b3-gary-yamamoto\/#primaryimage\",\"inLanguage\":\"it-IT\",\"url\":\"https:\/\/www.pescafish.it\/new\/wp-content\/uploads\/2022\/10\/Baby-Bass.jpg\",\"width\":789,\"height\":794,\"caption\":\"Gary Yamamoto\"},{\"@type\":\"WebPage\",\"@id\":\"https:\/\/www.pescafish.it\/new\/prodotto\/kut-tail-worm-5-3-4%e2%80%b3-gary-yamamoto\/#webpage\",\"url\":\"https:\/\/www.pescafish.it\/new\/prodotto\/kut-tail-worm-5-3-4%e2%80%b3-gary-yamamoto\/\",\"name\":\"Kut Tail Worm 5-3\/4\\u2033 - Gary Yamamoto - Pesca Fish\",\"isPartOf\":{\"@id\":\"https:\/\/www.pescafish.it\/new\/#website\"},\"primaryImageOfPage\":{\"@id\":\"https:\/\/www.pescafish.it\/new\/prodotto\/kut-tail-worm-5-3-4%e2%80%b3-gary-yamamoto\/#primaryimage\"},\"datePublished\":\"2022-10-21T14:08:28+00:00\",\"dateModified\":\"2024-02-15T20:22:37+00:00\",\"inLanguage\":\"it-IT\",\"potentialAction\":[{\"@type\":\"ReadAction\",\"target\":[\"https:\/\/www.pescafish.it\/new\/prodotto\/kut-tail-worm-5-3-4%e2%80%b3-gary-yamamoto\/\"]}]}]}<\/script>\n<!-- \/ Yoast SEO plugin. -->","_links":{"self":[{"href":"https:\/\/www.pescafish.it\/new\/wp-json\/wp\/v2\/product\/82912"}],"collection":[{"href":"https:\/\/www.pescafish.it\/new\/wp-json\/wp\/v2\/product"}],"about":[{"href":"https:\/\/www.pescafish.it\/new\/wp-json\/wp\/v2\/types\/product"}],"replies":[{"embeddable":true,"href":"https:\/\/www.pescafish.it\/new\/wp-json\/wp\/v2\/comments?post=82912"}],"wp:featuredmedia":[{"embeddable":true,"href":"https:\/\/www.pescafish.it\/new\/wp-json\/wp\/v2\/media\/82918"}],"wp:attachment":[{"href":"https:\/\/www.pescafish.it\/new\/wp-json\/wp\/v2\/media?parent=82912"}],"wp:term":[{"taxonomy":"product_cat","embeddable":true,"href":"https:\/\/www.pescafish.it\/new\/wp-json\/wp\/v2\/product_cat?post=82912"},{"taxonomy":"product_tag","embeddable":true,"href":"https:\/\/www.pescafish.it\/new\/wp-json\/wp\/v2\/product_tag?post=82912"}],"curies":[{"name":"wp","href":"https:\/\/api.w.org\/{rel}","templated":true}]}}